{"id":181,"date":"2011-02-03T18:06:59","date_gmt":"2011-02-03T18:06:59","guid":{"rendered":"http:\/\/demo.studiopress.com\/genesis\/?page_id=181"},"modified":"2011-02-03T18:06:59","modified_gmt":"2011-02-03T18:06:59","slug":"klase-stupaca","status":"publish","type":"page","link":"http:\/\/knjiznice.nsk.hr\/prilagodljiva\/klase-stupaca\/","title":{"rendered":"Klase stupaca"},"content":{"rendered":"<p>Ispod su primjeri klase stupaca koji su Vam na raspolaganju.<\/p>\n<h3>2 stupca<\/h3>\n<div class=\"one-half first\">\n<p>Ovo je primjer WordPress posta, mo\u017eete ure\u0111ivati ovaj tekst kako biste postavili informacije o sebi i o Va\u0161oj stranici kako bi Va\u0161i posjetitelji mogli doznati sve \u0161to ih zanima o Vama. Mo\u017eete napraviti koliko god postova \u017eelite kako biste s Va\u0161im posjetiteljima podijelili sve \u0161to Vam je na umu.<\/p>\n<\/div>\n<div class=\"one-half\">\n<p>Ovo je primjer WordPress posta, mo\u017eete ure\u0111ivati ovaj tekst kako biste postavili informacije o sebi i o Va\u0161oj stranici kako bi Va\u0161i posjetitelji mogli doznati sve \u0161to ih zanima o Vama. Mo\u017eete napraviti koliko god postova \u017eelite kako biste s Va\u0161im posjetiteljima podijelili sve \u0161to Vam je na umu.<\/p>\n<\/div>\n<div class=\"clear-line\"><\/div>\n<h3>3 stupca<\/h3>\n<div class=\"one-third first\">\n<p>Ovo je primjer WordPress posta, mo\u017eete ure\u0111ivati ovaj tekst kako biste postavili informacije o sebi i o Va\u0161oj stranici kako bi Va\u0161i posjetitelji mogli doznati sve \u0161to ih zanima o Vama. Mo\u017eete napraviti koliko god postova \u017eelite kako biste s Va\u0161im posjetiteljima podijelili sve \u0161to Vam je na umu.<\/p>\n<\/div>\n<div class=\"one-third\">\n<p>Ovo je primjer WordPress posta, mo\u017eete ure\u0111ivati ovaj tekst kako biste postavili informacije o sebi i o Va\u0161oj stranici kako bi Va\u0161i posjetitelji mogli doznati sve \u0161to ih zanima o Vama. Mo\u017eete napraviti koliko god postova \u017eelite kako biste s Va\u0161im posjetiteljima podijelili sve \u0161to Vam je na umu.<\/p>\n<\/div>\n<div class=\"one-third\">\n<p>Ovo je primjer WordPress posta, mo\u017eete ure\u0111ivati ovaj tekst kako biste postavili informacije o sebi i o Va\u0161oj stranici kako bi Va\u0161i posjetitelji mogli doznati sve \u0161to ih zanima o Vama. Mo\u017eete napraviti koliko god postova \u017eelite kako biste s Va\u0161im posjetiteljima podijelili sve \u0161to Vam je na umu.<\/p>\n<\/div>\n<div class=\"clear-line\"><\/div>\n<h3>4 stupca<\/h3>\n<div class=\"one-fourth first\">\n<p>Ovo je primjer WordPress posta, mo\u017eete ure\u0111ivati ovaj tekst kako biste postavili informacije o sebi i o Va\u0161oj stranici kako bi Va\u0161i posjetitelji mogli doznati sve \u0161to ih zanima o Vama. Mo\u017eete napraviti koliko god postova \u017eelite kako biste s Va\u0161im posjetiteljima podijelili sve \u0161to Vam je na umu.<\/p>\n<\/div>\n<div class=\"one-fourth\">\n<p>Ovo je primjer WordPress posta, mo\u017eete ure\u0111ivati ovaj tekst kako biste postavili informacije o sebi i o Va\u0161oj stranici kako bi Va\u0161i posjetitelji mogli doznati sve \u0161to ih zanima o Vama. Mo\u017eete napraviti koliko god postova \u017eelite kako biste s Va\u0161im posjetiteljima podijelili sve \u0161to Vam je na umu.<\/p>\n<\/div>\n<div class=\"one-fourth\">\n<p>Ovo je primjer WordPress posta, mo\u017eete ure\u0111ivati ovaj tekst kako biste postavili informacije o sebi i o Va\u0161oj stranici kako bi Va\u0161i posjetitelji mogli doznati sve \u0161to ih zanima o Vama. Mo\u017eete napraviti koliko god postova \u017eelite kako biste s Va\u0161im posjetiteljima podijelili sve \u0161to Vam je na umu.<\/p>\n<\/div>\n<div class=\"one-fourth\">\n<p>Ovo je primjer WordPress posta, mo\u017eete ure\u0111ivati ovaj tekst kako biste postavili informacije o sebi i o Va\u0161oj stranici kako bi Va\u0161i posjetitelji mogli doznati sve \u0161to ih zanima o Vama. Mo\u017eete napraviti koliko god postova \u017eelite kako biste s Va\u0161im posjetiteljima podijelili sve \u0161to Vam je na umu.<\/p>\n<\/div>\n<div class=\"clear-line\"><\/div>\n<h3>6 stupaca<\/h3>\n<div class=\"one-sixth first\">\n<p>Ovo je primjer WordPress posta, mo\u017eete ure\u0111ivati ovaj tekst kako biste postavili informacije o sebi i o Va\u0161oj stranici kako bi Va\u0161i posjetitelji mogli doznati sve \u0161to ih zanima o Vama. Mo\u017eete napraviti koliko god postova \u017eelite kako biste s Va\u0161im posjetiteljima podijelili sve \u0161to Vam je na umu.<\/p>\n<\/div>\n<div class=\"one-sixth\">\n<p>Ovo je primjer WordPress posta, mo\u017eete ure\u0111ivati ovaj tekst kako biste postavili informacije o sebi i o Va\u0161oj stranici kako bi Va\u0161i posjetitelji mogli doznati sve \u0161to ih zanima o Vama. Mo\u017eete napraviti koliko god postova \u017eelite kako biste s Va\u0161im posjetiteljima podijelili sve \u0161to Vam je na umu.<\/p>\n<\/div>\n<div class=\"one-sixth\">\n<p>Ovo je primjer WordPress posta, mo\u017eete ure\u0111ivati ovaj tekst kako biste postavili informacije o sebi i o Va\u0161oj stranici kako bi Va\u0161i posjetitelji mogli doznati sve \u0161to ih zanima o Vama. Mo\u017eete napraviti koliko god postova \u017eelite kako biste s Va\u0161im posjetiteljima podijelili sve \u0161to Vam je na umu.<\/p>\n<\/div>\n<div class=\"one-sixth\">\n<p>Ovo je primjer WordPress posta, mo\u017eete ure\u0111ivati ovaj tekst kako biste postavili informacije o sebi i o Va\u0161oj stranici kako bi Va\u0161i posjetitelji mogli doznati sve \u0161to ih zanima o Vama. Mo\u017eete napraviti koliko god postova \u017eelite kako biste s Va\u0161im posjetiteljima podijelili sve \u0161to Vam je na umu.<\/p>\n<\/div>\n<div class=\"one-sixth\">\n<p>Ovo je primjer WordPress posta, mo\u017eete ure\u0111ivati ovaj tekst kako biste postavili informacije o sebi i o Va\u0161oj stranici kako bi Va\u0161i posjetitelji mogli doznati sve \u0161to ih zanima o Vama. Mo\u017eete napraviti koliko god postova \u017eelite kako biste s Va\u0161im posjetiteljima podijelili sve \u0161to Vam je na umu.<\/p>\n<\/div>\n<div class=\"one-sixth\">\n<p>Ovo je primjer WordPress posta, mo\u017eete ure\u0111ivati ovaj tekst kako biste postavili informacije o sebi i o Va\u0161oj stranici kako bi Va\u0161i posjetitelji mogli doznati sve \u0161to ih zanima o Vama. Mo\u017eete napraviti koliko god postova \u017eelite kako biste s Va\u0161im posjetiteljima podijelili sve \u0161to Vam je na umu.<\/p>\n<\/div>\n","protected":false},"excerpt":{"rendered":"<p>Ispod su primjeri klase stupaca koji su Vam na raspolaganju. 2 stupca Ovo je primjer WordPress posta, mo\u017eete ure\u0111ivati ovaj tekst kako biste postavili informacije o sebi i o Va\u0161oj stranici kako bi Va\u0161i posjetitelji mogli doznati sve \u0161to ih zanima o Vama. Mo\u017eete napraviti koliko god postova \u017eelite kako biste s Va\u0161im posjetiteljima podijelili [&hellip;]<\/p>\n","protected":false},"author":34,"featured_media":0,"parent":0,"menu_order":0,"comment_status":"open","ping_status":"closed","template":"","meta":{"ngg_post_thumbnail":0},"yoast_head":"<!-- This site is optimized with the Yoast SEO plugin v16.4 - https:\/\/yoast.com\/wordpress\/plugins\/seo\/ -->\n<meta name=\"robots\" content=\"index, follow, max-snippet:-1, max-image-preview:large, max-video-preview:-1\" \/>\n<link rel=\"canonical\" href=\"http:\/\/knjiznice.nsk.hr\/prilagodljiva\/klase-stupaca\/\" \/>\n<meta property=\"og:locale\" content=\"hr_HR\" \/>\n<meta property=\"og:type\" content=\"article\" \/>\n<meta property=\"og:title\" content=\"Klase stupaca - Prilagodljiva\" \/>\n<meta property=\"og:description\" content=\"Ispod su primjeri klase stupaca koji su Vam na raspolaganju. 2 stupca Ovo je primjer WordPress posta, mo\u017eete ure\u0111ivati ovaj tekst kako biste postavili informacije o sebi i o Va\u0161oj stranici kako bi Va\u0161i posjetitelji mogli doznati sve \u0161to ih zanima o Vama. Mo\u017eete napraviti koliko god postova \u017eelite kako biste s Va\u0161im posjetiteljima podijelili [&hellip;]\" \/>\n<meta property=\"og:url\" content=\"http:\/\/knjiznice.nsk.hr\/prilagodljiva\/klase-stupaca\/\" \/>\n<meta property=\"og:site_name\" content=\"Prilagodljiva\" \/>\n<meta name=\"twitter:label1\" content=\"Procijenjeno vrijeme \u010ditanja\" \/>\n\t<meta name=\"twitter:data1\" content=\"4 minute\" \/>\n<script type=\"application\/ld+json\" class=\"yoast-schema-graph\">{\"@context\":\"https:\/\/schema.org\",\"@graph\":[{\"@type\":\"WebSite\",\"@id\":\"http:\/\/knjiznice.nsk.hr\/prilagodljiva\/#website\",\"url\":\"http:\/\/knjiznice.nsk.hr\/prilagodljiva\/\",\"name\":\"Prilagodljiva\",\"description\":\"knjiznice.nsk.hr - predlo\\u017eak\",\"potentialAction\":[{\"@type\":\"SearchAction\",\"target\":\"http:\/\/knjiznice.nsk.hr\/prilagodljiva\/?s={search_term_string}\",\"query-input\":\"required name=search_term_string\"}],\"inLanguage\":\"hr\"},{\"@type\":\"WebPage\",\"@id\":\"http:\/\/knjiznice.nsk.hr\/prilagodljiva\/klase-stupaca\/#webpage\",\"url\":\"http:\/\/knjiznice.nsk.hr\/prilagodljiva\/klase-stupaca\/\",\"name\":\"Klase stupaca - Prilagodljiva\",\"isPartOf\":{\"@id\":\"http:\/\/knjiznice.nsk.hr\/prilagodljiva\/#website\"},\"datePublished\":\"2011-02-03T18:06:59+00:00\",\"dateModified\":\"2011-02-03T18:06:59+00:00\",\"breadcrumb\":{\"@id\":\"http:\/\/knjiznice.nsk.hr\/prilagodljiva\/klase-stupaca\/#breadcrumb\"},\"inLanguage\":\"hr\",\"potentialAction\":[{\"@type\":\"ReadAction\",\"target\":[\"http:\/\/knjiznice.nsk.hr\/prilagodljiva\/klase-stupaca\/\"]}]},{\"@type\":\"BreadcrumbList\",\"@id\":\"http:\/\/knjiznice.nsk.hr\/prilagodljiva\/klase-stupaca\/#breadcrumb\",\"itemListElement\":[{\"@type\":\"ListItem\",\"position\":1,\"item\":{\"@type\":\"WebPage\",\"@id\":\"http:\/\/knjiznice.nsk.hr\/prilagodljiva\/\",\"url\":\"http:\/\/knjiznice.nsk.hr\/prilagodljiva\/\",\"name\":\"Po\\u010detna stranica\"}},{\"@type\":\"ListItem\",\"position\":2,\"item\":{\"@id\":\"http:\/\/knjiznice.nsk.hr\/prilagodljiva\/klase-stupaca\/#webpage\"}}]}]}<\/script>\n<!-- \/ Yoast SEO plugin. -->","_links":{"self":[{"href":"http:\/\/knjiznice.nsk.hr\/prilagodljiva\/wp-json\/wp\/v2\/pages\/181"}],"collection":[{"href":"http:\/\/knjiznice.nsk.hr\/prilagodljiva\/wp-json\/wp\/v2\/pages"}],"about":[{"href":"http:\/\/knjiznice.nsk.hr\/prilagodljiva\/wp-json\/wp\/v2\/types\/page"}],"author":[{"embeddable":true,"href":"http:\/\/knjiznice.nsk.hr\/prilagodljiva\/wp-json\/wp\/v2\/users\/34"}],"replies":[{"embeddable":true,"href":"http:\/\/knjiznice.nsk.hr\/prilagodljiva\/wp-json\/wp\/v2\/comments?post=181"}],"version-history":[{"count":0,"href":"http:\/\/knjiznice.nsk.hr\/prilagodljiva\/wp-json\/wp\/v2\/pages\/181\/revisions"}],"wp:attachment":[{"href":"http:\/\/knjiznice.nsk.hr\/prilagodljiva\/wp-json\/wp\/v2\/media?parent=181"}],"curies":[{"name":"wp","href":"https:\/\/api.w.org\/{rel}","templated":true}]}}