{"id":109,"date":"2021-02-14T20:10:59","date_gmt":"2021-02-14T19:10:59","guid":{"rendered":"http:\/\/knjiznice.nsk.hr\/prelog\/?page_id=109"},"modified":"2023-02-15T11:28:56","modified_gmt":"2023-02-15T10:28:56","slug":"nabava","status":"publish","type":"page","link":"http:\/\/knjiznice.nsk.hr\/prelog\/nabava\/","title":{"rendered":"Nabava"},"content":{"rendered":"<p>&nbsp;<\/p>\n<p><img loading=\"lazy\" class=\"size-medium wp-image-155 alignleft\" src=\"http:\/\/knjiznice.nsk.hr\/prelog\/wp-content\/uploads\/sites\/115\/2021\/02\/dobavljaci-300x216.png\" alt=\"\" width=\"300\" height=\"216\" srcset=\"http:\/\/knjiznice.nsk.hr\/prelog\/wp-content\/uploads\/sites\/115\/2021\/02\/dobavljaci-300x216.png 300w, http:\/\/knjiznice.nsk.hr\/prelog\/wp-content\/uploads\/sites\/115\/2021\/02\/dobavljaci-768x553.png 768w, http:\/\/knjiznice.nsk.hr\/prelog\/wp-content\/uploads\/sites\/115\/2021\/02\/dobavljaci-600x432.png 600w, http:\/\/knjiznice.nsk.hr\/prelog\/wp-content\/uploads\/sites\/115\/2021\/02\/dobavljaci.png 1024w\" sizes=\"(max-width: 300px) 100vw, 300px\" \/><\/p>\n<p>&nbsp;U svojoj nabavnoj politici, Knji\u017enica i \u010ditaonica Grada Preloga ne provodi cenzuru djela ni prema sadr\u017eaju, ni prema autoru niti prema izdava\u010du.<\/p>\n<p>Plan nabave&nbsp;za teku\u0107u godinu formiraju knji\u017eni\u010darke uz pomo\u0107:<\/p>\n<ul>\n<li>\u010ditateljskih statistika iz prethodne godine,<\/li>\n<li>Desiderate koju ispunjavaju \u010dlanovi te<\/li>\n<li>imaju\u0107i na umu trendove i novitete u izdava\u0161tvu.<\/li>\n<\/ul>\n<p>Plan nabave podlo\u017ean je izmjenama i promjenama. Planom nabave te\u017ei se zadovoljiti \u010ditala\u010dki ukusi ve\u0107ine \u010dlanova te obnoviti i unaprijediti ve\u0107 postoje\u0107i fond.<\/p>\n<p>Smjernice za nabavu dostupne su <a href=\"https:\/\/www.dropbox.com\/s\/hbxswh2g9jj2sov\/Smjernice%20za%20nabavu%20gra%C4%91e%20u%20Knji%C5%BEnici%20i%20%C4%8Ditaonici%20Grada%20Preloga.pdf?dl=0\" target=\"_blank\" rel=\"noopener\">OVDJE<\/a><\/p>\n<p>&nbsp;<\/p>\n<h4><strong>ZA DOBAVLJA\u010cE<\/strong><\/h4>\n<p><strong>&nbsp;<\/strong>Ponude svojih proizvoda mo\u017eete slati na email adresu knji\u017enice.<\/p>\n<p>O eventualnoj suradnji te nabavi ponu\u0111enih naslova, obavje\u0161tavamo vas nakon \u0161to formiramo plan nabave za teku\u0107u godinu.<\/p>\n<p><strong>Fizi\u010dke posjete trgova\u010dkih putnika, primamo isklju\u010divo uz prethodnu najavu ili poziv.<\/strong><\/p>\n<p>&nbsp;<\/p>\n","protected":false},"excerpt":{"rendered":"<p>&nbsp; &nbsp;U svojoj nabavnoj politici, Knji\u017enica i \u010ditaonica Grada Preloga ne provodi cenzuru djela ni prema sadr\u017eaju, ni prema autoru niti prema izdava\u010du. Plan nabave&nbsp;za teku\u0107u godinu formiraju knji\u017eni\u010darke uz [&hellip;]<\/p>\n","protected":false},"author":192,"featured_media":0,"parent":0,"menu_order":0,"comment_status":"closed","ping_status":"closed","template":"","meta":{"ngg_post_thumbnail":0},"yoast_head":"<!-- This site is optimized with the Yoast SEO plugin v16.4 - https:\/\/yoast.com\/wordpress\/plugins\/seo\/ -->\n<meta name=\"robots\" content=\"index, follow, max-snippet:-1, max-image-preview:large, max-video-preview:-1\" \/>\n<link rel=\"canonical\" href=\"http:\/\/knjiznice.nsk.hr\/prelog\/nabava\/\" \/>\n<meta property=\"og:locale\" content=\"hr_HR\" \/>\n<meta property=\"og:type\" content=\"article\" \/>\n<meta property=\"og:title\" content=\"Nabava - Knji\u017enica i \u010ditaonica Grada Preloga\" \/>\n<meta property=\"og:description\" content=\"&nbsp; &nbsp;U svojoj nabavnoj politici, Knji\u017enica i \u010ditaonica Grada Preloga ne provodi cenzuru djela ni prema sadr\u017eaju, ni prema autoru niti prema izdava\u010du. Plan nabave&nbsp;za teku\u0107u godinu formiraju knji\u017eni\u010darke uz [&hellip;]\" \/>\n<meta property=\"og:url\" content=\"http:\/\/knjiznice.nsk.hr\/prelog\/nabava\/\" \/>\n<meta property=\"og:site_name\" content=\"Knji\u017enica i \u010ditaonica Grada Preloga\" \/>\n<meta property=\"article:publisher\" content=\"https:\/\/www.facebook.com\/kicgprelog\" \/>\n<meta property=\"article:modified_time\" content=\"2023-02-15T10:28:56+00:00\" \/>\n<meta property=\"og:image\" content=\"http:\/\/knjiznice.nsk.hr\/prelog\/wp-content\/uploads\/sites\/115\/2021\/02\/dobavljaci-300x216.png\" \/>\n<meta name=\"twitter:card\" content=\"summary_large_image\" \/>\n<meta name=\"twitter:label1\" content=\"Procijenjeno vrijeme \u010ditanja\" \/>\n\t<meta name=\"twitter:data1\" content=\"1 minuta\" \/>\n<script type=\"application\/ld+json\" class=\"yoast-schema-graph\">{\"@context\":\"https:\/\/schema.org\",\"@graph\":[{\"@type\":\"Organization\",\"@id\":\"http:\/\/knjiznice.nsk.hr\/prelog\/#organization\",\"name\":\"Knji\\u017enica i \\u010ditaonica Grada Preloga\",\"url\":\"http:\/\/knjiznice.nsk.hr\/prelog\/\",\"sameAs\":[\"https:\/\/www.facebook.com\/kicgprelog\",\"https:\/\/www.instagram.com\/kicgprelog\/?hl=hr\",\"https:\/\/www.youtube.com\/channel\/UCPoJLs4KlDbQu79pK5HoY4g\"],\"logo\":{\"@type\":\"ImageObject\",\"@id\":\"http:\/\/knjiznice.nsk.hr\/prelog\/#logo\",\"inLanguage\":\"hr\",\"url\":\"http:\/\/knjiznice.nsk.hr\/prelog\/wp-content\/uploads\/sites\/115\/2021\/02\/201803211410360.logo2_.jpg\",\"contentUrl\":\"http:\/\/knjiznice.nsk.hr\/prelog\/wp-content\/uploads\/sites\/115\/2021\/02\/201803211410360.logo2_.jpg\",\"width\":970,\"height\":561,\"caption\":\"Knji\\u017enica i \\u010ditaonica Grada Preloga\"},\"image\":{\"@id\":\"http:\/\/knjiznice.nsk.hr\/prelog\/#logo\"}},{\"@type\":\"WebSite\",\"@id\":\"http:\/\/knjiznice.nsk.hr\/prelog\/#website\",\"url\":\"http:\/\/knjiznice.nsk.hr\/prelog\/\",\"name\":\"Knji\\u017enica i \\u010ditaonica Grada Preloga\",\"description\":\"Iza svake sjajne zajednice stoji sjajna knji\\u017enica. Behind Every Great Community is a Great Library.\",\"publisher\":{\"@id\":\"http:\/\/knjiznice.nsk.hr\/prelog\/#organization\"},\"potentialAction\":[{\"@type\":\"SearchAction\",\"target\":\"http:\/\/knjiznice.nsk.hr\/prelog\/?s={search_term_string}\",\"query-input\":\"required name=search_term_string\"}],\"inLanguage\":\"hr\"},{\"@type\":\"ImageObject\",\"@id\":\"http:\/\/knjiznice.nsk.hr\/prelog\/nabava\/#primaryimage\",\"inLanguage\":\"hr\",\"url\":\"http:\/\/knjiznice.nsk.hr\/prelog\/wp-content\/uploads\/sites\/115\/2021\/02\/dobavljaci.png\",\"contentUrl\":\"http:\/\/knjiznice.nsk.hr\/prelog\/wp-content\/uploads\/sites\/115\/2021\/02\/dobavljaci.png\",\"width\":1024,\"height\":737},{\"@type\":\"WebPage\",\"@id\":\"http:\/\/knjiznice.nsk.hr\/prelog\/nabava\/#webpage\",\"url\":\"http:\/\/knjiznice.nsk.hr\/prelog\/nabava\/\",\"name\":\"Nabava - Knji\\u017enica i \\u010ditaonica Grada Preloga\",\"isPartOf\":{\"@id\":\"http:\/\/knjiznice.nsk.hr\/prelog\/#website\"},\"primaryImageOfPage\":{\"@id\":\"http:\/\/knjiznice.nsk.hr\/prelog\/nabava\/#primaryimage\"},\"datePublished\":\"2021-02-14T19:10:59+00:00\",\"dateModified\":\"2023-02-15T10:28:56+00:00\",\"breadcrumb\":{\"@id\":\"http:\/\/knjiznice.nsk.hr\/prelog\/nabava\/#breadcrumb\"},\"inLanguage\":\"hr\",\"potentialAction\":[{\"@type\":\"ReadAction\",\"target\":[\"http:\/\/knjiznice.nsk.hr\/prelog\/nabava\/\"]}]},{\"@type\":\"BreadcrumbList\",\"@id\":\"http:\/\/knjiznice.nsk.hr\/prelog\/nabava\/#breadcrumb\",\"itemListElement\":[{\"@type\":\"ListItem\",\"position\":1,\"item\":{\"@type\":\"WebPage\",\"@id\":\"http:\/\/knjiznice.nsk.hr\/prelog\/\",\"url\":\"http:\/\/knjiznice.nsk.hr\/prelog\/\",\"name\":\"Po\\u010detna stranica\"}},{\"@type\":\"ListItem\",\"position\":2,\"item\":{\"@id\":\"http:\/\/knjiznice.nsk.hr\/prelog\/nabava\/#webpage\"}}]}]}<\/script>\n<!-- \/ Yoast SEO plugin. -->","_links":{"self":[{"href":"http:\/\/knjiznice.nsk.hr\/prelog\/wp-json\/wp\/v2\/pages\/109"}],"collection":[{"href":"http:\/\/knjiznice.nsk.hr\/prelog\/wp-json\/wp\/v2\/pages"}],"about":[{"href":"http:\/\/knjiznice.nsk.hr\/prelog\/wp-json\/wp\/v2\/types\/page"}],"author":[{"embeddable":true,"href":"http:\/\/knjiznice.nsk.hr\/prelog\/wp-json\/wp\/v2\/users\/192"}],"replies":[{"embeddable":true,"href":"http:\/\/knjiznice.nsk.hr\/prelog\/wp-json\/wp\/v2\/comments?post=109"}],"version-history":[{"count":7,"href":"http:\/\/knjiznice.nsk.hr\/prelog\/wp-json\/wp\/v2\/pages\/109\/revisions"}],"predecessor-version":[{"id":736,"href":"http:\/\/knjiznice.nsk.hr\/prelog\/wp-json\/wp\/v2\/pages\/109\/revisions\/736"}],"wp:attachment":[{"href":"http:\/\/knjiznice.nsk.hr\/prelog\/wp-json\/wp\/v2\/media?parent=109"}],"curies":[{"name":"wp","href":"https:\/\/api.w.org\/{rel}","templated":true}]}}