{"id":272,"date":"2015-03-30T07:39:09","date_gmt":"2015-03-30T07:39:09","guid":{"rendered":"http:\/\/knjiznice.nsk.hr\/porec\/?page_id=272"},"modified":"2015-03-30T07:44:56","modified_gmt":"2015-03-30T07:44:56","slug":"findus","status":"publish","type":"page","link":"http:\/\/knjiznice.nsk.hr\/porec\/booktiga\/program\/findus\/","title":{"rendered":"Petkom u pet: \u010citamo Findusa"},"content":{"rendered":"<h3 style=\"text-align: right\"><span style=\"color: #ff6600\"><strong>\u00a0<a title=\"Program\" href=\"http:\/\/knjiznice.nsk.hr\/porec\/booktiga\/program\/\">Povratak &lt;<\/a><\/strong><\/span><\/h3>\n<p><strong><em>Nekada davno \u017eivio je star\u010di\u0107 po imenu Pettson. \u017divio je u svojoj ku\u0107ici na selu i imao je gotovo sve \u0161to bi star\u010di\u0107 poput njega mogao po\u017eeljeti. Mu\u010dilo ga je jedino \u0161to se katkad osje\u0107ao pomalo usamljeno, sve dok mu jednoga dana susjeda nije donijela kartonsku kutiju. Otvorio je kutiju, a kad tamo, na prugastoj zelenoj tkanini le\u017ei ma\u010di\u0107&#8230;<\/em><\/strong><\/p>\n<p><strong>\u00a0<\/strong>Tako po\u010dinje pri\u010da o neobi\u010dnom prijateljstvu i urnebesnim dogodov\u0161tinama \u010dudnovatoga star\u010di\u0107a Pettsona i nesta\u0161noga ma\u010di\u0107a Findusa koji govori poput \u010dovjeka i nosi pre\u0161iroke prugaste hla\u010dice.<\/p>\n<p>Pettson i Findus slavni su junaci serije slikovnica nagra\u0111ivanoga \u0161vedskog pisca i ilustratora Svena Nordqvista. Prevedene su na pedeset jezika, a diljem svijeta neprestano se reizdaju. U protekla tri desetlje\u0107a u svijetu je prodano vi\u0161e od osam milijuna svezaka.<\/p>\n<p>Zahvaljuju\u0107i \u017eivahnim i vedrim likovima, uzbudljivim pri\u010dama i rasko\u0161nim ilustracijama odavno su svrstane u klasike moderne dje\u010dje knji\u017eevnosti. Svijet Pettsona i Findusa o\u017eivljen je u sklopu postava Dje\u010djeg muzeja Junibacken, pete najposje\u0107enije destinacije u Stockholmu.<\/p>\n<p><em>&#8220;Findusova energija naprosto pr\u0161ti sa stranica ovih knjiga i za\u010das se uhvatite kako se smije\u0161ite \u010ditaju\u0107i\/gledaju\u0107i Findusa kako radoznalo istra\u017euje svaki kutak Pettsonova podruma, uvodi red me\u0111u koko\u0161i, fiksira netom zakopanu mesnu okruglicu u i\u0161\u010dekivanju da iz zemlje naraste druga, zadovoljno drijema u Pettsonovu krilu dok star\u010di\u0107 mirno rje\u0161ava kri\u017ealjke, nestrpljivo budi Pettsona ujutro ska\u010du\u0107i mu po trbuhu u svojim zelenim, mrvu pre\u0161irokim hla\u010dicama i urli\u010de: &#8220;<\/em><strong><em>Budi se, Pettsone! Idemo se igrati!<\/em><\/strong><em>&#8220;. &#8220;<\/em><\/p>\n<p style=\"text-align: right\"><em>\u00a0<\/em><em><strong>Izvor: http:\/\/slikovnice.info\/pettson-i-findus<\/strong><\/em><\/p>\n<p><strong>\u00a0<\/strong>U petak, 24. travnja, u 17 sati, bit \u0107e odr\u017ean zanimljiv susret s djecom, kada nam iz daleke Norve\u0161ke dolazi, djeci poznati lik iz omiljenih slikovnica o ma\u010di\u0107u Findusu, starac Pettson. Pettsona \u0107e utjeloviti Norve\u017eanin <strong>Jan Kl\u00f8vstad<\/strong> koji \u0107e doputovati do Pore\u010da u dru\u0161tvu knji\u017eni\u010darke iz Pazina, Ive Ciceran, a djeci \u0107e pri\u010dati o Findusu i nau\u010dit \u0107e ih osnovama norve\u0161kog i \u0161vedskog jezika.<\/p>\n<h3 style=\"text-align: right\"><span style=\"color: #ff6600\"><strong>\u00a0Povratak &lt;<\/strong><\/span><\/h3>\n","protected":false},"excerpt":{"rendered":"<p>\u00a0Povratak &lt; Nekada davno \u017eivio je star\u010di\u0107 po imenu Pettson. \u017divio je u svojoj ku\u0107ici na selu i imao je gotovo sve \u0161to bi star\u010di\u0107 poput njega mogao po\u017eeljeti. Mu\u010dilo ga je jedino \u0161to se katkad osje\u0107ao pomalo usamljeno, sve dok mu jednoga dana susjeda nije donijela kartonsku kutiju. Otvorio je kutiju, a kad tamo, [&hellip;]<\/p>\n","protected":false},"author":39,"featured_media":0,"parent":133,"menu_order":0,"comment_status":"closed","ping_status":"closed","template":"page_landing.php","meta":{"ngg_post_thumbnail":0},"yoast_head":"<!-- This site is optimized with the Yoast SEO plugin v16.4 - https:\/\/yoast.com\/wordpress\/plugins\/seo\/ -->\n<meta name=\"robots\" content=\"index, follow, max-snippet:-1, max-image-preview:large, max-video-preview:-1\" \/>\n<link rel=\"canonical\" href=\"http:\/\/knjiznice.nsk.hr\/porec\/booktiga\/program\/findus\/\" \/>\n<meta property=\"og:locale\" content=\"hr_HR\" \/>\n<meta property=\"og:type\" content=\"article\" \/>\n<meta property=\"og:title\" content=\"Petkom u pet: \u010citamo Findusa - Gradska knji\u017enica Pore\u010d\" \/>\n<meta property=\"og:description\" content=\"\u00a0Povratak &lt; Nekada davno \u017eivio je star\u010di\u0107 po imenu Pettson. \u017divio je u svojoj ku\u0107ici na selu i imao je gotovo sve \u0161to bi star\u010di\u0107 poput njega mogao po\u017eeljeti. Mu\u010dilo ga je jedino \u0161to se katkad osje\u0107ao pomalo usamljeno, sve dok mu jednoga dana susjeda nije donijela kartonsku kutiju. Otvorio je kutiju, a kad tamo, [&hellip;]\" \/>\n<meta property=\"og:url\" content=\"http:\/\/knjiznice.nsk.hr\/porec\/booktiga\/program\/findus\/\" \/>\n<meta property=\"og:site_name\" content=\"Gradska knji\u017enica Pore\u010d\" \/>\n<meta property=\"article:modified_time\" content=\"2015-03-30T07:44:56+00:00\" \/>\n<meta name=\"twitter:label1\" content=\"Procijenjeno vrijeme \u010ditanja\" \/>\n\t<meta name=\"twitter:data1\" content=\"2 minute\" \/>\n<script type=\"application\/ld+json\" class=\"yoast-schema-graph\">{\"@context\":\"https:\/\/schema.org\",\"@graph\":[{\"@type\":\"WebSite\",\"@id\":\"https:\/\/knjiznice.nsk.hr\/porec\/#website\",\"url\":\"https:\/\/knjiznice.nsk.hr\/porec\/\",\"name\":\"Gradska knji\\u017enica Pore\\u010d\",\"description\":\"\",\"potentialAction\":[{\"@type\":\"SearchAction\",\"target\":\"https:\/\/knjiznice.nsk.hr\/porec\/?s={search_term_string}\",\"query-input\":\"required name=search_term_string\"}],\"inLanguage\":\"hr\"},{\"@type\":\"WebPage\",\"@id\":\"http:\/\/knjiznice.nsk.hr\/porec\/booktiga\/program\/findus\/#webpage\",\"url\":\"http:\/\/knjiznice.nsk.hr\/porec\/booktiga\/program\/findus\/\",\"name\":\"Petkom u pet: \\u010citamo Findusa - Gradska knji\\u017enica Pore\\u010d\",\"isPartOf\":{\"@id\":\"https:\/\/knjiznice.nsk.hr\/porec\/#website\"},\"datePublished\":\"2015-03-30T07:39:09+00:00\",\"dateModified\":\"2015-03-30T07:44:56+00:00\",\"breadcrumb\":{\"@id\":\"http:\/\/knjiznice.nsk.hr\/porec\/booktiga\/program\/findus\/#breadcrumb\"},\"inLanguage\":\"hr\",\"potentialAction\":[{\"@type\":\"ReadAction\",\"target\":[\"http:\/\/knjiznice.nsk.hr\/porec\/booktiga\/program\/findus\/\"]}]},{\"@type\":\"BreadcrumbList\",\"@id\":\"http:\/\/knjiznice.nsk.hr\/porec\/booktiga\/program\/findus\/#breadcrumb\",\"itemListElement\":[{\"@type\":\"ListItem\",\"position\":1,\"item\":{\"@type\":\"WebPage\",\"@id\":\"https:\/\/knjiznice.nsk.hr\/porec\/\",\"url\":\"https:\/\/knjiznice.nsk.hr\/porec\/\",\"name\":\"Po\\u010detna stranica\"}},{\"@type\":\"ListItem\",\"position\":2,\"item\":{\"@type\":\"WebPage\",\"@id\":\"http:\/\/knjiznice.nsk.hr\/porec\/booktiga\/\",\"url\":\"http:\/\/knjiznice.nsk.hr\/porec\/booktiga\/\",\"name\":\"Booktiga\"}},{\"@type\":\"ListItem\",\"position\":3,\"item\":{\"@type\":\"WebPage\",\"@id\":\"http:\/\/knjiznice.nsk.hr\/porec\/booktiga\/program\/\",\"url\":\"http:\/\/knjiznice.nsk.hr\/porec\/booktiga\/program\/\",\"name\":\"Program\"}},{\"@type\":\"ListItem\",\"position\":4,\"item\":{\"@id\":\"http:\/\/knjiznice.nsk.hr\/porec\/booktiga\/program\/findus\/#webpage\"}}]}]}<\/script>\n<!-- \/ Yoast SEO plugin. -->","_links":{"self":[{"href":"http:\/\/knjiznice.nsk.hr\/porec\/wp-json\/wp\/v2\/pages\/272"}],"collection":[{"href":"http:\/\/knjiznice.nsk.hr\/porec\/wp-json\/wp\/v2\/pages"}],"about":[{"href":"http:\/\/knjiznice.nsk.hr\/porec\/wp-json\/wp\/v2\/types\/page"}],"author":[{"embeddable":true,"href":"http:\/\/knjiznice.nsk.hr\/porec\/wp-json\/wp\/v2\/users\/39"}],"replies":[{"embeddable":true,"href":"http:\/\/knjiznice.nsk.hr\/porec\/wp-json\/wp\/v2\/comments?post=272"}],"version-history":[{"count":4,"href":"http:\/\/knjiznice.nsk.hr\/porec\/wp-json\/wp\/v2\/pages\/272\/revisions"}],"predecessor-version":[{"id":278,"href":"http:\/\/knjiznice.nsk.hr\/porec\/wp-json\/wp\/v2\/pages\/272\/revisions\/278"}],"up":[{"embeddable":true,"href":"http:\/\/knjiznice.nsk.hr\/porec\/wp-json\/wp\/v2\/pages\/133"}],"wp:attachment":[{"href":"http:\/\/knjiznice.nsk.hr\/porec\/wp-json\/wp\/v2\/media?parent=272"}],"curies":[{"name":"wp","href":"https:\/\/api.w.org\/{rel}","templated":true}]}}