{"id":270,"date":"2015-03-30T07:37:49","date_gmt":"2015-03-30T07:37:49","guid":{"rendered":"http:\/\/knjiznice.nsk.hr\/porec\/?page_id=270"},"modified":"2015-03-30T07:37:49","modified_gmt":"2015-03-30T07:37:49","slug":"radionica-kreativnog-pisanja","status":"publish","type":"page","link":"http:\/\/knjiznice.nsk.hr\/porec\/booktiga\/program\/radionica-kreativnog-pisanja\/","title":{"rendered":"Radionica kreativnog pisanja"},"content":{"rendered":"<h3 style=\"text-align: right\"><span style=\"color: #ff6600\"><strong>Povratak &lt;<\/strong><\/span><\/h3>\n<p>Radionica <strong><em>Hodanje uz prugu<\/em><\/strong> zami\u0161ljena je kao kreativna igra pisanja i \u010ditanja, otkrivanja vlastitih mogu\u0107nosti da se (jednostavno\u0161\u0107u) do\u0111e do onoga \u0161to se nerijetko upravo u procesu u\u010denja (edukacije) izgubi: spontanost, osje\u0107aj za govor svakodnevnoga, pisanje kao prepoznavanje prostora intimnog (pjesni\u010dkog, proznog) dnevnika, kao prepoznavanje va\u017enosti vlastite uloge u pjesmi, pri\u010di, kao mjestu na kojem smo odrastali, u\u010dili, pjevali, tra\u017eili, istra\u017eivali, otkrivali&#8230; Otkrivali preko jezika veliki i nama nepoznati svijet.<\/p>\n<p>Radionica bi u temeljnom smislu trebala biti otkrivanje mjesta i na\u010dina \u010ditanja, ali i pisanja poezije, proze: kako ih \u010ditati suvremenu poeziju, prozu kao jezik svakodnevnog i uzvi\u0161enog, druk\u010dijeg \u2013 ali ne zbog toga manje va\u017enoga, zna\u010dajnoga u odnosu na druge knji\u017eevne (umjetni\u010dke) prakse. Izbor autora i njihovih tekstova nije ra\u0111en antologijski, ili jo\u0161 manje da bi, pribli\u017eavaju\u0107i se izabranim i sabranim pjesama, pri\u010dama i pjesnicima, prozaistima bio ulaznica za vje\u010dnost. Naprotiv, \u017eeli se sa\u010duvati &#8220;zona \u017eivoga&#8221;, nepredvidivi prostor poezije, proze (jezika) koji pre\u017eivljava vrijeme izme\u0111u nade i tro\u0161enja.<\/p>\n<p>Vjerujemo da je niz dobrih i razli\u010ditih prilika za sada\u0161nje \u010ditanje i pisanje poezije, proze \u2013 upravo zato \u0161to nas razli\u010dite prakse nagovaraju na sve drugo, na sve izvan na\u0161ega disanja i na\u0161ih misli, izvan ma\u0161te i na\u0161ega tijela. Pravac i tra\u017eenje pjesme, \u00a0pri\u010de, sasvim sigurno, na drugoj je strani od znakova koji upu\u0107uje na izloge i diskonte za potro\u0161a\u010de, na banalnost i razmjenu u, nerijetko jeftinoj, svakodnevici.<\/p>\n<p>Me\u0111utim, pote\u0161ko\u0107a jest da pjesni\u0161tvo, proza usprkos upu\u0107enosti na tra\u017eenje i uspostavu vlastitog (pojedina\u010dnog) glasa, \u017eive u svojoj posebnosti, jedinstvenosti i od glasova koji ga okru\u017euju, s kojima dijeli zajedni\u010dki zrak, osje\u0107aj ljepote i prolaznosti vlastitog \u017eivota. Zaustavimo se na ovom mjestu, jer upravo na tom mjestu po\u010dinje <em>hodanje uz prugu<\/em>.<\/p>\n<p>Radionicu \u0107e voditi profesor <strong>Miroslav Mi\u0107anovi\u0107<\/strong>, knji\u017eevnik koji \u017eivi i radi u Zagrebu. Ro\u0111en je 1960. godine u Br\u010dkom. Diplomirao je na Filozofskom fakultetu u Zagrebu. Objavljuje poeziju, prozu i kritike na radiju, u dnevnim novinama i \u010dasopisima. Tekstovi su mu nagra\u0111ivani i uvr\u0161tavani u razli\u010dite antologije, izbore, preglede i prevo\u0111eni na druge jezike. Sastavio s B. \u010cegecom pregled hrvatskoga pjesni\u0161tva osamdesetih i devedesetih \u201cStrast razlike, tamni zvuk praznine\u201d (Quorum, 1995). Autor antologije suvremenoga hrvatskog pjesni\u0161tva Utjeha kaosa (2006), prevedene na engleski i ma\u0111arski jezik. Sudionik je hrvatskih i europskih knji\u017eevnih festivala, voditelj radionica poezije i kratke pri\u010de. Dugogodi\u0161nji je urednik \u010dasopisa Quorum i biblioteka u Nakladi MD. Radi u Agenciji za odgoj i obrazovanje.<\/p>\n<h3 style=\"text-align: right\"><span style=\"color: #ff6600\"><strong>Povratak &lt;<\/strong><\/span><\/h3>\n","protected":false},"excerpt":{"rendered":"<p>Povratak &lt; Radionica Hodanje uz prugu zami\u0161ljena je kao kreativna igra pisanja i \u010ditanja, otkrivanja vlastitih mogu\u0107nosti da se (jednostavno\u0161\u0107u) do\u0111e do onoga \u0161to se nerijetko upravo u procesu u\u010denja (edukacije) izgubi: spontanost, osje\u0107aj za govor svakodnevnoga, pisanje kao prepoznavanje prostora intimnog (pjesni\u010dkog, proznog) dnevnika, kao prepoznavanje va\u017enosti vlastite uloge u pjesmi, pri\u010di, kao mjestu [&hellip;]<\/p>\n","protected":false},"author":39,"featured_media":0,"parent":133,"menu_order":0,"comment_status":"closed","ping_status":"closed","template":"page_landing.php","meta":{"ngg_post_thumbnail":0},"yoast_head":"<!-- This site is optimized with the Yoast SEO plugin v16.4 - https:\/\/yoast.com\/wordpress\/plugins\/seo\/ -->\n<meta name=\"robots\" content=\"index, follow, max-snippet:-1, max-image-preview:large, max-video-preview:-1\" \/>\n<link rel=\"canonical\" href=\"http:\/\/knjiznice.nsk.hr\/porec\/booktiga\/program\/radionica-kreativnog-pisanja\/\" \/>\n<meta property=\"og:locale\" content=\"hr_HR\" \/>\n<meta property=\"og:type\" content=\"article\" \/>\n<meta property=\"og:title\" content=\"Radionica kreativnog pisanja - Gradska knji\u017enica Pore\u010d\" \/>\n<meta property=\"og:description\" content=\"Povratak &lt; Radionica Hodanje uz prugu zami\u0161ljena je kao kreativna igra pisanja i \u010ditanja, otkrivanja vlastitih mogu\u0107nosti da se (jednostavno\u0161\u0107u) do\u0111e do onoga \u0161to se nerijetko upravo u procesu u\u010denja (edukacije) izgubi: spontanost, osje\u0107aj za govor svakodnevnoga, pisanje kao prepoznavanje prostora intimnog (pjesni\u010dkog, proznog) dnevnika, kao prepoznavanje va\u017enosti vlastite uloge u pjesmi, pri\u010di, kao mjestu [&hellip;]\" \/>\n<meta property=\"og:url\" content=\"http:\/\/knjiznice.nsk.hr\/porec\/booktiga\/program\/radionica-kreativnog-pisanja\/\" \/>\n<meta property=\"og:site_name\" content=\"Gradska knji\u017enica Pore\u010d\" \/>\n<meta name=\"twitter:label1\" content=\"Procijenjeno vrijeme \u010ditanja\" \/>\n\t<meta name=\"twitter:data1\" content=\"2 minute\" \/>\n<script type=\"application\/ld+json\" class=\"yoast-schema-graph\">{\"@context\":\"https:\/\/schema.org\",\"@graph\":[{\"@type\":\"WebSite\",\"@id\":\"https:\/\/knjiznice.nsk.hr\/porec\/#website\",\"url\":\"https:\/\/knjiznice.nsk.hr\/porec\/\",\"name\":\"Gradska knji\\u017enica Pore\\u010d\",\"description\":\"\",\"potentialAction\":[{\"@type\":\"SearchAction\",\"target\":\"https:\/\/knjiznice.nsk.hr\/porec\/?s={search_term_string}\",\"query-input\":\"required name=search_term_string\"}],\"inLanguage\":\"hr\"},{\"@type\":\"WebPage\",\"@id\":\"http:\/\/knjiznice.nsk.hr\/porec\/booktiga\/program\/radionica-kreativnog-pisanja\/#webpage\",\"url\":\"http:\/\/knjiznice.nsk.hr\/porec\/booktiga\/program\/radionica-kreativnog-pisanja\/\",\"name\":\"Radionica kreativnog pisanja - Gradska knji\\u017enica Pore\\u010d\",\"isPartOf\":{\"@id\":\"https:\/\/knjiznice.nsk.hr\/porec\/#website\"},\"datePublished\":\"2015-03-30T07:37:49+00:00\",\"dateModified\":\"2015-03-30T07:37:49+00:00\",\"breadcrumb\":{\"@id\":\"http:\/\/knjiznice.nsk.hr\/porec\/booktiga\/program\/radionica-kreativnog-pisanja\/#breadcrumb\"},\"inLanguage\":\"hr\",\"potentialAction\":[{\"@type\":\"ReadAction\",\"target\":[\"http:\/\/knjiznice.nsk.hr\/porec\/booktiga\/program\/radionica-kreativnog-pisanja\/\"]}]},{\"@type\":\"BreadcrumbList\",\"@id\":\"http:\/\/knjiznice.nsk.hr\/porec\/booktiga\/program\/radionica-kreativnog-pisanja\/#breadcrumb\",\"itemListElement\":[{\"@type\":\"ListItem\",\"position\":1,\"item\":{\"@type\":\"WebPage\",\"@id\":\"https:\/\/knjiznice.nsk.hr\/porec\/\",\"url\":\"https:\/\/knjiznice.nsk.hr\/porec\/\",\"name\":\"Po\\u010detna stranica\"}},{\"@type\":\"ListItem\",\"position\":2,\"item\":{\"@type\":\"WebPage\",\"@id\":\"http:\/\/knjiznice.nsk.hr\/porec\/booktiga\/\",\"url\":\"http:\/\/knjiznice.nsk.hr\/porec\/booktiga\/\",\"name\":\"Booktiga\"}},{\"@type\":\"ListItem\",\"position\":3,\"item\":{\"@type\":\"WebPage\",\"@id\":\"http:\/\/knjiznice.nsk.hr\/porec\/booktiga\/program\/\",\"url\":\"http:\/\/knjiznice.nsk.hr\/porec\/booktiga\/program\/\",\"name\":\"Program\"}},{\"@type\":\"ListItem\",\"position\":4,\"item\":{\"@id\":\"http:\/\/knjiznice.nsk.hr\/porec\/booktiga\/program\/radionica-kreativnog-pisanja\/#webpage\"}}]}]}<\/script>\n<!-- \/ Yoast SEO plugin. -->","_links":{"self":[{"href":"http:\/\/knjiznice.nsk.hr\/porec\/wp-json\/wp\/v2\/pages\/270"}],"collection":[{"href":"http:\/\/knjiznice.nsk.hr\/porec\/wp-json\/wp\/v2\/pages"}],"about":[{"href":"http:\/\/knjiznice.nsk.hr\/porec\/wp-json\/wp\/v2\/types\/page"}],"author":[{"embeddable":true,"href":"http:\/\/knjiznice.nsk.hr\/porec\/wp-json\/wp\/v2\/users\/39"}],"replies":[{"embeddable":true,"href":"http:\/\/knjiznice.nsk.hr\/porec\/wp-json\/wp\/v2\/comments?post=270"}],"version-history":[{"count":1,"href":"http:\/\/knjiznice.nsk.hr\/porec\/wp-json\/wp\/v2\/pages\/270\/revisions"}],"predecessor-version":[{"id":271,"href":"http:\/\/knjiznice.nsk.hr\/porec\/wp-json\/wp\/v2\/pages\/270\/revisions\/271"}],"up":[{"embeddable":true,"href":"http:\/\/knjiznice.nsk.hr\/porec\/wp-json\/wp\/v2\/pages\/133"}],"wp:attachment":[{"href":"http:\/\/knjiznice.nsk.hr\/porec\/wp-json\/wp\/v2\/media?parent=270"}],"curies":[{"name":"wp","href":"https:\/\/api.w.org\/{rel}","templated":true}]}}