{"id":260,"date":"2015-03-30T07:28:27","date_gmt":"2015-03-30T07:28:27","guid":{"rendered":"http:\/\/knjiznice.nsk.hr\/porec\/?page_id=260"},"modified":"2015-03-30T07:47:31","modified_gmt":"2015-03-30T07:47:31","slug":"izlozba-taktilnih-slikovnica","status":"publish","type":"page","link":"http:\/\/knjiznice.nsk.hr\/porec\/booktiga\/program\/izlozba-taktilnih-slikovnica\/","title":{"rendered":"Otvorenje izlo\u017ebe taktilnih slikovnica: \u010citajte dodirom!"},"content":{"rendered":"<p style=\"text-align: right\"><strong><span style=\"color: #ff6600\"><a style=\"color: #ff6600\" title=\"Program\" href=\"http:\/\/knjiznice.nsk.hr\/porec\/booktiga\/program\/\">Povratak &lt;<\/a><\/span><\/strong><\/p>\n<p>Gradska knji\u017enica Pore\u010d s rado\u0161\u0107u vas poziva na otvorenje <strong>izlo\u017ebe <em>\u010citajte dodirom<\/em>. <\/strong><\/p>\n<p>Izlo\u017eba je to taktilnih slikovnica za slijepu i slabovidnu djecu koja predstavlja specifi\u010dne slikovnice o kojima se ina\u010de zna vrlo malo. Slikovnice su dio postava koji dolazi iz razli\u010ditih dr\u017eava, iz razli\u010ditih krajeva svijeta, a me\u0111usobno se razlikuju po tehnikama izrade.<\/p>\n<p>Uz taktilne slikovnice, bit \u0107e predstavljene i one koje nisu u prvom redu namijenjene toj populaciji, ali su pogodne za rad u prvom redu sa slabovidnom, a zatim i sa slijepom djecom. Njihova dodana vrijednost je \u0161to u uvjetima odgojno-obrazovne i \u0161ire inkluzije omogu\u0107avaju upotrebu istog materijala, kako u radu s djecom o\u0161te\u0107ena vida, tako i u svakodnevnom kreativnm izra\u017eavanju.<\/p>\n<p>Autorice teksta i izlo\u017ebe su defektologinja i tifopedagoginja <strong>Javorka Milkovi\u0107<\/strong> i rehabilitatorica i bibliotekarka, <strong>Tanja \u0160upe<\/strong>, specijalistica za ranu intervenciju u edukacijskoj rehabilitaciji, djelatnice Odjela za djecu s o\u0161te\u0107enjem vida i Knji\u017enice za djecu s o\u0161te\u0107enjem vida <strong>Osnovne \u0161kole Pe\u0107ine iz Rijeke<\/strong>.<\/p>\n<p>Ova izlo\u017eba nudi vam pregr\u0161t pravih, znala\u010dki izra\u0111enih taktilnih slikovnica i zanimljivu pri\u010du o tome kako nastaju.<\/p>\n<p><strong><em>Miffy<\/em><\/strong>, <strong><em>Crvenkapica<\/em><\/strong>, <strong><em>Nesta\u0161na crtica<\/em><\/strong>, <strong><em>Krokodil u \u0161koli<\/em><\/strong>, <strong><em>Vrlo gladna gusjenica<\/em><\/strong> i druge slikovnice \u010dekaju na vas da ih dotaknete i osjetite pri\u010du pod svojim prstima.<\/p>\n<p>Izlo\u017eba \u0107e biti otvorena <strong>23. travnja 2015. godine u 11 sati<\/strong> u mati\u010dnom odjelu Gradske knji\u017enice Pore\u010d i ostaje u na\u0161im prostorima sve do srpnja, a mo\u017eete je razgledati u radno vrijeme knji\u017enice.<\/p>\n<p>Vrti\u0107ke grupe i razredna odjeljenja mo\u0107i \u0107e razgledati izlo\u017ebu uz prethodnu najavu.<\/p>\n<p>S rado\u0161\u0107u vas o\u010dekujemo!<\/p>\n<p style=\"text-align: right\">\u00a0<strong><a style=\"color: #ff6600\" title=\"Program\" href=\"http:\/\/knjiznice.nsk.hr\/porec\/booktiga\/program\/\">Povratak &lt;<\/a><\/strong><\/p>\n","protected":false},"excerpt":{"rendered":"<p>Povratak &lt; Gradska knji\u017enica Pore\u010d s rado\u0161\u0107u vas poziva na otvorenje izlo\u017ebe \u010citajte dodirom. Izlo\u017eba je to taktilnih slikovnica za slijepu i slabovidnu djecu koja predstavlja specifi\u010dne slikovnice o kojima se ina\u010de zna vrlo malo. Slikovnice su dio postava koji dolazi iz razli\u010ditih dr\u017eava, iz razli\u010ditih krajeva svijeta, a me\u0111usobno se razlikuju po tehnikama izrade. [&hellip;]<\/p>\n","protected":false},"author":39,"featured_media":0,"parent":133,"menu_order":0,"comment_status":"closed","ping_status":"closed","template":"page_landing.php","meta":{"ngg_post_thumbnail":0},"yoast_head":"<!-- This site is optimized with the Yoast SEO plugin v16.4 - https:\/\/yoast.com\/wordpress\/plugins\/seo\/ -->\n<meta name=\"robots\" content=\"index, follow, max-snippet:-1, max-image-preview:large, max-video-preview:-1\" \/>\n<link rel=\"canonical\" href=\"http:\/\/knjiznice.nsk.hr\/porec\/booktiga\/program\/izlozba-taktilnih-slikovnica\/\" \/>\n<meta property=\"og:locale\" content=\"hr_HR\" \/>\n<meta property=\"og:type\" content=\"article\" \/>\n<meta property=\"og:title\" content=\"Otvorenje izlo\u017ebe taktilnih slikovnica: \u010citajte dodirom! - Gradska knji\u017enica Pore\u010d\" \/>\n<meta property=\"og:description\" content=\"Povratak &lt; Gradska knji\u017enica Pore\u010d s rado\u0161\u0107u vas poziva na otvorenje izlo\u017ebe \u010citajte dodirom. Izlo\u017eba je to taktilnih slikovnica za slijepu i slabovidnu djecu koja predstavlja specifi\u010dne slikovnice o kojima se ina\u010de zna vrlo malo. Slikovnice su dio postava koji dolazi iz razli\u010ditih dr\u017eava, iz razli\u010ditih krajeva svijeta, a me\u0111usobno se razlikuju po tehnikama izrade. [&hellip;]\" \/>\n<meta property=\"og:url\" content=\"http:\/\/knjiznice.nsk.hr\/porec\/booktiga\/program\/izlozba-taktilnih-slikovnica\/\" \/>\n<meta property=\"og:site_name\" content=\"Gradska knji\u017enica Pore\u010d\" \/>\n<meta property=\"article:modified_time\" content=\"2015-03-30T07:47:31+00:00\" \/>\n<meta name=\"twitter:label1\" content=\"Procijenjeno vrijeme \u010ditanja\" \/>\n\t<meta name=\"twitter:data1\" content=\"1 minuta\" \/>\n<script type=\"application\/ld+json\" class=\"yoast-schema-graph\">{\"@context\":\"https:\/\/schema.org\",\"@graph\":[{\"@type\":\"WebSite\",\"@id\":\"https:\/\/knjiznice.nsk.hr\/porec\/#website\",\"url\":\"https:\/\/knjiznice.nsk.hr\/porec\/\",\"name\":\"Gradska knji\\u017enica Pore\\u010d\",\"description\":\"\",\"potentialAction\":[{\"@type\":\"SearchAction\",\"target\":\"https:\/\/knjiznice.nsk.hr\/porec\/?s={search_term_string}\",\"query-input\":\"required name=search_term_string\"}],\"inLanguage\":\"hr\"},{\"@type\":\"WebPage\",\"@id\":\"http:\/\/knjiznice.nsk.hr\/porec\/booktiga\/program\/izlozba-taktilnih-slikovnica\/#webpage\",\"url\":\"http:\/\/knjiznice.nsk.hr\/porec\/booktiga\/program\/izlozba-taktilnih-slikovnica\/\",\"name\":\"Otvorenje izlo\\u017ebe taktilnih slikovnica: \\u010citajte dodirom! - Gradska knji\\u017enica Pore\\u010d\",\"isPartOf\":{\"@id\":\"https:\/\/knjiznice.nsk.hr\/porec\/#website\"},\"datePublished\":\"2015-03-30T07:28:27+00:00\",\"dateModified\":\"2015-03-30T07:47:31+00:00\",\"breadcrumb\":{\"@id\":\"http:\/\/knjiznice.nsk.hr\/porec\/booktiga\/program\/izlozba-taktilnih-slikovnica\/#breadcrumb\"},\"inLanguage\":\"hr\",\"potentialAction\":[{\"@type\":\"ReadAction\",\"target\":[\"http:\/\/knjiznice.nsk.hr\/porec\/booktiga\/program\/izlozba-taktilnih-slikovnica\/\"]}]},{\"@type\":\"BreadcrumbList\",\"@id\":\"http:\/\/knjiznice.nsk.hr\/porec\/booktiga\/program\/izlozba-taktilnih-slikovnica\/#breadcrumb\",\"itemListElement\":[{\"@type\":\"ListItem\",\"position\":1,\"item\":{\"@type\":\"WebPage\",\"@id\":\"https:\/\/knjiznice.nsk.hr\/porec\/\",\"url\":\"https:\/\/knjiznice.nsk.hr\/porec\/\",\"name\":\"Po\\u010detna stranica\"}},{\"@type\":\"ListItem\",\"position\":2,\"item\":{\"@type\":\"WebPage\",\"@id\":\"https:\/\/knjiznice.nsk.hr\/porec\/booktiga\/\",\"url\":\"https:\/\/knjiznice.nsk.hr\/porec\/booktiga\/\",\"name\":\"Booktiga\"}},{\"@type\":\"ListItem\",\"position\":3,\"item\":{\"@type\":\"WebPage\",\"@id\":\"https:\/\/knjiznice.nsk.hr\/porec\/booktiga\/program\/\",\"url\":\"https:\/\/knjiznice.nsk.hr\/porec\/booktiga\/program\/\",\"name\":\"Program\"}},{\"@type\":\"ListItem\",\"position\":4,\"item\":{\"@id\":\"http:\/\/knjiznice.nsk.hr\/porec\/booktiga\/program\/izlozba-taktilnih-slikovnica\/#webpage\"}}]}]}<\/script>\n<!-- \/ Yoast SEO plugin. -->","_links":{"self":[{"href":"http:\/\/knjiznice.nsk.hr\/porec\/wp-json\/wp\/v2\/pages\/260"}],"collection":[{"href":"http:\/\/knjiznice.nsk.hr\/porec\/wp-json\/wp\/v2\/pages"}],"about":[{"href":"http:\/\/knjiznice.nsk.hr\/porec\/wp-json\/wp\/v2\/types\/page"}],"author":[{"embeddable":true,"href":"http:\/\/knjiznice.nsk.hr\/porec\/wp-json\/wp\/v2\/users\/39"}],"replies":[{"embeddable":true,"href":"http:\/\/knjiznice.nsk.hr\/porec\/wp-json\/wp\/v2\/comments?post=260"}],"version-history":[{"count":4,"href":"http:\/\/knjiznice.nsk.hr\/porec\/wp-json\/wp\/v2\/pages\/260\/revisions"}],"predecessor-version":[{"id":281,"href":"http:\/\/knjiznice.nsk.hr\/porec\/wp-json\/wp\/v2\/pages\/260\/revisions\/281"}],"up":[{"embeddable":true,"href":"http:\/\/knjiznice.nsk.hr\/porec\/wp-json\/wp\/v2\/pages\/133"}],"wp:attachment":[{"href":"http:\/\/knjiznice.nsk.hr\/porec\/wp-json\/wp\/v2\/media?parent=260"}],"curies":[{"name":"wp","href":"https:\/\/api.w.org\/{rel}","templated":true}]}}