{"id":234,"date":"2015-03-26T16:06:24","date_gmt":"2015-03-26T16:06:24","guid":{"rendered":"http:\/\/knjiznice.nsk.hr\/porec\/?page_id=234"},"modified":"2015-03-26T16:07:53","modified_gmt":"2015-03-26T16:07:53","slug":"povijest-booktige","status":"publish","type":"page","link":"http:\/\/knjiznice.nsk.hr\/porec\/booktiga\/povijest-booktige\/","title":{"rendered":"Povijest BOOKtige"},"content":{"rendered":"<h3 style=\"text-align: right\"><a title=\"Booktiga\" href=\"http:\/\/knjiznice.nsk.hr\/porec\/booktiga\/\"><span style=\"color: #ff6600\">Povratak &lt;<\/span><\/a><\/h3>\n<h3>BOOKtiga 2014.<\/h3>\n<p>BOOKtiga je ove godine svojim programom pozornost posvetila razli\u010ditim sadr\u017eajima, a okosnica Festivala s \u010ditateljem u sredi\u0161tu urodila je plodom jer su sva doga\u0111anja bila izuzetno dobro posje\u0107ena, uz izvrsnu komunikaciju izme\u0111u gostiju knji\u017eevnika i publike., \u0161to potvr\u0111uje smisao i va\u017enost ove manifestacije.<\/p>\n<p>Vi\u0161egodi\u0161nja suradnja s brojnim doma\u0107im i inizemnim antikvarijatima veliko je bogatstvo koje je knji\u017enici podario ovaj Festival, a njihovo sudjelovanje iz godine u godinu oboga\u0111uje program i ponudu BOOKtige.<\/p>\n<p>Gradska knji\u017enica Pore\u010d za svoje je \u010ditatelje, u suradnji sa zagreba\u010dkim antikvarijatom Nova stvarnost, pripremila izlo\u017ebu \u201e\u0160egrt Hlapi\u0107 Josefa Lade\u201c koja je odu\u0161evila \u0161kolarce Pore\u010da te ih potakla da se prisjete omiljene lektire.<\/p>\n<p>Festival je otvoren u okviru nacionalne manifestacije No\u0107 knjige, u srijedu 23. travnja u Gradskoj knji\u017enici Pore\u010d u 19 sati sve\u010danom dodjelom Nagrade BOOKtiga ovogodi\u0161njoj na\u010ditanijoj knji\u017eevnici u istarskim narodnim knji\u017enicama, Slavenki Drakuli\u0107, koja s pravom nosi titulu jedne od najprevo\u0111enijih hrvatskih spisateljica.\u00a0 Tjedan Festivala je, uz cjelodnevnu prodaju pro\u010ditanih knjiga, nastavljen nizom knji\u017eevnih susreta i radionica. U odgojno-obrazovnom projektu djeca su u\u017eivala u kreativnoj radionici \u201cKnjiga uspomena\u201d koju je vodila volonterka Gradske knji\u017enice Pore\u010d, Sabina Damiani te su nau\u010dila kako se mo\u017ee izraditi knjiga od razli\u010ditih materijala tehnikom uvezivanja u koju se potom mogu upisivati uspomene, dnevni\u010dki zapisi ili se mo\u017ee izraditi album fotografija. U okviru radionica \u201cPetkom u pet\u201d djeca razli\u010dite dobi izra\u0111ivala su slikovnicu \u2013 dar gradu Pore\u010du povodom skora\u0161njeg Dana grada koji se obilje\u017eava 30. travnja. Pod stru\u010dnim vodstvom knji\u017eni\u010darke napravljena je malena slikovnica s motivima grada Pore\u010da.<\/p>\n<p>Pribli\u017eavaju\u0107i knjigu i \u010ditanje svakom namjernom i nenamjernom prolazniku, sedma po redu BOOKtiga dovela je u Pore\u010d i i druge goste knji\u017eevnike koji su uveli\u010dali ovu manifestaciju, a to su: alpinist Stipe Bo\u017ei\u0107, knji\u017eevnik Mate Mara te slovenski autor Goran Vojnovi\u0107. Svi oni svojim su knji\u017eevnim susretima odu\u0161evili svoju publiku te svakome posjetitelju pru\u017eili priliku da svojim pitanjima \u0161to dublje u\u0111u u svijet njihovih knji\u017eevnih djela.<\/p>\n<p>Prikupljena sredstva na sajmu rabljenih knjiga utro\u0161ena su na realizaciju inicijative \u201eMoja knji\u017enica: slikovnica ve\u0107a od pri\u010de\u201c koja je obuhva\u0107ala tiskanje i besplatan primjerak dvojezi\u010dne slikovnice u nakladi Gradske knji\u017enice Pore\u010d za svako novoro\u0111eno dijete na podru\u010dju Pore\u0161tine. U studenom 2014. godine promovirana je slikovnica \u201eSlovko Maraforko\u201c za koju su crte\u017ee oslikala djeca polaznici radionica \u201ePetkom u pet\u201c, a tekst su napisale knji\u017eni\u010darke Gradske knji\u017enice Pore\u010d.<\/p>\n<p>&nbsp;<\/p>\n<h3>BOOKtiga 2013.<\/h3>\n<p>\u0160esta BOOKtiga je svojim programom pozornost posvetila razli\u010ditim sadr\u017eajima te su sva doga\u0111anja bila izuzetno dobro posje\u0107ena \u0161to potvr\u0111uje zna\u010daj ove manifestacije, ne samo za Gradsku knji\u017enicu Pore\u010d, ve\u0107 i za razvoj kulturnog turizma na\u0161ega grada. Knjigama na engleskom, njema\u010dkom, danskom, talijanskom i slovenskom jeziku, BOOKtiga je i ove godine u\u010dinila jo\u0161 jedan korak prema turistima koji su u vrijeme tog neobi\u010dnog festivala boravili u Pore\u010du.<\/p>\n<p>Izbor naslova dodatno je bio oboga\u0107en ponudom pro\u010ditanih knjiga gostuju\u0107ih antikvarijata: Antikvarijat Mali Neboder Rijeka,\u00a0 Antikvariat in galerija tiskov Glavan iz Ljubljane te Nova stvarnost iz Zagreba.<\/p>\n<p>Festival je otvoren u okviru nacionalne manifestacije No\u0107 knjige, u utorak 23. travnja vrijednom izlo\u017ebom Muzeja suvremene umjetnosti Zagreb \u201ePortreti umjetnika\u201c To\u0161e Dabca u Pala\u010di Zuccato.\u00a0 Zajedno smo svjedo\u010dili ugodnoj pjesni\u010dko-glazbenoj ve\u010deri s Arsenom Dedi\u0107em koji nas je proveo kroz antologijski presjek svojih pjesama. No\u0107 knjige potom je zaokru\u017eena koncertom novoosnovanog amaterskog jazz orkestra Big Band Pore\u010d.<\/p>\n<p>Tjedan festivala je, uz cjelodnevnu prodaju pro\u010ditanih knjiga, nastavljen nizom knji\u017eevnih susreta i radionica. U odgojno-obrazovnom projektu djeca su se imala priliku upoznati s razvojem knjige od prvih pisama do srednjeg vijeka, a radionice je vodila Vesna Milanovi\u0107, knji\u017eni\u010darka O\u0160 Pore\u010d. Veliku pozornost privukla je folklorna radionica \u201eOpsa-sa!\u201c pod vodstvom Tatjane Ti\u0161ma koja je plesu i pjesmi pou\u010dila brojne gra\u0111ane. Promocija ekolo\u0161ko &#8211; edukativne slikovnice \u201eAdrianin plavi svijet\u201c Mladena Ku\u0161eca okupila je brojnu djecu vrti\u0107ke i osnovno\u0161kolske dobi, a jednako tako bilo je i na susretu s knji\u017eevnicom \u017deljkom Horvat-Vukelja koja je svojim toplim nastupom odu\u0161evila najmla\u0111e stanovnike na\u0161ega grada.<\/p>\n<p>Pribli\u017eavaju\u0107i knjigu i \u010ditanje svakom namjernom i nenamjernom prolazniku, \u0161esta po redu BOOKtiga dovela je u Pore\u010d i druge drage goste koji su uveli\u010dali ovu manifestaciju, a to su: Ante Tomi\u0107, Julijana Matanovi\u0107 i Zoran Feri\u0107. Svi oni svojim su knji\u017eevnim susretima odu\u0161evili svoju vjernu publiku te svakome posjetitelju pru\u017eili priliku da otkrije jedan druga\u010diji pogled na svoja omiljena djela.<\/p>\n<p>Ove je godine po \u010detvrti put uru\u010dena Nagrada BOOKtiga naj\u010ditanijem autoru u gradskim knji\u017enicama Istarske \u017eupanije u protekloj godini Anti Tomi\u0107u za roman \u010cudo u Poskokovoj Dragi. Tomi\u0107 je nagra\u0111en i sedmodnevnim boravkom u \u201eKu\u0107i za pisce \u2013 Hi\u017ei od besid\u201c u Pazinu.<\/p>\n<p>&nbsp;<\/p>\n<h3>BOOKtiga 2012.<\/h3>\n<p>Slave\u0107i kulturu knjige i \u010ditanja, peta je po redu BOOKtiga kroz radionice, predavanja i javna \u010ditanja postala pozornicom \u017eenskih senzibiliteta i literarnih dostignu\u0107a. Odr\u017eani su brojni susreti s hrvatskim majstoricama pisane rije\u010di koje nude osebujni pogled na knji\u017eevno stvarala\u0161tvo i zbilju \u0161to nas okru\u017euje. Kako je festival te godine \u017eenskog roda, tako je i Nagrada BOOKtiga oti\u0161la u ruke naj\u010ditanijoj doma\u0107oj autorici me\u0111u korisnicima Gradske knji\u017enice Pore\u010d \u2013 Mirjani Krizmani\u0107.<\/p>\n<p>Kao uvod u BOOKtigu priredili smo mali knji\u017eni sajam BOOKti\u017ein, u kojem su se, tako\u0111er na Maraforu, od 7. do 10. svibnja mogle darivati i kupovati pro\u010ditane knjige. Sav prihod od prodaje namijenjen je kupnji ra\u010dunalne opreme za budu\u0107u knji\u017eni\u010dnu stanicu u \u010cervar-Portu. Osnivanjem knji\u017eni\u010dne stanice u tom prigradskom naselju Gradska knji\u017enica Pore\u010d \u010dini novi iskorak prema korisnicima, donose\u0107i knjige jo\u0161 ve\u0107em broju potencijalnih \u010ditatelja.<\/p>\n<p>Poziv za sudjelovanje na BOOKtigi, kroz sve \u010detiri godine, redom prihva\u0107aju vode\u0107i antikvarijati iz Rijeke, Osijeka, Zagreba, Kopra i Ljubljane, koji tijekom festivala nude na prodaju antikvarne knjige i javnosti otkrivaju svoje najstarije publikacije.<\/p>\n<p>U trodnevnom odr\u017eavanju BOOKtige predstavljena su otvorena izlaganja u vi\u0161e tematskih cjelina na relaciji starog i novog &#8211; od kulture \u010ditanja, pismenosti, za\u0161tite gra\u0111e, primjene prakti\u010dnih znanja u radionicama, predstavljanje najnovije tehnologije i mogu\u0107nosti uvo\u0111enja novih usluga u poslovanje suvremene knji\u017enice. Fokus na knjigu i \u010ditanje dan je kroz raznovrstan program u kojem se nastojilo zadovoljiti najrazli\u010ditije \u010ditateljske afinitete.<\/p>\n<p>&nbsp;<\/p>\n<h3>BOOKtiga 2011.<\/h3>\n<p>Godine 2011. festival je, uz pro\u010ditane knjige, u svoj koncept uvrstio i proigrane igra\u010dke, te je u svom \u010detvrtom izdanju okupio znatan dio sadr\u017eaja vezanih uz najmla\u0111u populaciju. Pod njegovim je okriljem\u00a0dodijeljena Nagrada BOOKtiga piscu Hrvoju Hitrecu, autoru romana \u201eSmogovci\u201c, kao doma\u0107em autoru naj\u010ditanije knjige za djecu i mlade u pore\u010dkoj knji\u017enici u razdoblju od 1. travnja 2010. do 30. travnja 2011. godine. Dobitnik je nagra\u0111en skulpturom BOOKtige te sedmodnevnim boravkom u \u201eKu\u0107i za pisce \u2013 Hi\u017ei od besid\u201c u Pazinu.<\/p>\n<p>Festival je na nekoliko razina propitivao dje\u010dju igru i igra\u010dke, pa je tako predstavljena intrigantna \u201eIzlo\u017eba druga\u010dijih igra\u010daka\u201c, neobi\u010dan pothvat austrijskog etnologa i istra\u017eiva\u010da prof. dr. sc. Fritza Truppa. Rije\u010d je o neobi\u010dnim igra\u010dkama prikupljenim u zemljama Tre\u0107ega svijeta. Nastale u uvjetima oskudice, ra\u0111ene su od otpadnih materijala i sirovina na\u0111enih u prirodi. Izlo\u017eene igra\u010dke svjedo\u010de o univerzalnoj dje\u010djoj ma\u0161ti i kreativnosti.<\/p>\n<p>Humanitarnoj akciji \u201eKnjigom do zdravlja\u201c pridru\u017eile su se i ostale narodne knji\u017enice Istarske \u017eupanije: Gradska knji\u017enica Rovinj i Pula darovale su svoje knjige za prodaju na BOOKti\u017einu, Gradska knji\u017enica Pazin sudjelovala je programu \u201eOpen Stage\u201c, u Gradskoj knji\u017enici Umag razmijenilo se vi\u0161e od 200 primjeraka knjiga, dok su gradske knji\u017enice u Labinu i Novigradu za vrijeme BOOKtige prodavale svoje pro\u010ditane knjige. Pod okriljem ove dobrotvorne akcije na BOOKtigi je od \u010detvrtka do subote prodano vi\u0161e od 1.300 pro\u010ditanih knjiga i rabljenih igra\u010daka u iznosu od 8. 854,05 kuna, u Gradskoj knji\u017enici Labin prikupljeno je 1.700,00 kuna, a u novigradskoj knji\u017enici 500,00 kuna. Svi su prihodi upla\u0107eni na ra\u010dun Doma za djecu i mla\u0111e punoljetne osobe u Puli.<\/p>\n<p>&nbsp;<\/p>\n<h3>BOOKtiga 2010.<\/h3>\n<p>Specifi\u010dnost tre\u0107e po redu BOOKtige je prvo programsko ujedinjenje svih gradskih knji\u017enica u jednoj zajedni\u010dkoj manifestaciji usmjerenoj ka zajedni\u010dkom cilju. Osnovna misao vodilja BOOKtige 2010. je da na jedinstven i originalan na\u010din pru\u017ei svim posjetiteljima mogu\u0107nost u\u017eivanja u sadr\u017eajima vezanim uz knjigu i \u010ditanje, kojima se nastoji obogatiti kulturni \u017eivot gra\u0111ana. \u00a0\u00a0\u00a0\u00a0\u00a0\u00a0\u00a0\u00a0 Nagrada BOOKtiga dodijeljena je knji\u017eevniku Igoru Mandi\u0107u za djelo \u201eU zadnji \u010das\u201c.<\/p>\n<p>Pored edukativnih sadr\u017eaja BOOKtiga tradicionalno provodi humanitarnu akciju \u201eKnjigom do zdravlja\u201c, a 2010.\u00a0godine, s obzirom na to da je sama organizacija manifestacije na \u017eupanijskoj razini, odlu\u010dili smo da se sva prikupljena nov\u010dana sredstva u pulskoj, rovinjskoj, pore\u010dkoj, labinskoj, novigradskoj, uma\u0161koj, bujskoj, pazinskoj i buzetskoj gradskoj knji\u017enici, usmjere Op\u0107oj bolnici Pula, odjelu za perinatologiju, odsjeku babinja\u010de, za kupnju potrebnih medicinskih pomagala za najmla\u0111e korisnike narodnih knji\u017enica Istarske \u017eupanije. Prikupljanjem sredstava za Odsjek babinja\u010da naglasili smo va\u017enost osiguravanja odgovaraju\u0107ih knji\u017eni\u010dnih usluga za najmla\u0111u djecu i njihove roditelje \u0161to je u skladu s odredbama iz Smjernica za knji\u017eni\u010dne usluge za bebe i djecu do tri godine (usvojene u Hrvatskoj 2008. godine) u kojima se pozornost usmjerava na ovu populaciju zbog njezinih specifi\u010dnih korisni\u010dkih potreba.<br \/>\nOvom akcijom ukazujemo na zna\u010daj knji\u017eevnosti za djecu i kulture \u010ditanja kod djece\u00a0te potrebu djelovanja i poticanja \u010ditanja od djetetova ro\u0111enja u cilju razvoja rane pismenosti koja uklju\u010duje roditelje.<\/p>\n<p>&nbsp;<\/p>\n<h3>BOOKtiga 2009.<\/h3>\n<p>U trodnevnom odr\u017eavanju BOOKtige predstavljena su mnogobrojna zanimljiva popularno \u2013 znanstvena predavanja vezana uz kulturnu ba\u0161tinu, knjigu, knji\u017eni\u010darstvo, knji\u017earstvo i odr\u017eane su radionice za sve ukuse i uzraste.<\/p>\n<p>Osim poznatih antikvarijata u programu su sudjelovali i svi kreativci: amateri, profesionalci, udruge, osobe svih dobnih skupina i afiniteta \u010dije se umjetni\u010dko izra\u017eavanje moglo prikazati na otvorenom prostoru, a odabrani su na natje\u010daju \u201eBooktiga open stage\u201c. BOOKtigu open stage otvorio je poznati knji\u017eevnik Mladen Ku\u0161ec. Na festivalu se mogao razgledati i suvremeni bibliobus s fondom od 5000 svezaka, a odr\u017eana je i aukcija knjiga i umjetnina u Istarskoj Sabornici.<\/p>\n<p>Prodajom knjiga ostvarena je podr\u0161ka u stvaranju mre\u017ee solidarnosti u prikupljanju sredstava za Crveni kri\u017e pod nazivom \u201eKnjigom do zdravlja\u201c. Festival ima definiran razvojni put prema poticanju podr\u0161ke za osobe s posebnim potrebama, obrazovnih sadr\u017eaja o kulturi \u010ditanja i zavi\u010dajnosti te otkrivanja mogu\u0107nosti za posjetitelje da sudjeluju u stvaranju sadr\u017eaja i poticanju dijaloga.<\/p>\n<h3><\/h3>\n<h3>BOOKtiga 2008.<\/h3>\n<p>BOOKtiga, prvi me\u0111unarodni festival pro\u010ditanih knjiga, odr\u017eao se u Pore\u010du, od petka, 4. do nedjelje 6. travnja 2008. godine od 14.00 do 19.00 sati. Gradska knji\u017enica Pore\u010d pod pokroviteljstvom Istarske \u017eupanije i Grada Pore\u010da i pod supokroviteljstvom Turisti\u010dke zajednice Grada Pore\u010da organizirala je Festival novu manifestaciju, novi oblik popularizacije knjige i \u010ditanja.<\/p>\n<p>Na festivalu su sudjelovali vode\u0107i antikvarijati iz Rijeke, Zagreba, Kopra i Ljubljane, kao i vode\u0107i stru\u010dnjaci bibliotekarske struke, prof. dr. sc. Aleksandra Horvat, predstojnica katedre Filozofskog fakulteta iz Zagreba\u00a0 i Dunja Seiter-\u0160verko, na\u010delnica odjela za digitalizaciju AKM gra\u0111e Ministarstva kulture.<\/p>\n<p>Kroz slu\u017ebeno ime manifestacije &#8211; BOOKtiga prote\u017ee se pri\u010da o interakciji gra\u0111ana istodobno se referiraju\u0107i na konkretan proizvod, reviju za male oglase Butigu. Ta interakcija je na relaciji ustanove u kulturi i posjetitelja. Uz prodaju, razmjenu i darovanje pro\u010ditanih knjiga, BOOKtiga festival u suradnji s posjetiteljima, u sva tri dana Festivala organizira potragu za najstarijim knjigama.<\/p>\n<p>BOOKtiga je i humanitarnog karaktera &#8211; ponudili smo mogu\u0107nost poticanja i stvaranja solidarnosti gra\u0111ana u prikupljanju sredstva za djecu s posebnim potrebama Pore\u0161tine u suradnji sa Zdravim gradom Pore\u010d pod nazivom &#8220;Knjigom do zdravlja&#8221;.<\/p>\n<p>Tijekom prve godine odr\u017eavanja festivala, svi su posjetitelji bili u prilici u\u017eivati u glazbenim nastupima. Neki od sudionika u dosada\u0161njem programu bili su Kraljevi ulice, hrvatski predstavnici na Eurosongu 2008., uli\u010dni svira\u010di, zagorski bluzeri pod paskom frontmena Tomislava Golubana i dr.<\/p>\n<p>&nbsp;<\/p>\n<h3 style=\"text-align: right\"><a title=\"Booktiga\" href=\"http:\/\/knjiznice.nsk.hr\/porec\/booktiga\/\"><span style=\"color: #ff6600\">Povratak &lt;<\/span><\/a><\/h3>\n","protected":false},"excerpt":{"rendered":"<p>Povratak &lt; BOOKtiga 2014. BOOKtiga je ove godine svojim programom pozornost posvetila razli\u010ditim sadr\u017eajima, a okosnica Festivala s \u010ditateljem u sredi\u0161tu urodila je plodom jer su sva doga\u0111anja bila izuzetno dobro posje\u0107ena, uz izvrsnu komunikaciju izme\u0111u gostiju knji\u017eevnika i publike., \u0161to potvr\u0111uje smisao i va\u017enost ove manifestacije. Vi\u0161egodi\u0161nja suradnja s brojnim doma\u0107im i inizemnim antikvarijatima [&hellip;]<\/p>\n","protected":false},"author":39,"featured_media":0,"parent":51,"menu_order":0,"comment_status":"closed","ping_status":"closed","template":"page_landing.php","meta":{"ngg_post_thumbnail":0},"yoast_head":"<!-- This site is optimized with the Yoast SEO plugin v16.4 - https:\/\/yoast.com\/wordpress\/plugins\/seo\/ -->\n<meta name=\"robots\" content=\"index, follow, max-snippet:-1, max-image-preview:large, max-video-preview:-1\" \/>\n<link rel=\"canonical\" href=\"http:\/\/knjiznice.nsk.hr\/porec\/booktiga\/povijest-booktige\/\" \/>\n<meta property=\"og:locale\" content=\"hr_HR\" \/>\n<meta property=\"og:type\" content=\"article\" \/>\n<meta property=\"og:title\" content=\"Povijest BOOKtige - Gradska knji\u017enica Pore\u010d\" \/>\n<meta property=\"og:description\" content=\"Povratak &lt; BOOKtiga 2014. BOOKtiga je ove godine svojim programom pozornost posvetila razli\u010ditim sadr\u017eajima, a okosnica Festivala s \u010ditateljem u sredi\u0161tu urodila je plodom jer su sva doga\u0111anja bila izuzetno dobro posje\u0107ena, uz izvrsnu komunikaciju izme\u0111u gostiju knji\u017eevnika i publike., \u0161to potvr\u0111uje smisao i va\u017enost ove manifestacije. Vi\u0161egodi\u0161nja suradnja s brojnim doma\u0107im i inizemnim antikvarijatima [&hellip;]\" \/>\n<meta property=\"og:url\" content=\"http:\/\/knjiznice.nsk.hr\/porec\/booktiga\/povijest-booktige\/\" \/>\n<meta property=\"og:site_name\" content=\"Gradska knji\u017enica Pore\u010d\" \/>\n<meta property=\"article:modified_time\" content=\"2015-03-26T16:07:53+00:00\" \/>\n<meta name=\"twitter:label1\" content=\"Procijenjeno vrijeme \u010ditanja\" \/>\n\t<meta name=\"twitter:data1\" content=\"10 minuta\" \/>\n<script type=\"application\/ld+json\" class=\"yoast-schema-graph\">{\"@context\":\"https:\/\/schema.org\",\"@graph\":[{\"@type\":\"WebSite\",\"@id\":\"https:\/\/knjiznice.nsk.hr\/porec\/#website\",\"url\":\"https:\/\/knjiznice.nsk.hr\/porec\/\",\"name\":\"Gradska knji\\u017enica Pore\\u010d\",\"description\":\"\",\"potentialAction\":[{\"@type\":\"SearchAction\",\"target\":\"https:\/\/knjiznice.nsk.hr\/porec\/?s={search_term_string}\",\"query-input\":\"required name=search_term_string\"}],\"inLanguage\":\"hr\"},{\"@type\":\"WebPage\",\"@id\":\"http:\/\/knjiznice.nsk.hr\/porec\/booktiga\/povijest-booktige\/#webpage\",\"url\":\"http:\/\/knjiznice.nsk.hr\/porec\/booktiga\/povijest-booktige\/\",\"name\":\"Povijest BOOKtige - Gradska knji\\u017enica Pore\\u010d\",\"isPartOf\":{\"@id\":\"https:\/\/knjiznice.nsk.hr\/porec\/#website\"},\"datePublished\":\"2015-03-26T16:06:24+00:00\",\"dateModified\":\"2015-03-26T16:07:53+00:00\",\"breadcrumb\":{\"@id\":\"http:\/\/knjiznice.nsk.hr\/porec\/booktiga\/povijest-booktige\/#breadcrumb\"},\"inLanguage\":\"hr\",\"potentialAction\":[{\"@type\":\"ReadAction\",\"target\":[\"http:\/\/knjiznice.nsk.hr\/porec\/booktiga\/povijest-booktige\/\"]}]},{\"@type\":\"BreadcrumbList\",\"@id\":\"http:\/\/knjiznice.nsk.hr\/porec\/booktiga\/povijest-booktige\/#breadcrumb\",\"itemListElement\":[{\"@type\":\"ListItem\",\"position\":1,\"item\":{\"@type\":\"WebPage\",\"@id\":\"https:\/\/knjiznice.nsk.hr\/porec\/\",\"url\":\"https:\/\/knjiznice.nsk.hr\/porec\/\",\"name\":\"Po\\u010detna stranica\"}},{\"@type\":\"ListItem\",\"position\":2,\"item\":{\"@type\":\"WebPage\",\"@id\":\"http:\/\/knjiznice.nsk.hr\/porec\/booktiga\/\",\"url\":\"http:\/\/knjiznice.nsk.hr\/porec\/booktiga\/\",\"name\":\"Booktiga\"}},{\"@type\":\"ListItem\",\"position\":3,\"item\":{\"@id\":\"http:\/\/knjiznice.nsk.hr\/porec\/booktiga\/povijest-booktige\/#webpage\"}}]}]}<\/script>\n<!-- \/ Yoast SEO plugin. -->","_links":{"self":[{"href":"http:\/\/knjiznice.nsk.hr\/porec\/wp-json\/wp\/v2\/pages\/234"}],"collection":[{"href":"http:\/\/knjiznice.nsk.hr\/porec\/wp-json\/wp\/v2\/pages"}],"about":[{"href":"http:\/\/knjiznice.nsk.hr\/porec\/wp-json\/wp\/v2\/types\/page"}],"author":[{"embeddable":true,"href":"http:\/\/knjiznice.nsk.hr\/porec\/wp-json\/wp\/v2\/users\/39"}],"replies":[{"embeddable":true,"href":"http:\/\/knjiznice.nsk.hr\/porec\/wp-json\/wp\/v2\/comments?post=234"}],"version-history":[{"count":5,"href":"http:\/\/knjiznice.nsk.hr\/porec\/wp-json\/wp\/v2\/pages\/234\/revisions"}],"predecessor-version":[{"id":241,"href":"http:\/\/knjiznice.nsk.hr\/porec\/wp-json\/wp\/v2\/pages\/234\/revisions\/241"}],"up":[{"embeddable":true,"href":"http:\/\/knjiznice.nsk.hr\/porec\/wp-json\/wp\/v2\/pages\/51"}],"wp:attachment":[{"href":"http:\/\/knjiznice.nsk.hr\/porec\/wp-json\/wp\/v2\/media?parent=234"}],"curies":[{"name":"wp","href":"https:\/\/api.w.org\/{rel}","templated":true}]}}