{"id":212,"date":"2015-03-25T17:20:38","date_gmt":"2015-03-25T17:20:38","guid":{"rendered":"http:\/\/knjiznice.nsk.hr\/porec\/?page_id=212"},"modified":"2015-03-30T07:50:08","modified_gmt":"2015-03-30T07:50:08","slug":"o-festivalu-booktiga","status":"publish","type":"page","link":"http:\/\/knjiznice.nsk.hr\/porec\/booktiga\/o-festivalu-booktiga\/","title":{"rendered":"O Festivalu"},"content":{"rendered":"<h4 style=\"text-align: right\"><a title=\"Booktiga\" href=\"http:\/\/knjiznice.nsk.hr\/porec\/booktiga\/\"><span style=\"color: #ff6600\">Povratak &lt;<\/span><\/a><\/h4>\n<p>BOOKtiga je ime me\u0111unarodnog festivala pro\u010ditanih knjiga, koji se odr\u017eava na najstarijem anti\u010dkom trgu u Pore\u010du \u2013 Maraforu, na kojem je smje\u0161tena i Gradska knji\u017enica. Manifestacija, kroz novi oblik popularizacije knjige i \u010ditanja uz prodaju, razmjenu i darivanje rabljenih knjiga poziva naj\u0161iru javnost na kulturni dijalog.<\/p>\n<p>Sve\u010danost otvaranja Festivala uprili\u010duje se u \u010dast Svjetskog dana knjige koji se obilje\u017eava \u0161irom zemlje i svijeta. Poziv za sudjelovanje na BOOKtigi prihva\u0107en je od vode\u0107ih antikvarijata iz Rijeke, Zagreba, Osijeka, Pule, Kopra i Ljubljane koji tijekom festivala prodaju antikvarne knjige i javnosti predstavljaju svoje najstarije publikacije.<\/p>\n<p>Okosnica Festivala je interakcija gra\u0111ana i Knji\u017enice u kojoj se pru\u017ea mogu\u0107nost posjetiteljima da aktivno sudjeluju u stvaranju sadr\u017eaja. Ovakvim pristupom \u017eelja je predstaviti knji\u017enicu kao mjesto zajedni\u010dkog okupljanja, mjesto za otvorenu razmjenu mi\u0161ljenja i aktivnu sinergiju \u0161to \u0161ire javnosti.<br \/>\n<a href=\"http:\/\/knjiznice.nsk.hr\/porec\/wp-content\/uploads\/sites\/44\/2015\/03\/ravnateljica1.jpg\"><img loading=\"lazy\" class=\"alignleft  wp-image-243\" src=\"http:\/\/knjiznice.nsk.hr\/porec\/wp-content\/uploads\/sites\/44\/2015\/03\/ravnateljica1.jpg\" alt=\"ravnateljica\" width=\"252\" height=\"168\" srcset=\"http:\/\/knjiznice.nsk.hr\/porec\/wp-content\/uploads\/sites\/44\/2015\/03\/ravnateljica1.jpg 800w, http:\/\/knjiznice.nsk.hr\/porec\/wp-content\/uploads\/sites\/44\/2015\/03\/ravnateljica1-300x200.jpg 300w, http:\/\/knjiznice.nsk.hr\/porec\/wp-content\/uploads\/sites\/44\/2015\/03\/ravnateljica1-600x399.jpg 600w\" sizes=\"(max-width: 252px) 100vw, 252px\" \/><\/a>BOOKtiga je i humanitarnog karaktera &#8211; akcijom \u201eKnjigom do zdravlja&#8221; nastoje se osigurati sredstva namijenjena raznim ustanovama kojima je takva pomo\u0107 najpotrebnija \u2013 do sad smo prihode ostvarene prodajom knjiga donirali: Zdravom gradu Pore\u010d \u2013 za osobe s posebnim potrebama, Crvenom kri\u017eu u Pore\u010du, Op\u0107oj bolnici u Puli \u2013 odjel perinatologija, odsjek babinja\u010da, Domu za djecu i mla\u0111e punoljetne osobe u Puli te mjesnom odboru \u010cervar-Porat za osnivanje knji\u017eni\u010dne stanice. 2013. godine akcija je bila posve\u0107ena nabavi specijalne opreme i pomagala za slijepe i slabovidne osobe koje su korisnici Gradske knji\u017enice Pore\u010d. Prikupljena sredstva na sajmu rabljenih knjiga 2014. godine utro\u0161ena su na realizaciju inicijative \u201eMoja knji\u017enica: slikovnica ve\u0107a od pri\u010de\u201c koja je obuhva\u0107ala tiskanje i besplatan primjerak dvojezi\u010dne slikovnice u nakladi Gradske knji\u017enice Pore\u010d za svako novoro\u0111eno dijete na podru\u010dju Pore\u0161tine. U studenom 2014. godine promovirana je slikovnica \u201eSlovko Maraforko\u201c za koju su crte\u017ee oslikala djeca polaznici radionica \u201ePetkom u pet\u201c, a tekst su napisale knji\u017eni\u010darke Gradske knji\u017enice Pore\u010d.<\/p>\n<p>Posebno je va\u017eno istaknuti da se sve preostale knjige s BOOKtige redovito daruju potrebitima: Kaznionici u Valturi, Domu za starije i nemo\u0107ne osobe u Pore\u010du, Op\u0107ini Barban za formiranje po\u010detnog fonda budu\u0107e knji\u017enice te gra\u0111anima mjesta \u010cervar-Porat.<\/p>\n<p>&nbsp;<\/p>\n<h3>Nagrade BOOKtigi<\/h3>\n<p style=\"padding-left: 60px\">\u2022 2012 \u2013 Red Dot &#8211; Best of bests: Booktiga festival rabljenih knjiga 2012 \u2013 bit(i) margina,<a href=\"http:\/\/knjiznice.nsk.hr\/porec\/wp-content\/uploads\/sites\/44\/2015\/03\/red-dot.jpg\"><img loading=\"lazy\" class=\"  wp-image-225 alignright\" src=\"http:\/\/knjiznice.nsk.hr\/porec\/wp-content\/uploads\/sites\/44\/2015\/03\/red-dot.jpg\" alt=\"red dot\" width=\"231\" height=\"153\" srcset=\"http:\/\/knjiznice.nsk.hr\/porec\/wp-content\/uploads\/sites\/44\/2015\/03\/red-dot.jpg 1024w, http:\/\/knjiznice.nsk.hr\/porec\/wp-content\/uploads\/sites\/44\/2015\/03\/red-dot-300x199.jpg 300w, http:\/\/knjiznice.nsk.hr\/porec\/wp-content\/uploads\/sites\/44\/2015\/03\/red-dot-600x397.jpg 600w\" sizes=\"(max-width: 231px) 100vw, 231px\" \/><\/a><br \/>\n\u2022 2012 \u2013 Pohvalnica Dru\u0161tva bibliotekara Istre za \u201cNAJprojekt 2012\u201d za najbolje zami\u0161ljen i realiziran projekt u knji\u017eni\u010darskoj struci,<br \/>\n\u2022 2011 &#8211; na festivalu knji\u017eni\u010darstva \u201cPoka\u017ei \u0161to zna\u0161\u201d predstavljena BOOKtiga,<br \/>\n\u2022 2010 &#8211; Velika nagrada Hrvatskog dizajnerskog dru\u0161tva za poster BOOKtiga,<br \/>\n\u2022 2010 &#8211; \u201cI.D.\u2019s 2010 Annual Design\u201d &#8211; Design Distinction Winner in the Graphics category, za poster 2. Festivala rabljenih knjiga Booktiga \u2013 poster izlo\u017een u newyor\u0161koj AIGA National Design Center gallery,<br \/>\n\u2022 2009 &#8211; \u201cHOW&#8217;s International Design Awards\u201d &#8211; Outstanding Achievement Award u kategoriji Postera za poster 2. Festivala rabljenih knjiga Booktiga,<br \/>\n\u2022 2009 &#8211; \u201cCreativity Annual Award\u201d \u2013 Silver Award i \u201cHonorable mention\u201d za poster 2. Festivala rabljenih knjiga Booktiga,<br \/>\n\u2022 2009 &#8211; Malo zvono na 17. festivalu tr\u017ei\u0161nog komuniciranja \u201cFesto 2009\u201d za poster 2. Festivala rablj<a href=\"http:\/\/knjiznice.nsk.hr\/porec\/wp-content\/uploads\/sites\/44\/2015\/03\/sonda.jpg\"><img loading=\"lazy\" class=\"  wp-image-226 alignright\" src=\"http:\/\/knjiznice.nsk.hr\/porec\/wp-content\/uploads\/sites\/44\/2015\/03\/sonda.jpg\" alt=\"sonda\" width=\"178\" height=\"178\" srcset=\"http:\/\/knjiznice.nsk.hr\/porec\/wp-content\/uploads\/sites\/44\/2015\/03\/sonda.jpg 566w, http:\/\/knjiznice.nsk.hr\/porec\/wp-content\/uploads\/sites\/44\/2015\/03\/sonda-150x150.jpg 150w, http:\/\/knjiznice.nsk.hr\/porec\/wp-content\/uploads\/sites\/44\/2015\/03\/sonda-300x300.jpg 300w\" sizes=\"(max-width: 178px) 100vw, 178px\" \/><\/a>enih knjiga Booktiga,<br \/>\n\u2022 2008 &#8211; Bron\u010dano zvono na 16. festivalu tr\u017ei\u0161nog komuniciranja &#8220;Festo 2008&#8221; u kategoriji Sredstva izravne komunikacije &#8211; POS materijali, za seriju plakata Booktiga \u2013 prvi me\u0111unarodni festival knjiga, u konkurenciji izme\u0111u 323 rada, 900 predstavnika ogla\u0161iva\u010da, marketin\u0161kih agencija, medija i gospodarstvenika iz 14 zemalja,<br \/>\n\u2022 2008 &#8211; na 12. seminaru \u201cArhivi, knji\u017enice, muzeji\u201d BOOKtiga je predstavljena u radionici kulturnog turizma kao primjer dobre prakse,<br \/>\n\u2022 2008 &#8211; BOOKtiga &#8211; serija plakata u finalu za nagradu \u201cOutward 2008\u201d u seriji Citylights.<\/p>\n<h4 style=\"text-align: right\"><a title=\"Booktiga\" href=\"http:\/\/knjiznice.nsk.hr\/porec\/booktiga\/\"><span style=\"color: #ff6600\">Povratak &lt;<\/span><\/a><\/h4>\n","protected":false},"excerpt":{"rendered":"<p>Povratak &lt; BOOKtiga je ime me\u0111unarodnog festivala pro\u010ditanih knjiga, koji se odr\u017eava na najstarijem anti\u010dkom trgu u Pore\u010du \u2013 Maraforu, na kojem je smje\u0161tena i Gradska knji\u017enica. Manifestacija, kroz novi oblik popularizacije knjige i \u010ditanja uz prodaju, razmjenu i darivanje rabljenih knjiga poziva naj\u0161iru javnost na kulturni dijalog. Sve\u010danost otvaranja Festivala uprili\u010duje se u \u010dast [&hellip;]<\/p>\n","protected":false},"author":39,"featured_media":0,"parent":51,"menu_order":0,"comment_status":"closed","ping_status":"closed","template":"page_landing.php","meta":{"ngg_post_thumbnail":0},"yoast_head":"<!-- This site is optimized with the Yoast SEO plugin v16.4 - https:\/\/yoast.com\/wordpress\/plugins\/seo\/ -->\n<meta name=\"robots\" content=\"index, follow, max-snippet:-1, max-image-preview:large, max-video-preview:-1\" \/>\n<link rel=\"canonical\" href=\"http:\/\/knjiznice.nsk.hr\/porec\/booktiga\/o-festivalu-booktiga\/\" \/>\n<meta property=\"og:locale\" content=\"hr_HR\" \/>\n<meta property=\"og:type\" content=\"article\" \/>\n<meta property=\"og:title\" content=\"O Festivalu - Gradska knji\u017enica Pore\u010d\" \/>\n<meta property=\"og:description\" content=\"Povratak &lt; BOOKtiga je ime me\u0111unarodnog festivala pro\u010ditanih knjiga, koji se odr\u017eava na najstarijem anti\u010dkom trgu u Pore\u010du \u2013 Maraforu, na kojem je smje\u0161tena i Gradska knji\u017enica. Manifestacija, kroz novi oblik popularizacije knjige i \u010ditanja uz prodaju, razmjenu i darivanje rabljenih knjiga poziva naj\u0161iru javnost na kulturni dijalog. Sve\u010danost otvaranja Festivala uprili\u010duje se u \u010dast [&hellip;]\" \/>\n<meta property=\"og:url\" content=\"http:\/\/knjiznice.nsk.hr\/porec\/booktiga\/o-festivalu-booktiga\/\" \/>\n<meta property=\"og:site_name\" content=\"Gradska knji\u017enica Pore\u010d\" \/>\n<meta property=\"article:modified_time\" content=\"2015-03-30T07:50:08+00:00\" \/>\n<meta property=\"og:image\" content=\"http:\/\/knjiznice.nsk.hr\/porec\/wp-content\/uploads\/sites\/44\/2015\/03\/ravnateljica1.jpg\" \/>\n<meta name=\"twitter:label1\" content=\"Procijenjeno vrijeme \u010ditanja\" \/>\n\t<meta name=\"twitter:data1\" content=\"3 minute\" \/>\n<script type=\"application\/ld+json\" class=\"yoast-schema-graph\">{\"@context\":\"https:\/\/schema.org\",\"@graph\":[{\"@type\":\"WebSite\",\"@id\":\"https:\/\/knjiznice.nsk.hr\/porec\/#website\",\"url\":\"https:\/\/knjiznice.nsk.hr\/porec\/\",\"name\":\"Gradska knji\\u017enica Pore\\u010d\",\"description\":\"\",\"potentialAction\":[{\"@type\":\"SearchAction\",\"target\":\"https:\/\/knjiznice.nsk.hr\/porec\/?s={search_term_string}\",\"query-input\":\"required name=search_term_string\"}],\"inLanguage\":\"hr\"},{\"@type\":\"ImageObject\",\"@id\":\"http:\/\/knjiznice.nsk.hr\/porec\/booktiga\/o-festivalu-booktiga\/#primaryimage\",\"inLanguage\":\"hr\",\"url\":\"http:\/\/knjiznice.nsk.hr\/porec\/wp-content\/uploads\/sites\/44\/2015\/03\/ravnateljica1.jpg\",\"contentUrl\":\"http:\/\/knjiznice.nsk.hr\/porec\/wp-content\/uploads\/sites\/44\/2015\/03\/ravnateljica1.jpg\",\"width\":800,\"height\":532},{\"@type\":\"WebPage\",\"@id\":\"http:\/\/knjiznice.nsk.hr\/porec\/booktiga\/o-festivalu-booktiga\/#webpage\",\"url\":\"http:\/\/knjiznice.nsk.hr\/porec\/booktiga\/o-festivalu-booktiga\/\",\"name\":\"O Festivalu - Gradska knji\\u017enica Pore\\u010d\",\"isPartOf\":{\"@id\":\"https:\/\/knjiznice.nsk.hr\/porec\/#website\"},\"primaryImageOfPage\":{\"@id\":\"http:\/\/knjiznice.nsk.hr\/porec\/booktiga\/o-festivalu-booktiga\/#primaryimage\"},\"datePublished\":\"2015-03-25T17:20:38+00:00\",\"dateModified\":\"2015-03-30T07:50:08+00:00\",\"breadcrumb\":{\"@id\":\"http:\/\/knjiznice.nsk.hr\/porec\/booktiga\/o-festivalu-booktiga\/#breadcrumb\"},\"inLanguage\":\"hr\",\"potentialAction\":[{\"@type\":\"ReadAction\",\"target\":[\"http:\/\/knjiznice.nsk.hr\/porec\/booktiga\/o-festivalu-booktiga\/\"]}]},{\"@type\":\"BreadcrumbList\",\"@id\":\"http:\/\/knjiznice.nsk.hr\/porec\/booktiga\/o-festivalu-booktiga\/#breadcrumb\",\"itemListElement\":[{\"@type\":\"ListItem\",\"position\":1,\"item\":{\"@type\":\"WebPage\",\"@id\":\"https:\/\/knjiznice.nsk.hr\/porec\/\",\"url\":\"https:\/\/knjiznice.nsk.hr\/porec\/\",\"name\":\"Po\\u010detna stranica\"}},{\"@type\":\"ListItem\",\"position\":2,\"item\":{\"@type\":\"WebPage\",\"@id\":\"http:\/\/knjiznice.nsk.hr\/porec\/booktiga\/\",\"url\":\"http:\/\/knjiznice.nsk.hr\/porec\/booktiga\/\",\"name\":\"Booktiga\"}},{\"@type\":\"ListItem\",\"position\":3,\"item\":{\"@id\":\"http:\/\/knjiznice.nsk.hr\/porec\/booktiga\/o-festivalu-booktiga\/#webpage\"}}]}]}<\/script>\n<!-- \/ Yoast SEO plugin. -->","_links":{"self":[{"href":"http:\/\/knjiznice.nsk.hr\/porec\/wp-json\/wp\/v2\/pages\/212"}],"collection":[{"href":"http:\/\/knjiznice.nsk.hr\/porec\/wp-json\/wp\/v2\/pages"}],"about":[{"href":"http:\/\/knjiznice.nsk.hr\/porec\/wp-json\/wp\/v2\/types\/page"}],"author":[{"embeddable":true,"href":"http:\/\/knjiznice.nsk.hr\/porec\/wp-json\/wp\/v2\/users\/39"}],"replies":[{"embeddable":true,"href":"http:\/\/knjiznice.nsk.hr\/porec\/wp-json\/wp\/v2\/comments?post=212"}],"version-history":[{"count":7,"href":"http:\/\/knjiznice.nsk.hr\/porec\/wp-json\/wp\/v2\/pages\/212\/revisions"}],"predecessor-version":[{"id":285,"href":"http:\/\/knjiznice.nsk.hr\/porec\/wp-json\/wp\/v2\/pages\/212\/revisions\/285"}],"up":[{"embeddable":true,"href":"http:\/\/knjiznice.nsk.hr\/porec\/wp-json\/wp\/v2\/pages\/51"}],"wp:attachment":[{"href":"http:\/\/knjiznice.nsk.hr\/porec\/wp-json\/wp\/v2\/media?parent=212"}],"curies":[{"name":"wp","href":"https:\/\/api.w.org\/{rel}","templated":true}]}}