{"id":9337,"date":"2024-07-10T12:51:47","date_gmt":"2024-07-10T10:51:47","guid":{"rendered":"http:\/\/knjiznice.nsk.hr\/ploce\/?page_id=9337"},"modified":"2025-02-03T10:56:14","modified_gmt":"2025-02-03T09:56:14","slug":"izvjestaj-o-prihodima-i-rashodima-primicima-i-izdacima-za-2024-godinu","status":"publish","type":"page","link":"http:\/\/knjiznice.nsk.hr\/ploce\/knjiznica\/dokumenti\/financijski-izvjestaji\/izvjestaj-o-prihodima-i-rashodima-primicima-i-izdacima-za-2024-godinu\/","title":{"rendered":"Izvje\u0161taj o prihodima i rashodima, primicima i izdacima za 2024. godinu"},"content":{"rendered":"<ul>\n<li><a href=\"https:\/\/docs.google.com\/spreadsheets\/d\/1o9zWTwr3CA2ywkdnr6wJz5sG6G8Jf-9O\/edit?usp=sharing&amp;ouid=101998232239676564505&amp;rtpof=true&amp;sd=true\" target=\"_blank\" rel=\"noopener\">Izvje\u0161taj o prihodima i rashodima, primicima i izdacima za <strong>2024<\/strong>. godinu<\/a><br \/>\n<a href=\"https:\/\/docs.google.com\/document\/d\/1BjSp3YOWOZUzmAeyGKkp6o2Qjp-3m6yc\/edit?usp=sharing&amp;ouid=101998232239676564505&amp;rtpof=true&amp;sd=true\" target=\"_blank\" rel=\"noopener\" data-wahfont=\"16\">Bilje\u0161ke uz financijske izvje\u0161taje za<strong> 2024. godine<\/strong><\/a><\/li>\n<li><a href=\"https:\/\/docs.google.com\/spreadsheets\/d\/1GP76NqeU_6bIF6lCEENu4Jsz8TPrqdO-\/edit?usp=sharing&amp;ouid=101998232239676564505&amp;rtpof=true&amp;sd=true\" target=\"_blank\" rel=\"noopener\">Izvje\u0161taj o prihodima i rashodima, primicima i izdacima za razdoblje od <strong>1. sije\u010dnja do 30. lipnja 2024. godine<\/strong><\/a><\/li>\n<li><a href=\"https:\/\/drive.google.com\/file\/d\/1pe1_pwu6OOhVjU-I30ia-xc3Czfep9w-\/view?usp=sharing\" target=\"_blank\" rel=\"noopener\">Bilje\u0161ke uz financijske izvje\u0161taje na dan <strong>30. lipnja 2024. godine<\/strong><\/a><\/li>\n<\/ul>\n<p>&nbsp;<\/p>\n<p><a href=\"http:\/\/knjiznice.nsk.hr\/ploce\/knjiznica\/dokumenti\/financijski-izvjestaji\/\">&lt;&lt; povratak na FINANCIJSKI IZVJE\u0160TAJI I PLANOVI<\/a><\/p>\n","protected":false},"excerpt":{"rendered":"<p>Izvje\u0161taj o prihodima i rashodima, primicima i izdacima za 2024. godinu Bilje\u0161ke uz financijske izvje\u0161taje za 2024. godine Izvje\u0161taj o prihodima i rashodima, primicima i izdacima za razdoblje od 1. sije\u010dnja do 30. lipnja 2024. godine Bilje\u0161ke uz financijske izvje\u0161taje na dan 30. lipnja 2024. godine &nbsp; &lt;&lt; povratak na FINANCIJSKI IZVJE\u0160TAJI I PLANOVI<\/p>\n","protected":false},"author":89,"featured_media":0,"parent":3005,"menu_order":0,"comment_status":"closed","ping_status":"closed","template":"","meta":{"ngg_post_thumbnail":0},"yoast_head":"<!-- This site is optimized with the Yoast SEO plugin v16.4 - https:\/\/yoast.com\/wordpress\/plugins\/seo\/ -->\n<meta name=\"robots\" content=\"index, follow, max-snippet:-1, max-image-preview:large, max-video-preview:-1\" \/>\n<link rel=\"canonical\" href=\"http:\/\/knjiznice.nsk.hr\/ploce\/knjiznica\/dokumenti\/financijski-izvjestaji\/izvjestaj-o-prihodima-i-rashodima-primicima-i-izdacima-za-2024-godinu\/\" \/>\n<meta property=\"og:locale\" content=\"hr_HR\" \/>\n<meta property=\"og:type\" content=\"article\" \/>\n<meta property=\"og:title\" content=\"Izvje\u0161taj o prihodima i rashodima, primicima i izdacima za 2024. godinu - Narodna knji\u017enica Plo\u010de\" \/>\n<meta property=\"og:description\" content=\"Izvje\u0161taj o prihodima i rashodima, primicima i izdacima za 2024. godinu Bilje\u0161ke uz financijske izvje\u0161taje za 2024. godine Izvje\u0161taj o prihodima i rashodima, primicima i izdacima za razdoblje od 1. sije\u010dnja do 30. lipnja 2024. godine Bilje\u0161ke uz financijske izvje\u0161taje na dan 30. lipnja 2024. godine &nbsp; &lt;&lt; povratak na FINANCIJSKI IZVJE\u0160TAJI I PLANOVI\" \/>\n<meta property=\"og:url\" content=\"http:\/\/knjiznice.nsk.hr\/ploce\/knjiznica\/dokumenti\/financijski-izvjestaji\/izvjestaj-o-prihodima-i-rashodima-primicima-i-izdacima-za-2024-godinu\/\" \/>\n<meta property=\"og:site_name\" content=\"Narodna knji\u017enica Plo\u010de\" \/>\n<meta property=\"article:publisher\" content=\"https:\/\/www.facebook.com\/narodnaknjiznica.ploce\/\" \/>\n<meta property=\"article:modified_time\" content=\"2025-02-03T09:56:14+00:00\" \/>\n<meta name=\"twitter:label1\" content=\"Procijenjeno vrijeme \u010ditanja\" \/>\n\t<meta name=\"twitter:data1\" content=\"1 minuta\" \/>\n<script type=\"application\/ld+json\" class=\"yoast-schema-graph\">{\"@context\":\"https:\/\/schema.org\",\"@graph\":[{\"@type\":\"Organization\",\"@id\":\"http:\/\/knjiznice.nsk.hr\/ploce\/#organization\",\"name\":\"Narodna knji\\u017enica Plo\\u010de\",\"url\":\"http:\/\/knjiznice.nsk.hr\/ploce\/\",\"sameAs\":[\"https:\/\/www.facebook.com\/narodnaknjiznica.ploce\/\"],\"logo\":{\"@type\":\"ImageObject\",\"@id\":\"http:\/\/knjiznice.nsk.hr\/ploce\/#logo\",\"inLanguage\":\"hr\",\"url\":\"http:\/\/knjiznice.nsk.hr\/ploce\/wp-content\/uploads\/sites\/74\/2015\/09\/logo_1.png\",\"contentUrl\":\"http:\/\/knjiznice.nsk.hr\/ploce\/wp-content\/uploads\/sites\/74\/2015\/09\/logo_1.png\",\"width\":861,\"height\":503,\"caption\":\"Narodna knji\\u017enica Plo\\u010de\"},\"image\":{\"@id\":\"http:\/\/knjiznice.nsk.hr\/ploce\/#logo\"}},{\"@type\":\"WebSite\",\"@id\":\"http:\/\/knjiznice.nsk.hr\/ploce\/#website\",\"url\":\"http:\/\/knjiznice.nsk.hr\/ploce\/\",\"name\":\"Narodna knji\\u017enica Plo\\u010de\",\"description\":\"\",\"publisher\":{\"@id\":\"http:\/\/knjiznice.nsk.hr\/ploce\/#organization\"},\"potentialAction\":[{\"@type\":\"SearchAction\",\"target\":\"http:\/\/knjiznice.nsk.hr\/ploce\/?s={search_term_string}\",\"query-input\":\"required name=search_term_string\"}],\"inLanguage\":\"hr\"},{\"@type\":\"WebPage\",\"@id\":\"http:\/\/knjiznice.nsk.hr\/ploce\/knjiznica\/dokumenti\/financijski-izvjestaji\/izvjestaj-o-prihodima-i-rashodima-primicima-i-izdacima-za-2024-godinu\/#webpage\",\"url\":\"http:\/\/knjiznice.nsk.hr\/ploce\/knjiznica\/dokumenti\/financijski-izvjestaji\/izvjestaj-o-prihodima-i-rashodima-primicima-i-izdacima-za-2024-godinu\/\",\"name\":\"Izvje\\u0161taj o prihodima i rashodima, primicima i izdacima za 2024. godinu - Narodna knji\\u017enica Plo\\u010de\",\"isPartOf\":{\"@id\":\"http:\/\/knjiznice.nsk.hr\/ploce\/#website\"},\"datePublished\":\"2024-07-10T10:51:47+00:00\",\"dateModified\":\"2025-02-03T09:56:14+00:00\",\"breadcrumb\":{\"@id\":\"http:\/\/knjiznice.nsk.hr\/ploce\/knjiznica\/dokumenti\/financijski-izvjestaji\/izvjestaj-o-prihodima-i-rashodima-primicima-i-izdacima-za-2024-godinu\/#breadcrumb\"},\"inLanguage\":\"hr\",\"potentialAction\":[{\"@type\":\"ReadAction\",\"target\":[\"http:\/\/knjiznice.nsk.hr\/ploce\/knjiznica\/dokumenti\/financijski-izvjestaji\/izvjestaj-o-prihodima-i-rashodima-primicima-i-izdacima-za-2024-godinu\/\"]}]},{\"@type\":\"BreadcrumbList\",\"@id\":\"http:\/\/knjiznice.nsk.hr\/ploce\/knjiznica\/dokumenti\/financijski-izvjestaji\/izvjestaj-o-prihodima-i-rashodima-primicima-i-izdacima-za-2024-godinu\/#breadcrumb\",\"itemListElement\":[{\"@type\":\"ListItem\",\"position\":1,\"item\":{\"@type\":\"WebPage\",\"@id\":\"http:\/\/knjiznice.nsk.hr\/ploce\/\",\"url\":\"http:\/\/knjiznice.nsk.hr\/ploce\/\",\"name\":\"Po\\u010detna stranica\"}},{\"@type\":\"ListItem\",\"position\":2,\"item\":{\"@type\":\"WebPage\",\"@id\":\"http:\/\/knjiznice.nsk.hr\/ploce\/knjiznica\/\",\"url\":\"http:\/\/knjiznice.nsk.hr\/ploce\/knjiznica\/\",\"name\":\"Knji\\u017enica\"}},{\"@type\":\"ListItem\",\"position\":3,\"item\":{\"@type\":\"WebPage\",\"@id\":\"http:\/\/knjiznice.nsk.hr\/ploce\/knjiznica\/dokumenti\/\",\"url\":\"http:\/\/knjiznice.nsk.hr\/ploce\/knjiznica\/dokumenti\/\",\"name\":\"Dokumenti i izvje\\u0161\\u0107a\"}},{\"@type\":\"ListItem\",\"position\":4,\"item\":{\"@type\":\"WebPage\",\"@id\":\"http:\/\/knjiznice.nsk.hr\/ploce\/knjiznica\/dokumenti\/financijski-izvjestaji\/\",\"url\":\"http:\/\/knjiznice.nsk.hr\/ploce\/knjiznica\/dokumenti\/financijski-izvjestaji\/\",\"name\":\"Financijski izvje\\u0161taji i planovi\"}},{\"@type\":\"ListItem\",\"position\":5,\"item\":{\"@id\":\"http:\/\/knjiznice.nsk.hr\/ploce\/knjiznica\/dokumenti\/financijski-izvjestaji\/izvjestaj-o-prihodima-i-rashodima-primicima-i-izdacima-za-2024-godinu\/#webpage\"}}]}]}<\/script>\n<!-- \/ Yoast SEO plugin. -->","_links":{"self":[{"href":"http:\/\/knjiznice.nsk.hr\/ploce\/wp-json\/wp\/v2\/pages\/9337"}],"collection":[{"href":"http:\/\/knjiznice.nsk.hr\/ploce\/wp-json\/wp\/v2\/pages"}],"about":[{"href":"http:\/\/knjiznice.nsk.hr\/ploce\/wp-json\/wp\/v2\/types\/page"}],"author":[{"embeddable":true,"href":"http:\/\/knjiznice.nsk.hr\/ploce\/wp-json\/wp\/v2\/users\/89"}],"replies":[{"embeddable":true,"href":"http:\/\/knjiznice.nsk.hr\/ploce\/wp-json\/wp\/v2\/comments?post=9337"}],"version-history":[{"count":4,"href":"http:\/\/knjiznice.nsk.hr\/ploce\/wp-json\/wp\/v2\/pages\/9337\/revisions"}],"predecessor-version":[{"id":9596,"href":"http:\/\/knjiznice.nsk.hr\/ploce\/wp-json\/wp\/v2\/pages\/9337\/revisions\/9596"}],"up":[{"embeddable":true,"href":"http:\/\/knjiznice.nsk.hr\/ploce\/wp-json\/wp\/v2\/pages\/3005"}],"wp:attachment":[{"href":"http:\/\/knjiznice.nsk.hr\/ploce\/wp-json\/wp\/v2\/media?parent=9337"}],"curies":[{"name":"wp","href":"https:\/\/api.w.org\/{rel}","templated":true}]}}