{"id":53,"date":"2015-05-14T10:03:03","date_gmt":"2015-05-14T10:03:03","guid":{"rendered":"http:\/\/knjiznice.nsk.hr\/ploce\/?page_id=53"},"modified":"2021-08-26T13:09:35","modified_gmt":"2021-08-26T11:09:35","slug":"galerija","status":"publish","type":"page","link":"http:\/\/knjiznice.nsk.hr\/ploce\/galerija\/","title":{"rendered":"Galerija"},"content":{"rendered":"<!-- index.php -->\n<div\n\tclass=\"ngg-galleryoverview ngg-ajax-pagination-none\"\n\tid=\"ngg-gallery-8dbd8a7e6a9e4c2a73ca2078df4ca557-1\">\n\n    \t<div class=\"slideshowlink\">\n        <a href='http:\/\/knjiznice.nsk.hr\/ploce\/galerija\/nggallery\/slideshow'>&#091;Show slideshow&#093;<\/a>\n\t\t\n\t<\/div>\n\t\t\t<!-- Thumbnails -->\n\t\t\t\t<div id=\"ngg-image-0\" class=\"ngg-gallery-thumbnail-box\" >\n\t\t\t\t        <div class=\"ngg-gallery-thumbnail\">\n            <a href=\"http:\/\/knjiznice.nsk.hr\/ploce\/wp-content\/uploads\/sites\/74\/nggallery\/origami-ljeto-2015\/DSC01974.JPG\"\n               title=\"\"\n               data-src=\"http:\/\/knjiznice.nsk.hr\/ploce\/wp-content\/uploads\/sites\/74\/nggallery\/origami-ljeto-2015\/DSC01974.JPG\"\n               data-thumbnail=\"http:\/\/knjiznice.nsk.hr\/ploce\/wp-content\/uploads\/sites\/74\/nggallery\/origami-ljeto-2015\/thumbs\/thumbs_DSC01974.JPG\"\n               data-image-id=\"16\"\n               data-title=\"DSC01974\"\n               data-description=\"\"\n               data-image-slug=\"dsc01974\"\n               class=\"ngg-fancybox\" rel=\"8dbd8a7e6a9e4c2a73ca2078df4ca557\">\n                <img\n                    title=\"DSC01974\"\n                    alt=\"DSC01974\"\n                    src=\"http:\/\/knjiznice.nsk.hr\/ploce\/wp-content\/uploads\/sites\/74\/nggallery\/origami-ljeto-2015\/thumbs\/thumbs_DSC01974.JPG\"\n                    width=\"120\"\n                    height=\"90\"\n                    style=\"max-width:100%;\"\n                \/>\n            <\/a>\n        <\/div>\n\t\t\t\t\t\t\t<\/div> \n\t\t\t\n        \n\t\t\t\t<div id=\"ngg-image-1\" class=\"ngg-gallery-thumbnail-box\" >\n\t\t\t\t        <div class=\"ngg-gallery-thumbnail\">\n            <a href=\"http:\/\/knjiznice.nsk.hr\/ploce\/wp-content\/uploads\/sites\/74\/nggallery\/radionica-izrade-maski\/DSC02274.JPG\"\n               title=\"\"\n               data-src=\"http:\/\/knjiznice.nsk.hr\/ploce\/wp-content\/uploads\/sites\/74\/nggallery\/radionica-izrade-maski\/DSC02274.JPG\"\n               data-thumbnail=\"http:\/\/knjiznice.nsk.hr\/ploce\/wp-content\/uploads\/sites\/74\/nggallery\/radionica-izrade-maski\/thumbs\/thumbs_DSC02274.JPG\"\n               data-image-id=\"159\"\n               data-title=\"DSC02274\"\n               data-description=\"\"\n               data-image-slug=\"dsc02274\"\n               class=\"ngg-fancybox\" rel=\"8dbd8a7e6a9e4c2a73ca2078df4ca557\">\n                <img\n                    title=\"DSC02274\"\n                    alt=\"DSC02274\"\n                    src=\"http:\/\/knjiznice.nsk.hr\/ploce\/wp-content\/uploads\/sites\/74\/nggallery\/radionica-izrade-maski\/thumbs\/thumbs_DSC02274.JPG\"\n                    width=\"120\"\n                    height=\"90\"\n                    style=\"max-width:100%;\"\n                \/>\n            <\/a>\n        <\/div>\n\t\t\t\t\t\t\t<\/div> \n\t\t\t\n        \n\t\t\t\t<div id=\"ngg-image-2\" class=\"ngg-gallery-thumbnail-box\" >\n\t\t\t\t        <div class=\"ngg-gallery-thumbnail\">\n            <a href=\"http:\/\/knjiznice.nsk.hr\/ploce\/wp-content\/uploads\/sites\/74\/nggallery\/sat-hrvatskog-jezika-1\/DSC02657.JPG\"\n               title=\"\"\n               data-src=\"http:\/\/knjiznice.nsk.hr\/ploce\/wp-content\/uploads\/sites\/74\/nggallery\/sat-hrvatskog-jezika-1\/DSC02657.JPG\"\n               data-thumbnail=\"http:\/\/knjiznice.nsk.hr\/ploce\/wp-content\/uploads\/sites\/74\/nggallery\/sat-hrvatskog-jezika-1\/thumbs\/thumbs_DSC02657.JPG\"\n               data-image-id=\"404\"\n               data-title=\"DSC02657\"\n               data-description=\"\"\n               data-image-slug=\"dsc02657\"\n               class=\"ngg-fancybox\" rel=\"8dbd8a7e6a9e4c2a73ca2078df4ca557\">\n                <img\n                    title=\"DSC02657\"\n                    alt=\"DSC02657\"\n                    src=\"http:\/\/knjiznice.nsk.hr\/ploce\/wp-content\/uploads\/sites\/74\/nggallery\/sat-hrvatskog-jezika-1\/thumbs\/thumbs_DSC02657.JPG\"\n                    width=\"120\"\n                    height=\"90\"\n                    style=\"max-width:100%;\"\n                \/>\n            <\/a>\n        <\/div>\n\t\t\t\t\t\t\t<\/div> \n\t\t\t\n        \n\t\t\t\t<div id=\"ngg-image-3\" class=\"ngg-gallery-thumbnail-box\" >\n\t\t\t\t        <div class=\"ngg-gallery-thumbnail\">\n            <a href=\"http:\/\/knjiznice.nsk.hr\/ploce\/wp-content\/uploads\/sites\/74\/nggallery\/milana-vlaovic-glad\/DSC02851.JPG\"\n               title=\"\"\n               data-src=\"http:\/\/knjiznice.nsk.hr\/ploce\/wp-content\/uploads\/sites\/74\/nggallery\/milana-vlaovic-glad\/DSC02851.JPG\"\n               data-thumbnail=\"http:\/\/knjiznice.nsk.hr\/ploce\/wp-content\/uploads\/sites\/74\/nggallery\/milana-vlaovic-glad\/thumbs\/thumbs_DSC02851.JPG\"\n               data-image-id=\"450\"\n               data-title=\"DSC02851\"\n               data-description=\"\"\n               data-image-slug=\"dsc02851\"\n               class=\"ngg-fancybox\" rel=\"8dbd8a7e6a9e4c2a73ca2078df4ca557\">\n                <img\n                    title=\"DSC02851\"\n                    alt=\"DSC02851\"\n                    src=\"http:\/\/knjiznice.nsk.hr\/ploce\/wp-content\/uploads\/sites\/74\/nggallery\/milana-vlaovic-glad\/thumbs\/thumbs_DSC02851.JPG\"\n                    width=\"120\"\n                    height=\"90\"\n                    style=\"max-width:100%;\"\n                \/>\n            <\/a>\n        <\/div>\n\t\t\t\t\t\t\t<\/div> \n\t\t\t\n        \n\t\t\t\t<div id=\"ngg-image-4\" class=\"ngg-gallery-thumbnail-box\" >\n\t\t\t\t        <div class=\"ngg-gallery-thumbnail\">\n            <a href=\"http:\/\/knjiznice.nsk.hr\/ploce\/wp-content\/uploads\/sites\/74\/nggallery\/valentinovo-i-mi\/IMG_20170214_184334_BURST002.jpg\"\n               title=\"\"\n               data-src=\"http:\/\/knjiznice.nsk.hr\/ploce\/wp-content\/uploads\/sites\/74\/nggallery\/valentinovo-i-mi\/IMG_20170214_184334_BURST002.jpg\"\n               data-thumbnail=\"http:\/\/knjiznice.nsk.hr\/ploce\/wp-content\/uploads\/sites\/74\/nggallery\/valentinovo-i-mi\/thumbs\/thumbs_IMG_20170214_184334_BURST002.jpg\"\n               data-image-id=\"525\"\n               data-title=\"IMG_20170214_184334_BURST002\"\n               data-description=\"\"\n               data-image-slug=\"img_20170214_184334_burst002\"\n               class=\"ngg-fancybox\" rel=\"8dbd8a7e6a9e4c2a73ca2078df4ca557\">\n                <img\n                    title=\"IMG_20170214_184334_BURST002\"\n                    alt=\"IMG_20170214_184334_BURST002\"\n                    src=\"http:\/\/knjiznice.nsk.hr\/ploce\/wp-content\/uploads\/sites\/74\/nggallery\/valentinovo-i-mi\/thumbs\/thumbs_IMG_20170214_184334_BURST002.jpg\"\n                    width=\"120\"\n                    height=\"90\"\n                    style=\"max-width:100%;\"\n                \/>\n            <\/a>\n        <\/div>\n\t\t\t\t\t\t\t<\/div> \n\t\t\t\n        \n\t\t\t\t<div id=\"ngg-image-5\" class=\"ngg-gallery-thumbnail-box\" >\n\t\t\t\t        <div class=\"ngg-gallery-thumbnail\">\n            <a href=\"http:\/\/knjiznice.nsk.hr\/ploce\/wp-content\/uploads\/sites\/74\/nggallery\/uskrsna-decoupage-radionica\/07_decoupage-Uskrs.jpg\"\n               title=\"\"\n               data-src=\"http:\/\/knjiznice.nsk.hr\/ploce\/wp-content\/uploads\/sites\/74\/nggallery\/uskrsna-decoupage-radionica\/07_decoupage-Uskrs.jpg\"\n               data-thumbnail=\"http:\/\/knjiznice.nsk.hr\/ploce\/wp-content\/uploads\/sites\/74\/nggallery\/uskrsna-decoupage-radionica\/thumbs\/thumbs_07_decoupage-Uskrs.jpg\"\n               data-image-id=\"940\"\n               data-title=\"07_decoupage-Uskrs\"\n               data-description=\"\"\n               data-image-slug=\"07_decoupage-uskrs\"\n               class=\"ngg-fancybox\" rel=\"8dbd8a7e6a9e4c2a73ca2078df4ca557\">\n                <img\n                    title=\"07_decoupage-Uskrs\"\n                    alt=\"07_decoupage-Uskrs\"\n                    src=\"http:\/\/knjiznice.nsk.hr\/ploce\/wp-content\/uploads\/sites\/74\/nggallery\/uskrsna-decoupage-radionica\/thumbs\/thumbs_07_decoupage-Uskrs.jpg\"\n                    width=\"120\"\n                    height=\"90\"\n                    style=\"max-width:100%;\"\n                \/>\n            <\/a>\n        <\/div>\n\t\t\t\t\t\t\t<\/div> \n\t\t\t\n        \n\t\t\t\t<div id=\"ngg-image-6\" class=\"ngg-gallery-thumbnail-box\" >\n\t\t\t\t        <div class=\"ngg-gallery-thumbnail\">\n            <a href=\"http:\/\/knjiznice.nsk.hr\/ploce\/wp-content\/uploads\/sites\/74\/nggallery\/uskrsna-decoupage-radionica\/10_decoupage-Uskrs.jpg\"\n               title=\"\"\n               data-src=\"http:\/\/knjiznice.nsk.hr\/ploce\/wp-content\/uploads\/sites\/74\/nggallery\/uskrsna-decoupage-radionica\/10_decoupage-Uskrs.jpg\"\n               data-thumbnail=\"http:\/\/knjiznice.nsk.hr\/ploce\/wp-content\/uploads\/sites\/74\/nggallery\/uskrsna-decoupage-radionica\/thumbs\/thumbs_10_decoupage-Uskrs.jpg\"\n               data-image-id=\"943\"\n               data-title=\"10_decoupage-Uskrs\"\n               data-description=\"\"\n               data-image-slug=\"10_decoupage-uskrs\"\n               class=\"ngg-fancybox\" rel=\"8dbd8a7e6a9e4c2a73ca2078df4ca557\">\n                <img\n                    title=\"10_decoupage-Uskrs\"\n                    alt=\"10_decoupage-Uskrs\"\n                    src=\"http:\/\/knjiznice.nsk.hr\/ploce\/wp-content\/uploads\/sites\/74\/nggallery\/uskrsna-decoupage-radionica\/thumbs\/thumbs_10_decoupage-Uskrs.jpg\"\n                    width=\"120\"\n                    height=\"90\"\n                    style=\"max-width:100%;\"\n                \/>\n            <\/a>\n        <\/div>\n\t\t\t\t\t\t\t<\/div> \n\t\t\t\n        \n\t\t\t\t<div id=\"ngg-image-7\" class=\"ngg-gallery-thumbnail-box\" >\n\t\t\t\t        <div class=\"ngg-gallery-thumbnail\">\n            <a href=\"http:\/\/knjiznice.nsk.hr\/ploce\/wp-content\/uploads\/sites\/74\/nggallery\/aljosa-dugum-tajna-ladica\/22_DSC_3337.JPG\"\n               title=\"\"\n               data-src=\"http:\/\/knjiznice.nsk.hr\/ploce\/wp-content\/uploads\/sites\/74\/nggallery\/aljosa-dugum-tajna-ladica\/22_DSC_3337.JPG\"\n               data-thumbnail=\"http:\/\/knjiznice.nsk.hr\/ploce\/wp-content\/uploads\/sites\/74\/nggallery\/aljosa-dugum-tajna-ladica\/thumbs\/thumbs_22_DSC_3337.JPG\"\n               data-image-id=\"800\"\n               data-title=\"22_DSC_3337\"\n               data-description=\"\"\n               data-image-slug=\"22_dsc_3337\"\n               class=\"ngg-fancybox\" rel=\"8dbd8a7e6a9e4c2a73ca2078df4ca557\">\n                <img\n                    title=\"22_DSC_3337\"\n                    alt=\"22_DSC_3337\"\n                    src=\"http:\/\/knjiznice.nsk.hr\/ploce\/wp-content\/uploads\/sites\/74\/nggallery\/aljosa-dugum-tajna-ladica\/thumbs\/thumbs_22_DSC_3337.JPG\"\n                    width=\"120\"\n                    height=\"90\"\n                    style=\"max-width:100%;\"\n                \/>\n            <\/a>\n        <\/div>\n\t\t\t\t\t\t\t<\/div> \n\t\t\t\n        \n\t\t\t\t<div id=\"ngg-image-8\" class=\"ngg-gallery-thumbnail-box\" >\n\t\t\t\t        <div class=\"ngg-gallery-thumbnail\">\n            <a href=\"http:\/\/knjiznice.nsk.hr\/ploce\/wp-content\/uploads\/sites\/74\/nggallery\/izlozba-slika-hrvoja-tomljanovica\/DSC01628.JPG\"\n               title=\"\"\n               data-src=\"http:\/\/knjiznice.nsk.hr\/ploce\/wp-content\/uploads\/sites\/74\/nggallery\/izlozba-slika-hrvoja-tomljanovica\/DSC01628.JPG\"\n               data-thumbnail=\"http:\/\/knjiznice.nsk.hr\/ploce\/wp-content\/uploads\/sites\/74\/nggallery\/izlozba-slika-hrvoja-tomljanovica\/thumbs\/thumbs_DSC01628.JPG\"\n               data-image-id=\"808\"\n               data-title=\"DSC01628\"\n               data-description=\"\"\n               data-image-slug=\"dsc01628\"\n               class=\"ngg-fancybox\" rel=\"8dbd8a7e6a9e4c2a73ca2078df4ca557\">\n                <img\n                    title=\"DSC01628\"\n                    alt=\"DSC01628\"\n                    src=\"http:\/\/knjiznice.nsk.hr\/ploce\/wp-content\/uploads\/sites\/74\/nggallery\/izlozba-slika-hrvoja-tomljanovica\/thumbs\/thumbs_DSC01628.JPG\"\n                    width=\"120\"\n                    height=\"90\"\n                    style=\"max-width:100%;\"\n                \/>\n            <\/a>\n        <\/div>\n\t\t\t\t\t\t\t<\/div> \n\t\t\t\n        \n\t\t\t\t<div id=\"ngg-image-9\" class=\"ngg-gallery-thumbnail-box\" >\n\t\t\t\t        <div class=\"ngg-gallery-thumbnail\">\n            <a href=\"http:\/\/knjiznice.nsk.hr\/ploce\/wp-content\/uploads\/sites\/74\/nggallery\/hvala-ti-za-ljubav\/DSC04760.JPG\"\n               title=\"\"\n               data-src=\"http:\/\/knjiznice.nsk.hr\/ploce\/wp-content\/uploads\/sites\/74\/nggallery\/hvala-ti-za-ljubav\/DSC04760.JPG\"\n               data-thumbnail=\"http:\/\/knjiznice.nsk.hr\/ploce\/wp-content\/uploads\/sites\/74\/nggallery\/hvala-ti-za-ljubav\/thumbs\/thumbs_DSC04760.JPG\"\n               data-image-id=\"881\"\n               data-title=\"DSC04760\"\n               data-description=\"\"\n               data-image-slug=\"dsc04760\"\n               class=\"ngg-fancybox\" rel=\"8dbd8a7e6a9e4c2a73ca2078df4ca557\">\n                <img\n                    title=\"DSC04760\"\n                    alt=\"DSC04760\"\n                    src=\"http:\/\/knjiznice.nsk.hr\/ploce\/wp-content\/uploads\/sites\/74\/nggallery\/hvala-ti-za-ljubav\/thumbs\/thumbs_DSC04760.JPG\"\n                    width=\"120\"\n                    height=\"90\"\n                    style=\"max-width:100%;\"\n                \/>\n            <\/a>\n        <\/div>\n\t\t\t\t\t\t\t<\/div> \n\t\t\t\n        \n\t\t\t\t<div id=\"ngg-image-10\" class=\"ngg-gallery-thumbnail-box\" >\n\t\t\t\t        <div class=\"ngg-gallery-thumbnail\">\n            <a href=\"http:\/\/knjiznice.nsk.hr\/ploce\/wp-content\/uploads\/sites\/74\/nggallery\/krist-medu-nama\/DSC05030.JPG\"\n               title=\"\"\n               data-src=\"http:\/\/knjiznice.nsk.hr\/ploce\/wp-content\/uploads\/sites\/74\/nggallery\/krist-medu-nama\/DSC05030.JPG\"\n               data-thumbnail=\"http:\/\/knjiznice.nsk.hr\/ploce\/wp-content\/uploads\/sites\/74\/nggallery\/krist-medu-nama\/thumbs\/thumbs_DSC05030.JPG\"\n               data-image-id=\"967\"\n               data-title=\"DSC05030\"\n               data-description=\"\"\n               data-image-slug=\"dsc05030\"\n               class=\"ngg-fancybox\" rel=\"8dbd8a7e6a9e4c2a73ca2078df4ca557\">\n                <img\n                    title=\"DSC05030\"\n                    alt=\"DSC05030\"\n                    src=\"http:\/\/knjiznice.nsk.hr\/ploce\/wp-content\/uploads\/sites\/74\/nggallery\/krist-medu-nama\/thumbs\/thumbs_DSC05030.JPG\"\n                    width=\"120\"\n                    height=\"90\"\n                    style=\"max-width:100%;\"\n                \/>\n            <\/a>\n        <\/div>\n\t\t\t\t\t\t\t<\/div> \n\t\t\t\n        \n\t\t\t\t<div id=\"ngg-image-11\" class=\"ngg-gallery-thumbnail-box\" >\n\t\t\t\t        <div class=\"ngg-gallery-thumbnail\">\n            <a href=\"http:\/\/knjiznice.nsk.hr\/ploce\/wp-content\/uploads\/sites\/74\/nggallery\/s-arsenom-u-stihovima-i-glazbi\/14803033_1784434455159904_2099184784_o.jpg\"\n               title=\"\"\n               data-src=\"http:\/\/knjiznice.nsk.hr\/ploce\/wp-content\/uploads\/sites\/74\/nggallery\/s-arsenom-u-stihovima-i-glazbi\/14803033_1784434455159904_2099184784_o.jpg\"\n               data-thumbnail=\"http:\/\/knjiznice.nsk.hr\/ploce\/wp-content\/uploads\/sites\/74\/nggallery\/s-arsenom-u-stihovima-i-glazbi\/thumbs\/thumbs_14803033_1784434455159904_2099184784_o.jpg\"\n               data-image-id=\"378\"\n               data-title=\"14803033_1784434455159904_2099184784_o\"\n               data-description=\"\"\n               data-image-slug=\"14803033_1784434455159904_2099184784_o\"\n               class=\"ngg-fancybox\" rel=\"8dbd8a7e6a9e4c2a73ca2078df4ca557\">\n                <img\n                    title=\"14803033_1784434455159904_2099184784_o\"\n                    alt=\"14803033_1784434455159904_2099184784_o\"\n                    src=\"http:\/\/knjiznice.nsk.hr\/ploce\/wp-content\/uploads\/sites\/74\/nggallery\/s-arsenom-u-stihovima-i-glazbi\/thumbs\/thumbs_14803033_1784434455159904_2099184784_o.jpg\"\n                    width=\"120\"\n                    height=\"90\"\n                    style=\"max-width:100%;\"\n                \/>\n            <\/a>\n        <\/div>\n\t\t\t\t\t\t\t<\/div> \n\t\t\t\n        \n\t\t\n\t\t<!-- Pagination -->\n\t<div class='ngg-clear'><\/div>\t<\/div>\n\n<p><strong><a href=\"http:\/\/knjiznice.nsk.hr\/ploce\/galerija\/dogadanja-2021\/\">Doga\u0111anja 2021.<\/a><\/strong><\/p>\n<p><strong><a href=\"http:\/\/knjiznice.nsk.hr\/ploce\/galerija\/dogadanja-2020\/\">Doga\u0111anja 2020.<\/a><\/strong><\/p>\n<p><a href=\"http:\/\/knjiznice.nsk.hr\/ploce\/galerija\/dogadanja-2019\/\"><strong>Doga\u0111anja 2019.<\/strong><\/a><\/p>\n<p>Doga\u0111anja 2018.<\/p>\n<p><a href=\"http:\/\/knjiznice.nsk.hr\/ploce\/dogadanja-2017\/\"><strong>Doga\u0111anja 2017.<\/strong><\/a><\/p>\n<p><strong><a href=\"http:\/\/knjiznice.nsk.hr\/ploce\/dogadanja-2016\/\">Doga\u0111anja 2016.<\/a><\/strong><\/p>\n<p><strong><a href=\"http:\/\/knjiznice.nsk.hr\/ploce\/dogadanja-2015\/\">Doga\u0111anja 2015.<\/a><\/strong><\/p>\n<p><strong><a href=\"http:\/\/knjiznice.nsk.hr\/ploce\/dogadanja-jesen-2014-proljece-2015\/\">Doga\u0111anja: jesen 2014. &#8211; prolje\u0107e 2015.<\/a><\/strong><\/p>\n","protected":false},"excerpt":{"rendered":"<p>&#8221; order_by=&#8221;sortorder&#8221; order_direction=&#8221;ASC&#8221; returns=&#8221;included&#8221; maximum_entity_count=&#8221;12&#8243; variation=&#8221;5&#8243;]&nbsp; Doga\u0111anja 2021. Doga\u0111anja 2020. Doga\u0111anja 2019. Doga\u0111anja 2018. Doga\u0111anja 2017. Doga\u0111anja 2016. Doga\u0111anja 2015. Doga\u0111anja: jesen 2014. &#8211; prolje\u0107e 2015.<\/p>\n","protected":false},"author":89,"featured_media":0,"parent":0,"menu_order":5,"comment_status":"closed","ping_status":"closed","template":"","meta":{"ngg_post_thumbnail":0},"yoast_head":"<!-- This site is optimized with the Yoast SEO plugin v16.4 - https:\/\/yoast.com\/wordpress\/plugins\/seo\/ -->\n<meta name=\"robots\" content=\"index, follow, max-snippet:-1, max-image-preview:large, max-video-preview:-1\" \/>\n<link rel=\"canonical\" href=\"http:\/\/knjiznice.nsk.hr\/ploce\/galerija\/\" \/>\n<meta property=\"og:locale\" content=\"hr_HR\" \/>\n<meta property=\"og:type\" content=\"article\" \/>\n<meta property=\"og:title\" content=\"Galerija - Narodna knji\u017enica Plo\u010de\" \/>\n<meta property=\"og:description\" content=\"&#8221; order_by=&#8221;sortorder&#8221; order_direction=&#8221;ASC&#8221; returns=&#8221;included&#8221; maximum_entity_count=&#8221;12&#8243; variation=&#8221;5&#8243;]&nbsp; Doga\u0111anja 2021. Doga\u0111anja 2020. Doga\u0111anja 2019. Doga\u0111anja 2018. Doga\u0111anja 2017. Doga\u0111anja 2016. Doga\u0111anja 2015. Doga\u0111anja: jesen 2014. &#8211; prolje\u0107e 2015.\" \/>\n<meta property=\"og:url\" content=\"http:\/\/knjiznice.nsk.hr\/ploce\/galerija\/\" \/>\n<meta property=\"og:site_name\" content=\"Narodna knji\u017enica Plo\u010de\" \/>\n<meta property=\"article:publisher\" content=\"https:\/\/www.facebook.com\/narodnaknjiznica.ploce\/\" \/>\n<meta property=\"article:modified_time\" content=\"2021-08-26T11:09:35+00:00\" \/>\n<meta name=\"twitter:label1\" content=\"Procijenjeno vrijeme \u010ditanja\" \/>\n\t<meta name=\"twitter:data1\" content=\"1 minuta\" \/>\n<script type=\"application\/ld+json\" class=\"yoast-schema-graph\">{\"@context\":\"https:\/\/schema.org\",\"@graph\":[{\"@type\":\"Organization\",\"@id\":\"http:\/\/knjiznice.nsk.hr\/ploce\/#organization\",\"name\":\"Narodna knji\\u017enica Plo\\u010de\",\"url\":\"http:\/\/knjiznice.nsk.hr\/ploce\/\",\"sameAs\":[\"https:\/\/www.facebook.com\/narodnaknjiznica.ploce\/\"],\"logo\":{\"@type\":\"ImageObject\",\"@id\":\"http:\/\/knjiznice.nsk.hr\/ploce\/#logo\",\"inLanguage\":\"hr\",\"url\":\"http:\/\/knjiznice.nsk.hr\/ploce\/wp-content\/uploads\/sites\/74\/2015\/09\/logo_1.png\",\"contentUrl\":\"http:\/\/knjiznice.nsk.hr\/ploce\/wp-content\/uploads\/sites\/74\/2015\/09\/logo_1.png\",\"width\":861,\"height\":503,\"caption\":\"Narodna knji\\u017enica Plo\\u010de\"},\"image\":{\"@id\":\"http:\/\/knjiznice.nsk.hr\/ploce\/#logo\"}},{\"@type\":\"WebSite\",\"@id\":\"http:\/\/knjiznice.nsk.hr\/ploce\/#website\",\"url\":\"http:\/\/knjiznice.nsk.hr\/ploce\/\",\"name\":\"Narodna knji\\u017enica Plo\\u010de\",\"description\":\"\",\"publisher\":{\"@id\":\"http:\/\/knjiznice.nsk.hr\/ploce\/#organization\"},\"potentialAction\":[{\"@type\":\"SearchAction\",\"target\":\"http:\/\/knjiznice.nsk.hr\/ploce\/?s={search_term_string}\",\"query-input\":\"required name=search_term_string\"}],\"inLanguage\":\"hr\"},{\"@type\":\"WebPage\",\"@id\":\"http:\/\/knjiznice.nsk.hr\/ploce\/galerija\/#webpage\",\"url\":\"http:\/\/knjiznice.nsk.hr\/ploce\/galerija\/\",\"name\":\"Galerija - Narodna knji\\u017enica Plo\\u010de\",\"isPartOf\":{\"@id\":\"http:\/\/knjiznice.nsk.hr\/ploce\/#website\"},\"datePublished\":\"2015-05-14T10:03:03+00:00\",\"dateModified\":\"2021-08-26T11:09:35+00:00\",\"breadcrumb\":{\"@id\":\"http:\/\/knjiznice.nsk.hr\/ploce\/galerija\/#breadcrumb\"},\"inLanguage\":\"hr\",\"potentialAction\":[{\"@type\":\"ReadAction\",\"target\":[\"http:\/\/knjiznice.nsk.hr\/ploce\/galerija\/\"]}]},{\"@type\":\"BreadcrumbList\",\"@id\":\"http:\/\/knjiznice.nsk.hr\/ploce\/galerija\/#breadcrumb\",\"itemListElement\":[{\"@type\":\"ListItem\",\"position\":1,\"item\":{\"@type\":\"WebPage\",\"@id\":\"http:\/\/knjiznice.nsk.hr\/ploce\/\",\"url\":\"http:\/\/knjiznice.nsk.hr\/ploce\/\",\"name\":\"Po\\u010detna stranica\"}},{\"@type\":\"ListItem\",\"position\":2,\"item\":{\"@id\":\"http:\/\/knjiznice.nsk.hr\/ploce\/galerija\/#webpage\"}}]}]}<\/script>\n<!-- \/ Yoast SEO plugin. -->","_links":{"self":[{"href":"http:\/\/knjiznice.nsk.hr\/ploce\/wp-json\/wp\/v2\/pages\/53"}],"collection":[{"href":"http:\/\/knjiznice.nsk.hr\/ploce\/wp-json\/wp\/v2\/pages"}],"about":[{"href":"http:\/\/knjiznice.nsk.hr\/ploce\/wp-json\/wp\/v2\/types\/page"}],"author":[{"embeddable":true,"href":"http:\/\/knjiznice.nsk.hr\/ploce\/wp-json\/wp\/v2\/users\/89"}],"replies":[{"embeddable":true,"href":"http:\/\/knjiznice.nsk.hr\/ploce\/wp-json\/wp\/v2\/comments?post=53"}],"version-history":[{"count":26,"href":"http:\/\/knjiznice.nsk.hr\/ploce\/wp-json\/wp\/v2\/pages\/53\/revisions"}],"predecessor-version":[{"id":6239,"href":"http:\/\/knjiznice.nsk.hr\/ploce\/wp-json\/wp\/v2\/pages\/53\/revisions\/6239"}],"wp:attachment":[{"href":"http:\/\/knjiznice.nsk.hr\/ploce\/wp-json\/wp\/v2\/media?parent=53"}],"curies":[{"name":"wp","href":"https:\/\/api.w.org\/{rel}","templated":true}]}}