{"id":2996,"date":"2019-01-29T15:30:58","date_gmt":"2019-01-29T14:30:58","guid":{"rendered":"http:\/\/knjiznice.nsk.hr\/ploce\/?page_id=2996"},"modified":"2026-01-08T19:02:54","modified_gmt":"2026-01-08T18:02:54","slug":"izvjesca-o-provedbi-zakona-o-pravu-na-pristup-informacijama","status":"publish","type":"page","link":"http:\/\/knjiznice.nsk.hr\/ploce\/knjiznica\/dokumenti\/izvjesca-o-provedbi-zakona-o-pravu-na-pristup-informacijama\/","title":{"rendered":"Izvje\u0161\u0107a o provedbi Zakona o pravu na pristup informacijama"},"content":{"rendered":"<ul>\n<li><a href=\"https:\/\/drive.google.com\/file\/d\/1zxStqF29P2DPkncvk5ZWSSna3ZEzAksy\/view?usp=sharing\" target=\"_blank\" rel=\"noopener\">Godi\u0161nje izvje\u0161\u0107e za 2025. godinu<\/a><\/li>\n<li><a href=\"https:\/\/drive.google.com\/file\/d\/1H1CumQBPuCjUqma2GlLlAveLaRKHxygq\/view?usp=sharing\" target=\"_blank\" rel=\"noopener\">Godi\u0161nje izvje\u0161\u0107e za 2024. godinu<\/a><\/li>\n<li><a href=\"https:\/\/drive.google.com\/file\/d\/1zQK77ekcfy1PrQcFQEOE-7gJqerLAfjN\/view?usp=sharing\" target=\"_blank\" rel=\"noopener\">Godi\u0161nje izvje\u0161\u0107e za 2023. godinu<\/a><\/li>\n<li><a href=\"https:\/\/drive.google.com\/file\/d\/1MVLdIj6OTMK3Av795HWLLZbtErNfkHoi\/view?usp=share_link\" target=\"_blank\" rel=\"noopener\">Godi\u0161nje izvje\u0161\u0107e za 2022. godinu<\/a><\/li>\n<li><a href=\"https:\/\/drive.google.com\/file\/d\/1zxStqF29P2DPkncvk5ZWSSna3ZEzAksy\/view?usp=sharing\" target=\"_blank\" rel=\"noopener\">Godi\u0161nje izvje\u0161\u0107e za 2021. godinu<\/a><\/li>\n<li><a href=\"https:\/\/drive.google.com\/file\/d\/1HFnqXIeycDE6zbfi5cVDwuvJHkLI3K9-\/view?usp=sharing\" target=\"_blank\" rel=\"noopener noreferrer\">Godi\u0161nje izvje\u0161\u0107e za 2020. godinu<\/a><\/li>\n<li><a href=\"https:\/\/drive.google.com\/file\/d\/1xV52R5RqtQFhpR14x6EZ9xZfSuAO2no7\/view?usp=sharing\" target=\"_blank\" rel=\"noopener noreferrer\">Godi\u0161nje izvje\u0161\u0107e za 2019. godinu<\/a><\/li>\n<li><a href=\"https:\/\/drive.google.com\/open?id=1hqpnF-wPNXLOkl3dx9rc8d1jB1XwdS8J\" target=\"_blank\" rel=\"noopener noreferrer\">Godi\u0161nje izvje\u0161\u0107e za 2018. godinu<\/a><\/li>\n<li><a href=\"https:\/\/drive.google.com\/file\/d\/1qiWVLp33CFCpw1vbQkkCLLkL9ay_T8R-\/view?usp=sharing\" target=\"_blank\" rel=\"noopener noreferrer\">Godi\u0161nje izvje\u0161\u0107e za 2017. godinu<\/a><\/li>\n<li><a href=\"https:\/\/drive.google.com\/open?id=1wmz6eylvDnaea0WuAkLwEXZ26u37LVLB\" target=\"_blank\" rel=\"noopener noreferrer\">Godi\u0161nje izvje\u0161\u0107e za 2016. godinu<\/a><\/li>\n<\/ul>\n","protected":false},"excerpt":{"rendered":"<p>Godi\u0161nje izvje\u0161\u0107e za 2025. godinu Godi\u0161nje izvje\u0161\u0107e za 2024. godinu Godi\u0161nje izvje\u0161\u0107e za 2023. godinu Godi\u0161nje izvje\u0161\u0107e za 2022. godinu Godi\u0161nje izvje\u0161\u0107e za 2021. godinu Godi\u0161nje izvje\u0161\u0107e za 2020. godinu Godi\u0161nje izvje\u0161\u0107e za 2019. godinu Godi\u0161nje izvje\u0161\u0107e za 2018. godinu Godi\u0161nje izvje\u0161\u0107e za 2017. godinu Godi\u0161nje izvje\u0161\u0107e za 2016. godinu<\/p>\n","protected":false},"author":89,"featured_media":0,"parent":3000,"menu_order":2,"comment_status":"closed","ping_status":"closed","template":"","meta":{"ngg_post_thumbnail":0},"yoast_head":"<!-- This site is optimized with the Yoast SEO plugin v16.4 - https:\/\/yoast.com\/wordpress\/plugins\/seo\/ -->\n<meta name=\"robots\" content=\"index, follow, max-snippet:-1, max-image-preview:large, max-video-preview:-1\" \/>\n<link rel=\"canonical\" href=\"http:\/\/knjiznice.nsk.hr\/ploce\/knjiznica\/dokumenti\/izvjesca-o-provedbi-zakona-o-pravu-na-pristup-informacijama\/\" \/>\n<meta property=\"og:locale\" content=\"hr_HR\" \/>\n<meta property=\"og:type\" content=\"article\" \/>\n<meta property=\"og:title\" content=\"Izvje\u0161\u0107a o provedbi Zakona o pravu na pristup informacijama - Narodna knji\u017enica Plo\u010de\" \/>\n<meta property=\"og:description\" content=\"Godi\u0161nje izvje\u0161\u0107e za 2025. godinu Godi\u0161nje izvje\u0161\u0107e za 2024. godinu Godi\u0161nje izvje\u0161\u0107e za 2023. godinu Godi\u0161nje izvje\u0161\u0107e za 2022. godinu Godi\u0161nje izvje\u0161\u0107e za 2021. godinu Godi\u0161nje izvje\u0161\u0107e za 2020. godinu Godi\u0161nje izvje\u0161\u0107e za 2019. godinu Godi\u0161nje izvje\u0161\u0107e za 2018. godinu Godi\u0161nje izvje\u0161\u0107e za 2017. godinu Godi\u0161nje izvje\u0161\u0107e za 2016. godinu\" \/>\n<meta property=\"og:url\" content=\"http:\/\/knjiznice.nsk.hr\/ploce\/knjiznica\/dokumenti\/izvjesca-o-provedbi-zakona-o-pravu-na-pristup-informacijama\/\" \/>\n<meta property=\"og:site_name\" content=\"Narodna knji\u017enica Plo\u010de\" \/>\n<meta property=\"article:publisher\" content=\"https:\/\/www.facebook.com\/narodnaknjiznica.ploce\/\" \/>\n<meta property=\"article:modified_time\" content=\"2026-01-08T18:02:54+00:00\" \/>\n<meta name=\"twitter:label1\" content=\"Procijenjeno vrijeme \u010ditanja\" \/>\n\t<meta name=\"twitter:data1\" content=\"1 minuta\" \/>\n<script type=\"application\/ld+json\" class=\"yoast-schema-graph\">{\"@context\":\"https:\/\/schema.org\",\"@graph\":[{\"@type\":\"Organization\",\"@id\":\"http:\/\/knjiznice.nsk.hr\/ploce\/#organization\",\"name\":\"Narodna knji\\u017enica Plo\\u010de\",\"url\":\"http:\/\/knjiznice.nsk.hr\/ploce\/\",\"sameAs\":[\"https:\/\/www.facebook.com\/narodnaknjiznica.ploce\/\"],\"logo\":{\"@type\":\"ImageObject\",\"@id\":\"http:\/\/knjiznice.nsk.hr\/ploce\/#logo\",\"inLanguage\":\"hr\",\"url\":\"http:\/\/knjiznice.nsk.hr\/ploce\/wp-content\/uploads\/sites\/74\/2015\/09\/logo_1.png\",\"contentUrl\":\"http:\/\/knjiznice.nsk.hr\/ploce\/wp-content\/uploads\/sites\/74\/2015\/09\/logo_1.png\",\"width\":861,\"height\":503,\"caption\":\"Narodna knji\\u017enica Plo\\u010de\"},\"image\":{\"@id\":\"http:\/\/knjiznice.nsk.hr\/ploce\/#logo\"}},{\"@type\":\"WebSite\",\"@id\":\"http:\/\/knjiznice.nsk.hr\/ploce\/#website\",\"url\":\"http:\/\/knjiznice.nsk.hr\/ploce\/\",\"name\":\"Narodna knji\\u017enica Plo\\u010de\",\"description\":\"\",\"publisher\":{\"@id\":\"http:\/\/knjiznice.nsk.hr\/ploce\/#organization\"},\"potentialAction\":[{\"@type\":\"SearchAction\",\"target\":\"http:\/\/knjiznice.nsk.hr\/ploce\/?s={search_term_string}\",\"query-input\":\"required name=search_term_string\"}],\"inLanguage\":\"hr\"},{\"@type\":\"WebPage\",\"@id\":\"http:\/\/knjiznice.nsk.hr\/ploce\/knjiznica\/dokumenti\/izvjesca-o-provedbi-zakona-o-pravu-na-pristup-informacijama\/#webpage\",\"url\":\"http:\/\/knjiznice.nsk.hr\/ploce\/knjiznica\/dokumenti\/izvjesca-o-provedbi-zakona-o-pravu-na-pristup-informacijama\/\",\"name\":\"Izvje\\u0161\\u0107a o provedbi Zakona o pravu na pristup informacijama - Narodna knji\\u017enica Plo\\u010de\",\"isPartOf\":{\"@id\":\"http:\/\/knjiznice.nsk.hr\/ploce\/#website\"},\"datePublished\":\"2019-01-29T14:30:58+00:00\",\"dateModified\":\"2026-01-08T18:02:54+00:00\",\"breadcrumb\":{\"@id\":\"http:\/\/knjiznice.nsk.hr\/ploce\/knjiznica\/dokumenti\/izvjesca-o-provedbi-zakona-o-pravu-na-pristup-informacijama\/#breadcrumb\"},\"inLanguage\":\"hr\",\"potentialAction\":[{\"@type\":\"ReadAction\",\"target\":[\"http:\/\/knjiznice.nsk.hr\/ploce\/knjiznica\/dokumenti\/izvjesca-o-provedbi-zakona-o-pravu-na-pristup-informacijama\/\"]}]},{\"@type\":\"BreadcrumbList\",\"@id\":\"http:\/\/knjiznice.nsk.hr\/ploce\/knjiznica\/dokumenti\/izvjesca-o-provedbi-zakona-o-pravu-na-pristup-informacijama\/#breadcrumb\",\"itemListElement\":[{\"@type\":\"ListItem\",\"position\":1,\"item\":{\"@type\":\"WebPage\",\"@id\":\"http:\/\/knjiznice.nsk.hr\/ploce\/\",\"url\":\"http:\/\/knjiznice.nsk.hr\/ploce\/\",\"name\":\"Po\\u010detna stranica\"}},{\"@type\":\"ListItem\",\"position\":2,\"item\":{\"@type\":\"WebPage\",\"@id\":\"http:\/\/knjiznice.nsk.hr\/ploce\/knjiznica\/\",\"url\":\"http:\/\/knjiznice.nsk.hr\/ploce\/knjiznica\/\",\"name\":\"Knji\\u017enica\"}},{\"@type\":\"ListItem\",\"position\":3,\"item\":{\"@type\":\"WebPage\",\"@id\":\"http:\/\/knjiznice.nsk.hr\/ploce\/knjiznica\/dokumenti\/\",\"url\":\"http:\/\/knjiznice.nsk.hr\/ploce\/knjiznica\/dokumenti\/\",\"name\":\"Dokumenti i izvje\\u0161\\u0107a\"}},{\"@type\":\"ListItem\",\"position\":4,\"item\":{\"@id\":\"http:\/\/knjiznice.nsk.hr\/ploce\/knjiznica\/dokumenti\/izvjesca-o-provedbi-zakona-o-pravu-na-pristup-informacijama\/#webpage\"}}]}]}<\/script>\n<!-- \/ Yoast SEO plugin. -->","_links":{"self":[{"href":"http:\/\/knjiznice.nsk.hr\/ploce\/wp-json\/wp\/v2\/pages\/2996"}],"collection":[{"href":"http:\/\/knjiznice.nsk.hr\/ploce\/wp-json\/wp\/v2\/pages"}],"about":[{"href":"http:\/\/knjiznice.nsk.hr\/ploce\/wp-json\/wp\/v2\/types\/page"}],"author":[{"embeddable":true,"href":"http:\/\/knjiznice.nsk.hr\/ploce\/wp-json\/wp\/v2\/users\/89"}],"replies":[{"embeddable":true,"href":"http:\/\/knjiznice.nsk.hr\/ploce\/wp-json\/wp\/v2\/comments?post=2996"}],"version-history":[{"count":16,"href":"http:\/\/knjiznice.nsk.hr\/ploce\/wp-json\/wp\/v2\/pages\/2996\/revisions"}],"predecessor-version":[{"id":9559,"href":"http:\/\/knjiznice.nsk.hr\/ploce\/wp-json\/wp\/v2\/pages\/2996\/revisions\/9559"}],"up":[{"embeddable":true,"href":"http:\/\/knjiznice.nsk.hr\/ploce\/wp-json\/wp\/v2\/pages\/3000"}],"wp:attachment":[{"href":"http:\/\/knjiznice.nsk.hr\/ploce\/wp-json\/wp\/v2\/media?parent=2996"}],"curies":[{"name":"wp","href":"https:\/\/api.w.org\/{rel}","templated":true}]}}