{"id":66,"date":"2015-04-16T08:41:59","date_gmt":"2015-04-16T08:41:59","guid":{"rendered":"http:\/\/knjiznice.nsk.hr\/pitomaca\/?page_id=66"},"modified":"2020-02-05T19:31:49","modified_gmt":"2020-02-05T19:31:49","slug":"pravila-posudbe","status":"publish","type":"page","link":"http:\/\/knjiznice.nsk.hr\/pitomaca\/pravila-posudbe\/","title":{"rendered":"Pravila posudbe"},"content":{"rendered":"<p>\u2022 odjednom posu\u0111ujemo najvi\u0161e tri knjige<br \/>\n\u2022 sve knjige posu\u0111ujemo na 14 dana<br \/>\n\u2022 posu\u0111ene knjige mogu se produ\u017eiti jo\u0161 dva puta<br \/>\n\u2022 za nevra\u0107ene knjige nakon 35 dana knji\u017enica \u0161alje prvu opomenu<br \/>\n\u2022 zakasnina za nevra\u0107enu knji\u017enu gra\u0111u iznosi 5 kuna tjedno<br \/>\n\u2022 \u010dlan koji \u017eeli izabrati knjigu ili drugu knji\u017enu gra\u0111u iz polica u slobodnom prostoru du\u017ean je prije toga predati \u010dlansku iskaznicu djelatniku knji\u017enice<br \/>\n\u2022 \u010dlan knji\u017enice koji o\u0161teti ili izgubi knjigu ili drugu knji\u017enu gra\u0111u du\u017ean je knji\u017enici nadoknaditi \u0161tetu<br \/>\n\u2022 u prostorijama knji\u017enice mora vladati red i mir, kako bi se djelatnosti knji\u017enice mogle nesmetano odvijati<br \/>\n\u2022 u prostorijama knji\u017enice zabranjeno je: glasno i bu\u010dno govoriti, smetati drugim \u010dlanovima u njihovu radu, ometati uobi\u010dajeni rad djelatnika knji\u017enice, pu\u0161iti, nepristojno se pona\u0161ati, o\u0161te\u0107ivati knji\u017enu gra\u0111u, inventar, prostorije, ure\u0111aje i drugo<br \/>\n\u2022 \u010dlanovi knji\u017enice mogu koristiti internet.<\/p>\n","protected":false},"excerpt":{"rendered":"<p>\u2022 odjednom posu\u0111ujemo najvi\u0161e tri knjige \u2022 sve knjige posu\u0111ujemo na 14 dana \u2022 posu\u0111ene knjige mogu se produ\u017eiti jo\u0161 dva puta \u2022 za nevra\u0107ene knjige nakon 35 dana knji\u017enica \u0161alje prvu opomenu \u2022 zakasnina za nevra\u0107enu knji\u017enu gra\u0111u iznosi 5 kuna tjedno \u2022 \u010dlan koji \u017eeli izabrati knjigu ili drugu knji\u017enu gra\u0111u iz polica [&hellip;]<\/p>\n","protected":false},"author":45,"featured_media":0,"parent":0,"menu_order":0,"comment_status":"closed","ping_status":"closed","template":"","meta":{"ngg_post_thumbnail":0},"yoast_head":"<!-- This site is optimized with the Yoast SEO plugin v16.4 - https:\/\/yoast.com\/wordpress\/plugins\/seo\/ -->\n<meta name=\"robots\" content=\"index, follow, max-snippet:-1, max-image-preview:large, max-video-preview:-1\" \/>\n<link rel=\"canonical\" href=\"http:\/\/knjiznice.nsk.hr\/pitomaca\/pravila-posudbe\/\" \/>\n<meta property=\"og:locale\" content=\"hr_HR\" \/>\n<meta property=\"og:type\" content=\"article\" \/>\n<meta property=\"og:title\" content=\"Pravila posudbe - Knji\u017enica i \u010ditaonica Pitoma\u010da\" \/>\n<meta property=\"og:description\" content=\"\u2022 odjednom posu\u0111ujemo najvi\u0161e tri knjige \u2022 sve knjige posu\u0111ujemo na 14 dana \u2022 posu\u0111ene knjige mogu se produ\u017eiti jo\u0161 dva puta \u2022 za nevra\u0107ene knjige nakon 35 dana knji\u017enica \u0161alje prvu opomenu \u2022 zakasnina za nevra\u0107enu knji\u017enu gra\u0111u iznosi 5 kuna tjedno \u2022 \u010dlan koji \u017eeli izabrati knjigu ili drugu knji\u017enu gra\u0111u iz polica [&hellip;]\" \/>\n<meta property=\"og:url\" content=\"http:\/\/knjiznice.nsk.hr\/pitomaca\/pravila-posudbe\/\" \/>\n<meta property=\"og:site_name\" content=\"Knji\u017enica i \u010ditaonica Pitoma\u010da\" \/>\n<meta property=\"article:modified_time\" content=\"2020-02-05T19:31:49+00:00\" \/>\n<meta name=\"twitter:label1\" content=\"Procijenjeno vrijeme \u010ditanja\" \/>\n\t<meta name=\"twitter:data1\" content=\"1 minuta\" \/>\n<script type=\"application\/ld+json\" class=\"yoast-schema-graph\">{\"@context\":\"https:\/\/schema.org\",\"@graph\":[{\"@type\":\"WebSite\",\"@id\":\"http:\/\/knjiznice.nsk.hr\/pitomaca\/#website\",\"url\":\"http:\/\/knjiznice.nsk.hr\/pitomaca\/\",\"name\":\"Knji\\u017enica i \\u010ditaonica Pitoma\\u010da\",\"description\":\"\",\"potentialAction\":[{\"@type\":\"SearchAction\",\"target\":\"http:\/\/knjiznice.nsk.hr\/pitomaca\/?s={search_term_string}\",\"query-input\":\"required name=search_term_string\"}],\"inLanguage\":\"hr\"},{\"@type\":\"WebPage\",\"@id\":\"http:\/\/knjiznice.nsk.hr\/pitomaca\/pravila-posudbe\/#webpage\",\"url\":\"http:\/\/knjiznice.nsk.hr\/pitomaca\/pravila-posudbe\/\",\"name\":\"Pravila posudbe - Knji\\u017enica i \\u010ditaonica Pitoma\\u010da\",\"isPartOf\":{\"@id\":\"http:\/\/knjiznice.nsk.hr\/pitomaca\/#website\"},\"datePublished\":\"2015-04-16T08:41:59+00:00\",\"dateModified\":\"2020-02-05T19:31:49+00:00\",\"breadcrumb\":{\"@id\":\"http:\/\/knjiznice.nsk.hr\/pitomaca\/pravila-posudbe\/#breadcrumb\"},\"inLanguage\":\"hr\",\"potentialAction\":[{\"@type\":\"ReadAction\",\"target\":[\"http:\/\/knjiznice.nsk.hr\/pitomaca\/pravila-posudbe\/\"]}]},{\"@type\":\"BreadcrumbList\",\"@id\":\"http:\/\/knjiznice.nsk.hr\/pitomaca\/pravila-posudbe\/#breadcrumb\",\"itemListElement\":[{\"@type\":\"ListItem\",\"position\":1,\"item\":{\"@type\":\"WebPage\",\"@id\":\"http:\/\/knjiznice.nsk.hr\/pitomaca\/\",\"url\":\"http:\/\/knjiznice.nsk.hr\/pitomaca\/\",\"name\":\"Po\\u010detna stranica\"}},{\"@type\":\"ListItem\",\"position\":2,\"item\":{\"@id\":\"http:\/\/knjiznice.nsk.hr\/pitomaca\/pravila-posudbe\/#webpage\"}}]}]}<\/script>\n<!-- \/ Yoast SEO plugin. -->","_links":{"self":[{"href":"http:\/\/knjiznice.nsk.hr\/pitomaca\/wp-json\/wp\/v2\/pages\/66"}],"collection":[{"href":"http:\/\/knjiznice.nsk.hr\/pitomaca\/wp-json\/wp\/v2\/pages"}],"about":[{"href":"http:\/\/knjiznice.nsk.hr\/pitomaca\/wp-json\/wp\/v2\/types\/page"}],"author":[{"embeddable":true,"href":"http:\/\/knjiznice.nsk.hr\/pitomaca\/wp-json\/wp\/v2\/users\/45"}],"replies":[{"embeddable":true,"href":"http:\/\/knjiznice.nsk.hr\/pitomaca\/wp-json\/wp\/v2\/comments?post=66"}],"version-history":[{"count":2,"href":"http:\/\/knjiznice.nsk.hr\/pitomaca\/wp-json\/wp\/v2\/pages\/66\/revisions"}],"predecessor-version":[{"id":182,"href":"http:\/\/knjiznice.nsk.hr\/pitomaca\/wp-json\/wp\/v2\/pages\/66\/revisions\/182"}],"wp:attachment":[{"href":"http:\/\/knjiznice.nsk.hr\/pitomaca\/wp-json\/wp\/v2\/media?parent=66"}],"curies":[{"name":"wp","href":"https:\/\/api.w.org\/{rel}","templated":true}]}}