{"id":62,"date":"2015-04-16T08:39:00","date_gmt":"2015-04-16T08:39:00","guid":{"rendered":"http:\/\/knjiznice.nsk.hr\/pitomaca\/?page_id=62"},"modified":"2021-02-25T11:08:43","modified_gmt":"2021-02-25T11:08:43","slug":"radno-vrijeme","status":"publish","type":"page","link":"http:\/\/knjiznice.nsk.hr\/pitomaca\/radno-vrijeme\/","title":{"rendered":"Radno vrijeme"},"content":{"rendered":"<p style=\"text-align: center\"><strong>RADNO VRIJEME KNJI\u017dNICE I \u010cITAONICE PITOMA\u010cA<\/strong><\/p>\n<p style=\"text-align: left\"><strong>RAD SA KORISNICIMA &#8211; RADNE SUBOTE&nbsp; &nbsp; &nbsp; &nbsp; &nbsp; &nbsp; &nbsp; &nbsp;RAD SA KORISNICIMA &#8211; NERADNE SUBOTE<\/strong><\/p>\n<p>Ponedjeljak&nbsp; &nbsp; &nbsp; &nbsp; &nbsp;od 09,00 do 15,00 h&nbsp; &nbsp; &nbsp; &nbsp; &nbsp; &nbsp; &nbsp; &nbsp; &nbsp; &nbsp; &nbsp; &nbsp; &nbsp; &nbsp; &nbsp; &nbsp;Ponedjeljak&nbsp; &nbsp; od 08,00 do 15,00 h<\/p>\n<p>Utorak&nbsp; &nbsp; &nbsp; &nbsp; &nbsp; &nbsp; &nbsp; &nbsp; &nbsp; od 09,00 do 15,00 h&nbsp; &nbsp; &nbsp; &nbsp; &nbsp; &nbsp; &nbsp; &nbsp; &nbsp; &nbsp; &nbsp; &nbsp; &nbsp; &nbsp; &nbsp; &nbsp;Utorak&nbsp; &nbsp; &nbsp; &nbsp; &nbsp; &nbsp; &nbsp;od 08,00 do 15,00 h<\/p>\n<p>Srijeda&nbsp; &nbsp; &nbsp; &nbsp; &nbsp; &nbsp; &nbsp; &nbsp; &nbsp; od 12,00 do 18,00 h&nbsp; &nbsp; &nbsp; &nbsp; &nbsp; &nbsp; &nbsp; &nbsp; &nbsp; &nbsp; &nbsp; &nbsp; &nbsp; &nbsp; &nbsp; &nbsp;Srijeda&nbsp; &nbsp; &nbsp; &nbsp; &nbsp; &nbsp; &nbsp;od 12,00 do 19,00 h<\/p>\n<p>\u010cetvrtak&nbsp; &nbsp; &nbsp; &nbsp; &nbsp; &nbsp; &nbsp; &nbsp;od 09,00 do 15,00 h&nbsp; &nbsp; &nbsp; &nbsp; &nbsp; &nbsp; &nbsp; &nbsp; &nbsp; &nbsp; &nbsp; &nbsp; &nbsp; &nbsp; &nbsp; &nbsp;\u010cetvrtak&nbsp; &nbsp; &nbsp; &nbsp; &nbsp; od 08,00 do 15,00 h<\/p>\n<p>Petak&nbsp; &nbsp; &nbsp; &nbsp; &nbsp; &nbsp; &nbsp; &nbsp; &nbsp; &nbsp; od 09,00 do 15,00 h&nbsp; &nbsp; &nbsp; &nbsp; &nbsp; &nbsp; &nbsp; &nbsp; &nbsp; &nbsp; &nbsp; &nbsp; &nbsp; &nbsp; &nbsp; &nbsp;Petak&nbsp; &nbsp; &nbsp; &nbsp; &nbsp; &nbsp; &nbsp; &nbsp;od 08,00 do 15,00 h&nbsp;<\/p>\n<p>Subota&nbsp; &nbsp; &nbsp; &nbsp; &nbsp; &nbsp; &nbsp; &nbsp; &nbsp;&nbsp;od 08,00 do 12,00 h&nbsp; &nbsp; &nbsp; &nbsp;<\/p>\n","protected":false},"excerpt":{"rendered":"<p>RADNO VRIJEME KNJI\u017dNICE I \u010cITAONICE PITOMA\u010cA RAD SA KORISNICIMA &#8211; RADNE SUBOTE&nbsp; &nbsp; &nbsp; &nbsp; &nbsp; &nbsp; &nbsp; &nbsp;RAD SA KORISNICIMA &#8211; NERADNE SUBOTE Ponedjeljak&nbsp; &nbsp; &nbsp; &nbsp; &nbsp;od 09,00 do 15,00 h&nbsp; &nbsp; &nbsp; &nbsp; &nbsp; &nbsp; &nbsp; &nbsp; &nbsp; &nbsp; &nbsp; &nbsp; &nbsp; &nbsp; &nbsp; &nbsp;Ponedjeljak&nbsp; &nbsp; od 08,00 do 15,00 h Utorak&nbsp; [&hellip;]<\/p>\n","protected":false},"author":45,"featured_media":0,"parent":0,"menu_order":0,"comment_status":"closed","ping_status":"closed","template":"","meta":{"ngg_post_thumbnail":0},"yoast_head":"<!-- This site is optimized with the Yoast SEO plugin v16.4 - https:\/\/yoast.com\/wordpress\/plugins\/seo\/ -->\n<meta name=\"robots\" content=\"index, follow, max-snippet:-1, max-image-preview:large, max-video-preview:-1\" \/>\n<link rel=\"canonical\" href=\"http:\/\/knjiznice.nsk.hr\/pitomaca\/radno-vrijeme\/\" \/>\n<meta property=\"og:locale\" content=\"hr_HR\" \/>\n<meta property=\"og:type\" content=\"article\" \/>\n<meta property=\"og:title\" content=\"Radno vrijeme - Knji\u017enica i \u010ditaonica Pitoma\u010da\" \/>\n<meta property=\"og:description\" content=\"RADNO VRIJEME KNJI\u017dNICE I \u010cITAONICE PITOMA\u010cA RAD SA KORISNICIMA &#8211; RADNE SUBOTE&nbsp; &nbsp; &nbsp; &nbsp; &nbsp; &nbsp; &nbsp; &nbsp;RAD SA KORISNICIMA &#8211; NERADNE SUBOTE Ponedjeljak&nbsp; &nbsp; &nbsp; &nbsp; &nbsp;od 09,00 do 15,00 h&nbsp; &nbsp; &nbsp; &nbsp; &nbsp; &nbsp; &nbsp; &nbsp; &nbsp; &nbsp; &nbsp; &nbsp; &nbsp; &nbsp; &nbsp; &nbsp;Ponedjeljak&nbsp; &nbsp; od 08,00 do 15,00 h Utorak&nbsp; [&hellip;]\" \/>\n<meta property=\"og:url\" content=\"http:\/\/knjiznice.nsk.hr\/pitomaca\/radno-vrijeme\/\" \/>\n<meta property=\"og:site_name\" content=\"Knji\u017enica i \u010ditaonica Pitoma\u010da\" \/>\n<meta property=\"article:modified_time\" content=\"2021-02-25T11:08:43+00:00\" \/>\n<meta name=\"twitter:label1\" content=\"Procijenjeno vrijeme \u010ditanja\" \/>\n\t<meta name=\"twitter:data1\" content=\"1 minuta\" \/>\n<script type=\"application\/ld+json\" class=\"yoast-schema-graph\">{\"@context\":\"https:\/\/schema.org\",\"@graph\":[{\"@type\":\"WebSite\",\"@id\":\"http:\/\/knjiznice.nsk.hr\/pitomaca\/#website\",\"url\":\"http:\/\/knjiznice.nsk.hr\/pitomaca\/\",\"name\":\"Knji\\u017enica i \\u010ditaonica Pitoma\\u010da\",\"description\":\"\",\"potentialAction\":[{\"@type\":\"SearchAction\",\"target\":\"http:\/\/knjiznice.nsk.hr\/pitomaca\/?s={search_term_string}\",\"query-input\":\"required name=search_term_string\"}],\"inLanguage\":\"hr\"},{\"@type\":\"WebPage\",\"@id\":\"http:\/\/knjiznice.nsk.hr\/pitomaca\/radno-vrijeme\/#webpage\",\"url\":\"http:\/\/knjiznice.nsk.hr\/pitomaca\/radno-vrijeme\/\",\"name\":\"Radno vrijeme - Knji\\u017enica i \\u010ditaonica Pitoma\\u010da\",\"isPartOf\":{\"@id\":\"http:\/\/knjiznice.nsk.hr\/pitomaca\/#website\"},\"datePublished\":\"2015-04-16T08:39:00+00:00\",\"dateModified\":\"2021-02-25T11:08:43+00:00\",\"breadcrumb\":{\"@id\":\"http:\/\/knjiznice.nsk.hr\/pitomaca\/radno-vrijeme\/#breadcrumb\"},\"inLanguage\":\"hr\",\"potentialAction\":[{\"@type\":\"ReadAction\",\"target\":[\"http:\/\/knjiznice.nsk.hr\/pitomaca\/radno-vrijeme\/\"]}]},{\"@type\":\"BreadcrumbList\",\"@id\":\"http:\/\/knjiznice.nsk.hr\/pitomaca\/radno-vrijeme\/#breadcrumb\",\"itemListElement\":[{\"@type\":\"ListItem\",\"position\":1,\"item\":{\"@type\":\"WebPage\",\"@id\":\"http:\/\/knjiznice.nsk.hr\/pitomaca\/\",\"url\":\"http:\/\/knjiznice.nsk.hr\/pitomaca\/\",\"name\":\"Po\\u010detna stranica\"}},{\"@type\":\"ListItem\",\"position\":2,\"item\":{\"@id\":\"http:\/\/knjiznice.nsk.hr\/pitomaca\/radno-vrijeme\/#webpage\"}}]}]}<\/script>\n<!-- \/ Yoast SEO plugin. -->","_links":{"self":[{"href":"http:\/\/knjiznice.nsk.hr\/pitomaca\/wp-json\/wp\/v2\/pages\/62"}],"collection":[{"href":"http:\/\/knjiznice.nsk.hr\/pitomaca\/wp-json\/wp\/v2\/pages"}],"about":[{"href":"http:\/\/knjiznice.nsk.hr\/pitomaca\/wp-json\/wp\/v2\/types\/page"}],"author":[{"embeddable":true,"href":"http:\/\/knjiznice.nsk.hr\/pitomaca\/wp-json\/wp\/v2\/users\/45"}],"replies":[{"embeddable":true,"href":"http:\/\/knjiznice.nsk.hr\/pitomaca\/wp-json\/wp\/v2\/comments?post=62"}],"version-history":[{"count":14,"href":"http:\/\/knjiznice.nsk.hr\/pitomaca\/wp-json\/wp\/v2\/pages\/62\/revisions"}],"predecessor-version":[{"id":458,"href":"http:\/\/knjiznice.nsk.hr\/pitomaca\/wp-json\/wp\/v2\/pages\/62\/revisions\/458"}],"wp:attachment":[{"href":"http:\/\/knjiznice.nsk.hr\/pitomaca\/wp-json\/wp\/v2\/media?parent=62"}],"curies":[{"name":"wp","href":"https:\/\/api.w.org\/{rel}","templated":true}]}}