{"id":289,"date":"2022-04-08T09:00:26","date_gmt":"2022-04-08T07:00:26","guid":{"rendered":"http:\/\/knjiznice.nsk.hr\/orahovica\/?page_id=289"},"modified":"2024-04-19T12:11:11","modified_gmt":"2024-04-19T10:11:11","slug":"natjecaj-za-pom-knjiznicara","status":"publish","type":"page","link":"http:\/\/knjiznice.nsk.hr\/orahovica\/izvjesce-o-radu\/dokumenti\/natjecaji\/natjecaj-za-pom-knjiznicara\/","title":{"rendered":"Natje\u010daj za pom. knji\u017eni\u010dara"},"content":{"rendered":"<p><strong>GRADSKA KNJI\u017dNICA ORAHOVICA<\/strong><\/p>\n<p><strong>KRALJA ZVONIMIRA 28<\/strong><\/p>\n<p><strong>33515 ORAHOVICA<\/strong><\/p>\n<p><strong>Orahovica, 19. travnja 2024. godine<\/strong><\/p>\n<p><strong>&nbsp;<\/strong><\/p>\n<p>Na temelju provedenog natje\u010daja u periodu od 29. o\u017eujka do 12. travnja 2024. godine ravnateljica Gradske knji\u017enice Orahovica donosi<\/p>\n<p style=\"text-align: center\"><strong>ODLUKA O DALJNJEM TIJEKU NATJE\u010cAJA ZA POMO\u0106NOG KNJI\u017dNI\u010cARA\/KU (KNJI\u017dNI\u010cARSKOG\/U TEHNI\u010cARA\/KU) U GRADSKOJ KNJI\u017dNICI ORAHOVICA<\/strong><\/p>\n<p style=\"text-align: center\"><strong>I.<\/strong><\/p>\n<p>Zbog velikog broja kandidata prijavljenih na natje\u010daj, kandidati koji zadovoljavaju osnovni uvjet natje\u010daja (prijava na natje\u010daj s prilo\u017eenom potpunom tra\u017eenom dokumentacijom) biti \u0107e pozvani putem emaila na <strong>pismeno i usmeno testiranje<\/strong>.<\/p>\n<p style=\"text-align: center\"><strong>II.<\/strong><\/p>\n<p>Pismeno i usmeno testiranje kandidata odr\u017eati \u0107e se u multifunkcionalnoj dvorani \u201ePapuk\u201c, Kralja Zvonimira 28, Orahovica, <strong>23. travnja s po\u010detkom u 9:00 sati.<\/strong><\/p>\n<p>Kandidat koji je ostvario minimalno 70% od ukupnog broja bodova na pismenom ispitu ima pravo pristupiti usmenom dijelu ispita.<\/p>\n<p>Kandidat mo\u017ee ostvariti maksimalno 15 bodova na pisanom dijelu i 10 bodova na usmenom dijelu ispita, \u0161to ukupno \u010dini maksimalni iznos od 25 bodova.<\/p>\n<p>Literatura za pismeni dio ispita:<\/p>\n<ul>\n<li>Zakon o knji\u017enicama i knji\u017eni\u010dnoj djelatnosti (NN 17\/19, 98\/19, 114\/22, 36\/42)<\/li>\n<li>Web stranica Gradske knji\u017enice Orahovica <a href=\"http:\/\/knjiznice.nsk.hr\/orahovica\/\">http:\/\/knjiznice.nsk.hr\/orahovica\/<\/a><\/li>\n<\/ul>\n<p style=\"text-align: center\"><strong>III.<\/strong><\/p>\n<p>Kandidati su du\u017eni predo\u010diti osobnu iskaznicu prilikom pristupanja ispitu.<\/p>\n<p>Za kandidata koji ne pristupi ispitu smatra se da je povukao svoju prijavu.<\/p>\n<p>Kandidati koji putem emaila ne dobiju potvrdu da mogu pristupiti ispitu ne mogu istom i pristupiti.<\/p>\n<p style=\"text-align: center\"><strong>IV.<\/strong><\/p>\n<p>Ova Odluka \u0107e se objaviti na web stranici te vrijedi od dana dono\u0161enja.<\/p>\n<p style=\"text-align: right\">v.d. ravnateljica<\/p>\n<p style=\"text-align: right\">Gradska knji\u017enica Orahovica<\/p>\n<p style=\"text-align: right\">Matea \u0160umrada<\/p>\n<p>&nbsp;<\/p>\n<p><strong>GRADSKA KNJI\u017dNICA ORAHOVICA<\/strong><\/p>\n<p><strong>KRALJA ZVONIMIRA 28<\/strong><\/p>\n<p><strong>33515 ORAHOVICA<\/strong><\/p>\n<p>&nbsp;<\/p>\n<p>Na temelju \u010dlanka 20.&nbsp; Statuta Gradske knji\u017enice Orahovica ravnateljica Gradske knji\u017enice Orahovica donosi:<\/p>\n<p style=\"text-align: center\"><strong>ODLUKU<\/strong><\/p>\n<p style=\"text-align: center\"><strong>O imenovanju povjerenstva za provedbu natje\u010daja Gradske knji\u017enice Orahovica<\/strong><\/p>\n<p style=\"text-align: center\"><strong>I.<\/strong><\/p>\n<p>Ovom odlukom imenuje se Povjerenstvo za provedbu natje\u010daja u svrhu zapo\u0161ljavanja pomo\u0107nog\/e knji\u017eni\u010dara\/ke (knji\u017eni\u010darski tehni\u010dar\/ka) u Gradskoj knji\u017enici Orahovica, 1 izvr\u0161itelj\/ica na neodre\u0111eno vrijeme.<\/p>\n<p>U Povjerenstvo za provedbu natje\u010daja imenuju se \u010dlanovi:<\/p>\n<ol>\n<li>Matea \u0160umrada \u2013 predsjednica Povjerenstva<\/li>\n<li>Irena Stipanovi\u0107 \u2013 za \u010dlanicu<\/li>\n<li>Nives Katalini\u0107 \u2013 za \u010dlanicu<\/li>\n<\/ol>\n<p style=\"text-align: center\"><strong>II.<\/strong><\/p>\n<p>Povjerenstvo za provedbu natje\u010daja obavlja sljede\u0107e poslove:<\/p>\n<ul>\n<li>utvr\u0111uje koje su prijave na natje\u010daj pravodobne i potpune<\/li>\n<li>provodi postupak pismenog testiranja kandidata<\/li>\n<li>provodi postupak intervjua s kandidatima<\/li>\n<li>podnosi izvje\u0161\u0107e o provedenom postupku uz koje prila\u017ee rang listu kandidata, s obzirom na provedeno pismeno testiranje i provedeni intervju.<\/li>\n<\/ul>\n<p style=\"text-align: center\"><strong>III.<\/strong><\/p>\n<p>Ova Odluka stupa na snagu danom dono\u0161enja, a objavit \u0107e se na web stranici Gradske knji\u017enice Orahovica.<\/p>\n<p><strong>Orahovica: 16. travnja 2024. godine<\/strong><\/p>\n<p><strong>R1\/15\/2024<\/strong><\/p>\n<p>&nbsp;<\/p>\n<p style=\"text-align: right\">v.d. ravnateljica<\/p>\n<p style=\"text-align: right\">Gradske knji\u017enice Orahovica:<\/p>\n<p style=\"text-align: right\">Matea \u0160umrada<\/p>\n<p style=\"text-align: right\">&nbsp;<\/p>\n<p>&nbsp;<\/p>\n<p>&nbsp;<\/p>\n<blockquote class=\"wp-embedded-content\" data-secret=\"ZWQsFgcFQo\"><p><a href=\"http:\/\/knjiznice.nsk.hr\/orahovica\/2022\/03\/25\/obavijest-u-vezi-natjecaja-za-pomocnog-u-knjiznicara-ku\/\">Obavijest u vezi natje\u010daja za pomo\u0107nog\/u knji\u017eni\u010dara\/ku &#8211; pismeni<\/a><\/p><\/blockquote>\n<p><iframe class=\"wp-embedded-content\" sandbox=\"allow-scripts\" security=\"restricted\" style=\"position: absolute; clip: rect(1px, 1px, 1px, 1px);\" title=\"&#8220;Obavijest u vezi natje\u010daja za pomo\u0107nog\/u knji\u017eni\u010dara\/ku &#8211; pismeni&#8221; &#8212; Gradska knji\u017enica Orahovica\" src=\"http:\/\/knjiznice.nsk.hr\/orahovica\/2022\/03\/25\/obavijest-u-vezi-natjecaja-za-pomocnog-u-knjiznicara-ku\/embed\/#?secret=ZWQsFgcFQo\" data-secret=\"ZWQsFgcFQo\" width=\"500\" height=\"282\" frameborder=\"0\" marginwidth=\"0\" marginheight=\"0\" scrolling=\"no\"><\/iframe><\/p>\n<blockquote class=\"wp-embedded-content\" data-secret=\"dQHTjn9S4z\"><p><a href=\"http:\/\/knjiznice.nsk.hr\/orahovica\/2022\/03\/02\/natjecaj-pomocni-knjiznicar-ka-knjiznicarski-tehnicar-ka\/\">Natje\u010daj &#8211; pomo\u0107ni knji\u017eni\u010dar\/ka (knji\u017eni\u010darski tehni\u010dar\/ka)<\/a><\/p><\/blockquote>\n<p><iframe class=\"wp-embedded-content\" sandbox=\"allow-scripts\" security=\"restricted\" style=\"position: absolute; clip: rect(1px, 1px, 1px, 1px);\" title=\"&#8220;Natje\u010daj &#8211; pomo\u0107ni knji\u017eni\u010dar\/ka (knji\u017eni\u010darski tehni\u010dar\/ka)&#8221; &#8212; Gradska knji\u017enica Orahovica\" src=\"http:\/\/knjiznice.nsk.hr\/orahovica\/2022\/03\/02\/natjecaj-pomocni-knjiznicar-ka-knjiznicarski-tehnicar-ka\/embed\/#?secret=dQHTjn9S4z\" data-secret=\"dQHTjn9S4z\" width=\"500\" height=\"282\" frameborder=\"0\" marginwidth=\"0\" marginheight=\"0\" scrolling=\"no\"><\/iframe><\/p>\n<blockquote class=\"wp-embedded-content\" data-secret=\"wzOE4fAx3r\"><p><a href=\"http:\/\/knjiznice.nsk.hr\/orahovica\/2022\/04\/08\/pomocni-knjiznicar-obavijest-o-odluci\/\">Pomo\u0107ni knji\u017eni\u010dar &#8211; obavijest o odluci<\/a><\/p><\/blockquote>\n<p><iframe class=\"wp-embedded-content\" sandbox=\"allow-scripts\" security=\"restricted\" style=\"position: absolute; clip: rect(1px, 1px, 1px, 1px);\" title=\"&#8220;Pomo\u0107ni knji\u017eni\u010dar &#8211; obavijest o odluci&#8221; &#8212; Gradska knji\u017enica Orahovica\" src=\"http:\/\/knjiznice.nsk.hr\/orahovica\/2022\/04\/08\/pomocni-knjiznicar-obavijest-o-odluci\/embed\/#?secret=wzOE4fAx3r\" data-secret=\"wzOE4fAx3r\" width=\"500\" height=\"282\" frameborder=\"0\" marginwidth=\"0\" marginheight=\"0\" scrolling=\"no\"><\/iframe><\/p>\n","protected":false},"excerpt":{"rendered":"<p>GRADSKA KNJI\u017dNICA ORAHOVICA KRALJA ZVONIMIRA 28 33515 ORAHOVICA Orahovica, 19. travnja 2024. godine &nbsp; Na temelju provedenog natje\u010daja u periodu od 29. o\u017eujka do 12. travnja 2024. godine ravnateljica Gradske [&hellip;]<\/p>\n","protected":false},"author":187,"featured_media":0,"parent":209,"menu_order":0,"comment_status":"closed","ping_status":"closed","template":"","meta":{"ngg_post_thumbnail":0},"yoast_head":"<!-- This site is optimized with the Yoast SEO plugin v16.4 - https:\/\/yoast.com\/wordpress\/plugins\/seo\/ -->\n<meta name=\"robots\" content=\"index, follow, max-snippet:-1, max-image-preview:large, max-video-preview:-1\" \/>\n<link rel=\"canonical\" href=\"http:\/\/knjiznice.nsk.hr\/orahovica\/izvjesce-o-radu\/dokumenti\/natjecaji\/natjecaj-za-pom-knjiznicara\/\" \/>\n<meta property=\"og:locale\" content=\"hr_HR\" \/>\n<meta property=\"og:type\" content=\"article\" \/>\n<meta property=\"og:title\" content=\"Natje\u010daj za pom. knji\u017eni\u010dara - Gradska knji\u017enica Orahovica\" \/>\n<meta property=\"og:description\" content=\"GRADSKA KNJI\u017dNICA ORAHOVICA KRALJA ZVONIMIRA 28 33515 ORAHOVICA Orahovica, 19. travnja 2024. godine &nbsp; Na temelju provedenog natje\u010daja u periodu od 29. o\u017eujka do 12. travnja 2024. godine ravnateljica Gradske [&hellip;]\" \/>\n<meta property=\"og:url\" content=\"http:\/\/knjiznice.nsk.hr\/orahovica\/izvjesce-o-radu\/dokumenti\/natjecaji\/natjecaj-za-pom-knjiznicara\/\" \/>\n<meta property=\"og:site_name\" content=\"Gradska knji\u017enica Orahovica\" \/>\n<meta property=\"article:modified_time\" content=\"2024-04-19T10:11:11+00:00\" \/>\n<meta name=\"twitter:card\" content=\"summary_large_image\" \/>\n<meta name=\"twitter:label1\" content=\"Procijenjeno vrijeme \u010ditanja\" \/>\n\t<meta name=\"twitter:data1\" content=\"2 minute\" \/>\n<script type=\"application\/ld+json\" class=\"yoast-schema-graph\">{\"@context\":\"https:\/\/schema.org\",\"@graph\":[{\"@type\":\"WebSite\",\"@id\":\"http:\/\/knjiznice.nsk.hr\/orahovica\/#website\",\"url\":\"http:\/\/knjiznice.nsk.hr\/orahovica\/\",\"name\":\"Gradska knji\\u017enica Orahovica\",\"description\":\"\\u010citamo s vama od 1877. godine\",\"potentialAction\":[{\"@type\":\"SearchAction\",\"target\":\"http:\/\/knjiznice.nsk.hr\/orahovica\/?s={search_term_string}\",\"query-input\":\"required name=search_term_string\"}],\"inLanguage\":\"hr\"},{\"@type\":\"WebPage\",\"@id\":\"http:\/\/knjiznice.nsk.hr\/orahovica\/izvjesce-o-radu\/dokumenti\/natjecaji\/natjecaj-za-pom-knjiznicara\/#webpage\",\"url\":\"http:\/\/knjiznice.nsk.hr\/orahovica\/izvjesce-o-radu\/dokumenti\/natjecaji\/natjecaj-za-pom-knjiznicara\/\",\"name\":\"Natje\\u010daj za pom. knji\\u017eni\\u010dara - Gradska knji\\u017enica Orahovica\",\"isPartOf\":{\"@id\":\"http:\/\/knjiznice.nsk.hr\/orahovica\/#website\"},\"datePublished\":\"2022-04-08T07:00:26+00:00\",\"dateModified\":\"2024-04-19T10:11:11+00:00\",\"breadcrumb\":{\"@id\":\"http:\/\/knjiznice.nsk.hr\/orahovica\/izvjesce-o-radu\/dokumenti\/natjecaji\/natjecaj-za-pom-knjiznicara\/#breadcrumb\"},\"inLanguage\":\"hr\",\"potentialAction\":[{\"@type\":\"ReadAction\",\"target\":[\"http:\/\/knjiznice.nsk.hr\/orahovica\/izvjesce-o-radu\/dokumenti\/natjecaji\/natjecaj-za-pom-knjiznicara\/\"]}]},{\"@type\":\"BreadcrumbList\",\"@id\":\"http:\/\/knjiznice.nsk.hr\/orahovica\/izvjesce-o-radu\/dokumenti\/natjecaji\/natjecaj-za-pom-knjiznicara\/#breadcrumb\",\"itemListElement\":[{\"@type\":\"ListItem\",\"position\":1,\"item\":{\"@type\":\"WebPage\",\"@id\":\"http:\/\/knjiznice.nsk.hr\/orahovica\/\",\"url\":\"http:\/\/knjiznice.nsk.hr\/orahovica\/\",\"name\":\"Po\\u010detna stranica\"}},{\"@type\":\"ListItem\",\"position\":2,\"item\":{\"@type\":\"WebPage\",\"@id\":\"http:\/\/knjiznice.nsk.hr\/orahovica\/izvjesce-o-radu\/\",\"url\":\"http:\/\/knjiznice.nsk.hr\/orahovica\/izvjesce-o-radu\/\",\"name\":\"Izvje\\u0161taji o radu\"}},{\"@type\":\"ListItem\",\"position\":3,\"item\":{\"@type\":\"WebPage\",\"@id\":\"http:\/\/knjiznice.nsk.hr\/orahovica\/izvjesce-o-radu\/dokumenti\/\",\"url\":\"http:\/\/knjiznice.nsk.hr\/orahovica\/izvjesce-o-radu\/dokumenti\/\",\"name\":\"DOKUMENTI\"}},{\"@type\":\"ListItem\",\"position\":4,\"item\":{\"@type\":\"WebPage\",\"@id\":\"http:\/\/knjiznice.nsk.hr\/orahovica\/izvjesce-o-radu\/dokumenti\/natjecaji\/\",\"url\":\"http:\/\/knjiznice.nsk.hr\/orahovica\/izvjesce-o-radu\/dokumenti\/natjecaji\/\",\"name\":\"Natje\\u010daji\"}},{\"@type\":\"ListItem\",\"position\":5,\"item\":{\"@id\":\"http:\/\/knjiznice.nsk.hr\/orahovica\/izvjesce-o-radu\/dokumenti\/natjecaji\/natjecaj-za-pom-knjiznicara\/#webpage\"}}]}]}<\/script>\n<!-- \/ Yoast SEO plugin. -->","_links":{"self":[{"href":"http:\/\/knjiznice.nsk.hr\/orahovica\/wp-json\/wp\/v2\/pages\/289"}],"collection":[{"href":"http:\/\/knjiznice.nsk.hr\/orahovica\/wp-json\/wp\/v2\/pages"}],"about":[{"href":"http:\/\/knjiznice.nsk.hr\/orahovica\/wp-json\/wp\/v2\/types\/page"}],"author":[{"embeddable":true,"href":"http:\/\/knjiznice.nsk.hr\/orahovica\/wp-json\/wp\/v2\/users\/187"}],"replies":[{"embeddable":true,"href":"http:\/\/knjiznice.nsk.hr\/orahovica\/wp-json\/wp\/v2\/comments?post=289"}],"version-history":[{"count":8,"href":"http:\/\/knjiznice.nsk.hr\/orahovica\/wp-json\/wp\/v2\/pages\/289\/revisions"}],"predecessor-version":[{"id":425,"href":"http:\/\/knjiznice.nsk.hr\/orahovica\/wp-json\/wp\/v2\/pages\/289\/revisions\/425"}],"up":[{"embeddable":true,"href":"http:\/\/knjiznice.nsk.hr\/orahovica\/wp-json\/wp\/v2\/pages\/209"}],"wp:attachment":[{"href":"http:\/\/knjiznice.nsk.hr\/orahovica\/wp-json\/wp\/v2\/media?parent=289"}],"curies":[{"name":"wp","href":"https:\/\/api.w.org\/{rel}","templated":true}]}}