{"id":579,"date":"2016-04-12T15:09:52","date_gmt":"2016-04-12T14:09:52","guid":{"rendered":"http:\/\/knjiznice.nsk.hr\/ogulin\/?page_id=579"},"modified":"2017-01-31T21:00:04","modified_gmt":"2017-01-31T20:00:04","slug":"top-10-najcitanijih-knjiga-za-djecu","status":"publish","type":"page","link":"http:\/\/knjiznice.nsk.hr\/ogulin\/top-10-najcitanijih-knjiga-za-djecu\/","title":{"rendered":"Top 10 naj\u010ditanijih knjiga za djecu i mlade"},"content":{"rendered":"<p>Sije\u010danj 2017. godine<\/p>\n<p><a href=\"http:\/\/gk-ogulin.zaki.com.hr\/pagesResults\/bibliografskiZapis.aspx?&amp;action=search&amp;currentPage=1&amp;searchById=1&amp;sort=0&amp;spid0=1&amp;spv0=pada+snijeg&amp;selectedId=992000875\"><span class=\"highlight\">Pada snijeg<\/span> : tri blagdanske romanse<\/a><\/p>\n<p><a href=\"http:\/\/gk-ogulin.zaki.com.hr\/pagesResults\/bibliografskiZapis.aspx?&amp;action=search&amp;currentPage=1&amp;searchById=1&amp;sort=0&amp;spid0=1&amp;spv0=Charly+Clever+%26+Doktor+Lupa+u+lovu+na+tigrove&amp;selectedId=235001726\">Gerit Kopietz<span class=\"highlight\"> &amp; <\/span>J\u00f6rg Sommer:&nbsp;Charly Clever &amp; Doktor Lupa u lovu na tigrove<\/a><\/p>\n<p><a href=\"http:\/\/gk-ogulin.zaki.com.hr\/pagesResults\/bibliografskiZapis.aspx?&amp;action=search&amp;currentPage=1&amp;searchById=1&amp;sort=0&amp;spid0=1&amp;spv0=Kad+je+Findus+bio+mali+i+izgubio+se&amp;selectedId=474000085\">Sven Nordqvist:&nbsp;Kad je Findus bio mali i izgubio se<\/a><\/p>\n<p><a href=\"http:\/\/gk-ogulin.zaki.com.hr\/pagesResults\/bibliografskiZapis.aspx?&amp;action=search&amp;currentPage=1&amp;searchById=1&amp;sort=0&amp;spid0=1&amp;spv0=Nau%C4%8Di+biti+uredan+uz+Medvjedi%C4%87a+Brunda&amp;selectedId=370010616\">Adrienne Heymans:&nbsp;<span class=\"highlight\">Nau\u010di<\/span> <span class=\"highlight\">biti<\/span> <span class=\"highlight\">uredan<\/span><span class=\"highlight\"> uz <\/span>pomo\u0107 malog <span class=\"highlight\">Medvjedi\u0107a<\/span> <span class=\"highlight\">Brunda<\/span><\/a><\/p>\n<p><a href=\"http:\/\/gk-ogulin.zaki.com.hr\/pagesResults\/bibliografskiZapis.aspx?&amp;action=search&amp;currentPage=1&amp;searchById=1&amp;sort=0&amp;spid0=1&amp;spv0=Pri%C4%8Da+o+tri+snjegovi%C4%87a&amp;selectedId=5002059\"> Sun\u010dana \u0160krinjari\u0107:&nbsp;Pri\u010da o tri snjegovi\u0107a<\/a><\/p>\n<p><a href=\"http:\/\/gk-ogulin.zaki.com.hr\/pagesResults\/bibliografskiZapis.aspx?&amp;action=search&amp;currentPage=1&amp;searchById=1&amp;sort=0&amp;spid0=1&amp;spv0=%C5%A0to+me+%C4%8Dini+tu%C5%BEnim%3f&amp;selectedId=607001172\">Heidi i Daniel Howarth: \u0160to me \u010dini tu\u017enim<\/a><\/p>\n<p><a href=\"http:\/\/gk-ogulin.zaki.com.hr\/pagesResults\/bibliografskiZapis.aspx?&amp;action=search&amp;currentPage=1&amp;searchById=1&amp;sort=0&amp;spid0=1&amp;spv0=Tajna+Stubi%C4%8Dkih+Toplica&amp;selectedId=608000307\">Hrvoje Kova\u010devi\u0107:&nbsp;Tajna Stubi\u010dkih Toplica<\/a><\/p>\n<p><a href=\"http:\/\/gk-ogulin.zaki.com.hr\/pagesResults\/bibliografskiZapis.aspx?&amp;action=search&amp;currentPage=1&amp;searchById=1&amp;sort=0&amp;spid0=1&amp;spv0=Tisu%C4%87iti+kat&amp;selectedId=1199000113\">Katharine McGee:&nbsp;<span class=\"highlight\">Tisu\u0107iti kat<\/span> <\/a><\/p>\n<p><a href=\"http:\/\/gk-ogulin.zaki.com.hr\/pagesResults\/bibliografskiZapis.aspx?&amp;action=search&amp;currentPage=1&amp;searchById=1&amp;sort=0&amp;spid0=1&amp;spv0=Trolovi&amp;selectedId=432003733\">Trolovi<\/a><\/p>\n<p><a href=\"http:\/\/gk-ogulin.zaki.com.hr\/pagesResults\/bibliografskiZapis.aspx?&amp;action=search&amp;currentPage=1&amp;searchById=1&amp;sort=0&amp;spid0=1&amp;spv0=Uljez+u+dvori%C5%A1tu&amp;selectedId=370008480\">Sven Nordqvist:&nbsp;Uljez u dvori\u0161tu<\/a><\/p>\n<p>&nbsp;<\/p>\n<p>&nbsp;<\/p>\n<p>&nbsp;<\/p>\n","protected":false},"excerpt":{"rendered":"<p>Sije\u010danj 2017. godine Pada snijeg : tri blagdanske romanse Gerit Kopietz &amp; J\u00f6rg Sommer:&nbsp;Charly Clever &amp; Doktor Lupa u lovu na tigrove Sven Nordqvist:&nbsp;Kad je Findus bio mali i izgubio se Adrienne Heymans:&nbsp;Nau\u010di biti uredan uz pomo\u0107 malog Medvjedi\u0107a Brunda Sun\u010dana \u0160krinjari\u0107:&nbsp;Pri\u010da o tri snjegovi\u0107a Heidi i Daniel Howarth: \u0160to me \u010dini tu\u017enim Hrvoje Kova\u010devi\u0107:&nbsp;Tajna [&hellip;]<\/p>\n","protected":false},"author":99,"featured_media":0,"parent":0,"menu_order":0,"comment_status":"closed","ping_status":"closed","template":"","meta":{"ngg_post_thumbnail":0},"yoast_head":"<!-- This site is optimized with the Yoast SEO plugin v16.4 - https:\/\/yoast.com\/wordpress\/plugins\/seo\/ -->\n<meta name=\"robots\" content=\"index, follow, max-snippet:-1, max-image-preview:large, max-video-preview:-1\" \/>\n<link rel=\"canonical\" href=\"http:\/\/knjiznice.nsk.hr\/ogulin\/top-10-najcitanijih-knjiga-za-djecu\/\" \/>\n<meta property=\"og:locale\" content=\"hr_HR\" \/>\n<meta property=\"og:type\" content=\"article\" \/>\n<meta property=\"og:title\" content=\"Top 10 naj\u010ditanijih knjiga za djecu i mlade - Gradska knji\u017enica i \u010ditaonica Ogulin\" \/>\n<meta property=\"og:description\" content=\"Sije\u010danj 2017. godine Pada snijeg : tri blagdanske romanse Gerit Kopietz &amp; J\u00f6rg Sommer:&nbsp;Charly Clever &amp; Doktor Lupa u lovu na tigrove Sven Nordqvist:&nbsp;Kad je Findus bio mali i izgubio se Adrienne Heymans:&nbsp;Nau\u010di biti uredan uz pomo\u0107 malog Medvjedi\u0107a Brunda Sun\u010dana \u0160krinjari\u0107:&nbsp;Pri\u010da o tri snjegovi\u0107a Heidi i Daniel Howarth: \u0160to me \u010dini tu\u017enim Hrvoje Kova\u010devi\u0107:&nbsp;Tajna [&hellip;]\" \/>\n<meta property=\"og:url\" content=\"http:\/\/knjiznice.nsk.hr\/ogulin\/top-10-najcitanijih-knjiga-za-djecu\/\" \/>\n<meta property=\"og:site_name\" content=\"Gradska knji\u017enica i \u010ditaonica Ogulin\" \/>\n<meta property=\"article:modified_time\" content=\"2017-01-31T20:00:04+00:00\" \/>\n<script type=\"application\/ld+json\" class=\"yoast-schema-graph\">{\"@context\":\"https:\/\/schema.org\",\"@graph\":[{\"@type\":\"WebSite\",\"@id\":\"http:\/\/knjiznice.nsk.hr\/ogulin\/#website\",\"url\":\"http:\/\/knjiznice.nsk.hr\/ogulin\/\",\"name\":\"Gradska knji\\u017enica i \\u010ditaonica Ogulin\",\"description\":\"Najbolja stvar kod knji\\u017enica jest ta da je dovoljno velika da stane cijeli svijet u nju, a opet dovoljno mala da stane u tvoj grad.\",\"potentialAction\":[{\"@type\":\"SearchAction\",\"target\":\"http:\/\/knjiznice.nsk.hr\/ogulin\/?s={search_term_string}\",\"query-input\":\"required name=search_term_string\"}],\"inLanguage\":\"hr\"},{\"@type\":\"WebPage\",\"@id\":\"http:\/\/knjiznice.nsk.hr\/ogulin\/top-10-najcitanijih-knjiga-za-djecu\/#webpage\",\"url\":\"http:\/\/knjiznice.nsk.hr\/ogulin\/top-10-najcitanijih-knjiga-za-djecu\/\",\"name\":\"Top 10 naj\\u010ditanijih knjiga za djecu i mlade - Gradska knji\\u017enica i \\u010ditaonica Ogulin\",\"isPartOf\":{\"@id\":\"http:\/\/knjiznice.nsk.hr\/ogulin\/#website\"},\"datePublished\":\"2016-04-12T14:09:52+00:00\",\"dateModified\":\"2017-01-31T20:00:04+00:00\",\"breadcrumb\":{\"@id\":\"http:\/\/knjiznice.nsk.hr\/ogulin\/top-10-najcitanijih-knjiga-za-djecu\/#breadcrumb\"},\"inLanguage\":\"hr\",\"potentialAction\":[{\"@type\":\"ReadAction\",\"target\":[\"http:\/\/knjiznice.nsk.hr\/ogulin\/top-10-najcitanijih-knjiga-za-djecu\/\"]}]},{\"@type\":\"BreadcrumbList\",\"@id\":\"http:\/\/knjiznice.nsk.hr\/ogulin\/top-10-najcitanijih-knjiga-za-djecu\/#breadcrumb\",\"itemListElement\":[{\"@type\":\"ListItem\",\"position\":1,\"item\":{\"@type\":\"WebPage\",\"@id\":\"http:\/\/knjiznice.nsk.hr\/ogulin\/\",\"url\":\"http:\/\/knjiznice.nsk.hr\/ogulin\/\",\"name\":\"Po\\u010detna stranica\"}},{\"@type\":\"ListItem\",\"position\":2,\"item\":{\"@id\":\"http:\/\/knjiznice.nsk.hr\/ogulin\/top-10-najcitanijih-knjiga-za-djecu\/#webpage\"}}]}]}<\/script>\n<!-- \/ Yoast SEO plugin. -->","_links":{"self":[{"href":"http:\/\/knjiznice.nsk.hr\/ogulin\/wp-json\/wp\/v2\/pages\/579"}],"collection":[{"href":"http:\/\/knjiznice.nsk.hr\/ogulin\/wp-json\/wp\/v2\/pages"}],"about":[{"href":"http:\/\/knjiznice.nsk.hr\/ogulin\/wp-json\/wp\/v2\/types\/page"}],"author":[{"embeddable":true,"href":"http:\/\/knjiznice.nsk.hr\/ogulin\/wp-json\/wp\/v2\/users\/99"}],"replies":[{"embeddable":true,"href":"http:\/\/knjiznice.nsk.hr\/ogulin\/wp-json\/wp\/v2\/comments?post=579"}],"version-history":[{"count":14,"href":"http:\/\/knjiznice.nsk.hr\/ogulin\/wp-json\/wp\/v2\/pages\/579\/revisions"}],"predecessor-version":[{"id":1075,"href":"http:\/\/knjiznice.nsk.hr\/ogulin\/wp-json\/wp\/v2\/pages\/579\/revisions\/1075"}],"wp:attachment":[{"href":"http:\/\/knjiznice.nsk.hr\/ogulin\/wp-json\/wp\/v2\/media?parent=579"}],"curies":[{"name":"wp","href":"https:\/\/api.w.org\/{rel}","templated":true}]}}