{"id":513,"date":"2016-03-15T17:58:07","date_gmt":"2016-03-15T17:58:07","guid":{"rendered":"http:\/\/knjiznice.nsk.hr\/ogulin\/?page_id=513"},"modified":"2017-01-10T19:17:54","modified_gmt":"2017-01-10T18:17:54","slug":"baze-besplatnih-elektronickih-knjiga","status":"publish","type":"page","link":"http:\/\/knjiznice.nsk.hr\/ogulin\/baze-besplatnih-elektronickih-knjiga\/","title":{"rendered":"Baze besplatnih elektroni\u010dkih knjiga"},"content":{"rendered":"<p style=\"text-align: center\"><a href=\"http:\/\/elektronickeknjige.com\/novi-naslovi\/\" target=\"_blank\">Besplatne elektroni\u010dke knjige<\/a><\/p>\n<p style=\"text-align: center\"><a href=\"http:\/\/en.childrenslibrary.org\/about\/mission.shtml\" target=\"_blank\">International Digital Children Library<\/a><\/p>\n<p id=\"firstHeading\" class=\"firstHeading\" lang=\"en\" style=\"text-align: center\"><span dir=\"auto\"><a href=\"http:\/\/www.gutenberg.org\/\" target=\"_blank\">Project Gutenberg<\/a><\/span><\/p>\n<p class=\"firstHeading\" lang=\"en\" style=\"text-align: center\">\u00a0 \u00a0 \u00a0 \u00a0 \u00a0 \u00a0 \u00a0<a href=\"https:\/\/openlibrary.org\/\" target=\"_blank\">Open Library<\/a><\/p>\n<p class=\"firstHeading\" lang=\"en\">\u00a0 \u00a0 \u00a0 \u00a0 \u00a0 \u00a0 \u00a0 \u00a0 \u00a0 \u00a0 \u00a0 \u00a0 \u00a0 \u00a0 \u00a0 \u00a0 \u00a0 \u00a0 \u00a0 \u00a0 \u00a0 \u00a0 \u00a0 \u00a0 \u00a0 \u00a0 \u00a0 \u00a0 \u00a0 \u00a0 \u00a0 \u00a0 \u00a0 \u00a0 \u00a0 \u00a0 \u00a0 \u00a0 \u00a0\u00a0<a href=\"http:\/\/www.getfreeebooks.com\/\" target=\"_blank\">Free-e-books<\/a><\/p>\n<p class=\"firstHeading\" lang=\"en\">\u00a0 \u00a0 \u00a0 \u00a0 \u00a0 \u00a0 \u00a0 \u00a0 \u00a0 \u00a0 \u00a0 \u00a0 \u00a0 \u00a0 \u00a0 \u00a0 \u00a0 \u00a0 \u00a0 \u00a0 \u00a0 \u00a0 \u00a0 \u00a0 \u00a0 \u00a0 \u00a0 \u00a0 \u00a0 \u00a0 \u00a0 \u00a0 \u00a0 \u00a0 \u00a0 \u00a0 \u00a0 \u00a0 \u00a0<a href=\"http:\/\/www.openculture.com\/free_ebooks\" target=\"_blank\">Open Culture<\/a><\/p>\n<p class=\"firstHeading\" lang=\"en\" style=\"text-align: right\">\n","protected":false},"excerpt":{"rendered":"<p>Besplatne elektroni\u010dke knjige International Digital Children Library Project Gutenberg \u00a0 \u00a0 \u00a0 \u00a0 \u00a0 \u00a0 \u00a0Open Library \u00a0 \u00a0 \u00a0 \u00a0 \u00a0 \u00a0 \u00a0 \u00a0 \u00a0 \u00a0 \u00a0 \u00a0 \u00a0 \u00a0 \u00a0 \u00a0 \u00a0 \u00a0 \u00a0 \u00a0 \u00a0 \u00a0 \u00a0 \u00a0 \u00a0 \u00a0 \u00a0 \u00a0 \u00a0 \u00a0 \u00a0 \u00a0 \u00a0 \u00a0 \u00a0 \u00a0 \u00a0 \u00a0 [&hellip;]<\/p>\n","protected":false},"author":99,"featured_media":0,"parent":0,"menu_order":0,"comment_status":"closed","ping_status":"closed","template":"","meta":{"ngg_post_thumbnail":0},"yoast_head":"<!-- This site is optimized with the Yoast SEO plugin v16.4 - https:\/\/yoast.com\/wordpress\/plugins\/seo\/ -->\n<meta name=\"robots\" content=\"index, follow, max-snippet:-1, max-image-preview:large, max-video-preview:-1\" \/>\n<link rel=\"canonical\" href=\"http:\/\/knjiznice.nsk.hr\/ogulin\/baze-besplatnih-elektronickih-knjiga\/\" \/>\n<meta property=\"og:locale\" content=\"hr_HR\" \/>\n<meta property=\"og:type\" content=\"article\" \/>\n<meta property=\"og:title\" content=\"Baze besplatnih elektroni\u010dkih knjiga - Gradska knji\u017enica i \u010ditaonica Ogulin\" \/>\n<meta property=\"og:description\" content=\"Besplatne elektroni\u010dke knjige International Digital Children Library Project Gutenberg \u00a0 \u00a0 \u00a0 \u00a0 \u00a0 \u00a0 \u00a0Open Library \u00a0 \u00a0 \u00a0 \u00a0 \u00a0 \u00a0 \u00a0 \u00a0 \u00a0 \u00a0 \u00a0 \u00a0 \u00a0 \u00a0 \u00a0 \u00a0 \u00a0 \u00a0 \u00a0 \u00a0 \u00a0 \u00a0 \u00a0 \u00a0 \u00a0 \u00a0 \u00a0 \u00a0 \u00a0 \u00a0 \u00a0 \u00a0 \u00a0 \u00a0 \u00a0 \u00a0 \u00a0 \u00a0 [&hellip;]\" \/>\n<meta property=\"og:url\" content=\"http:\/\/knjiznice.nsk.hr\/ogulin\/baze-besplatnih-elektronickih-knjiga\/\" \/>\n<meta property=\"og:site_name\" content=\"Gradska knji\u017enica i \u010ditaonica Ogulin\" \/>\n<meta property=\"article:modified_time\" content=\"2017-01-10T18:17:54+00:00\" \/>\n<script type=\"application\/ld+json\" class=\"yoast-schema-graph\">{\"@context\":\"https:\/\/schema.org\",\"@graph\":[{\"@type\":\"WebSite\",\"@id\":\"http:\/\/knjiznice.nsk.hr\/ogulin\/#website\",\"url\":\"http:\/\/knjiznice.nsk.hr\/ogulin\/\",\"name\":\"Gradska knji\\u017enica i \\u010ditaonica Ogulin\",\"description\":\"Najbolja stvar kod knji\\u017enica jest ta da je dovoljno velika da stane cijeli svijet u nju, a opet dovoljno mala da stane u tvoj grad.\",\"potentialAction\":[{\"@type\":\"SearchAction\",\"target\":\"http:\/\/knjiznice.nsk.hr\/ogulin\/?s={search_term_string}\",\"query-input\":\"required name=search_term_string\"}],\"inLanguage\":\"hr\"},{\"@type\":\"WebPage\",\"@id\":\"http:\/\/knjiznice.nsk.hr\/ogulin\/baze-besplatnih-elektronickih-knjiga\/#webpage\",\"url\":\"http:\/\/knjiznice.nsk.hr\/ogulin\/baze-besplatnih-elektronickih-knjiga\/\",\"name\":\"Baze besplatnih elektroni\\u010dkih knjiga - Gradska knji\\u017enica i \\u010ditaonica Ogulin\",\"isPartOf\":{\"@id\":\"http:\/\/knjiznice.nsk.hr\/ogulin\/#website\"},\"datePublished\":\"2016-03-15T17:58:07+00:00\",\"dateModified\":\"2017-01-10T18:17:54+00:00\",\"breadcrumb\":{\"@id\":\"http:\/\/knjiznice.nsk.hr\/ogulin\/baze-besplatnih-elektronickih-knjiga\/#breadcrumb\"},\"inLanguage\":\"hr\",\"potentialAction\":[{\"@type\":\"ReadAction\",\"target\":[\"http:\/\/knjiznice.nsk.hr\/ogulin\/baze-besplatnih-elektronickih-knjiga\/\"]}]},{\"@type\":\"BreadcrumbList\",\"@id\":\"http:\/\/knjiznice.nsk.hr\/ogulin\/baze-besplatnih-elektronickih-knjiga\/#breadcrumb\",\"itemListElement\":[{\"@type\":\"ListItem\",\"position\":1,\"item\":{\"@type\":\"WebPage\",\"@id\":\"http:\/\/knjiznice.nsk.hr\/ogulin\/\",\"url\":\"http:\/\/knjiznice.nsk.hr\/ogulin\/\",\"name\":\"Po\\u010detna stranica\"}},{\"@type\":\"ListItem\",\"position\":2,\"item\":{\"@id\":\"http:\/\/knjiznice.nsk.hr\/ogulin\/baze-besplatnih-elektronickih-knjiga\/#webpage\"}}]}]}<\/script>\n<!-- \/ Yoast SEO plugin. -->","_links":{"self":[{"href":"http:\/\/knjiznice.nsk.hr\/ogulin\/wp-json\/wp\/v2\/pages\/513"}],"collection":[{"href":"http:\/\/knjiznice.nsk.hr\/ogulin\/wp-json\/wp\/v2\/pages"}],"about":[{"href":"http:\/\/knjiznice.nsk.hr\/ogulin\/wp-json\/wp\/v2\/types\/page"}],"author":[{"embeddable":true,"href":"http:\/\/knjiznice.nsk.hr\/ogulin\/wp-json\/wp\/v2\/users\/99"}],"replies":[{"embeddable":true,"href":"http:\/\/knjiznice.nsk.hr\/ogulin\/wp-json\/wp\/v2\/comments?post=513"}],"version-history":[{"count":14,"href":"http:\/\/knjiznice.nsk.hr\/ogulin\/wp-json\/wp\/v2\/pages\/513\/revisions"}],"predecessor-version":[{"id":1055,"href":"http:\/\/knjiznice.nsk.hr\/ogulin\/wp-json\/wp\/v2\/pages\/513\/revisions\/1055"}],"wp:attachment":[{"href":"http:\/\/knjiznice.nsk.hr\/ogulin\/wp-json\/wp\/v2\/media?parent=513"}],"curies":[{"name":"wp","href":"https:\/\/api.w.org\/{rel}","templated":true}]}}