{"id":508,"date":"2016-03-15T17:15:23","date_gmt":"2016-03-15T17:15:23","guid":{"rendered":"http:\/\/knjiznice.nsk.hr\/ogulin\/?page_id=508"},"modified":"2017-01-10T19:16:39","modified_gmt":"2017-01-10T18:16:39","slug":"korisni-linkovi-za-pomoc-u-ucenju","status":"publish","type":"page","link":"http:\/\/knjiznice.nsk.hr\/ogulin\/korisni-linkovi-za-pomoc-u-ucenju\/","title":{"rendered":"Korisni linkovi za pomo\u0107 u u\u010denju"},"content":{"rendered":"<p>&nbsp;<\/p>\n<p style=\"text-align: center\"><a href=\"http:\/\/lektire.skole.hr\/\" target=\"_blank\">eLektire<\/a><\/p>\n<p style=\"text-align: center\"><a href=\"http:\/\/bioteka.hr\/\" target=\"_blank\">Portal Bioteka.hr<\/a><\/p>\n<p style=\"text-align: center\"><a href=\"http:\/\/www.eduvizija.hr\/portal\/\" target=\"_blank\">Eduvizija.hr<\/a><\/p>\n<p style=\"text-align: center\"><a href=\"http:\/\/www.sysprint.hr\/drvo\/\" target=\"_blank\">\u010casopis Drvo znanja<\/a><\/p>\n<p style=\"text-align: center\"><a href=\"http:\/\/www.geografija.hr\/\" target=\"_blank\">Geografija.hr<\/a><\/p>\n<p style=\"text-align: center\"><a href=\"http:\/\/povijest.net\/\" target=\"_blank\">Hrvatski povijesni portal<\/a><\/p>\n<p style=\"text-align: center\"><a href=\"http:\/\/eskola.hfd.hr\/\" target=\"_blank\">E-\u0161kola Hrvatskog fizikalnog dru\u0161tva<\/a><\/p>\n<p style=\"text-align: center\"><a href=\"http:\/\/www.zlatnadjeca.com\/\" target=\"_blank\">Zlatna djeca<\/a><\/p>\n<p>&nbsp;<\/p>\n<p>&nbsp;<\/p>\n","protected":false},"excerpt":{"rendered":"<p>&nbsp; eLektire Portal Bioteka.hr Eduvizija.hr \u010casopis Drvo znanja Geografija.hr Hrvatski povijesni portal E-\u0161kola Hrvatskog fizikalnog dru\u0161tva Zlatna djeca &nbsp; &nbsp;<\/p>\n","protected":false},"author":99,"featured_media":0,"parent":0,"menu_order":0,"comment_status":"closed","ping_status":"closed","template":"","meta":{"ngg_post_thumbnail":0},"yoast_head":"<!-- This site is optimized with the Yoast SEO plugin v16.4 - https:\/\/yoast.com\/wordpress\/plugins\/seo\/ -->\n<meta name=\"robots\" content=\"index, follow, max-snippet:-1, max-image-preview:large, max-video-preview:-1\" \/>\n<link rel=\"canonical\" href=\"http:\/\/knjiznice.nsk.hr\/ogulin\/korisni-linkovi-za-pomoc-u-ucenju\/\" \/>\n<meta property=\"og:locale\" content=\"hr_HR\" \/>\n<meta property=\"og:type\" content=\"article\" \/>\n<meta property=\"og:title\" content=\"Korisni linkovi za pomo\u0107 u u\u010denju - Gradska knji\u017enica i \u010ditaonica Ogulin\" \/>\n<meta property=\"og:description\" content=\"&nbsp; eLektire Portal Bioteka.hr Eduvizija.hr \u010casopis Drvo znanja Geografija.hr Hrvatski povijesni portal E-\u0161kola Hrvatskog fizikalnog dru\u0161tva Zlatna djeca &nbsp; &nbsp;\" \/>\n<meta property=\"og:url\" content=\"http:\/\/knjiznice.nsk.hr\/ogulin\/korisni-linkovi-za-pomoc-u-ucenju\/\" \/>\n<meta property=\"og:site_name\" content=\"Gradska knji\u017enica i \u010ditaonica Ogulin\" \/>\n<meta property=\"article:modified_time\" content=\"2017-01-10T18:16:39+00:00\" \/>\n<script type=\"application\/ld+json\" class=\"yoast-schema-graph\">{\"@context\":\"https:\/\/schema.org\",\"@graph\":[{\"@type\":\"WebSite\",\"@id\":\"http:\/\/knjiznice.nsk.hr\/ogulin\/#website\",\"url\":\"http:\/\/knjiznice.nsk.hr\/ogulin\/\",\"name\":\"Gradska knji\\u017enica i \\u010ditaonica Ogulin\",\"description\":\"Najbolja stvar kod knji\\u017enica jest ta da je dovoljno velika da stane cijeli svijet u nju, a opet dovoljno mala da stane u tvoj grad.\",\"potentialAction\":[{\"@type\":\"SearchAction\",\"target\":\"http:\/\/knjiznice.nsk.hr\/ogulin\/?s={search_term_string}\",\"query-input\":\"required name=search_term_string\"}],\"inLanguage\":\"hr\"},{\"@type\":\"WebPage\",\"@id\":\"http:\/\/knjiznice.nsk.hr\/ogulin\/korisni-linkovi-za-pomoc-u-ucenju\/#webpage\",\"url\":\"http:\/\/knjiznice.nsk.hr\/ogulin\/korisni-linkovi-za-pomoc-u-ucenju\/\",\"name\":\"Korisni linkovi za pomo\\u0107 u u\\u010denju - Gradska knji\\u017enica i \\u010ditaonica Ogulin\",\"isPartOf\":{\"@id\":\"http:\/\/knjiznice.nsk.hr\/ogulin\/#website\"},\"datePublished\":\"2016-03-15T17:15:23+00:00\",\"dateModified\":\"2017-01-10T18:16:39+00:00\",\"breadcrumb\":{\"@id\":\"http:\/\/knjiznice.nsk.hr\/ogulin\/korisni-linkovi-za-pomoc-u-ucenju\/#breadcrumb\"},\"inLanguage\":\"hr\",\"potentialAction\":[{\"@type\":\"ReadAction\",\"target\":[\"http:\/\/knjiznice.nsk.hr\/ogulin\/korisni-linkovi-za-pomoc-u-ucenju\/\"]}]},{\"@type\":\"BreadcrumbList\",\"@id\":\"http:\/\/knjiznice.nsk.hr\/ogulin\/korisni-linkovi-za-pomoc-u-ucenju\/#breadcrumb\",\"itemListElement\":[{\"@type\":\"ListItem\",\"position\":1,\"item\":{\"@type\":\"WebPage\",\"@id\":\"http:\/\/knjiznice.nsk.hr\/ogulin\/\",\"url\":\"http:\/\/knjiznice.nsk.hr\/ogulin\/\",\"name\":\"Po\\u010detna stranica\"}},{\"@type\":\"ListItem\",\"position\":2,\"item\":{\"@id\":\"http:\/\/knjiznice.nsk.hr\/ogulin\/korisni-linkovi-za-pomoc-u-ucenju\/#webpage\"}}]}]}<\/script>\n<!-- \/ Yoast SEO plugin. -->","_links":{"self":[{"href":"http:\/\/knjiznice.nsk.hr\/ogulin\/wp-json\/wp\/v2\/pages\/508"}],"collection":[{"href":"http:\/\/knjiznice.nsk.hr\/ogulin\/wp-json\/wp\/v2\/pages"}],"about":[{"href":"http:\/\/knjiznice.nsk.hr\/ogulin\/wp-json\/wp\/v2\/types\/page"}],"author":[{"embeddable":true,"href":"http:\/\/knjiznice.nsk.hr\/ogulin\/wp-json\/wp\/v2\/users\/99"}],"replies":[{"embeddable":true,"href":"http:\/\/knjiznice.nsk.hr\/ogulin\/wp-json\/wp\/v2\/comments?post=508"}],"version-history":[{"count":7,"href":"http:\/\/knjiznice.nsk.hr\/ogulin\/wp-json\/wp\/v2\/pages\/508\/revisions"}],"predecessor-version":[{"id":1053,"href":"http:\/\/knjiznice.nsk.hr\/ogulin\/wp-json\/wp\/v2\/pages\/508\/revisions\/1053"}],"wp:attachment":[{"href":"http:\/\/knjiznice.nsk.hr\/ogulin\/wp-json\/wp\/v2\/media?parent=508"}],"curies":[{"name":"wp","href":"https:\/\/api.w.org\/{rel}","templated":true}]}}