{"id":475,"date":"2016-03-11T12:04:39","date_gmt":"2016-03-11T12:04:39","guid":{"rendered":"http:\/\/knjiznice.nsk.hr\/ogulin\/?page_id=475"},"modified":"2016-03-11T12:04:39","modified_gmt":"2016-03-11T12:04:39","slug":"lutkarska-druzina-tintilinic","status":"publish","type":"page","link":"http:\/\/knjiznice.nsk.hr\/ogulin\/lutkarska-druzina-tintilinic\/","title":{"rendered":"Lutkarska dru\u017eina &#8220;Tintilini\u0107&#8221;"},"content":{"rendered":"<p><strong>Dragi osnovno\u0161kolci i pred\u0161kolci<\/strong>, prijavite se u \u010ditaonici Gradske knji\u017enice i \u010ditaonice Ogulin i ostavite kontakt ako \u017eelite glumiti i zabaviti se uz atraktivne lutke!<\/p>\n","protected":false},"excerpt":{"rendered":"<p>Dragi osnovno\u0161kolci i pred\u0161kolci, prijavite se u \u010ditaonici Gradske knji\u017enice i \u010ditaonice Ogulin i ostavite kontakt ako \u017eelite glumiti i zabaviti se uz atraktivne lutke!<\/p>\n","protected":false},"author":99,"featured_media":0,"parent":0,"menu_order":0,"comment_status":"closed","ping_status":"closed","template":"","meta":{"ngg_post_thumbnail":0},"yoast_head":"<!-- This site is optimized with the Yoast SEO plugin v16.4 - https:\/\/yoast.com\/wordpress\/plugins\/seo\/ -->\n<meta name=\"robots\" content=\"index, follow, max-snippet:-1, max-image-preview:large, max-video-preview:-1\" \/>\n<link rel=\"canonical\" href=\"http:\/\/knjiznice.nsk.hr\/ogulin\/lutkarska-druzina-tintilinic\/\" \/>\n<meta property=\"og:locale\" content=\"hr_HR\" \/>\n<meta property=\"og:type\" content=\"article\" \/>\n<meta property=\"og:title\" content=\"Lutkarska dru\u017eina &quot;Tintilini\u0107&quot; - Gradska knji\u017enica i \u010ditaonica Ogulin\" \/>\n<meta property=\"og:description\" content=\"Dragi osnovno\u0161kolci i pred\u0161kolci, prijavite se u \u010ditaonici Gradske knji\u017enice i \u010ditaonice Ogulin i ostavite kontakt ako \u017eelite glumiti i zabaviti se uz atraktivne lutke!\" \/>\n<meta property=\"og:url\" content=\"http:\/\/knjiznice.nsk.hr\/ogulin\/lutkarska-druzina-tintilinic\/\" \/>\n<meta property=\"og:site_name\" content=\"Gradska knji\u017enica i \u010ditaonica Ogulin\" \/>\n<script type=\"application\/ld+json\" class=\"yoast-schema-graph\">{\"@context\":\"https:\/\/schema.org\",\"@graph\":[{\"@type\":\"WebSite\",\"@id\":\"http:\/\/knjiznice.nsk.hr\/ogulin\/#website\",\"url\":\"http:\/\/knjiznice.nsk.hr\/ogulin\/\",\"name\":\"Gradska knji\\u017enica i \\u010ditaonica Ogulin\",\"description\":\"Najbolja stvar kod knji\\u017enica jest ta da je dovoljno velika da stane cijeli svijet u nju, a opet dovoljno mala da stane u tvoj grad.\",\"potentialAction\":[{\"@type\":\"SearchAction\",\"target\":\"http:\/\/knjiznice.nsk.hr\/ogulin\/?s={search_term_string}\",\"query-input\":\"required name=search_term_string\"}],\"inLanguage\":\"hr\"},{\"@type\":\"WebPage\",\"@id\":\"http:\/\/knjiznice.nsk.hr\/ogulin\/lutkarska-druzina-tintilinic\/#webpage\",\"url\":\"http:\/\/knjiznice.nsk.hr\/ogulin\/lutkarska-druzina-tintilinic\/\",\"name\":\"Lutkarska dru\\u017eina \\\"Tintilini\\u0107\\\" - Gradska knji\\u017enica i \\u010ditaonica Ogulin\",\"isPartOf\":{\"@id\":\"http:\/\/knjiznice.nsk.hr\/ogulin\/#website\"},\"datePublished\":\"2016-03-11T12:04:39+00:00\",\"dateModified\":\"2016-03-11T12:04:39+00:00\",\"breadcrumb\":{\"@id\":\"http:\/\/knjiznice.nsk.hr\/ogulin\/lutkarska-druzina-tintilinic\/#breadcrumb\"},\"inLanguage\":\"hr\",\"potentialAction\":[{\"@type\":\"ReadAction\",\"target\":[\"http:\/\/knjiznice.nsk.hr\/ogulin\/lutkarska-druzina-tintilinic\/\"]}]},{\"@type\":\"BreadcrumbList\",\"@id\":\"http:\/\/knjiznice.nsk.hr\/ogulin\/lutkarska-druzina-tintilinic\/#breadcrumb\",\"itemListElement\":[{\"@type\":\"ListItem\",\"position\":1,\"item\":{\"@type\":\"WebPage\",\"@id\":\"http:\/\/knjiznice.nsk.hr\/ogulin\/\",\"url\":\"http:\/\/knjiznice.nsk.hr\/ogulin\/\",\"name\":\"Po\\u010detna stranica\"}},{\"@type\":\"ListItem\",\"position\":2,\"item\":{\"@id\":\"http:\/\/knjiznice.nsk.hr\/ogulin\/lutkarska-druzina-tintilinic\/#webpage\"}}]}]}<\/script>\n<!-- \/ Yoast SEO plugin. -->","_links":{"self":[{"href":"http:\/\/knjiznice.nsk.hr\/ogulin\/wp-json\/wp\/v2\/pages\/475"}],"collection":[{"href":"http:\/\/knjiznice.nsk.hr\/ogulin\/wp-json\/wp\/v2\/pages"}],"about":[{"href":"http:\/\/knjiznice.nsk.hr\/ogulin\/wp-json\/wp\/v2\/types\/page"}],"author":[{"embeddable":true,"href":"http:\/\/knjiznice.nsk.hr\/ogulin\/wp-json\/wp\/v2\/users\/99"}],"replies":[{"embeddable":true,"href":"http:\/\/knjiznice.nsk.hr\/ogulin\/wp-json\/wp\/v2\/comments?post=475"}],"version-history":[{"count":1,"href":"http:\/\/knjiznice.nsk.hr\/ogulin\/wp-json\/wp\/v2\/pages\/475\/revisions"}],"predecessor-version":[{"id":476,"href":"http:\/\/knjiznice.nsk.hr\/ogulin\/wp-json\/wp\/v2\/pages\/475\/revisions\/476"}],"wp:attachment":[{"href":"http:\/\/knjiznice.nsk.hr\/ogulin\/wp-json\/wp\/v2\/media?parent=475"}],"curies":[{"name":"wp","href":"https:\/\/api.w.org\/{rel}","templated":true}]}}