{"id":433,"date":"2016-03-09T12:38:39","date_gmt":"2016-03-09T12:38:39","guid":{"rendered":"http:\/\/knjiznice.nsk.hr\/ogulin\/?page_id=433"},"modified":"2016-03-09T12:38:39","modified_gmt":"2016-03-09T12:38:39","slug":"uvjeti-koristenja","status":"publish","type":"page","link":"http:\/\/knjiznice.nsk.hr\/ogulin\/uvjeti-koristenja\/","title":{"rendered":"Uvjeti kori\u0161tenja"},"content":{"rendered":"<p>Knji\u017eni\u010dna gra\u0111a daje se na posudbu izvan Knji\u017enice ili na kori\u0161tenje u Knji\u017enici i \u010ditaonicama.<br \/>\nKnji\u017eni\u010dnu gra\u0111u smiju posu\u0111ivati samo \u010dlanovi Knji\u017enice.<br \/>\nPosu\u0111enu knji\u017eni\u010dnu gra\u0111u \u010dlan knji\u017enice ne smije posu\u0111ivati drugim osobama.<br \/>\nKnji\u017eni\u010dna gra\u0111a iznimne starosti, sadr\u017eajne i materijalne vrijednosti, gra\u0111a referentne zbirke i drugih zasebnih zbirki, novine i \u010dasopisi koriste se samo u odjelima i \u010ditaonicama Knji\u017enice.<\/p>\n<p>Odjednom se mo\u017ee posuditi 3 knjige na rok od 20 dana. Knjige se mogu produ\u017eiti jo\u0161 jedan rok od 20 dana telefonom ili dolaskom u knji\u017enicu.<\/p>\n<p>Ukoliko posu\u0111ene knjige ne vratite na vrijeme, pla\u0107ate 0,50 kn zakasnine po knjizi i po danu.<\/p>\n","protected":false},"excerpt":{"rendered":"<p>Knji\u017eni\u010dna gra\u0111a daje se na posudbu izvan Knji\u017enice ili na kori\u0161tenje u Knji\u017enici i \u010ditaonicama. Knji\u017eni\u010dnu gra\u0111u smiju posu\u0111ivati samo \u010dlanovi Knji\u017enice. Posu\u0111enu knji\u017eni\u010dnu gra\u0111u \u010dlan knji\u017enice ne smije posu\u0111ivati drugim osobama. Knji\u017eni\u010dna gra\u0111a iznimne starosti, sadr\u017eajne i materijalne vrijednosti, gra\u0111a referentne zbirke i drugih zasebnih zbirki, novine i \u010dasopisi koriste se samo u odjelima [&hellip;]<\/p>\n","protected":false},"author":99,"featured_media":0,"parent":0,"menu_order":0,"comment_status":"closed","ping_status":"closed","template":"","meta":{"ngg_post_thumbnail":0},"yoast_head":"<!-- This site is optimized with the Yoast SEO plugin v16.4 - https:\/\/yoast.com\/wordpress\/plugins\/seo\/ -->\n<meta name=\"robots\" content=\"index, follow, max-snippet:-1, max-image-preview:large, max-video-preview:-1\" \/>\n<link rel=\"canonical\" href=\"http:\/\/knjiznice.nsk.hr\/ogulin\/uvjeti-koristenja\/\" \/>\n<meta property=\"og:locale\" content=\"hr_HR\" \/>\n<meta property=\"og:type\" content=\"article\" \/>\n<meta property=\"og:title\" content=\"Uvjeti kori\u0161tenja - Gradska knji\u017enica i \u010ditaonica Ogulin\" \/>\n<meta property=\"og:description\" content=\"Knji\u017eni\u010dna gra\u0111a daje se na posudbu izvan Knji\u017enice ili na kori\u0161tenje u Knji\u017enici i \u010ditaonicama. Knji\u017eni\u010dnu gra\u0111u smiju posu\u0111ivati samo \u010dlanovi Knji\u017enice. Posu\u0111enu knji\u017eni\u010dnu gra\u0111u \u010dlan knji\u017enice ne smije posu\u0111ivati drugim osobama. Knji\u017eni\u010dna gra\u0111a iznimne starosti, sadr\u017eajne i materijalne vrijednosti, gra\u0111a referentne zbirke i drugih zasebnih zbirki, novine i \u010dasopisi koriste se samo u odjelima [&hellip;]\" \/>\n<meta property=\"og:url\" content=\"http:\/\/knjiznice.nsk.hr\/ogulin\/uvjeti-koristenja\/\" \/>\n<meta property=\"og:site_name\" content=\"Gradska knji\u017enica i \u010ditaonica Ogulin\" \/>\n<meta name=\"twitter:label1\" content=\"Procijenjeno vrijeme \u010ditanja\" \/>\n\t<meta name=\"twitter:data1\" content=\"1 minuta\" \/>\n<script type=\"application\/ld+json\" class=\"yoast-schema-graph\">{\"@context\":\"https:\/\/schema.org\",\"@graph\":[{\"@type\":\"WebSite\",\"@id\":\"http:\/\/knjiznice.nsk.hr\/ogulin\/#website\",\"url\":\"http:\/\/knjiznice.nsk.hr\/ogulin\/\",\"name\":\"Gradska knji\\u017enica i \\u010ditaonica Ogulin\",\"description\":\"Najbolja stvar kod knji\\u017enica jest ta da je dovoljno velika da stane cijeli svijet u nju, a opet dovoljno mala da stane u tvoj grad.\",\"potentialAction\":[{\"@type\":\"SearchAction\",\"target\":\"http:\/\/knjiznice.nsk.hr\/ogulin\/?s={search_term_string}\",\"query-input\":\"required name=search_term_string\"}],\"inLanguage\":\"hr\"},{\"@type\":\"WebPage\",\"@id\":\"http:\/\/knjiznice.nsk.hr\/ogulin\/uvjeti-koristenja\/#webpage\",\"url\":\"http:\/\/knjiznice.nsk.hr\/ogulin\/uvjeti-koristenja\/\",\"name\":\"Uvjeti kori\\u0161tenja - Gradska knji\\u017enica i \\u010ditaonica Ogulin\",\"isPartOf\":{\"@id\":\"http:\/\/knjiznice.nsk.hr\/ogulin\/#website\"},\"datePublished\":\"2016-03-09T12:38:39+00:00\",\"dateModified\":\"2016-03-09T12:38:39+00:00\",\"breadcrumb\":{\"@id\":\"http:\/\/knjiznice.nsk.hr\/ogulin\/uvjeti-koristenja\/#breadcrumb\"},\"inLanguage\":\"hr\",\"potentialAction\":[{\"@type\":\"ReadAction\",\"target\":[\"http:\/\/knjiznice.nsk.hr\/ogulin\/uvjeti-koristenja\/\"]}]},{\"@type\":\"BreadcrumbList\",\"@id\":\"http:\/\/knjiznice.nsk.hr\/ogulin\/uvjeti-koristenja\/#breadcrumb\",\"itemListElement\":[{\"@type\":\"ListItem\",\"position\":1,\"item\":{\"@type\":\"WebPage\",\"@id\":\"http:\/\/knjiznice.nsk.hr\/ogulin\/\",\"url\":\"http:\/\/knjiznice.nsk.hr\/ogulin\/\",\"name\":\"Po\\u010detna stranica\"}},{\"@type\":\"ListItem\",\"position\":2,\"item\":{\"@id\":\"http:\/\/knjiznice.nsk.hr\/ogulin\/uvjeti-koristenja\/#webpage\"}}]}]}<\/script>\n<!-- \/ Yoast SEO plugin. -->","_links":{"self":[{"href":"http:\/\/knjiznice.nsk.hr\/ogulin\/wp-json\/wp\/v2\/pages\/433"}],"collection":[{"href":"http:\/\/knjiznice.nsk.hr\/ogulin\/wp-json\/wp\/v2\/pages"}],"about":[{"href":"http:\/\/knjiznice.nsk.hr\/ogulin\/wp-json\/wp\/v2\/types\/page"}],"author":[{"embeddable":true,"href":"http:\/\/knjiznice.nsk.hr\/ogulin\/wp-json\/wp\/v2\/users\/99"}],"replies":[{"embeddable":true,"href":"http:\/\/knjiznice.nsk.hr\/ogulin\/wp-json\/wp\/v2\/comments?post=433"}],"version-history":[{"count":1,"href":"http:\/\/knjiznice.nsk.hr\/ogulin\/wp-json\/wp\/v2\/pages\/433\/revisions"}],"predecessor-version":[{"id":434,"href":"http:\/\/knjiznice.nsk.hr\/ogulin\/wp-json\/wp\/v2\/pages\/433\/revisions\/434"}],"wp:attachment":[{"href":"http:\/\/knjiznice.nsk.hr\/ogulin\/wp-json\/wp\/v2\/media?parent=433"}],"curies":[{"name":"wp","href":"https:\/\/api.w.org\/{rel}","templated":true}]}}