{"id":431,"date":"2016-03-09T12:32:37","date_gmt":"2016-03-09T12:32:37","guid":{"rendered":"http:\/\/knjiznice.nsk.hr\/ogulin\/?page_id=431"},"modified":"2016-12-22T13:13:28","modified_gmt":"2016-12-22T12:13:28","slug":"cjenik","status":"publish","type":"page","link":"http:\/\/knjiznice.nsk.hr\/ogulin\/cjenik\/","title":{"rendered":"Cjenik"},"content":{"rendered":"<table border=\"1\" cellspacing=\"0\" cellpadding=\"7\">\n<tbody>\n<tr>\n<td valign=\"TOP\" width=\"100%\">\n<p align=\"JUSTIFY\"><strong>\u010cLANARINA ZA ODRASLE \u00a0 50,00 KN<\/strong><\/p>\n<\/td>\n<\/tr>\n<tr>\n<td valign=\"TOP\" width=\"100%\">\n<p align=\"JUSTIFY\"><strong>\u010cLANARINA ZA DJECU (PRED\u0160KOLCI I OSNOVNA \u0160KOLA) \u00a0 25,00 KN<\/strong><\/p>\n<\/td>\n<\/tr>\n<tr>\n<td valign=\"TOP\" width=\"100%\">\n<p align=\"JUSTIFY\"><strong>TROMJESE\u010cNA \u010cLANARINA \u00a0 30,00 KN<\/strong><\/p>\n<\/td>\n<\/tr>\n<tr>\n<td valign=\"TOP\" width=\"100%\">\n<p align=\"JUSTIFY\"><strong>NOVA ISKAZNICA (UKOLIKO JE STARA IZGUBLJENA) \u00a0 10,00 KN<\/strong><\/p>\n<\/td>\n<\/tr>\n<tr>\n<td valign=\"TOP\" width=\"100%\">\n<p align=\"JUSTIFY\"><strong>REZERVACIJA JEDNA KNJIGA \u00a0 2,00 KN<\/strong><\/p>\n<\/td>\n<\/tr>\n<tr>\n<td valign=\"TOP\" width=\"100%\">\n<p align=\"JUSTIFY\"><strong>ZAKASNINA PO KNJIZI \u00a0 0,50 KN<\/strong><\/p>\n<\/td>\n<\/tr>\n<tr>\n<td valign=\"TOP\" width=\"100%\">\n<p align=\"JUSTIFY\"><strong>ZAKASNINA AVE GRA\u0110E (PO DANU I JEDINICI GRA\u0110E) \u00a0 5,00 KN<\/strong><\/p>\n<\/td>\n<\/tr>\n<tr>\n<td valign=\"TOP\" width=\"100%\">\n<p align=\"JUSTIFY\"><strong>FOTOKOPIRANJE I PRINT IZ RA\u010cUNALA<\/strong><\/p>\n<\/td>\n<\/tr>\n<tr>\n<td valign=\"TOP\" width=\"100%\">\n<p align=\"JUSTIFY\"><strong>A4 CRNO-BIJELO \u00a0 0,50, KN<\/strong><\/p>\n<\/td>\n<\/tr>\n<tr>\n<td valign=\"TOP\" width=\"100%\">\n<p align=\"JUSTIFY\"><strong>A3 CRNO-BIJELO \u00a0 1,00 KN<\/strong><\/p>\n<\/td>\n<\/tr>\n<tr>\n<td valign=\"TOP\" width=\"100%\">\n<p align=\"JUSTIFY\"><strong>A4 U BOJI \u00a0 2,00 KN<\/strong><\/p>\n<\/td>\n<\/tr>\n<tr>\n<td valign=\"TOP\" width=\"100%\">\n<p align=\"JUSTIFY\"><strong>A3 U BOJI \u00a0 4,00 KN<\/strong><\/p>\n<\/td>\n<\/tr>\n<tr>\n<td valign=\"TOP\" width=\"100%\">\n<p align=\"JUSTIFY\"><strong>NAKNADA ZA KORI\u0160TENJE RA\u010cUNALA JEDAN SAT \u00a0 6,00 KN<\/strong><\/p>\n<\/td>\n<\/tr>\n<tr>\n<td valign=\"TOP\" width=\"100%\">\n<p align=\"JUSTIFY\"><strong>ZA \u010cLANOVE KNJI\u017dNICE BESPLATNO<\/strong><\/p>\n<\/td>\n<\/tr>\n<tr>\n<td valign=\"TOP\" width=\"100%\">\n<p align=\"JUSTIFY\"><strong>ME\u0110UKNJI\u017dNI\u010cNA POSUDBA PREMA STVARNIM TRO\u0160KOVIMA<\/strong><\/p>\n<\/td>\n<\/tr>\n<\/tbody>\n<\/table>\n","protected":false},"excerpt":{"rendered":"<p>\u010cLANARINA ZA ODRASLE \u00a0 50,00 KN \u010cLANARINA ZA DJECU (PRED\u0160KOLCI I OSNOVNA \u0160KOLA) \u00a0 25,00 KN TROMJESE\u010cNA \u010cLANARINA \u00a0 30,00 KN NOVA ISKAZNICA (UKOLIKO JE STARA IZGUBLJENA) \u00a0 10,00 KN REZERVACIJA JEDNA KNJIGA \u00a0 2,00 KN ZAKASNINA PO KNJIZI \u00a0 0,50 KN ZAKASNINA AVE GRA\u0110E (PO DANU I JEDINICI GRA\u0110E) \u00a0 5,00 KN FOTOKOPIRANJE I [&hellip;]<\/p>\n","protected":false},"author":99,"featured_media":0,"parent":0,"menu_order":0,"comment_status":"closed","ping_status":"closed","template":"","meta":{"ngg_post_thumbnail":0},"yoast_head":"<!-- This site is optimized with the Yoast SEO plugin v16.4 - https:\/\/yoast.com\/wordpress\/plugins\/seo\/ -->\n<meta name=\"robots\" content=\"index, follow, max-snippet:-1, max-image-preview:large, max-video-preview:-1\" \/>\n<link rel=\"canonical\" href=\"http:\/\/knjiznice.nsk.hr\/ogulin\/cjenik\/\" \/>\n<meta property=\"og:locale\" content=\"hr_HR\" \/>\n<meta property=\"og:type\" content=\"article\" \/>\n<meta property=\"og:title\" content=\"Cjenik - Gradska knji\u017enica i \u010ditaonica Ogulin\" \/>\n<meta property=\"og:description\" content=\"\u010cLANARINA ZA ODRASLE \u00a0 50,00 KN \u010cLANARINA ZA DJECU (PRED\u0160KOLCI I OSNOVNA \u0160KOLA) \u00a0 25,00 KN TROMJESE\u010cNA \u010cLANARINA \u00a0 30,00 KN NOVA ISKAZNICA (UKOLIKO JE STARA IZGUBLJENA) \u00a0 10,00 KN REZERVACIJA JEDNA KNJIGA \u00a0 2,00 KN ZAKASNINA PO KNJIZI \u00a0 0,50 KN ZAKASNINA AVE GRA\u0110E (PO DANU I JEDINICI GRA\u0110E) \u00a0 5,00 KN FOTOKOPIRANJE I [&hellip;]\" \/>\n<meta property=\"og:url\" content=\"http:\/\/knjiznice.nsk.hr\/ogulin\/cjenik\/\" \/>\n<meta property=\"og:site_name\" content=\"Gradska knji\u017enica i \u010ditaonica Ogulin\" \/>\n<meta property=\"article:modified_time\" content=\"2016-12-22T12:13:28+00:00\" \/>\n<script type=\"application\/ld+json\" class=\"yoast-schema-graph\">{\"@context\":\"https:\/\/schema.org\",\"@graph\":[{\"@type\":\"WebSite\",\"@id\":\"http:\/\/knjiznice.nsk.hr\/ogulin\/#website\",\"url\":\"http:\/\/knjiznice.nsk.hr\/ogulin\/\",\"name\":\"Gradska knji\\u017enica i \\u010ditaonica Ogulin\",\"description\":\"Najbolja stvar kod knji\\u017enica jest ta da je dovoljno velika da stane cijeli svijet u nju, a opet dovoljno mala da stane u tvoj grad.\",\"potentialAction\":[{\"@type\":\"SearchAction\",\"target\":\"http:\/\/knjiznice.nsk.hr\/ogulin\/?s={search_term_string}\",\"query-input\":\"required name=search_term_string\"}],\"inLanguage\":\"hr\"},{\"@type\":\"WebPage\",\"@id\":\"http:\/\/knjiznice.nsk.hr\/ogulin\/cjenik\/#webpage\",\"url\":\"http:\/\/knjiznice.nsk.hr\/ogulin\/cjenik\/\",\"name\":\"Cjenik - Gradska knji\\u017enica i \\u010ditaonica Ogulin\",\"isPartOf\":{\"@id\":\"http:\/\/knjiznice.nsk.hr\/ogulin\/#website\"},\"datePublished\":\"2016-03-09T12:32:37+00:00\",\"dateModified\":\"2016-12-22T12:13:28+00:00\",\"breadcrumb\":{\"@id\":\"http:\/\/knjiznice.nsk.hr\/ogulin\/cjenik\/#breadcrumb\"},\"inLanguage\":\"hr\",\"potentialAction\":[{\"@type\":\"ReadAction\",\"target\":[\"http:\/\/knjiznice.nsk.hr\/ogulin\/cjenik\/\"]}]},{\"@type\":\"BreadcrumbList\",\"@id\":\"http:\/\/knjiznice.nsk.hr\/ogulin\/cjenik\/#breadcrumb\",\"itemListElement\":[{\"@type\":\"ListItem\",\"position\":1,\"item\":{\"@type\":\"WebPage\",\"@id\":\"http:\/\/knjiznice.nsk.hr\/ogulin\/\",\"url\":\"http:\/\/knjiznice.nsk.hr\/ogulin\/\",\"name\":\"Po\\u010detna stranica\"}},{\"@type\":\"ListItem\",\"position\":2,\"item\":{\"@id\":\"http:\/\/knjiznice.nsk.hr\/ogulin\/cjenik\/#webpage\"}}]}]}<\/script>\n<!-- \/ Yoast SEO plugin. -->","_links":{"self":[{"href":"http:\/\/knjiznice.nsk.hr\/ogulin\/wp-json\/wp\/v2\/pages\/431"}],"collection":[{"href":"http:\/\/knjiznice.nsk.hr\/ogulin\/wp-json\/wp\/v2\/pages"}],"about":[{"href":"http:\/\/knjiznice.nsk.hr\/ogulin\/wp-json\/wp\/v2\/types\/page"}],"author":[{"embeddable":true,"href":"http:\/\/knjiznice.nsk.hr\/ogulin\/wp-json\/wp\/v2\/users\/99"}],"replies":[{"embeddable":true,"href":"http:\/\/knjiznice.nsk.hr\/ogulin\/wp-json\/wp\/v2\/comments?post=431"}],"version-history":[{"count":2,"href":"http:\/\/knjiznice.nsk.hr\/ogulin\/wp-json\/wp\/v2\/pages\/431\/revisions"}],"predecessor-version":[{"id":1016,"href":"http:\/\/knjiznice.nsk.hr\/ogulin\/wp-json\/wp\/v2\/pages\/431\/revisions\/1016"}],"wp:attachment":[{"href":"http:\/\/knjiznice.nsk.hr\/ogulin\/wp-json\/wp\/v2\/media?parent=431"}],"curies":[{"name":"wp","href":"https:\/\/api.w.org\/{rel}","templated":true}]}}