{"id":429,"date":"2016-03-09T12:30:46","date_gmt":"2016-03-09T12:30:46","guid":{"rendered":"http:\/\/knjiznice.nsk.hr\/ogulin\/?page_id=429"},"modified":"2016-03-09T12:30:46","modified_gmt":"2016-03-09T12:30:46","slug":"clanstvo","status":"publish","type":"page","link":"http:\/\/knjiznice.nsk.hr\/ogulin\/clanstvo\/","title":{"rendered":"\u010clanstvo"},"content":{"rendered":"<p>Pravo kori\u0161tenja usluga Knji\u017enice ostvaruje se upisom u \u010dlanstvo Knji\u017enice.<br \/>\nZa upis u \u010dlanstvo Knji\u017enice napla\u0107uje se \u010dlanarina.<br \/>\n\u010clanarina vrijedi godinu dana, odnosno 12 mjeseci od dana upisa.<br \/>\nIstekom roka iz prethodnog stavka, korisnik obnavlja upis ili mu prestaje \u010dlanstvo u Knji\u017enici. Kod obnove upisa, knji\u017eni\u010dni djelatnik provjerava to\u010dnost korisnikovih osobnih podataka.<\/p>\n<p>Prilikom upisa predo\u010duje se jedan od osobnih dokumenta, koji sadr\u017ei sve relevantne podatke potrebne za upis (osobna iskaznica).<\/p>\n<p>Na temelju upisa \u010dlan dobiva \u010dlansku iskaznicu Knji\u017enice.<\/p>\n","protected":false},"excerpt":{"rendered":"<p>Pravo kori\u0161tenja usluga Knji\u017enice ostvaruje se upisom u \u010dlanstvo Knji\u017enice. Za upis u \u010dlanstvo Knji\u017enice napla\u0107uje se \u010dlanarina. \u010clanarina vrijedi godinu dana, odnosno 12 mjeseci od dana upisa. Istekom roka iz prethodnog stavka, korisnik obnavlja upis ili mu prestaje \u010dlanstvo u Knji\u017enici. Kod obnove upisa, knji\u017eni\u010dni djelatnik provjerava to\u010dnost korisnikovih osobnih podataka. Prilikom upisa predo\u010duje [&hellip;]<\/p>\n","protected":false},"author":99,"featured_media":0,"parent":0,"menu_order":0,"comment_status":"closed","ping_status":"closed","template":"","meta":{"ngg_post_thumbnail":0},"yoast_head":"<!-- This site is optimized with the Yoast SEO plugin v16.4 - https:\/\/yoast.com\/wordpress\/plugins\/seo\/ -->\n<meta name=\"robots\" content=\"index, follow, max-snippet:-1, max-image-preview:large, max-video-preview:-1\" \/>\n<link rel=\"canonical\" href=\"http:\/\/knjiznice.nsk.hr\/ogulin\/clanstvo\/\" \/>\n<meta property=\"og:locale\" content=\"hr_HR\" \/>\n<meta property=\"og:type\" content=\"article\" \/>\n<meta property=\"og:title\" content=\"\u010clanstvo - Gradska knji\u017enica i \u010ditaonica Ogulin\" \/>\n<meta property=\"og:description\" content=\"Pravo kori\u0161tenja usluga Knji\u017enice ostvaruje se upisom u \u010dlanstvo Knji\u017enice. Za upis u \u010dlanstvo Knji\u017enice napla\u0107uje se \u010dlanarina. \u010clanarina vrijedi godinu dana, odnosno 12 mjeseci od dana upisa. Istekom roka iz prethodnog stavka, korisnik obnavlja upis ili mu prestaje \u010dlanstvo u Knji\u017enici. Kod obnove upisa, knji\u017eni\u010dni djelatnik provjerava to\u010dnost korisnikovih osobnih podataka. Prilikom upisa predo\u010duje [&hellip;]\" \/>\n<meta property=\"og:url\" content=\"http:\/\/knjiznice.nsk.hr\/ogulin\/clanstvo\/\" \/>\n<meta property=\"og:site_name\" content=\"Gradska knji\u017enica i \u010ditaonica Ogulin\" \/>\n<script type=\"application\/ld+json\" class=\"yoast-schema-graph\">{\"@context\":\"https:\/\/schema.org\",\"@graph\":[{\"@type\":\"WebSite\",\"@id\":\"http:\/\/knjiznice.nsk.hr\/ogulin\/#website\",\"url\":\"http:\/\/knjiznice.nsk.hr\/ogulin\/\",\"name\":\"Gradska knji\\u017enica i \\u010ditaonica Ogulin\",\"description\":\"Najbolja stvar kod knji\\u017enica jest ta da je dovoljno velika da stane cijeli svijet u nju, a opet dovoljno mala da stane u tvoj grad.\",\"potentialAction\":[{\"@type\":\"SearchAction\",\"target\":\"http:\/\/knjiznice.nsk.hr\/ogulin\/?s={search_term_string}\",\"query-input\":\"required name=search_term_string\"}],\"inLanguage\":\"hr\"},{\"@type\":\"WebPage\",\"@id\":\"http:\/\/knjiznice.nsk.hr\/ogulin\/clanstvo\/#webpage\",\"url\":\"http:\/\/knjiznice.nsk.hr\/ogulin\/clanstvo\/\",\"name\":\"\\u010clanstvo - Gradska knji\\u017enica i \\u010ditaonica Ogulin\",\"isPartOf\":{\"@id\":\"http:\/\/knjiznice.nsk.hr\/ogulin\/#website\"},\"datePublished\":\"2016-03-09T12:30:46+00:00\",\"dateModified\":\"2016-03-09T12:30:46+00:00\",\"breadcrumb\":{\"@id\":\"http:\/\/knjiznice.nsk.hr\/ogulin\/clanstvo\/#breadcrumb\"},\"inLanguage\":\"hr\",\"potentialAction\":[{\"@type\":\"ReadAction\",\"target\":[\"http:\/\/knjiznice.nsk.hr\/ogulin\/clanstvo\/\"]}]},{\"@type\":\"BreadcrumbList\",\"@id\":\"http:\/\/knjiznice.nsk.hr\/ogulin\/clanstvo\/#breadcrumb\",\"itemListElement\":[{\"@type\":\"ListItem\",\"position\":1,\"item\":{\"@type\":\"WebPage\",\"@id\":\"http:\/\/knjiznice.nsk.hr\/ogulin\/\",\"url\":\"http:\/\/knjiznice.nsk.hr\/ogulin\/\",\"name\":\"Po\\u010detna stranica\"}},{\"@type\":\"ListItem\",\"position\":2,\"item\":{\"@id\":\"http:\/\/knjiznice.nsk.hr\/ogulin\/clanstvo\/#webpage\"}}]}]}<\/script>\n<!-- \/ Yoast SEO plugin. -->","_links":{"self":[{"href":"http:\/\/knjiznice.nsk.hr\/ogulin\/wp-json\/wp\/v2\/pages\/429"}],"collection":[{"href":"http:\/\/knjiznice.nsk.hr\/ogulin\/wp-json\/wp\/v2\/pages"}],"about":[{"href":"http:\/\/knjiznice.nsk.hr\/ogulin\/wp-json\/wp\/v2\/types\/page"}],"author":[{"embeddable":true,"href":"http:\/\/knjiznice.nsk.hr\/ogulin\/wp-json\/wp\/v2\/users\/99"}],"replies":[{"embeddable":true,"href":"http:\/\/knjiznice.nsk.hr\/ogulin\/wp-json\/wp\/v2\/comments?post=429"}],"version-history":[{"count":1,"href":"http:\/\/knjiznice.nsk.hr\/ogulin\/wp-json\/wp\/v2\/pages\/429\/revisions"}],"predecessor-version":[{"id":430,"href":"http:\/\/knjiznice.nsk.hr\/ogulin\/wp-json\/wp\/v2\/pages\/429\/revisions\/430"}],"wp:attachment":[{"href":"http:\/\/knjiznice.nsk.hr\/ogulin\/wp-json\/wp\/v2\/media?parent=429"}],"curies":[{"name":"wp","href":"https:\/\/api.w.org\/{rel}","templated":true}]}}