{"id":427,"date":"2016-03-09T12:30:07","date_gmt":"2016-03-09T12:30:07","guid":{"rendered":"http:\/\/knjiznice.nsk.hr\/ogulin\/?page_id=427"},"modified":"2016-03-09T12:30:07","modified_gmt":"2016-03-09T12:30:07","slug":"zaposlenici","status":"publish","type":"page","link":"http:\/\/knjiznice.nsk.hr\/ogulin\/zaposlenici\/","title":{"rendered":"Zaposlenici"},"content":{"rendered":"<p>Mazor Marijana, ravnateljica, prof, dipl.knji\u017e.<\/p>\n<p>Brozovi\u0107 \u0160olai\u0107 Anita, mag. edu., mag.\u00a0 bibl.<\/p>\n<p>Brozovi\u0107 Nikolina, dip.ing., mag. bibl.<\/p>\n<p>Bla\u0161kovi\u0107 Rajka, pomo\u0107na knji\u017eni\u010darka<\/p>\n<p>Salopek Biserka, pomo\u0107na knji\u017eni\u010darka<\/p>\n<p>Cerani\u0107 Marija, sprema\u010dica<\/p>\n","protected":false},"excerpt":{"rendered":"<p>Mazor Marijana, ravnateljica, prof, dipl.knji\u017e. Brozovi\u0107 \u0160olai\u0107 Anita, mag. edu., mag.\u00a0 bibl. Brozovi\u0107 Nikolina, dip.ing., mag. bibl. Bla\u0161kovi\u0107 Rajka, pomo\u0107na knji\u017eni\u010darka Salopek Biserka, pomo\u0107na knji\u017eni\u010darka Cerani\u0107 Marija, sprema\u010dica<\/p>\n","protected":false},"author":99,"featured_media":0,"parent":0,"menu_order":0,"comment_status":"closed","ping_status":"closed","template":"","meta":{"ngg_post_thumbnail":0},"yoast_head":"<!-- This site is optimized with the Yoast SEO plugin v16.4 - https:\/\/yoast.com\/wordpress\/plugins\/seo\/ -->\n<meta name=\"robots\" content=\"index, follow, max-snippet:-1, max-image-preview:large, max-video-preview:-1\" \/>\n<link rel=\"canonical\" href=\"https:\/\/knjiznice.nsk.hr\/ogulin\/zaposlenici\/\" \/>\n<meta property=\"og:locale\" content=\"hr_HR\" \/>\n<meta property=\"og:type\" content=\"article\" \/>\n<meta property=\"og:title\" content=\"Zaposlenici - Gradska knji\u017enica i \u010ditaonica Ogulin\" \/>\n<meta property=\"og:description\" content=\"Mazor Marijana, ravnateljica, prof, dipl.knji\u017e. Brozovi\u0107 \u0160olai\u0107 Anita, mag. edu., mag.\u00a0 bibl. Brozovi\u0107 Nikolina, dip.ing., mag. bibl. Bla\u0161kovi\u0107 Rajka, pomo\u0107na knji\u017eni\u010darka Salopek Biserka, pomo\u0107na knji\u017eni\u010darka Cerani\u0107 Marija, sprema\u010dica\" \/>\n<meta property=\"og:url\" content=\"https:\/\/knjiznice.nsk.hr\/ogulin\/zaposlenici\/\" \/>\n<meta property=\"og:site_name\" content=\"Gradska knji\u017enica i \u010ditaonica Ogulin\" \/>\n<script type=\"application\/ld+json\" class=\"yoast-schema-graph\">{\"@context\":\"https:\/\/schema.org\",\"@graph\":[{\"@type\":\"WebSite\",\"@id\":\"http:\/\/knjiznice.nsk.hr\/ogulin\/#website\",\"url\":\"http:\/\/knjiznice.nsk.hr\/ogulin\/\",\"name\":\"Gradska knji\\u017enica i \\u010ditaonica Ogulin\",\"description\":\"Najbolja stvar kod knji\\u017enica jest ta da je dovoljno velika da stane cijeli svijet u nju, a opet dovoljno mala da stane u tvoj grad.\",\"potentialAction\":[{\"@type\":\"SearchAction\",\"target\":\"http:\/\/knjiznice.nsk.hr\/ogulin\/?s={search_term_string}\",\"query-input\":\"required name=search_term_string\"}],\"inLanguage\":\"hr\"},{\"@type\":\"WebPage\",\"@id\":\"https:\/\/knjiznice.nsk.hr\/ogulin\/zaposlenici\/#webpage\",\"url\":\"https:\/\/knjiznice.nsk.hr\/ogulin\/zaposlenici\/\",\"name\":\"Zaposlenici - Gradska knji\\u017enica i \\u010ditaonica Ogulin\",\"isPartOf\":{\"@id\":\"http:\/\/knjiznice.nsk.hr\/ogulin\/#website\"},\"datePublished\":\"2016-03-09T12:30:07+00:00\",\"dateModified\":\"2016-03-09T12:30:07+00:00\",\"breadcrumb\":{\"@id\":\"https:\/\/knjiznice.nsk.hr\/ogulin\/zaposlenici\/#breadcrumb\"},\"inLanguage\":\"hr\",\"potentialAction\":[{\"@type\":\"ReadAction\",\"target\":[\"https:\/\/knjiznice.nsk.hr\/ogulin\/zaposlenici\/\"]}]},{\"@type\":\"BreadcrumbList\",\"@id\":\"https:\/\/knjiznice.nsk.hr\/ogulin\/zaposlenici\/#breadcrumb\",\"itemListElement\":[{\"@type\":\"ListItem\",\"position\":1,\"item\":{\"@type\":\"WebPage\",\"@id\":\"http:\/\/knjiznice.nsk.hr\/ogulin\/\",\"url\":\"http:\/\/knjiznice.nsk.hr\/ogulin\/\",\"name\":\"Po\\u010detna stranica\"}},{\"@type\":\"ListItem\",\"position\":2,\"item\":{\"@id\":\"https:\/\/knjiznice.nsk.hr\/ogulin\/zaposlenici\/#webpage\"}}]}]}<\/script>\n<!-- \/ Yoast SEO plugin. -->","_links":{"self":[{"href":"http:\/\/knjiznice.nsk.hr\/ogulin\/wp-json\/wp\/v2\/pages\/427"}],"collection":[{"href":"http:\/\/knjiznice.nsk.hr\/ogulin\/wp-json\/wp\/v2\/pages"}],"about":[{"href":"http:\/\/knjiznice.nsk.hr\/ogulin\/wp-json\/wp\/v2\/types\/page"}],"author":[{"embeddable":true,"href":"http:\/\/knjiznice.nsk.hr\/ogulin\/wp-json\/wp\/v2\/users\/99"}],"replies":[{"embeddable":true,"href":"http:\/\/knjiznice.nsk.hr\/ogulin\/wp-json\/wp\/v2\/comments?post=427"}],"version-history":[{"count":1,"href":"http:\/\/knjiznice.nsk.hr\/ogulin\/wp-json\/wp\/v2\/pages\/427\/revisions"}],"predecessor-version":[{"id":428,"href":"http:\/\/knjiznice.nsk.hr\/ogulin\/wp-json\/wp\/v2\/pages\/427\/revisions\/428"}],"wp:attachment":[{"href":"http:\/\/knjiznice.nsk.hr\/ogulin\/wp-json\/wp\/v2\/media?parent=427"}],"curies":[{"name":"wp","href":"https:\/\/api.w.org\/{rel}","templated":true}]}}