{"id":425,"date":"2016-03-09T12:29:13","date_gmt":"2016-03-09T12:29:13","guid":{"rendered":"http:\/\/knjiznice.nsk.hr\/ogulin\/?page_id=425"},"modified":"2016-03-09T12:29:13","modified_gmt":"2016-03-09T12:29:13","slug":"misija","status":"publish","type":"page","link":"http:\/\/knjiznice.nsk.hr\/ogulin\/misija\/","title":{"rendered":"Misija"},"content":{"rendered":"<p>Zada\u0107a Gradske knji\u017enice i \u010ditaonice Ogulin je da u ostvariva\u00adnju javne slu\u017ebe nastoji zadovo\u00adljiti obrazovne, kulturne i informacijske potrebe svih gra\u0111ana na podru\u010dju svoga djelova\u00adnja te da promi\u010de \u010dita\u00adnje i druge kulturne aktivnosti u ci\u00adlju unapre\u0111iva\u00adnja ukupnoga kulturnoga \u017eivota zajednice.<\/p>\n","protected":false},"excerpt":{"rendered":"<p>Zada\u0107a Gradske knji\u017enice i \u010ditaonice Ogulin je da u ostvariva\u00adnju javne slu\u017ebe nastoji zadovo\u00adljiti obrazovne, kulturne i informacijske potrebe svih gra\u0111ana na podru\u010dju svoga djelova\u00adnja te da promi\u010de \u010dita\u00adnje i druge kulturne aktivnosti u ci\u00adlju unapre\u0111iva\u00adnja ukupnoga kulturnoga \u017eivota zajednice.<\/p>\n","protected":false},"author":99,"featured_media":0,"parent":0,"menu_order":0,"comment_status":"closed","ping_status":"closed","template":"","meta":{"ngg_post_thumbnail":0},"yoast_head":"<!-- This site is optimized with the Yoast SEO plugin v16.4 - https:\/\/yoast.com\/wordpress\/plugins\/seo\/ -->\n<meta name=\"robots\" content=\"index, follow, max-snippet:-1, max-image-preview:large, max-video-preview:-1\" \/>\n<link rel=\"canonical\" href=\"http:\/\/knjiznice.nsk.hr\/ogulin\/misija\/\" \/>\n<meta property=\"og:locale\" content=\"hr_HR\" \/>\n<meta property=\"og:type\" content=\"article\" \/>\n<meta property=\"og:title\" content=\"Misija - Gradska knji\u017enica i \u010ditaonica Ogulin\" \/>\n<meta property=\"og:description\" content=\"Zada\u0107a Gradske knji\u017enice i \u010ditaonice Ogulin je da u ostvariva\u00adnju javne slu\u017ebe nastoji zadovo\u00adljiti obrazovne, kulturne i informacijske potrebe svih gra\u0111ana na podru\u010dju svoga djelova\u00adnja te da promi\u010de \u010dita\u00adnje i druge kulturne aktivnosti u ci\u00adlju unapre\u0111iva\u00adnja ukupnoga kulturnoga \u017eivota zajednice.\" \/>\n<meta property=\"og:url\" content=\"http:\/\/knjiznice.nsk.hr\/ogulin\/misija\/\" \/>\n<meta property=\"og:site_name\" content=\"Gradska knji\u017enica i \u010ditaonica Ogulin\" \/>\n<script type=\"application\/ld+json\" class=\"yoast-schema-graph\">{\"@context\":\"https:\/\/schema.org\",\"@graph\":[{\"@type\":\"WebSite\",\"@id\":\"http:\/\/knjiznice.nsk.hr\/ogulin\/#website\",\"url\":\"http:\/\/knjiznice.nsk.hr\/ogulin\/\",\"name\":\"Gradska knji\\u017enica i \\u010ditaonica Ogulin\",\"description\":\"Najbolja stvar kod knji\\u017enica jest ta da je dovoljno velika da stane cijeli svijet u nju, a opet dovoljno mala da stane u tvoj grad.\",\"potentialAction\":[{\"@type\":\"SearchAction\",\"target\":\"http:\/\/knjiznice.nsk.hr\/ogulin\/?s={search_term_string}\",\"query-input\":\"required name=search_term_string\"}],\"inLanguage\":\"hr\"},{\"@type\":\"WebPage\",\"@id\":\"http:\/\/knjiznice.nsk.hr\/ogulin\/misija\/#webpage\",\"url\":\"http:\/\/knjiznice.nsk.hr\/ogulin\/misija\/\",\"name\":\"Misija - Gradska knji\\u017enica i \\u010ditaonica Ogulin\",\"isPartOf\":{\"@id\":\"http:\/\/knjiznice.nsk.hr\/ogulin\/#website\"},\"datePublished\":\"2016-03-09T12:29:13+00:00\",\"dateModified\":\"2016-03-09T12:29:13+00:00\",\"breadcrumb\":{\"@id\":\"http:\/\/knjiznice.nsk.hr\/ogulin\/misija\/#breadcrumb\"},\"inLanguage\":\"hr\",\"potentialAction\":[{\"@type\":\"ReadAction\",\"target\":[\"http:\/\/knjiznice.nsk.hr\/ogulin\/misija\/\"]}]},{\"@type\":\"BreadcrumbList\",\"@id\":\"http:\/\/knjiznice.nsk.hr\/ogulin\/misija\/#breadcrumb\",\"itemListElement\":[{\"@type\":\"ListItem\",\"position\":1,\"item\":{\"@type\":\"WebPage\",\"@id\":\"http:\/\/knjiznice.nsk.hr\/ogulin\/\",\"url\":\"http:\/\/knjiznice.nsk.hr\/ogulin\/\",\"name\":\"Po\\u010detna stranica\"}},{\"@type\":\"ListItem\",\"position\":2,\"item\":{\"@id\":\"http:\/\/knjiznice.nsk.hr\/ogulin\/misija\/#webpage\"}}]}]}<\/script>\n<!-- \/ Yoast SEO plugin. -->","_links":{"self":[{"href":"http:\/\/knjiznice.nsk.hr\/ogulin\/wp-json\/wp\/v2\/pages\/425"}],"collection":[{"href":"http:\/\/knjiznice.nsk.hr\/ogulin\/wp-json\/wp\/v2\/pages"}],"about":[{"href":"http:\/\/knjiznice.nsk.hr\/ogulin\/wp-json\/wp\/v2\/types\/page"}],"author":[{"embeddable":true,"href":"http:\/\/knjiznice.nsk.hr\/ogulin\/wp-json\/wp\/v2\/users\/99"}],"replies":[{"embeddable":true,"href":"http:\/\/knjiznice.nsk.hr\/ogulin\/wp-json\/wp\/v2\/comments?post=425"}],"version-history":[{"count":1,"href":"http:\/\/knjiznice.nsk.hr\/ogulin\/wp-json\/wp\/v2\/pages\/425\/revisions"}],"predecessor-version":[{"id":426,"href":"http:\/\/knjiznice.nsk.hr\/ogulin\/wp-json\/wp\/v2\/pages\/425\/revisions\/426"}],"wp:attachment":[{"href":"http:\/\/knjiznice.nsk.hr\/ogulin\/wp-json\/wp\/v2\/media?parent=425"}],"curies":[{"name":"wp","href":"https:\/\/api.w.org\/{rel}","templated":true}]}}