{"id":423,"date":"2016-03-09T12:28:41","date_gmt":"2016-03-09T12:28:41","guid":{"rendered":"http:\/\/knjiznice.nsk.hr\/ogulin\/?page_id=423"},"modified":"2016-06-20T14:39:12","modified_gmt":"2016-06-20T13:39:12","slug":"povijest","status":"publish","type":"page","link":"http:\/\/knjiznice.nsk.hr\/ogulin\/povijest\/","title":{"rendered":"Povijest"},"content":{"rendered":"<p><b>1864.<\/b>\u00a0godine prvi put se spominje \u010ditaonica u Ogulinu u jednom pismu poslanom Ljudevitu Gaju, prvom hrvatskom bibliofilu.<\/p>\n<p><b>1892.<\/b> dokaz o postojanju Ogulinske \u010ditaonice je zahvalnica tada\u0161njem predsjedniku Dru\u0161tva ogulinske \u010ditaonice Josipu Muzleru, \u201cvitezu reda Franje Jospipa I., Kr. pod\u017eupano Modru\u010dko-Rie\u010dke \u017eupanije\u201d (preuzeto iz same zahvalnice). Zahvalnica je izdana prigodom njegova odlaska iz Ogulina<\/p>\n<p><a href=\"http:\/\/knjiznice.nsk.hr\/ogulin\/166\/olympus-digital-camera\/\" rel=\"attachment wp-att-168\"><img loading=\"lazy\" class=\"aligncenter wp-image-168 size-medium\" src=\"http:\/\/knjiznice.nsk.hr\/ogulin\/wp-content\/uploads\/sites\/83\/2016\/01\/MUNI-251x300.jpg\" alt=\"OLYMPUS DIGITAL CAMERA\" width=\"251\" height=\"300\" srcset=\"http:\/\/knjiznice.nsk.hr\/ogulin\/wp-content\/uploads\/sites\/83\/2016\/01\/MUNI-251x300.jpg 251w, http:\/\/knjiznice.nsk.hr\/ogulin\/wp-content\/uploads\/sites\/83\/2016\/01\/MUNI.jpg 488w\" sizes=\"(max-width: 251px) 100vw, 251px\" \/><\/a><\/p>\n<p><b>1894.\u00a0<\/b>objavljena su Pravila Dru\u017etva \u010ditaonice ogulinske u kojima se govori o knji\u017eni\u010dnoj djelatnosti,\u00a0 te u \u010dlanku\u00a0 22.\u00a0 pi\u0161e\u00a0 \u201cKnji\u017eni\u010dar ima u redu dr\u017eati\u00a0dru\u017etvenu knji\u017enicu, o knjigah dru\u017etva inventar voditi, o stanju knji\u017enice prema potrebi izvje\u0161\u0107ivati, ter davati \u010dlanovom knjige za \u010ditanje prema posebnom\u00a0 u tom pogledu izdanom pravilniku.\u201d<\/p>\n<p><a href=\"http:\/\/knjiznice.nsk.hr\/ogulin\/166\/instructor_scan_005\/\" rel=\"attachment wp-att-167\"><img loading=\"lazy\" class=\"aligncenter wp-image-167 size-medium\" src=\"http:\/\/knjiznice.nsk.hr\/ogulin\/wp-content\/uploads\/sites\/83\/2016\/01\/instructor_scan_005-192x300.jpg\" alt=\"instructor_scan_005\" width=\"192\" height=\"300\" srcset=\"http:\/\/knjiznice.nsk.hr\/ogulin\/wp-content\/uploads\/sites\/83\/2016\/01\/instructor_scan_005-192x300.jpg 192w, http:\/\/knjiznice.nsk.hr\/ogulin\/wp-content\/uploads\/sites\/83\/2016\/01\/instructor_scan_005-600x938.jpg 600w, http:\/\/knjiznice.nsk.hr\/ogulin\/wp-content\/uploads\/sites\/83\/2016\/01\/instructor_scan_005.jpg 624w\" sizes=\"(max-width: 192px) 100vw, 192px\" \/><\/a><\/p>\n<p><b>1913.<\/b>\u00a0 narodna \u010ditaonica je smje\u0161tana u svrati\u0161tu \u201cK Frankopanu\u201d \u2013 sada\u0161njem hotelu, a u njoj su se uz \u010ditaoni\u010dku djelatnost, organizirali razli\u010diti programi zabavnog sadr\u017eaja<\/p>\n<p><b>1954.<\/b><b>\u00a0<\/b>osnovana\u00a0 je Gradska knji\u017enica, a osniva\u010d je Narodni odbor grada Ogulina. Tada je\u00a0 u fondu knji\u017enice bilo nekoliko tisu\u0107a starih i novih knjiga, a u \u010ditaonici se moglo pro\u010ditati dnevni tisak i igrati \u0161ah. Te godine je zaposlen knji\u017eni\u010dar gosp. Anton\u00a0\u00a0 Vu\u010di\u0107, koji je me\u0111u prvima u Hrvatskoj polo\u017eio stru\u010dni ispit za knji\u017eni\u010dara (1955.)<\/p>\n<p><b>1962.<\/b><b>\u00a0<\/b>Narodni odbor grada Ogulina osniva \u201cRadni\u010dko sveu\u010dili\u0161te Ogulin\u201d<b>\u00a0<\/b>a u tu\u00a0 ustanovu su udru\u017eeni Radni\u010dko sveu\u010dili\u0161te,\u00a0 Knji\u017enica i \u010ditaonica i Kino<\/p>\n<p><b>15.10.1999.<\/b><b>\u00a0\u00a0<\/b>Gradsko vije\u0107e Grada Ogulina donosi odluku o osnivanju Narodne knji\u017enice i \u010ditaonice Ogulin, kao samostalne ustanove, \u0161to je doprinijelo intenzivnom razvoju ove djelatnosti. U narednim godinama fond knjiga se sustavno i redovno obnavlja,\u00a0 nabavljeno je 8 ra\u010dunala,\u00a0 potpuno je automatizirano poslovanje (obrada i posudba),\u00a0 obnovljena je rasvjeta,\u00a0 prostor je klimatiziran, obnovljena je fasada i krovi\u0161te<\/p>\n<p><b>2004.\u00a0<\/b>Gradsko vije\u0107e Grada Ogulina donosi odluku, da se za potrebe Narodne knji\u017enice i \u010ditaonice, adaptira Dom HV-a, koji se nalazi u Ulici Bernardina Frankopana, u sredi\u0161tu grada. To je prostor koji \u0107e zadovoljiti kriterije koje propisuju \u201cStandardi za Narodne knji\u017enice Republike Hrvatske\u201d<\/p>\n<p><b>2011.\u00a0<\/b>Po\u010detkom prosinca 2011. Knji\u017enica je preseljena u novi prostor. Mijenja naziv u Gradska knji\u017enica i \u010ditaonica Ogulin, i adresu \u2013 Bernardina Frankopana 7.<\/p>\n<p><a href=\"http:\/\/knjiznice.nsk.hr\/ogulin\/599293_445014658911309_763807800_n\/\" rel=\"attachment wp-att-458\"><img loading=\"lazy\" class=\" wp-image-458 aligncenter\" src=\"http:\/\/knjiznice.nsk.hr\/ogulin\/wp-content\/uploads\/sites\/83\/2016\/03\/599293_445014658911309_763807800_n-300x225.jpg\" alt=\"599293_445014658911309_763807800_n\" width=\"335\" height=\"251\" srcset=\"http:\/\/knjiznice.nsk.hr\/ogulin\/wp-content\/uploads\/sites\/83\/2016\/03\/599293_445014658911309_763807800_n-300x225.jpg 300w, http:\/\/knjiznice.nsk.hr\/ogulin\/wp-content\/uploads\/sites\/83\/2016\/03\/599293_445014658911309_763807800_n-768x576.jpg 768w, http:\/\/knjiznice.nsk.hr\/ogulin\/wp-content\/uploads\/sites\/83\/2016\/03\/599293_445014658911309_763807800_n-600x450.jpg 600w, http:\/\/knjiznice.nsk.hr\/ogulin\/wp-content\/uploads\/sites\/83\/2016\/03\/599293_445014658911309_763807800_n.jpg 960w\" sizes=\"(max-width: 335px) 100vw, 335px\" \/><\/a><\/p>\n<p>&nbsp;<\/p>\n","protected":false},"excerpt":{"rendered":"<p>1864.\u00a0godine prvi put se spominje \u010ditaonica u Ogulinu u jednom pismu poslanom Ljudevitu Gaju, prvom hrvatskom bibliofilu. 1892. dokaz o postojanju Ogulinske \u010ditaonice je zahvalnica tada\u0161njem predsjedniku Dru\u0161tva ogulinske \u010ditaonice Josipu Muzleru, \u201cvitezu reda Franje Jospipa I., Kr. pod\u017eupano Modru\u010dko-Rie\u010dke \u017eupanije\u201d (preuzeto iz same zahvalnice). Zahvalnica je izdana prigodom njegova odlaska iz Ogulina 1894.\u00a0objavljena su [&hellip;]<\/p>\n","protected":false},"author":99,"featured_media":0,"parent":0,"menu_order":0,"comment_status":"closed","ping_status":"closed","template":"","meta":{"ngg_post_thumbnail":0},"yoast_head":"<!-- This site is optimized with the Yoast SEO plugin v16.4 - https:\/\/yoast.com\/wordpress\/plugins\/seo\/ -->\n<meta name=\"robots\" content=\"index, follow, max-snippet:-1, max-image-preview:large, max-video-preview:-1\" \/>\n<link rel=\"canonical\" href=\"http:\/\/knjiznice.nsk.hr\/ogulin\/povijest\/\" \/>\n<meta property=\"og:locale\" content=\"hr_HR\" \/>\n<meta property=\"og:type\" content=\"article\" \/>\n<meta property=\"og:title\" content=\"Povijest - Gradska knji\u017enica i \u010ditaonica Ogulin\" \/>\n<meta property=\"og:description\" content=\"1864.\u00a0godine prvi put se spominje \u010ditaonica u Ogulinu u jednom pismu poslanom Ljudevitu Gaju, prvom hrvatskom bibliofilu. 1892. dokaz o postojanju Ogulinske \u010ditaonice je zahvalnica tada\u0161njem predsjedniku Dru\u0161tva ogulinske \u010ditaonice Josipu Muzleru, \u201cvitezu reda Franje Jospipa I., Kr. pod\u017eupano Modru\u010dko-Rie\u010dke \u017eupanije\u201d (preuzeto iz same zahvalnice). Zahvalnica je izdana prigodom njegova odlaska iz Ogulina 1894.\u00a0objavljena su [&hellip;]\" \/>\n<meta property=\"og:url\" content=\"http:\/\/knjiznice.nsk.hr\/ogulin\/povijest\/\" \/>\n<meta property=\"og:site_name\" content=\"Gradska knji\u017enica i \u010ditaonica Ogulin\" \/>\n<meta property=\"article:modified_time\" content=\"2016-06-20T13:39:12+00:00\" \/>\n<meta property=\"og:image\" content=\"http:\/\/knjiznice.nsk.hr\/ogulin\/wp-content\/uploads\/sites\/83\/2016\/01\/MUNI-251x300.jpg\" \/>\n<meta name=\"twitter:label1\" content=\"Procijenjeno vrijeme \u010ditanja\" \/>\n\t<meta name=\"twitter:data1\" content=\"2 minute\" \/>\n<script type=\"application\/ld+json\" class=\"yoast-schema-graph\">{\"@context\":\"https:\/\/schema.org\",\"@graph\":[{\"@type\":\"WebSite\",\"@id\":\"http:\/\/knjiznice.nsk.hr\/ogulin\/#website\",\"url\":\"http:\/\/knjiznice.nsk.hr\/ogulin\/\",\"name\":\"Gradska knji\\u017enica i \\u010ditaonica Ogulin\",\"description\":\"Najbolja stvar kod knji\\u017enica jest ta da je dovoljno velika da stane cijeli svijet u nju, a opet dovoljno mala da stane u tvoj grad.\",\"potentialAction\":[{\"@type\":\"SearchAction\",\"target\":\"http:\/\/knjiznice.nsk.hr\/ogulin\/?s={search_term_string}\",\"query-input\":\"required name=search_term_string\"}],\"inLanguage\":\"hr\"},{\"@type\":\"ImageObject\",\"@id\":\"http:\/\/knjiznice.nsk.hr\/ogulin\/povijest\/#primaryimage\",\"inLanguage\":\"hr\",\"url\":\"http:\/\/knjiznice.nsk.hr\/ogulin\/wp-content\/uploads\/sites\/83\/2016\/01\/MUNI.jpg\",\"contentUrl\":\"http:\/\/knjiznice.nsk.hr\/ogulin\/wp-content\/uploads\/sites\/83\/2016\/01\/MUNI.jpg\",\"width\":488,\"height\":583,\"caption\":\"OLYMPUS DIGITAL CAMERA\"},{\"@type\":\"WebPage\",\"@id\":\"http:\/\/knjiznice.nsk.hr\/ogulin\/povijest\/#webpage\",\"url\":\"http:\/\/knjiznice.nsk.hr\/ogulin\/povijest\/\",\"name\":\"Povijest - Gradska knji\\u017enica i \\u010ditaonica Ogulin\",\"isPartOf\":{\"@id\":\"http:\/\/knjiznice.nsk.hr\/ogulin\/#website\"},\"primaryImageOfPage\":{\"@id\":\"http:\/\/knjiznice.nsk.hr\/ogulin\/povijest\/#primaryimage\"},\"datePublished\":\"2016-03-09T12:28:41+00:00\",\"dateModified\":\"2016-06-20T13:39:12+00:00\",\"breadcrumb\":{\"@id\":\"http:\/\/knjiznice.nsk.hr\/ogulin\/povijest\/#breadcrumb\"},\"inLanguage\":\"hr\",\"potentialAction\":[{\"@type\":\"ReadAction\",\"target\":[\"http:\/\/knjiznice.nsk.hr\/ogulin\/povijest\/\"]}]},{\"@type\":\"BreadcrumbList\",\"@id\":\"http:\/\/knjiznice.nsk.hr\/ogulin\/povijest\/#breadcrumb\",\"itemListElement\":[{\"@type\":\"ListItem\",\"position\":1,\"item\":{\"@type\":\"WebPage\",\"@id\":\"http:\/\/knjiznice.nsk.hr\/ogulin\/\",\"url\":\"http:\/\/knjiznice.nsk.hr\/ogulin\/\",\"name\":\"Po\\u010detna stranica\"}},{\"@type\":\"ListItem\",\"position\":2,\"item\":{\"@id\":\"http:\/\/knjiznice.nsk.hr\/ogulin\/povijest\/#webpage\"}}]}]}<\/script>\n<!-- \/ Yoast SEO plugin. -->","_links":{"self":[{"href":"http:\/\/knjiznice.nsk.hr\/ogulin\/wp-json\/wp\/v2\/pages\/423"}],"collection":[{"href":"http:\/\/knjiznice.nsk.hr\/ogulin\/wp-json\/wp\/v2\/pages"}],"about":[{"href":"http:\/\/knjiznice.nsk.hr\/ogulin\/wp-json\/wp\/v2\/types\/page"}],"author":[{"embeddable":true,"href":"http:\/\/knjiznice.nsk.hr\/ogulin\/wp-json\/wp\/v2\/users\/99"}],"replies":[{"embeddable":true,"href":"http:\/\/knjiznice.nsk.hr\/ogulin\/wp-json\/wp\/v2\/comments?post=423"}],"version-history":[{"count":4,"href":"http:\/\/knjiznice.nsk.hr\/ogulin\/wp-json\/wp\/v2\/pages\/423\/revisions"}],"predecessor-version":[{"id":752,"href":"http:\/\/knjiznice.nsk.hr\/ogulin\/wp-json\/wp\/v2\/pages\/423\/revisions\/752"}],"wp:attachment":[{"href":"http:\/\/knjiznice.nsk.hr\/ogulin\/wp-json\/wp\/v2\/media?parent=423"}],"curies":[{"name":"wp","href":"https:\/\/api.w.org\/{rel}","templated":true}]}}