{"id":421,"date":"2016-03-09T12:26:02","date_gmt":"2016-03-09T12:26:02","guid":{"rendered":"http:\/\/knjiznice.nsk.hr\/ogulin\/?page_id=421"},"modified":"2016-06-20T14:34:19","modified_gmt":"2016-06-20T13:34:19","slug":"o-nama","status":"publish","type":"page","link":"http:\/\/knjiznice.nsk.hr\/ogulin\/o-nama\/","title":{"rendered":"O nama"},"content":{"rendered":"<p>Gradska knji\u017enica i \u010ditaonica Ogulin je narodna knji\u017enica, koja obavlja funkciju gradske knji\u017enice.\u00a0 Osniva\u010d i vlasnik Knji\u017enice je Grad Ogulin.<\/p>\n<p>Knji\u017enica je prostorno organizirana na tri nivoa:<\/p>\n<p>Prizemlje: Informativno-posudbeni pult<\/p>\n<p>\u010citaonica i AV gra\u0111a<\/p>\n<p>Mala dvorana i Zavi\u010dajna zbirka<\/p>\n<p>Informati\u010dka igaonica<\/p>\n<p>Prvi kat: Odjel za djecu i mlade\u017e\u00a0 s igraonicom<\/p>\n<p>Odjel za odrasle i studijski dio s referentnom gra\u0111om<\/p>\n<p>Potkrovlje: Velika dvorana<\/p>\n<p>Knji\u017enicom upravlja Upravno vije\u0107e knji\u017enice:<\/p>\n<p>Predsjednik: Hrvoje Magdi\u0107, prof.<\/p>\n<p>\u010clanovi: An\u0111elka Salopek, nast. raz. nast.<\/p>\n<p>Nikolina Brozovi\u0107, dip.ing., mag. bibl.<\/p>\n<p>Ravnateljica: Marijana Mazor, prof., dipl. knji\u017e.<\/p>\n","protected":false},"excerpt":{"rendered":"<p>Gradska knji\u017enica i \u010ditaonica Ogulin je narodna knji\u017enica, koja obavlja funkciju gradske knji\u017enice.\u00a0 Osniva\u010d i vlasnik Knji\u017enice je Grad Ogulin. Knji\u017enica je prostorno organizirana na tri nivoa: Prizemlje: Informativno-posudbeni pult \u010citaonica i AV gra\u0111a Mala dvorana i Zavi\u010dajna zbirka Informati\u010dka igaonica Prvi kat: Odjel za djecu i mlade\u017e\u00a0 s igraonicom Odjel za odrasle i studijski [&hellip;]<\/p>\n","protected":false},"author":99,"featured_media":0,"parent":0,"menu_order":0,"comment_status":"closed","ping_status":"closed","template":"","meta":{"ngg_post_thumbnail":0},"yoast_head":"<!-- This site is optimized with the Yoast SEO plugin v16.4 - https:\/\/yoast.com\/wordpress\/plugins\/seo\/ -->\n<meta name=\"robots\" content=\"index, follow, max-snippet:-1, max-image-preview:large, max-video-preview:-1\" \/>\n<link rel=\"canonical\" href=\"http:\/\/knjiznice.nsk.hr\/ogulin\/o-nama\/\" \/>\n<meta property=\"og:locale\" content=\"hr_HR\" \/>\n<meta property=\"og:type\" content=\"article\" \/>\n<meta property=\"og:title\" content=\"O nama - Gradska knji\u017enica i \u010ditaonica Ogulin\" \/>\n<meta property=\"og:description\" content=\"Gradska knji\u017enica i \u010ditaonica Ogulin je narodna knji\u017enica, koja obavlja funkciju gradske knji\u017enice.\u00a0 Osniva\u010d i vlasnik Knji\u017enice je Grad Ogulin. Knji\u017enica je prostorno organizirana na tri nivoa: Prizemlje: Informativno-posudbeni pult \u010citaonica i AV gra\u0111a Mala dvorana i Zavi\u010dajna zbirka Informati\u010dka igaonica Prvi kat: Odjel za djecu i mlade\u017e\u00a0 s igraonicom Odjel za odrasle i studijski [&hellip;]\" \/>\n<meta property=\"og:url\" content=\"http:\/\/knjiznice.nsk.hr\/ogulin\/o-nama\/\" \/>\n<meta property=\"og:site_name\" content=\"Gradska knji\u017enica i \u010ditaonica Ogulin\" \/>\n<meta property=\"article:modified_time\" content=\"2016-06-20T13:34:19+00:00\" \/>\n<meta name=\"twitter:label1\" content=\"Procijenjeno vrijeme \u010ditanja\" \/>\n\t<meta name=\"twitter:data1\" content=\"1 minuta\" \/>\n<script type=\"application\/ld+json\" class=\"yoast-schema-graph\">{\"@context\":\"https:\/\/schema.org\",\"@graph\":[{\"@type\":\"WebSite\",\"@id\":\"http:\/\/knjiznice.nsk.hr\/ogulin\/#website\",\"url\":\"http:\/\/knjiznice.nsk.hr\/ogulin\/\",\"name\":\"Gradska knji\\u017enica i \\u010ditaonica Ogulin\",\"description\":\"Najbolja stvar kod knji\\u017enica jest ta da je dovoljno velika da stane cijeli svijet u nju, a opet dovoljno mala da stane u tvoj grad.\",\"potentialAction\":[{\"@type\":\"SearchAction\",\"target\":\"http:\/\/knjiznice.nsk.hr\/ogulin\/?s={search_term_string}\",\"query-input\":\"required name=search_term_string\"}],\"inLanguage\":\"hr\"},{\"@type\":\"WebPage\",\"@id\":\"http:\/\/knjiznice.nsk.hr\/ogulin\/o-nama\/#webpage\",\"url\":\"http:\/\/knjiznice.nsk.hr\/ogulin\/o-nama\/\",\"name\":\"O nama - Gradska knji\\u017enica i \\u010ditaonica Ogulin\",\"isPartOf\":{\"@id\":\"http:\/\/knjiznice.nsk.hr\/ogulin\/#website\"},\"datePublished\":\"2016-03-09T12:26:02+00:00\",\"dateModified\":\"2016-06-20T13:34:19+00:00\",\"breadcrumb\":{\"@id\":\"http:\/\/knjiznice.nsk.hr\/ogulin\/o-nama\/#breadcrumb\"},\"inLanguage\":\"hr\",\"potentialAction\":[{\"@type\":\"ReadAction\",\"target\":[\"http:\/\/knjiznice.nsk.hr\/ogulin\/o-nama\/\"]}]},{\"@type\":\"BreadcrumbList\",\"@id\":\"http:\/\/knjiznice.nsk.hr\/ogulin\/o-nama\/#breadcrumb\",\"itemListElement\":[{\"@type\":\"ListItem\",\"position\":1,\"item\":{\"@type\":\"WebPage\",\"@id\":\"http:\/\/knjiznice.nsk.hr\/ogulin\/\",\"url\":\"http:\/\/knjiznice.nsk.hr\/ogulin\/\",\"name\":\"Po\\u010detna stranica\"}},{\"@type\":\"ListItem\",\"position\":2,\"item\":{\"@id\":\"http:\/\/knjiznice.nsk.hr\/ogulin\/o-nama\/#webpage\"}}]}]}<\/script>\n<!-- \/ Yoast SEO plugin. -->","_links":{"self":[{"href":"http:\/\/knjiznice.nsk.hr\/ogulin\/wp-json\/wp\/v2\/pages\/421"}],"collection":[{"href":"http:\/\/knjiznice.nsk.hr\/ogulin\/wp-json\/wp\/v2\/pages"}],"about":[{"href":"http:\/\/knjiznice.nsk.hr\/ogulin\/wp-json\/wp\/v2\/types\/page"}],"author":[{"embeddable":true,"href":"http:\/\/knjiznice.nsk.hr\/ogulin\/wp-json\/wp\/v2\/users\/99"}],"replies":[{"embeddable":true,"href":"http:\/\/knjiznice.nsk.hr\/ogulin\/wp-json\/wp\/v2\/comments?post=421"}],"version-history":[{"count":3,"href":"http:\/\/knjiznice.nsk.hr\/ogulin\/wp-json\/wp\/v2\/pages\/421\/revisions"}],"predecessor-version":[{"id":749,"href":"http:\/\/knjiznice.nsk.hr\/ogulin\/wp-json\/wp\/v2\/pages\/421\/revisions\/749"}],"wp:attachment":[{"href":"http:\/\/knjiznice.nsk.hr\/ogulin\/wp-json\/wp\/v2\/media?parent=421"}],"curies":[{"name":"wp","href":"https:\/\/api.w.org\/{rel}","templated":true}]}}