{"id":235,"date":"2016-02-15T06:30:33","date_gmt":"2016-02-15T06:30:33","guid":{"rendered":"http:\/\/knjiznice.nsk.hr\/ogulin\/?page_id=235"},"modified":"2017-01-10T19:19:31","modified_gmt":"2017-01-10T18:19:31","slug":"programi","status":"publish","type":"page","link":"http:\/\/knjiznice.nsk.hr\/ogulin\/programi\/","title":{"rendered":"PROGRAMI"},"content":{"rendered":"<p><a href=\"http:\/\/knjiznice.nsk.hr\/ogulin\/category\/predavanja-i-promocije-knjiga\/\">Predavanja i promocije knjiga<\/a><\/p>\n<p><a href=\"http:\/\/knjiznice.nsk.hr\/ogulin\/category\/kreativne-radionice-za-djecu\/\">Kreativne radionice za djecu<\/a><\/p>\n<p><a href=\"http:\/\/knjiznice.nsk.hr\/ogulin\/category\/kreativne-radionice-za-zene\/\">Kreativne radionice za \u017eene<\/a><\/p>\n<p><a href=\"http:\/\/knjiznice.nsk.hr\/ogulin\/category\/klub-citatelja-za-odrasle\/\">Klub \u010ditatelja za odrasle<\/a><\/p>\n<p><a href=\"http:\/\/knjiznice.nsk.hr\/ogulin\/category\/lutkarska-druzina-tintilinic\/\">Lutkarska dru\u017eina &#8220;Tintilini\u0107&#8221;<\/a><\/p>\n<p><a href=\"http:\/\/knjiznice.nsk.hr\/ogulin\/category\/igraonica-za-maljane\/\" target=\"_blank\">Igraonica za maljane<\/a><\/p>\n","protected":false},"excerpt":{"rendered":"<p>Predavanja i promocije knjiga Kreativne radionice za djecu Kreativne radionice za \u017eene Klub \u010ditatelja za odrasle Lutkarska dru\u017eina &#8220;Tintilini\u0107&#8221; Igraonica za maljane<\/p>\n","protected":false},"author":99,"featured_media":0,"parent":0,"menu_order":0,"comment_status":"closed","ping_status":"closed","template":"","meta":{"ngg_post_thumbnail":0},"yoast_head":"<!-- This site is optimized with the Yoast SEO plugin v16.4 - https:\/\/yoast.com\/wordpress\/plugins\/seo\/ -->\n<meta name=\"robots\" content=\"index, follow, max-snippet:-1, max-image-preview:large, max-video-preview:-1\" \/>\n<link rel=\"canonical\" href=\"https:\/\/knjiznice.nsk.hr\/ogulin\/programi\/\" \/>\n<meta property=\"og:locale\" content=\"hr_HR\" \/>\n<meta property=\"og:type\" content=\"article\" \/>\n<meta property=\"og:title\" content=\"PROGRAMI - Gradska knji\u017enica i \u010ditaonica Ogulin\" \/>\n<meta property=\"og:description\" content=\"Predavanja i promocije knjiga Kreativne radionice za djecu Kreativne radionice za \u017eene Klub \u010ditatelja za odrasle Lutkarska dru\u017eina &#8220;Tintilini\u0107&#8221; Igraonica za maljane\" \/>\n<meta property=\"og:url\" content=\"https:\/\/knjiznice.nsk.hr\/ogulin\/programi\/\" \/>\n<meta property=\"og:site_name\" content=\"Gradska knji\u017enica i \u010ditaonica Ogulin\" \/>\n<meta property=\"article:modified_time\" content=\"2017-01-10T18:19:31+00:00\" \/>\n<script type=\"application\/ld+json\" class=\"yoast-schema-graph\">{\"@context\":\"https:\/\/schema.org\",\"@graph\":[{\"@type\":\"WebSite\",\"@id\":\"http:\/\/knjiznice.nsk.hr\/ogulin\/#website\",\"url\":\"http:\/\/knjiznice.nsk.hr\/ogulin\/\",\"name\":\"Gradska knji\\u017enica i \\u010ditaonica Ogulin\",\"description\":\"Najbolja stvar kod knji\\u017enica jest ta da je dovoljno velika da stane cijeli svijet u nju, a opet dovoljno mala da stane u tvoj grad.\",\"potentialAction\":[{\"@type\":\"SearchAction\",\"target\":\"http:\/\/knjiznice.nsk.hr\/ogulin\/?s={search_term_string}\",\"query-input\":\"required name=search_term_string\"}],\"inLanguage\":\"hr\"},{\"@type\":\"WebPage\",\"@id\":\"https:\/\/knjiznice.nsk.hr\/ogulin\/programi\/#webpage\",\"url\":\"https:\/\/knjiznice.nsk.hr\/ogulin\/programi\/\",\"name\":\"PROGRAMI - Gradska knji\\u017enica i \\u010ditaonica Ogulin\",\"isPartOf\":{\"@id\":\"http:\/\/knjiznice.nsk.hr\/ogulin\/#website\"},\"datePublished\":\"2016-02-15T06:30:33+00:00\",\"dateModified\":\"2017-01-10T18:19:31+00:00\",\"breadcrumb\":{\"@id\":\"https:\/\/knjiznice.nsk.hr\/ogulin\/programi\/#breadcrumb\"},\"inLanguage\":\"hr\",\"potentialAction\":[{\"@type\":\"ReadAction\",\"target\":[\"https:\/\/knjiznice.nsk.hr\/ogulin\/programi\/\"]}]},{\"@type\":\"BreadcrumbList\",\"@id\":\"https:\/\/knjiznice.nsk.hr\/ogulin\/programi\/#breadcrumb\",\"itemListElement\":[{\"@type\":\"ListItem\",\"position\":1,\"item\":{\"@type\":\"WebPage\",\"@id\":\"http:\/\/knjiznice.nsk.hr\/ogulin\/\",\"url\":\"http:\/\/knjiznice.nsk.hr\/ogulin\/\",\"name\":\"Po\\u010detna stranica\"}},{\"@type\":\"ListItem\",\"position\":2,\"item\":{\"@id\":\"https:\/\/knjiznice.nsk.hr\/ogulin\/programi\/#webpage\"}}]}]}<\/script>\n<!-- \/ Yoast SEO plugin. -->","_links":{"self":[{"href":"http:\/\/knjiznice.nsk.hr\/ogulin\/wp-json\/wp\/v2\/pages\/235"}],"collection":[{"href":"http:\/\/knjiznice.nsk.hr\/ogulin\/wp-json\/wp\/v2\/pages"}],"about":[{"href":"http:\/\/knjiznice.nsk.hr\/ogulin\/wp-json\/wp\/v2\/types\/page"}],"author":[{"embeddable":true,"href":"http:\/\/knjiznice.nsk.hr\/ogulin\/wp-json\/wp\/v2\/users\/99"}],"replies":[{"embeddable":true,"href":"http:\/\/knjiznice.nsk.hr\/ogulin\/wp-json\/wp\/v2\/comments?post=235"}],"version-history":[{"count":6,"href":"http:\/\/knjiznice.nsk.hr\/ogulin\/wp-json\/wp\/v2\/pages\/235\/revisions"}],"predecessor-version":[{"id":1056,"href":"http:\/\/knjiznice.nsk.hr\/ogulin\/wp-json\/wp\/v2\/pages\/235\/revisions\/1056"}],"wp:attachment":[{"href":"http:\/\/knjiznice.nsk.hr\/ogulin\/wp-json\/wp\/v2\/media?parent=235"}],"curies":[{"name":"wp","href":"https:\/\/api.w.org\/{rel}","templated":true}]}}