{"id":48,"date":"2018-12-12T10:15:12","date_gmt":"2018-12-12T09:15:12","guid":{"rendered":"http:\/\/knjiznice.nsk.hr\/obrovac\/?page_id=48"},"modified":"2018-12-17T10:23:21","modified_gmt":"2018-12-17T09:23:21","slug":"galerija","status":"publish","type":"page","link":"http:\/\/knjiznice.nsk.hr\/obrovac\/galerija\/","title":{"rendered":"Galerija"},"content":{"rendered":"<div class=\"ngg-albumoverview\">\n            <div class=\"ngg-album-compact\">\n            <div class=\"ngg-album-compactbox\">\n                <div class=\"ngg-album-link\">\n                                        <a title='Bo\u017ei\u0107ni ugo\u0111aj u na\u0161oj knji\u017enici :)'\n                       href='http:\/\/knjiznice.nsk.hr\/obrovac\/galerija\/nggallery\/bozicni-ugodaj-u-nasoj-knjiznici\/Bo\u017ei\u0107ni-ugo\u0111aj-u-na\u0161oj-knji\u017enici-:)'>\n                        <img class=\"Thumb\"\n                             alt=\"Bo\u017ei\u0107ni ugo\u0111aj u na\u0161oj knji\u017enici :)\"\n                             src=\"http:\/\/knjiznice.nsk.hr\/obrovac\/wp-content\/uploads\/sites\/101\/nggallery\/bozicni-ugodaj-u-nasoj-knjiznici\/cache\/IMG-92b66ce5bff12dc83cf0d21817db2e5b-V.jpg-nggid0221-ngg0dyn-240x160x100-00f0w010c011r110f110r010t010.jpg\"\/>\n                    <\/a>\n                                    <\/div>\n            <\/div>\n                        <h4>\n                <a class='ngg-album-desc' title='Bo\u017ei\u0107ni ugo\u0111aj u na\u0161oj knji\u017enici :)'\n                       href='http:\/\/knjiznice.nsk.hr\/obrovac\/galerija\/nggallery\/bozicni-ugodaj-u-nasoj-knjiznici\/Bo\u017ei\u0107ni-ugo\u0111aj-u-na\u0161oj-knji\u017enici-:)'style=\"max-width: 260px\">Bo\u017ei\u0107ni ugo\u0111aj u na\u0161oj knji\u017enici :)<\/a>\n            <\/h4>\n            <p class=\"ngg-album-gallery-image-counter\">\n                                    <strong>2<\/strong>&nbsp;Photos                            <\/p>\n        <\/div>\n        <br class=\"ngg-clear\"\/>\n    <div class='ngg-clear'><\/div><\/div>\n\n<div class=\"ngg-albumoverview\">\n            <div class=\"ngg-album-compact\">\n            <div class=\"ngg-album-compactbox\">\n                <div class=\"ngg-album-link\">\n                                        <a title='Mjesec hrvatske knjige 2018.'\n                       href='http:\/\/knjiznice.nsk.hr\/obrovac\/galerija\/nggallery\/mjesec-hrvatske-knjige-2018\/Mjesec-hrvatske-knjige-2018.'>\n                        <img class=\"Thumb\"\n                             alt=\"Mjesec hrvatske knjige 2018.\"\n                             src=\"http:\/\/knjiznice.nsk.hr\/obrovac\/wp-content\/uploads\/sites\/101\/nggallery\/mjesec-hrvatske-knjige-2018\/cache\/Mjesec-hrvatske-knjige-2018_1.jpg-nggid0211-ngg0dyn-240x160x100-00f0w010c011r110f110r010t010.jpg\"\/>\n                    <\/a>\n                                    <\/div>\n            <\/div>\n                        <h4>\n                <a class='ngg-album-desc' title='Mjesec hrvatske knjige 2018.'\n                       href='http:\/\/knjiznice.nsk.hr\/obrovac\/galerija\/nggallery\/mjesec-hrvatske-knjige-2018\/Mjesec-hrvatske-knjige-2018.'style=\"max-width: 260px\">Mjesec hrvatske knjige 2018.<\/a>\n            <\/h4>\n            <p class=\"ngg-album-gallery-image-counter\">\n                                    <strong>10<\/strong>&nbsp;Photos                            <\/p>\n        <\/div>\n        <br class=\"ngg-clear\"\/>\n    <div class='ngg-clear'><\/div><\/div>\n\n<div class=\"ngg-albumoverview\">\n            <div class=\"ngg-album-compact\">\n            <div class=\"ngg-album-compactbox\">\n                <div class=\"ngg-album-link\">\n                                        <a title='Predstava&quot; Betlehemska ov\u010dica&quot;'\n                       href='http:\/\/knjiznice.nsk.hr\/obrovac\/galerija\/nggallery\/predstava-betlehemska-ovcica\/Galerija'>\n                        <img class=\"Thumb\"\n                             alt=\"Predstava&quot; Betlehemska ov\u010dica&quot;\"\n                             src=\"http:\/\/knjiznice.nsk.hr\/obrovac\/wp-content\/uploads\/sites\/101\/nggallery\/galerija\/cache\/Betlehemska-ovc%CC%8Cica1.jpg-nggid011-ngg0dyn-240x160x100-00f0w010c011r110f110r010t010.jpg\"\/>\n                    <\/a>\n                                    <\/div>\n            <\/div>\n                        <h4>\n                <a class='ngg-album-desc' title='Predstava&quot; Betlehemska ov\u010dica&quot;'\n                       href='http:\/\/knjiznice.nsk.hr\/obrovac\/galerija\/nggallery\/predstava-betlehemska-ovcica\/Galerija'style=\"max-width: 260px\">Predstava\" Betlehemska ov\u010dica\"<\/a>\n            <\/h4>\n            <p class=\"ngg-album-gallery-image-counter\">\n                                    <strong>5<\/strong>&nbsp;Photos                            <\/p>\n        <\/div>\n        <br class=\"ngg-clear\"\/>\n    <div class='ngg-clear'><\/div><\/div>\n\n","protected":false},"excerpt":{"rendered":"","protected":false},"author":165,"featured_media":0,"parent":0,"menu_order":0,"comment_status":"closed","ping_status":"closed","template":"","meta":{"ngg_post_thumbnail":0},"yoast_head":"<!-- This site is optimized with the Yoast SEO plugin v16.4 - https:\/\/yoast.com\/wordpress\/plugins\/seo\/ -->\n<meta name=\"robots\" content=\"index, follow, max-snippet:-1, max-image-preview:large, max-video-preview:-1\" \/>\n<link rel=\"canonical\" href=\"https:\/\/knjiznice.nsk.hr\/obrovac\/galerija\/\" \/>\n<meta property=\"og:locale\" content=\"hr_HR\" \/>\n<meta property=\"og:type\" content=\"article\" \/>\n<meta property=\"og:title\" content=\"Galerija - Pu\u010dko otvoreno u\u010dili\u0161te-Knji\u017enica i \u010ditaonica Obrovac\" \/>\n<meta property=\"og:url\" content=\"https:\/\/knjiznice.nsk.hr\/obrovac\/galerija\/\" \/>\n<meta property=\"og:site_name\" content=\"Pu\u010dko otvoreno u\u010dili\u0161te-Knji\u017enica i \u010ditaonica Obrovac\" \/>\n<meta property=\"article:modified_time\" content=\"2018-12-17T09:23:21+00:00\" \/>\n<meta name=\"twitter:card\" content=\"summary_large_image\" \/>\n<script type=\"application\/ld+json\" class=\"yoast-schema-graph\">{\"@context\":\"https:\/\/schema.org\",\"@graph\":[{\"@type\":\"WebSite\",\"@id\":\"http:\/\/knjiznice.nsk.hr\/obrovac\/#website\",\"url\":\"http:\/\/knjiznice.nsk.hr\/obrovac\/\",\"name\":\"Pu\\u010dko otvoreno u\\u010dili\\u0161te-Knji\\u017enica i \\u010ditaonica Obrovac\",\"description\":\"\",\"potentialAction\":[{\"@type\":\"SearchAction\",\"target\":\"http:\/\/knjiznice.nsk.hr\/obrovac\/?s={search_term_string}\",\"query-input\":\"required name=search_term_string\"}],\"inLanguage\":\"hr\"},{\"@type\":\"WebPage\",\"@id\":\"https:\/\/knjiznice.nsk.hr\/obrovac\/galerija\/#webpage\",\"url\":\"https:\/\/knjiznice.nsk.hr\/obrovac\/galerija\/\",\"name\":\"Galerija - Pu\\u010dko otvoreno u\\u010dili\\u0161te-Knji\\u017enica i \\u010ditaonica Obrovac\",\"isPartOf\":{\"@id\":\"http:\/\/knjiznice.nsk.hr\/obrovac\/#website\"},\"datePublished\":\"2018-12-12T09:15:12+00:00\",\"dateModified\":\"2018-12-17T09:23:21+00:00\",\"breadcrumb\":{\"@id\":\"https:\/\/knjiznice.nsk.hr\/obrovac\/galerija\/#breadcrumb\"},\"inLanguage\":\"hr\",\"potentialAction\":[{\"@type\":\"ReadAction\",\"target\":[\"https:\/\/knjiznice.nsk.hr\/obrovac\/galerija\/\"]}]},{\"@type\":\"BreadcrumbList\",\"@id\":\"https:\/\/knjiznice.nsk.hr\/obrovac\/galerija\/#breadcrumb\",\"itemListElement\":[{\"@type\":\"ListItem\",\"position\":1,\"item\":{\"@type\":\"WebPage\",\"@id\":\"http:\/\/knjiznice.nsk.hr\/obrovac\/\",\"url\":\"http:\/\/knjiznice.nsk.hr\/obrovac\/\",\"name\":\"Po\\u010detna stranica\"}},{\"@type\":\"ListItem\",\"position\":2,\"item\":{\"@id\":\"https:\/\/knjiznice.nsk.hr\/obrovac\/galerija\/#webpage\"}}]}]}<\/script>\n<!-- \/ Yoast SEO plugin. -->","_links":{"self":[{"href":"http:\/\/knjiznice.nsk.hr\/obrovac\/wp-json\/wp\/v2\/pages\/48"}],"collection":[{"href":"http:\/\/knjiznice.nsk.hr\/obrovac\/wp-json\/wp\/v2\/pages"}],"about":[{"href":"http:\/\/knjiznice.nsk.hr\/obrovac\/wp-json\/wp\/v2\/types\/page"}],"author":[{"embeddable":true,"href":"http:\/\/knjiznice.nsk.hr\/obrovac\/wp-json\/wp\/v2\/users\/165"}],"replies":[{"embeddable":true,"href":"http:\/\/knjiznice.nsk.hr\/obrovac\/wp-json\/wp\/v2\/comments?post=48"}],"version-history":[{"count":4,"href":"http:\/\/knjiznice.nsk.hr\/obrovac\/wp-json\/wp\/v2\/pages\/48\/revisions"}],"predecessor-version":[{"id":83,"href":"http:\/\/knjiznice.nsk.hr\/obrovac\/wp-json\/wp\/v2\/pages\/48\/revisions\/83"}],"wp:attachment":[{"href":"http:\/\/knjiznice.nsk.hr\/obrovac\/wp-json\/wp\/v2\/media?parent=48"}],"curies":[{"name":"wp","href":"https:\/\/api.w.org\/{rel}","templated":true}]}}