{"id":24,"date":"2018-12-09T14:59:40","date_gmt":"2018-12-09T13:59:40","guid":{"rendered":"http:\/\/knjiznice.nsk.hr\/obrovac\/?page_id=24"},"modified":"2022-05-10T15:18:18","modified_gmt":"2022-05-10T13:18:18","slug":"povijest-knjiznice","status":"publish","type":"page","link":"http:\/\/knjiznice.nsk.hr\/obrovac\/povijest-knjiznice\/","title":{"rendered":"Povijest knji\u017enice"},"content":{"rendered":"<p>Gradska knji\u017enica i \u010ditaonica osniva se 1964.g., a 1986.g. seli se u novoizgra\u0111eni prostor Doma kulture na obali rijeke Zrmanje i u sastavu je Narodnog sveu\u010dili\u0161ta Obrovac. Nakon domovinskog rata Knji\u017enica i \u010ditaonica je ponovno otvorila svoja vrata na blagdan Sv. Josipa, za\u0161titnika grada Obrovca, 19. o\u017eujka 1996.g. Knji\u017enica je otvorena uz pomo\u0107 Gradske knji\u017enice Zadar i gradske knji\u017enice \u00ab Metel O\u017eegovi\u0107 \u00ab iz Vara\u017edina, koje su uz donaciju knjiga i opreme najvi\u0161e pripomogle ostvarenju knji\u017enice u Obrovcu vlastitim anga\u017emanom djelatnika.<\/p>\n<p>Danas je Knji\u017enica i \u010ditaonica Obrovac ustanova u sastavu Pu\u010dkog otvorenog u\u010dili\u0161ta Obrovac.<\/p>\n<p>Organizacijsku strukturu same Knji\u017enice \u010dine slijede\u0107i odjeli: -odjel za odrasle, -odjel za djecu te studijska \u010ditaonica. Knji\u017enica posjeduje fond od 25589 knjiga, koje su svakodnevno na raspolaganju korisnicima.<\/p>\n<p>Jedini katalog koji knji\u017enica posjeduje je elektronski.<\/p>\n<p>Iznimno je posje\u0107en odjel za odrasle na kojem je ponu\u0111ena gra\u0111a koja obuhva\u0107a razli\u010dita podru\u010dja ljudskog znanja.<\/p>\n<p>U studijskoj \u010ditaonici korisnicima je ponu\u0111en velik broj stru\u010dne literature, enciklopedija, leksikona, rje\u010dnika, kao i ra\u010dunala za studijski rad ili besplatan&nbsp; pristup Internetu ( do 1 sat dnevno ). Tako\u0111er tu se mogu pro\u010ditati dnevne novine i ostali \u010dasopisi koje knji\u017enice nabavlja.<\/p>\n<p>Od prosje\u010dnog upisanog broja \u010dlanova ( cca 210 \u010dlanova godi\u0161nje ), ve\u0107inu \u010dlanova \u010dine djeca osnovno\u0161kolskog i srednjo\u0161kolskog uzrasta, a \u0161to je oko 20 % sveukupnog broja stanovnika grada Obrovca. Stoga je rad cijele Knji\u017enice najve\u0107im dijelom orijentiran na zadovoljenje potreba ove populacije korisnika. Na dje\u010djem odjelu djeca mogu posu\u0111ivati lektire, knjige za u\u010denje i zabavu, \u010ditati enciklopedije, priru\u010dnike, \u010dasopise i stripove, igrati dru\u0161tvene i kompjutorske igre te slu\u0161ati glazbu.<\/p>\n<p>U Knji\u017enici tijekom godine, uglavnom za vrijeme trajanja Mjeseca knjige prire\u0111ujemo kazali\u0161ne predstave, predstavljanje knjiga i susrete s knji\u017eevnicima.<\/p>\n<p>&nbsp;<\/p>\n<p>Prema veli\u010dini podru\u010dja, pripada VII. tipu narodnih knji\u017enica.<\/p>\n<p>OIB:88831514137<\/p>\n<p>IBAN: HR 2024070001100038669<\/p>\n<p>Djelatnici:<\/p>\n<p>Ravnateljica POU Obrovac: Marina Brki\u0107, prof., mag.bibl.<\/p>\n<p>Pomo\u0107na knji\u017eni\u010darka: Ana Perica<\/p>\n<p>Domar: Miroslav Modri\u0107<\/p>\n<p>Sprema\u010dica: Katica Kne\u017eevi\u0107<\/p>\n","protected":false},"excerpt":{"rendered":"<p>Gradska knji\u017enica i \u010ditaonica osniva se 1964.g., a 1986.g. seli se u novoizgra\u0111eni prostor Doma kulture na obali rijeke Zrmanje i u sastavu je Narodnog sveu\u010dili\u0161ta Obrovac. Nakon domovinskog rata Knji\u017enica i \u010ditaonica je ponovno otvorila svoja vrata na blagdan Sv. Josipa, za\u0161titnika grada Obrovca, 19. o\u017eujka 1996.g. Knji\u017enica je otvorena uz pomo\u0107 Gradske knji\u017enice [&hellip;]<\/p>\n","protected":false},"author":165,"featured_media":0,"parent":0,"menu_order":0,"comment_status":"closed","ping_status":"closed","template":"","meta":{"ngg_post_thumbnail":0},"yoast_head":"<!-- This site is optimized with the Yoast SEO plugin v16.4 - https:\/\/yoast.com\/wordpress\/plugins\/seo\/ -->\n<meta name=\"robots\" content=\"index, follow, max-snippet:-1, max-image-preview:large, max-video-preview:-1\" \/>\n<link rel=\"canonical\" href=\"http:\/\/knjiznice.nsk.hr\/obrovac\/povijest-knjiznice\/\" \/>\n<meta property=\"og:locale\" content=\"hr_HR\" \/>\n<meta property=\"og:type\" content=\"article\" \/>\n<meta property=\"og:title\" content=\"Povijest knji\u017enice - Pu\u010dko otvoreno u\u010dili\u0161te-Knji\u017enica i \u010ditaonica Obrovac\" \/>\n<meta property=\"og:description\" content=\"Gradska knji\u017enica i \u010ditaonica osniva se 1964.g., a 1986.g. seli se u novoizgra\u0111eni prostor Doma kulture na obali rijeke Zrmanje i u sastavu je Narodnog sveu\u010dili\u0161ta Obrovac. Nakon domovinskog rata Knji\u017enica i \u010ditaonica je ponovno otvorila svoja vrata na blagdan Sv. Josipa, za\u0161titnika grada Obrovca, 19. o\u017eujka 1996.g. Knji\u017enica je otvorena uz pomo\u0107 Gradske knji\u017enice [&hellip;]\" \/>\n<meta property=\"og:url\" content=\"http:\/\/knjiznice.nsk.hr\/obrovac\/povijest-knjiznice\/\" \/>\n<meta property=\"og:site_name\" content=\"Pu\u010dko otvoreno u\u010dili\u0161te-Knji\u017enica i \u010ditaonica Obrovac\" \/>\n<meta property=\"article:modified_time\" content=\"2022-05-10T13:18:18+00:00\" \/>\n<meta name=\"twitter:card\" content=\"summary_large_image\" \/>\n<meta name=\"twitter:label1\" content=\"Procijenjeno vrijeme \u010ditanja\" \/>\n\t<meta name=\"twitter:data1\" content=\"2 minute\" \/>\n<script type=\"application\/ld+json\" class=\"yoast-schema-graph\">{\"@context\":\"https:\/\/schema.org\",\"@graph\":[{\"@type\":\"WebSite\",\"@id\":\"http:\/\/knjiznice.nsk.hr\/obrovac\/#website\",\"url\":\"http:\/\/knjiznice.nsk.hr\/obrovac\/\",\"name\":\"Pu\\u010dko otvoreno u\\u010dili\\u0161te-Knji\\u017enica i \\u010ditaonica Obrovac\",\"description\":\"\",\"potentialAction\":[{\"@type\":\"SearchAction\",\"target\":\"http:\/\/knjiznice.nsk.hr\/obrovac\/?s={search_term_string}\",\"query-input\":\"required name=search_term_string\"}],\"inLanguage\":\"hr\"},{\"@type\":\"WebPage\",\"@id\":\"http:\/\/knjiznice.nsk.hr\/obrovac\/povijest-knjiznice\/#webpage\",\"url\":\"http:\/\/knjiznice.nsk.hr\/obrovac\/povijest-knjiznice\/\",\"name\":\"Povijest knji\\u017enice - Pu\\u010dko otvoreno u\\u010dili\\u0161te-Knji\\u017enica i \\u010ditaonica Obrovac\",\"isPartOf\":{\"@id\":\"http:\/\/knjiznice.nsk.hr\/obrovac\/#website\"},\"datePublished\":\"2018-12-09T13:59:40+00:00\",\"dateModified\":\"2022-05-10T13:18:18+00:00\",\"breadcrumb\":{\"@id\":\"http:\/\/knjiznice.nsk.hr\/obrovac\/povijest-knjiznice\/#breadcrumb\"},\"inLanguage\":\"hr\",\"potentialAction\":[{\"@type\":\"ReadAction\",\"target\":[\"http:\/\/knjiznice.nsk.hr\/obrovac\/povijest-knjiznice\/\"]}]},{\"@type\":\"BreadcrumbList\",\"@id\":\"http:\/\/knjiznice.nsk.hr\/obrovac\/povijest-knjiznice\/#breadcrumb\",\"itemListElement\":[{\"@type\":\"ListItem\",\"position\":1,\"item\":{\"@type\":\"WebPage\",\"@id\":\"http:\/\/knjiznice.nsk.hr\/obrovac\/\",\"url\":\"http:\/\/knjiznice.nsk.hr\/obrovac\/\",\"name\":\"Po\\u010detna stranica\"}},{\"@type\":\"ListItem\",\"position\":2,\"item\":{\"@id\":\"http:\/\/knjiznice.nsk.hr\/obrovac\/povijest-knjiznice\/#webpage\"}}]}]}<\/script>\n<!-- \/ Yoast SEO plugin. -->","_links":{"self":[{"href":"http:\/\/knjiznice.nsk.hr\/obrovac\/wp-json\/wp\/v2\/pages\/24"}],"collection":[{"href":"http:\/\/knjiznice.nsk.hr\/obrovac\/wp-json\/wp\/v2\/pages"}],"about":[{"href":"http:\/\/knjiznice.nsk.hr\/obrovac\/wp-json\/wp\/v2\/types\/page"}],"author":[{"embeddable":true,"href":"http:\/\/knjiznice.nsk.hr\/obrovac\/wp-json\/wp\/v2\/users\/165"}],"replies":[{"embeddable":true,"href":"http:\/\/knjiznice.nsk.hr\/obrovac\/wp-json\/wp\/v2\/comments?post=24"}],"version-history":[{"count":2,"href":"http:\/\/knjiznice.nsk.hr\/obrovac\/wp-json\/wp\/v2\/pages\/24\/revisions"}],"predecessor-version":[{"id":1003,"href":"http:\/\/knjiznice.nsk.hr\/obrovac\/wp-json\/wp\/v2\/pages\/24\/revisions\/1003"}],"wp:attachment":[{"href":"http:\/\/knjiznice.nsk.hr\/obrovac\/wp-json\/wp\/v2\/media?parent=24"}],"curies":[{"name":"wp","href":"https:\/\/api.w.org\/{rel}","templated":true}]}}