{"id":16,"date":"2018-12-09T14:55:18","date_gmt":"2018-12-09T13:55:18","guid":{"rendered":"http:\/\/knjiznice.nsk.hr\/obrovac\/?page_id=16"},"modified":"2024-02-12T10:04:18","modified_gmt":"2024-02-12T09:04:18","slug":"upisnina","status":"publish","type":"page","link":"http:\/\/knjiznice.nsk.hr\/obrovac\/upisnina\/","title":{"rendered":"Upisnina"},"content":{"rendered":"<p>8,00 EUR \u2013 odrasli<\/p>\n<p>7,00 EUR&nbsp; \u2013 djeca, u\u010denici, studenti,&nbsp;&nbsp;umirovljenici, hrvatski ratni vojni invalidi<\/p>\n<p>5,00 EUR \u2013 sezonska upisnina<\/p>\n<p>2,00 EUR \u2013 dodatni d\u017eepi\u0107<\/p>\n<p>Besplatan upis za djecu od ro\u0111enja do zavr\u0161etka prvog razreda O\u0160<\/p>\n<p>Besplatan upis za umirovljenike.<\/p>\n<p>&nbsp;<\/p>\n","protected":false},"excerpt":{"rendered":"<p>8,00 EUR \u2013 odrasli 7,00 EUR&nbsp; \u2013 djeca, u\u010denici, studenti,&nbsp;&nbsp;umirovljenici, hrvatski ratni vojni invalidi 5,00 EUR \u2013 sezonska upisnina 2,00 EUR \u2013 dodatni d\u017eepi\u0107 Besplatan upis za djecu od ro\u0111enja do zavr\u0161etka prvog razreda O\u0160 Besplatan upis za umirovljenike. &nbsp;<\/p>\n","protected":false},"author":165,"featured_media":0,"parent":0,"menu_order":0,"comment_status":"closed","ping_status":"closed","template":"","meta":{"ngg_post_thumbnail":0},"yoast_head":"<!-- This site is optimized with the Yoast SEO plugin v16.4 - https:\/\/yoast.com\/wordpress\/plugins\/seo\/ -->\n<meta name=\"robots\" content=\"index, follow, max-snippet:-1, max-image-preview:large, max-video-preview:-1\" \/>\n<link rel=\"canonical\" href=\"https:\/\/knjiznice.nsk.hr\/obrovac\/upisnina\/\" \/>\n<meta property=\"og:locale\" content=\"hr_HR\" \/>\n<meta property=\"og:type\" content=\"article\" \/>\n<meta property=\"og:title\" content=\"Upisnina - Pu\u010dko otvoreno u\u010dili\u0161te-Knji\u017enica i \u010ditaonica Obrovac\" \/>\n<meta property=\"og:description\" content=\"8,00 EUR \u2013 odrasli 7,00 EUR&nbsp; \u2013 djeca, u\u010denici, studenti,&nbsp;&nbsp;umirovljenici, hrvatski ratni vojni invalidi 5,00 EUR \u2013 sezonska upisnina 2,00 EUR \u2013 dodatni d\u017eepi\u0107 Besplatan upis za djecu od ro\u0111enja do zavr\u0161etka prvog razreda O\u0160 Besplatan upis za umirovljenike. &nbsp;\" \/>\n<meta property=\"og:url\" content=\"https:\/\/knjiznice.nsk.hr\/obrovac\/upisnina\/\" \/>\n<meta property=\"og:site_name\" content=\"Pu\u010dko otvoreno u\u010dili\u0161te-Knji\u017enica i \u010ditaonica Obrovac\" \/>\n<meta property=\"article:modified_time\" content=\"2024-02-12T09:04:18+00:00\" \/>\n<meta name=\"twitter:card\" content=\"summary_large_image\" \/>\n<meta name=\"twitter:label1\" content=\"Procijenjeno vrijeme \u010ditanja\" \/>\n\t<meta name=\"twitter:data1\" content=\"1 minuta\" \/>\n<script type=\"application\/ld+json\" class=\"yoast-schema-graph\">{\"@context\":\"https:\/\/schema.org\",\"@graph\":[{\"@type\":\"WebSite\",\"@id\":\"http:\/\/knjiznice.nsk.hr\/obrovac\/#website\",\"url\":\"http:\/\/knjiznice.nsk.hr\/obrovac\/\",\"name\":\"Pu\\u010dko otvoreno u\\u010dili\\u0161te-Knji\\u017enica i \\u010ditaonica Obrovac\",\"description\":\"\",\"potentialAction\":[{\"@type\":\"SearchAction\",\"target\":\"http:\/\/knjiznice.nsk.hr\/obrovac\/?s={search_term_string}\",\"query-input\":\"required name=search_term_string\"}],\"inLanguage\":\"hr\"},{\"@type\":\"WebPage\",\"@id\":\"https:\/\/knjiznice.nsk.hr\/obrovac\/upisnina\/#webpage\",\"url\":\"https:\/\/knjiznice.nsk.hr\/obrovac\/upisnina\/\",\"name\":\"Upisnina - Pu\\u010dko otvoreno u\\u010dili\\u0161te-Knji\\u017enica i \\u010ditaonica Obrovac\",\"isPartOf\":{\"@id\":\"http:\/\/knjiznice.nsk.hr\/obrovac\/#website\"},\"datePublished\":\"2018-12-09T13:55:18+00:00\",\"dateModified\":\"2024-02-12T09:04:18+00:00\",\"breadcrumb\":{\"@id\":\"https:\/\/knjiznice.nsk.hr\/obrovac\/upisnina\/#breadcrumb\"},\"inLanguage\":\"hr\",\"potentialAction\":[{\"@type\":\"ReadAction\",\"target\":[\"https:\/\/knjiznice.nsk.hr\/obrovac\/upisnina\/\"]}]},{\"@type\":\"BreadcrumbList\",\"@id\":\"https:\/\/knjiznice.nsk.hr\/obrovac\/upisnina\/#breadcrumb\",\"itemListElement\":[{\"@type\":\"ListItem\",\"position\":1,\"item\":{\"@type\":\"WebPage\",\"@id\":\"http:\/\/knjiznice.nsk.hr\/obrovac\/\",\"url\":\"http:\/\/knjiznice.nsk.hr\/obrovac\/\",\"name\":\"Po\\u010detna stranica\"}},{\"@type\":\"ListItem\",\"position\":2,\"item\":{\"@id\":\"https:\/\/knjiznice.nsk.hr\/obrovac\/upisnina\/#webpage\"}}]}]}<\/script>\n<!-- \/ Yoast SEO plugin. -->","_links":{"self":[{"href":"http:\/\/knjiznice.nsk.hr\/obrovac\/wp-json\/wp\/v2\/pages\/16"}],"collection":[{"href":"http:\/\/knjiznice.nsk.hr\/obrovac\/wp-json\/wp\/v2\/pages"}],"about":[{"href":"http:\/\/knjiznice.nsk.hr\/obrovac\/wp-json\/wp\/v2\/types\/page"}],"author":[{"embeddable":true,"href":"http:\/\/knjiznice.nsk.hr\/obrovac\/wp-json\/wp\/v2\/users\/165"}],"replies":[{"embeddable":true,"href":"http:\/\/knjiznice.nsk.hr\/obrovac\/wp-json\/wp\/v2\/comments?post=16"}],"version-history":[{"count":8,"href":"http:\/\/knjiznice.nsk.hr\/obrovac\/wp-json\/wp\/v2\/pages\/16\/revisions"}],"predecessor-version":[{"id":1434,"href":"http:\/\/knjiznice.nsk.hr\/obrovac\/wp-json\/wp\/v2\/pages\/16\/revisions\/1434"}],"wp:attachment":[{"href":"http:\/\/knjiznice.nsk.hr\/obrovac\/wp-json\/wp\/v2\/media?parent=16"}],"curies":[{"name":"wp","href":"https:\/\/api.w.org\/{rel}","templated":true}]}}