{"id":14,"date":"2018-12-09T14:54:42","date_gmt":"2018-12-09T13:54:42","guid":{"rendered":"http:\/\/knjiznice.nsk.hr\/obrovac\/?page_id=14"},"modified":"2024-09-10T13:31:51","modified_gmt":"2024-09-10T11:31:51","slug":"radno-vrijeme","status":"publish","type":"page","link":"http:\/\/knjiznice.nsk.hr\/obrovac\/radno-vrijeme\/","title":{"rendered":"Radno vrijeme"},"content":{"rendered":"<p><strong>ponedjeljak, srijeda, petak: 8,00 &#8211; 15,00 sati<\/strong><\/p>\n<p>(pauza: 12,00 &#8211; 12,30 sati )<\/p>\n<p>&nbsp;<\/p>\n<p><strong>utorak, \u010detvrtak: 13,00 &#8211; 19,00 sati<\/strong><\/p>\n<p>( pauza: 16,00 &#8211; 16,30 sati)<\/p>\n<p>&nbsp;<\/p>\n<p><strong>prve dvije subote u mjesecu: 8,00 &#8211; 12,00 sati<\/strong><\/p>\n","protected":false},"excerpt":{"rendered":"<p>ponedjeljak, srijeda, petak: 8,00 &#8211; 15,00 sati (pauza: 12,00 &#8211; 12,30 sati ) &nbsp; utorak, \u010detvrtak: 13,00 &#8211; 19,00 sati ( pauza: 16,00 &#8211; 16,30 sati) &nbsp; prve dvije subote u mjesecu: 8,00 &#8211; 12,00 sati<\/p>\n","protected":false},"author":165,"featured_media":0,"parent":0,"menu_order":0,"comment_status":"closed","ping_status":"closed","template":"","meta":{"ngg_post_thumbnail":0},"yoast_head":"<!-- This site is optimized with the Yoast SEO plugin v16.4 - https:\/\/yoast.com\/wordpress\/plugins\/seo\/ -->\n<meta name=\"robots\" content=\"index, follow, max-snippet:-1, max-image-preview:large, max-video-preview:-1\" \/>\n<link rel=\"canonical\" href=\"http:\/\/knjiznice.nsk.hr\/obrovac\/radno-vrijeme\/\" \/>\n<meta property=\"og:locale\" content=\"hr_HR\" \/>\n<meta property=\"og:type\" content=\"article\" \/>\n<meta property=\"og:title\" content=\"Radno vrijeme - Pu\u010dko otvoreno u\u010dili\u0161te-Knji\u017enica i \u010ditaonica Obrovac\" \/>\n<meta property=\"og:description\" content=\"ponedjeljak, srijeda, petak: 8,00 &#8211; 15,00 sati (pauza: 12,00 &#8211; 12,30 sati ) &nbsp; utorak, \u010detvrtak: 13,00 &#8211; 19,00 sati ( pauza: 16,00 &#8211; 16,30 sati) &nbsp; prve dvije subote u mjesecu: 8,00 &#8211; 12,00 sati\" \/>\n<meta property=\"og:url\" content=\"http:\/\/knjiznice.nsk.hr\/obrovac\/radno-vrijeme\/\" \/>\n<meta property=\"og:site_name\" content=\"Pu\u010dko otvoreno u\u010dili\u0161te-Knji\u017enica i \u010ditaonica Obrovac\" \/>\n<meta property=\"article:modified_time\" content=\"2024-09-10T11:31:51+00:00\" \/>\n<meta name=\"twitter:card\" content=\"summary_large_image\" \/>\n<meta name=\"twitter:label1\" content=\"Procijenjeno vrijeme \u010ditanja\" \/>\n\t<meta name=\"twitter:data1\" content=\"1 minuta\" \/>\n<script type=\"application\/ld+json\" class=\"yoast-schema-graph\">{\"@context\":\"https:\/\/schema.org\",\"@graph\":[{\"@type\":\"WebSite\",\"@id\":\"http:\/\/knjiznice.nsk.hr\/obrovac\/#website\",\"url\":\"http:\/\/knjiznice.nsk.hr\/obrovac\/\",\"name\":\"Pu\\u010dko otvoreno u\\u010dili\\u0161te-Knji\\u017enica i \\u010ditaonica Obrovac\",\"description\":\"\",\"potentialAction\":[{\"@type\":\"SearchAction\",\"target\":\"http:\/\/knjiznice.nsk.hr\/obrovac\/?s={search_term_string}\",\"query-input\":\"required name=search_term_string\"}],\"inLanguage\":\"hr\"},{\"@type\":\"WebPage\",\"@id\":\"http:\/\/knjiznice.nsk.hr\/obrovac\/radno-vrijeme\/#webpage\",\"url\":\"http:\/\/knjiznice.nsk.hr\/obrovac\/radno-vrijeme\/\",\"name\":\"Radno vrijeme - Pu\\u010dko otvoreno u\\u010dili\\u0161te-Knji\\u017enica i \\u010ditaonica Obrovac\",\"isPartOf\":{\"@id\":\"http:\/\/knjiznice.nsk.hr\/obrovac\/#website\"},\"datePublished\":\"2018-12-09T13:54:42+00:00\",\"dateModified\":\"2024-09-10T11:31:51+00:00\",\"breadcrumb\":{\"@id\":\"http:\/\/knjiznice.nsk.hr\/obrovac\/radno-vrijeme\/#breadcrumb\"},\"inLanguage\":\"hr\",\"potentialAction\":[{\"@type\":\"ReadAction\",\"target\":[\"http:\/\/knjiznice.nsk.hr\/obrovac\/radno-vrijeme\/\"]}]},{\"@type\":\"BreadcrumbList\",\"@id\":\"http:\/\/knjiznice.nsk.hr\/obrovac\/radno-vrijeme\/#breadcrumb\",\"itemListElement\":[{\"@type\":\"ListItem\",\"position\":1,\"item\":{\"@type\":\"WebPage\",\"@id\":\"http:\/\/knjiznice.nsk.hr\/obrovac\/\",\"url\":\"http:\/\/knjiznice.nsk.hr\/obrovac\/\",\"name\":\"Po\\u010detna stranica\"}},{\"@type\":\"ListItem\",\"position\":2,\"item\":{\"@id\":\"http:\/\/knjiznice.nsk.hr\/obrovac\/radno-vrijeme\/#webpage\"}}]}]}<\/script>\n<!-- \/ Yoast SEO plugin. -->","_links":{"self":[{"href":"http:\/\/knjiznice.nsk.hr\/obrovac\/wp-json\/wp\/v2\/pages\/14"}],"collection":[{"href":"http:\/\/knjiznice.nsk.hr\/obrovac\/wp-json\/wp\/v2\/pages"}],"about":[{"href":"http:\/\/knjiznice.nsk.hr\/obrovac\/wp-json\/wp\/v2\/types\/page"}],"author":[{"embeddable":true,"href":"http:\/\/knjiznice.nsk.hr\/obrovac\/wp-json\/wp\/v2\/users\/165"}],"replies":[{"embeddable":true,"href":"http:\/\/knjiznice.nsk.hr\/obrovac\/wp-json\/wp\/v2\/comments?post=14"}],"version-history":[{"count":6,"href":"http:\/\/knjiznice.nsk.hr\/obrovac\/wp-json\/wp\/v2\/pages\/14\/revisions"}],"predecessor-version":[{"id":1535,"href":"http:\/\/knjiznice.nsk.hr\/obrovac\/wp-json\/wp\/v2\/pages\/14\/revisions\/1535"}],"wp:attachment":[{"href":"http:\/\/knjiznice.nsk.hr\/obrovac\/wp-json\/wp\/v2\/media?parent=14"}],"curies":[{"name":"wp","href":"https:\/\/api.w.org\/{rel}","templated":true}]}}