{"id":50,"date":"2020-01-02T11:14:39","date_gmt":"2020-01-02T11:14:39","guid":{"rendered":"http:\/\/knjiznice.nsk.hr\/nustar\/?page_id=50"},"modified":"2024-03-26T13:37:13","modified_gmt":"2024-03-26T13:37:13","slug":"radionice","status":"publish","type":"page","link":"http:\/\/knjiznice.nsk.hr\/nustar\/dogadanja\/radionice\/","title":{"rendered":"Radionice"},"content":{"rendered":"<p><a href=\"http:\/\/knjiznice.nsk.hr\/nustar\/wp-content\/uploads\/sites\/84\/2024\/03\/radionica-Uskrs-1-1-scaled.jpg\"><img loading=\"lazy\" class=\"alignnone size-medium wp-image-485\" src=\"http:\/\/knjiznice.nsk.hr\/nustar\/wp-content\/uploads\/sites\/84\/2024\/03\/radionica-Uskrs-1-1-174x300.jpg\" alt=\"\" width=\"174\" height=\"300\" srcset=\"http:\/\/knjiznice.nsk.hr\/nustar\/wp-content\/uploads\/sites\/84\/2024\/03\/radionica-Uskrs-1-1-174x300.jpg 174w, http:\/\/knjiznice.nsk.hr\/nustar\/wp-content\/uploads\/sites\/84\/2024\/03\/radionica-Uskrs-1-1-593x1024.jpg 593w, http:\/\/knjiznice.nsk.hr\/nustar\/wp-content\/uploads\/sites\/84\/2024\/03\/radionica-Uskrs-1-1-768x1327.jpg 768w, http:\/\/knjiznice.nsk.hr\/nustar\/wp-content\/uploads\/sites\/84\/2024\/03\/radionica-Uskrs-1-1-600x1037.jpg 600w, http:\/\/knjiznice.nsk.hr\/nustar\/wp-content\/uploads\/sites\/84\/2024\/03\/radionica-Uskrs-1-1-889x1536.jpg 889w, http:\/\/knjiznice.nsk.hr\/nustar\/wp-content\/uploads\/sites\/84\/2024\/03\/radionica-Uskrs-1-1-1185x2048.jpg 1185w, http:\/\/knjiznice.nsk.hr\/nustar\/wp-content\/uploads\/sites\/84\/2024\/03\/radionica-Uskrs-1-1-624x1078.jpg 624w, http:\/\/knjiznice.nsk.hr\/nustar\/wp-content\/uploads\/sites\/84\/2024\/03\/radionica-Uskrs-1-1-scaled.jpg 1482w\" sizes=\"(max-width: 174px) 100vw, 174px\" \/><\/a> <a href=\"http:\/\/knjiznice.nsk.hr\/nustar\/wp-content\/uploads\/sites\/84\/2024\/03\/Uskrs-2-scaled.jpg\"><img loading=\"lazy\" class=\"alignnone size-medium wp-image-486\" src=\"http:\/\/knjiznice.nsk.hr\/nustar\/wp-content\/uploads\/sites\/84\/2024\/03\/Uskrs-2-205x300.jpg\" alt=\"\" width=\"205\" height=\"300\" srcset=\"http:\/\/knjiznice.nsk.hr\/nustar\/wp-content\/uploads\/sites\/84\/2024\/03\/Uskrs-2-205x300.jpg 205w, http:\/\/knjiznice.nsk.hr\/nustar\/wp-content\/uploads\/sites\/84\/2024\/03\/Uskrs-2-699x1024.jpg 699w, http:\/\/knjiznice.nsk.hr\/nustar\/wp-content\/uploads\/sites\/84\/2024\/03\/Uskrs-2-768x1126.jpg 768w, http:\/\/knjiznice.nsk.hr\/nustar\/wp-content\/uploads\/sites\/84\/2024\/03\/Uskrs-2-600x879.jpg 600w, http:\/\/knjiznice.nsk.hr\/nustar\/wp-content\/uploads\/sites\/84\/2024\/03\/Uskrs-2-1048x1536.jpg 1048w, http:\/\/knjiznice.nsk.hr\/nustar\/wp-content\/uploads\/sites\/84\/2024\/03\/Uskrs-2-1397x2048.jpg 1397w, http:\/\/knjiznice.nsk.hr\/nustar\/wp-content\/uploads\/sites\/84\/2024\/03\/Uskrs-2-624x915.jpg 624w, http:\/\/knjiznice.nsk.hr\/nustar\/wp-content\/uploads\/sites\/84\/2024\/03\/Uskrs-2-scaled.jpg 1747w\" sizes=\"(max-width: 205px) 100vw, 205px\" \/><\/a><\/p>\n","protected":false},"excerpt":{"rendered":"","protected":false},"author":100,"featured_media":0,"parent":52,"menu_order":0,"comment_status":"closed","ping_status":"closed","template":"","meta":{"ngg_post_thumbnail":0},"yoast_head":"<!-- This site is optimized with the Yoast SEO plugin v16.4 - https:\/\/yoast.com\/wordpress\/plugins\/seo\/ -->\n<meta name=\"robots\" content=\"index, follow, max-snippet:-1, max-image-preview:large, max-video-preview:-1\" \/>\n<link rel=\"canonical\" href=\"http:\/\/knjiznice.nsk.hr\/nustar\/dogadanja\/radionice\/\" \/>\n<meta property=\"og:locale\" content=\"hr_HR\" \/>\n<meta property=\"og:type\" content=\"article\" \/>\n<meta property=\"og:title\" content=\"Radionice - Narodna knji\u017enica i \u010ditaonica sv. Benedikta Nu\u0161tar\" \/>\n<meta property=\"og:url\" content=\"http:\/\/knjiznice.nsk.hr\/nustar\/dogadanja\/radionice\/\" \/>\n<meta property=\"og:site_name\" content=\"Narodna knji\u017enica i \u010ditaonica sv. Benedikta Nu\u0161tar\" \/>\n<meta property=\"article:modified_time\" content=\"2024-03-26T13:37:13+00:00\" \/>\n<meta property=\"og:image\" content=\"http:\/\/knjiznice.nsk.hr\/nustar\/wp-content\/uploads\/sites\/84\/2024\/03\/radionica-Uskrs-1-1-174x300.jpg\" \/>\n<meta name=\"twitter:label1\" content=\"Procijenjeno vrijeme \u010ditanja\" \/>\n\t<meta name=\"twitter:data1\" content=\"1 minuta\" \/>\n<script type=\"application\/ld+json\" class=\"yoast-schema-graph\">{\"@context\":\"https:\/\/schema.org\",\"@graph\":[{\"@type\":\"WebSite\",\"@id\":\"http:\/\/knjiznice.nsk.hr\/nustar\/#website\",\"url\":\"http:\/\/knjiznice.nsk.hr\/nustar\/\",\"name\":\"Narodna knji\\u017enica i \\u010ditaonica sv. Benedikta Nu\\u0161tar\",\"description\":\"\",\"potentialAction\":[{\"@type\":\"SearchAction\",\"target\":\"http:\/\/knjiznice.nsk.hr\/nustar\/?s={search_term_string}\",\"query-input\":\"required name=search_term_string\"}],\"inLanguage\":\"hr\"},{\"@type\":\"ImageObject\",\"@id\":\"http:\/\/knjiznice.nsk.hr\/nustar\/dogadanja\/radionice\/#primaryimage\",\"inLanguage\":\"hr\",\"url\":\"http:\/\/knjiznice.nsk.hr\/nustar\/wp-content\/uploads\/sites\/84\/2024\/03\/radionica-Uskrs-1-1-174x300.jpg\",\"contentUrl\":\"http:\/\/knjiznice.nsk.hr\/nustar\/wp-content\/uploads\/sites\/84\/2024\/03\/radionica-Uskrs-1-1-174x300.jpg\"},{\"@type\":\"WebPage\",\"@id\":\"http:\/\/knjiznice.nsk.hr\/nustar\/dogadanja\/radionice\/#webpage\",\"url\":\"http:\/\/knjiznice.nsk.hr\/nustar\/dogadanja\/radionice\/\",\"name\":\"Radionice - Narodna knji\\u017enica i \\u010ditaonica sv. Benedikta Nu\\u0161tar\",\"isPartOf\":{\"@id\":\"http:\/\/knjiznice.nsk.hr\/nustar\/#website\"},\"primaryImageOfPage\":{\"@id\":\"http:\/\/knjiznice.nsk.hr\/nustar\/dogadanja\/radionice\/#primaryimage\"},\"datePublished\":\"2020-01-02T11:14:39+00:00\",\"dateModified\":\"2024-03-26T13:37:13+00:00\",\"breadcrumb\":{\"@id\":\"http:\/\/knjiznice.nsk.hr\/nustar\/dogadanja\/radionice\/#breadcrumb\"},\"inLanguage\":\"hr\",\"potentialAction\":[{\"@type\":\"ReadAction\",\"target\":[\"http:\/\/knjiznice.nsk.hr\/nustar\/dogadanja\/radionice\/\"]}]},{\"@type\":\"BreadcrumbList\",\"@id\":\"http:\/\/knjiznice.nsk.hr\/nustar\/dogadanja\/radionice\/#breadcrumb\",\"itemListElement\":[{\"@type\":\"ListItem\",\"position\":1,\"item\":{\"@type\":\"WebPage\",\"@id\":\"http:\/\/knjiznice.nsk.hr\/nustar\/\",\"url\":\"http:\/\/knjiznice.nsk.hr\/nustar\/\",\"name\":\"Po\\u010detna stranica\"}},{\"@type\":\"ListItem\",\"position\":2,\"item\":{\"@type\":\"WebPage\",\"@id\":\"http:\/\/knjiznice.nsk.hr\/nustar\/dogadanja\/\",\"url\":\"http:\/\/knjiznice.nsk.hr\/nustar\/dogadanja\/\",\"name\":\"Doga\\u0111anja\"}},{\"@type\":\"ListItem\",\"position\":3,\"item\":{\"@id\":\"http:\/\/knjiznice.nsk.hr\/nustar\/dogadanja\/radionice\/#webpage\"}}]}]}<\/script>\n<!-- \/ Yoast SEO plugin. -->","_links":{"self":[{"href":"http:\/\/knjiznice.nsk.hr\/nustar\/wp-json\/wp\/v2\/pages\/50"}],"collection":[{"href":"http:\/\/knjiznice.nsk.hr\/nustar\/wp-json\/wp\/v2\/pages"}],"about":[{"href":"http:\/\/knjiznice.nsk.hr\/nustar\/wp-json\/wp\/v2\/types\/page"}],"author":[{"embeddable":true,"href":"http:\/\/knjiznice.nsk.hr\/nustar\/wp-json\/wp\/v2\/users\/100"}],"replies":[{"embeddable":true,"href":"http:\/\/knjiznice.nsk.hr\/nustar\/wp-json\/wp\/v2\/comments?post=50"}],"version-history":[{"count":2,"href":"http:\/\/knjiznice.nsk.hr\/nustar\/wp-json\/wp\/v2\/pages\/50\/revisions"}],"predecessor-version":[{"id":487,"href":"http:\/\/knjiznice.nsk.hr\/nustar\/wp-json\/wp\/v2\/pages\/50\/revisions\/487"}],"up":[{"embeddable":true,"href":"http:\/\/knjiznice.nsk.hr\/nustar\/wp-json\/wp\/v2\/pages\/52"}],"wp:attachment":[{"href":"http:\/\/knjiznice.nsk.hr\/nustar\/wp-json\/wp\/v2\/media?parent=50"}],"curies":[{"name":"wp","href":"https:\/\/api.w.org\/{rel}","templated":true}]}}