{"id":46,"date":"2020-01-02T11:13:55","date_gmt":"2020-01-02T11:13:55","guid":{"rendered":"http:\/\/knjiznice.nsk.hr\/nustar\/?page_id=46"},"modified":"2020-01-02T11:21:03","modified_gmt":"2020-01-02T11:21:03","slug":"preporuke-odjela-za-odrasle","status":"publish","type":"page","link":"http:\/\/knjiznice.nsk.hr\/nustar\/usluge\/preporuke-odjela-za-odrasle\/","title":{"rendered":"Preporuke Odjela za odrasle"},"content":{"rendered":"","protected":false},"excerpt":{"rendered":"","protected":false},"author":100,"featured_media":0,"parent":40,"menu_order":0,"comment_status":"closed","ping_status":"closed","template":"","meta":{"ngg_post_thumbnail":0},"yoast_head":"<!-- This site is optimized with the Yoast SEO plugin v16.4 - https:\/\/yoast.com\/wordpress\/plugins\/seo\/ -->\n<meta name=\"robots\" content=\"index, follow, max-snippet:-1, max-image-preview:large, max-video-preview:-1\" \/>\n<link rel=\"canonical\" href=\"http:\/\/knjiznice.nsk.hr\/nustar\/usluge\/preporuke-odjela-za-odrasle\/\" \/>\n<meta property=\"og:locale\" content=\"hr_HR\" \/>\n<meta property=\"og:type\" content=\"article\" \/>\n<meta property=\"og:title\" content=\"Preporuke Odjela za odrasle - Narodna knji\u017enica i \u010ditaonica sv. Benedikta Nu\u0161tar\" \/>\n<meta property=\"og:url\" content=\"http:\/\/knjiznice.nsk.hr\/nustar\/usluge\/preporuke-odjela-za-odrasle\/\" \/>\n<meta property=\"og:site_name\" content=\"Narodna knji\u017enica i \u010ditaonica sv. Benedikta Nu\u0161tar\" \/>\n<meta property=\"article:modified_time\" content=\"2020-01-02T11:21:03+00:00\" \/>\n<script type=\"application\/ld+json\" class=\"yoast-schema-graph\">{\"@context\":\"https:\/\/schema.org\",\"@graph\":[{\"@type\":\"WebSite\",\"@id\":\"https:\/\/knjiznice.nsk.hr\/nustar\/#website\",\"url\":\"https:\/\/knjiznice.nsk.hr\/nustar\/\",\"name\":\"Narodna knji\\u017enica i \\u010ditaonica sv. Benedikta Nu\\u0161tar\",\"description\":\"\",\"potentialAction\":[{\"@type\":\"SearchAction\",\"target\":\"https:\/\/knjiznice.nsk.hr\/nustar\/?s={search_term_string}\",\"query-input\":\"required name=search_term_string\"}],\"inLanguage\":\"hr\"},{\"@type\":\"WebPage\",\"@id\":\"http:\/\/knjiznice.nsk.hr\/nustar\/usluge\/preporuke-odjela-za-odrasle\/#webpage\",\"url\":\"http:\/\/knjiznice.nsk.hr\/nustar\/usluge\/preporuke-odjela-za-odrasle\/\",\"name\":\"Preporuke Odjela za odrasle - Narodna knji\\u017enica i \\u010ditaonica sv. Benedikta Nu\\u0161tar\",\"isPartOf\":{\"@id\":\"https:\/\/knjiznice.nsk.hr\/nustar\/#website\"},\"datePublished\":\"2020-01-02T11:13:55+00:00\",\"dateModified\":\"2020-01-02T11:21:03+00:00\",\"breadcrumb\":{\"@id\":\"http:\/\/knjiznice.nsk.hr\/nustar\/usluge\/preporuke-odjela-za-odrasle\/#breadcrumb\"},\"inLanguage\":\"hr\",\"potentialAction\":[{\"@type\":\"ReadAction\",\"target\":[\"http:\/\/knjiznice.nsk.hr\/nustar\/usluge\/preporuke-odjela-za-odrasle\/\"]}]},{\"@type\":\"BreadcrumbList\",\"@id\":\"http:\/\/knjiznice.nsk.hr\/nustar\/usluge\/preporuke-odjela-za-odrasle\/#breadcrumb\",\"itemListElement\":[{\"@type\":\"ListItem\",\"position\":1,\"item\":{\"@type\":\"WebPage\",\"@id\":\"https:\/\/knjiznice.nsk.hr\/nustar\/\",\"url\":\"https:\/\/knjiznice.nsk.hr\/nustar\/\",\"name\":\"Po\\u010detna stranica\"}},{\"@type\":\"ListItem\",\"position\":2,\"item\":{\"@type\":\"WebPage\",\"@id\":\"http:\/\/knjiznice.nsk.hr\/nustar\/usluge\/\",\"url\":\"http:\/\/knjiznice.nsk.hr\/nustar\/usluge\/\",\"name\":\"Usluge\"}},{\"@type\":\"ListItem\",\"position\":3,\"item\":{\"@id\":\"http:\/\/knjiznice.nsk.hr\/nustar\/usluge\/preporuke-odjela-za-odrasle\/#webpage\"}}]}]}<\/script>\n<!-- \/ Yoast SEO plugin. -->","_links":{"self":[{"href":"http:\/\/knjiznice.nsk.hr\/nustar\/wp-json\/wp\/v2\/pages\/46"}],"collection":[{"href":"http:\/\/knjiznice.nsk.hr\/nustar\/wp-json\/wp\/v2\/pages"}],"about":[{"href":"http:\/\/knjiznice.nsk.hr\/nustar\/wp-json\/wp\/v2\/types\/page"}],"author":[{"embeddable":true,"href":"http:\/\/knjiznice.nsk.hr\/nustar\/wp-json\/wp\/v2\/users\/100"}],"replies":[{"embeddable":true,"href":"http:\/\/knjiznice.nsk.hr\/nustar\/wp-json\/wp\/v2\/comments?post=46"}],"version-history":[{"count":2,"href":"http:\/\/knjiznice.nsk.hr\/nustar\/wp-json\/wp\/v2\/pages\/46\/revisions"}],"predecessor-version":[{"id":73,"href":"http:\/\/knjiznice.nsk.hr\/nustar\/wp-json\/wp\/v2\/pages\/46\/revisions\/73"}],"up":[{"embeddable":true,"href":"http:\/\/knjiznice.nsk.hr\/nustar\/wp-json\/wp\/v2\/pages\/40"}],"wp:attachment":[{"href":"http:\/\/knjiznice.nsk.hr\/nustar\/wp-json\/wp\/v2\/media?parent=46"}],"curies":[{"name":"wp","href":"https:\/\/api.w.org\/{rel}","templated":true}]}}