{"id":33,"date":"2020-01-02T11:11:34","date_gmt":"2020-01-02T11:11:34","guid":{"rendered":"http:\/\/knjiznice.nsk.hr\/nustar\/?page_id=33"},"modified":"2020-01-02T11:11:41","modified_gmt":"2020-01-02T11:11:41","slug":"opci-podatci","status":"publish","type":"page","link":"http:\/\/knjiznice.nsk.hr\/nustar\/o-knjiznici\/opci-podatci\/","title":{"rendered":"Op\u0107i podatci"},"content":{"rendered":"","protected":false},"excerpt":{"rendered":"","protected":false},"author":100,"featured_media":0,"parent":31,"menu_order":0,"comment_status":"closed","ping_status":"closed","template":"","meta":{"ngg_post_thumbnail":0},"yoast_head":"<!-- This site is optimized with the Yoast SEO plugin v16.4 - https:\/\/yoast.com\/wordpress\/plugins\/seo\/ -->\n<meta name=\"robots\" content=\"index, follow, max-snippet:-1, max-image-preview:large, max-video-preview:-1\" \/>\n<link rel=\"canonical\" href=\"http:\/\/knjiznice.nsk.hr\/nustar\/o-knjiznici\/opci-podatci\/\" \/>\n<meta property=\"og:locale\" content=\"hr_HR\" \/>\n<meta property=\"og:type\" content=\"article\" \/>\n<meta property=\"og:title\" content=\"Op\u0107i podatci - Narodna knji\u017enica i \u010ditaonica sv. Benedikta Nu\u0161tar\" \/>\n<meta property=\"og:url\" content=\"http:\/\/knjiznice.nsk.hr\/nustar\/o-knjiznici\/opci-podatci\/\" \/>\n<meta property=\"og:site_name\" content=\"Narodna knji\u017enica i \u010ditaonica sv. Benedikta Nu\u0161tar\" \/>\n<meta property=\"article:modified_time\" content=\"2020-01-02T11:11:41+00:00\" \/>\n<script type=\"application\/ld+json\" class=\"yoast-schema-graph\">{\"@context\":\"https:\/\/schema.org\",\"@graph\":[{\"@type\":\"WebSite\",\"@id\":\"http:\/\/knjiznice.nsk.hr\/nustar\/#website\",\"url\":\"http:\/\/knjiznice.nsk.hr\/nustar\/\",\"name\":\"Narodna knji\\u017enica i \\u010ditaonica sv. Benedikta Nu\\u0161tar\",\"description\":\"\",\"potentialAction\":[{\"@type\":\"SearchAction\",\"target\":\"http:\/\/knjiznice.nsk.hr\/nustar\/?s={search_term_string}\",\"query-input\":\"required name=search_term_string\"}],\"inLanguage\":\"hr\"},{\"@type\":\"WebPage\",\"@id\":\"http:\/\/knjiznice.nsk.hr\/nustar\/o-knjiznici\/opci-podatci\/#webpage\",\"url\":\"http:\/\/knjiznice.nsk.hr\/nustar\/o-knjiznici\/opci-podatci\/\",\"name\":\"Op\\u0107i podatci - Narodna knji\\u017enica i \\u010ditaonica sv. Benedikta Nu\\u0161tar\",\"isPartOf\":{\"@id\":\"http:\/\/knjiznice.nsk.hr\/nustar\/#website\"},\"datePublished\":\"2020-01-02T11:11:34+00:00\",\"dateModified\":\"2020-01-02T11:11:41+00:00\",\"breadcrumb\":{\"@id\":\"http:\/\/knjiznice.nsk.hr\/nustar\/o-knjiznici\/opci-podatci\/#breadcrumb\"},\"inLanguage\":\"hr\",\"potentialAction\":[{\"@type\":\"ReadAction\",\"target\":[\"http:\/\/knjiznice.nsk.hr\/nustar\/o-knjiznici\/opci-podatci\/\"]}]},{\"@type\":\"BreadcrumbList\",\"@id\":\"http:\/\/knjiznice.nsk.hr\/nustar\/o-knjiznici\/opci-podatci\/#breadcrumb\",\"itemListElement\":[{\"@type\":\"ListItem\",\"position\":1,\"item\":{\"@type\":\"WebPage\",\"@id\":\"http:\/\/knjiznice.nsk.hr\/nustar\/\",\"url\":\"http:\/\/knjiznice.nsk.hr\/nustar\/\",\"name\":\"Po\\u010detna stranica\"}},{\"@type\":\"ListItem\",\"position\":2,\"item\":{\"@type\":\"WebPage\",\"@id\":\"http:\/\/knjiznice.nsk.hr\/nustar\/o-knjiznici\/\",\"url\":\"http:\/\/knjiznice.nsk.hr\/nustar\/o-knjiznici\/\",\"name\":\"O Knji\\u017enici\"}},{\"@type\":\"ListItem\",\"position\":3,\"item\":{\"@id\":\"http:\/\/knjiznice.nsk.hr\/nustar\/o-knjiznici\/opci-podatci\/#webpage\"}}]}]}<\/script>\n<!-- \/ Yoast SEO plugin. -->","_links":{"self":[{"href":"http:\/\/knjiznice.nsk.hr\/nustar\/wp-json\/wp\/v2\/pages\/33"}],"collection":[{"href":"http:\/\/knjiznice.nsk.hr\/nustar\/wp-json\/wp\/v2\/pages"}],"about":[{"href":"http:\/\/knjiznice.nsk.hr\/nustar\/wp-json\/wp\/v2\/types\/page"}],"author":[{"embeddable":true,"href":"http:\/\/knjiznice.nsk.hr\/nustar\/wp-json\/wp\/v2\/users\/100"}],"replies":[{"embeddable":true,"href":"http:\/\/knjiznice.nsk.hr\/nustar\/wp-json\/wp\/v2\/comments?post=33"}],"version-history":[{"count":1,"href":"http:\/\/knjiznice.nsk.hr\/nustar\/wp-json\/wp\/v2\/pages\/33\/revisions"}],"predecessor-version":[{"id":34,"href":"http:\/\/knjiznice.nsk.hr\/nustar\/wp-json\/wp\/v2\/pages\/33\/revisions\/34"}],"up":[{"embeddable":true,"href":"http:\/\/knjiznice.nsk.hr\/nustar\/wp-json\/wp\/v2\/pages\/31"}],"wp:attachment":[{"href":"http:\/\/knjiznice.nsk.hr\/nustar\/wp-json\/wp\/v2\/media?parent=33"}],"curies":[{"name":"wp","href":"https:\/\/api.w.org\/{rel}","templated":true}]}}