{"id":38,"date":"2015-04-13T10:37:07","date_gmt":"2015-04-13T10:37:07","guid":{"rendered":"http:\/\/knjiznice.nsk.hr\/murter\/?page_id=38"},"modified":"2015-04-13T10:41:35","modified_gmt":"2015-04-13T10:41:35","slug":"kucni-red","status":"publish","type":"page","link":"http:\/\/knjiznice.nsk.hr\/murter\/kucni-red\/","title":{"rendered":"Ku\u0107ni red"},"content":{"rendered":"<p>1. Ku\u0107ni red sastavni je dio Pravila Narodne knji\u017enice i \u010ditaonice Murter<br \/>\n2. Gra\u0111a i usluge koriste se u radno vrijeme Knji\u017enice u skladu s Pravilima.<br \/>\n3. Na zahtjev djelatnika, korisnik je du\u017ean pokazati predmete koje unosi ili iznosi iz Knji\u017enice.<br \/>\n4. Dopu\u0161teno je unositi vlastita prijenosna ra\u010dunala.<br \/>\n5. \u010clan Knji\u017enice du\u017ean je pri ulasku u Knji\u017enicu predo\u010diti svoju \u010dlansku iskaznicu.<br \/>\n6. Korisnik koji nije \u010dlan Knji\u017enice du\u017ean je pri ulasku predo\u010diti svoj identifikacijski dokument.<br \/>\n7. U prostoru Knji\u017enice nije dopu\u0161teno:<br \/>\n&#8211; svojim pona\u0161anjem ometati druge korisnike i djelatnike Knji\u017enice u njihovu radu;<br \/>\n&#8211; unositi i konzumirati hranu i pi\u0107e;<br \/>\n&#8211; zadr\u017eavati se na mjestima namijenjenim djelatnicima i koristiti se ra\u010dunalima za djelatnike;<br \/>\n&#8211; iznositi nezadu\u017eenu knji\u017eni\u010dnu gra\u0111u;<br \/>\n&#8211; o\u0161te\u0107ivati knji\u017eni\u010dnu gra\u0111u, opremu i inventar Knji\u017enice;<br \/>\n&#8211; dovoditi \u017eivotinje, osim pasa vodi\u010da;<br \/>\n&#8211; pu\u0161iti<br \/>\n8. U prostoru Knji\u017enice mobiteli moraju biti uga\u0161eni.<\/p>\n","protected":false},"excerpt":{"rendered":"<p>1. Ku\u0107ni red sastavni je dio Pravila Narodne knji\u017enice i \u010ditaonice Murter 2. Gra\u0111a i usluge koriste se u radno vrijeme Knji\u017enice u skladu s Pravilima. 3. Na zahtjev djelatnika, korisnik je du\u017ean pokazati predmete koje unosi ili iznosi iz Knji\u017enice. 4. Dopu\u0161teno je unositi vlastita prijenosna ra\u010dunala. 5. \u010clan Knji\u017enice du\u017ean je pri ulasku [&hellip;]<\/p>\n","protected":false},"author":42,"featured_media":0,"parent":0,"menu_order":0,"comment_status":"closed","ping_status":"closed","template":"","meta":{"ngg_post_thumbnail":0},"yoast_head":"<!-- This site is optimized with the Yoast SEO plugin v16.4 - https:\/\/yoast.com\/wordpress\/plugins\/seo\/ -->\n<meta name=\"robots\" content=\"index, follow, max-snippet:-1, max-image-preview:large, max-video-preview:-1\" \/>\n<link rel=\"canonical\" href=\"http:\/\/knjiznice.nsk.hr\/murter\/kucni-red\/\" \/>\n<meta property=\"og:locale\" content=\"hr_HR\" \/>\n<meta property=\"og:type\" content=\"article\" \/>\n<meta property=\"og:title\" content=\"Ku\u0107ni red - Narodna knji\u017enica i \u010ditaonica Murter\" \/>\n<meta property=\"og:description\" content=\"1. Ku\u0107ni red sastavni je dio Pravila Narodne knji\u017enice i \u010ditaonice Murter 2. Gra\u0111a i usluge koriste se u radno vrijeme Knji\u017enice u skladu s Pravilima. 3. Na zahtjev djelatnika, korisnik je du\u017ean pokazati predmete koje unosi ili iznosi iz Knji\u017enice. 4. Dopu\u0161teno je unositi vlastita prijenosna ra\u010dunala. 5. \u010clan Knji\u017enice du\u017ean je pri ulasku [&hellip;]\" \/>\n<meta property=\"og:url\" content=\"http:\/\/knjiznice.nsk.hr\/murter\/kucni-red\/\" \/>\n<meta property=\"og:site_name\" content=\"Narodna knji\u017enica i \u010ditaonica Murter\" \/>\n<meta property=\"article:modified_time\" content=\"2015-04-13T10:41:35+00:00\" \/>\n<meta name=\"twitter:label1\" content=\"Procijenjeno vrijeme \u010ditanja\" \/>\n\t<meta name=\"twitter:data1\" content=\"1 minuta\" \/>\n<script type=\"application\/ld+json\" class=\"yoast-schema-graph\">{\"@context\":\"https:\/\/schema.org\",\"@graph\":[{\"@type\":\"WebSite\",\"@id\":\"http:\/\/knjiznice.nsk.hr\/murter\/#website\",\"url\":\"http:\/\/knjiznice.nsk.hr\/murter\/\",\"name\":\"Narodna knji\\u017enica i \\u010ditaonica Murter\",\"description\":\"\",\"potentialAction\":[{\"@type\":\"SearchAction\",\"target\":\"http:\/\/knjiznice.nsk.hr\/murter\/?s={search_term_string}\",\"query-input\":\"required name=search_term_string\"}],\"inLanguage\":\"hr\"},{\"@type\":\"WebPage\",\"@id\":\"http:\/\/knjiznice.nsk.hr\/murter\/kucni-red\/#webpage\",\"url\":\"http:\/\/knjiznice.nsk.hr\/murter\/kucni-red\/\",\"name\":\"Ku\\u0107ni red - Narodna knji\\u017enica i \\u010ditaonica Murter\",\"isPartOf\":{\"@id\":\"http:\/\/knjiznice.nsk.hr\/murter\/#website\"},\"datePublished\":\"2015-04-13T10:37:07+00:00\",\"dateModified\":\"2015-04-13T10:41:35+00:00\",\"breadcrumb\":{\"@id\":\"http:\/\/knjiznice.nsk.hr\/murter\/kucni-red\/#breadcrumb\"},\"inLanguage\":\"hr\",\"potentialAction\":[{\"@type\":\"ReadAction\",\"target\":[\"http:\/\/knjiznice.nsk.hr\/murter\/kucni-red\/\"]}]},{\"@type\":\"BreadcrumbList\",\"@id\":\"http:\/\/knjiznice.nsk.hr\/murter\/kucni-red\/#breadcrumb\",\"itemListElement\":[{\"@type\":\"ListItem\",\"position\":1,\"item\":{\"@type\":\"WebPage\",\"@id\":\"http:\/\/knjiznice.nsk.hr\/murter\/\",\"url\":\"http:\/\/knjiznice.nsk.hr\/murter\/\",\"name\":\"Po\\u010detna stranica\"}},{\"@type\":\"ListItem\",\"position\":2,\"item\":{\"@id\":\"http:\/\/knjiznice.nsk.hr\/murter\/kucni-red\/#webpage\"}}]}]}<\/script>\n<!-- \/ Yoast SEO plugin. -->","_links":{"self":[{"href":"http:\/\/knjiznice.nsk.hr\/murter\/wp-json\/wp\/v2\/pages\/38"}],"collection":[{"href":"http:\/\/knjiznice.nsk.hr\/murter\/wp-json\/wp\/v2\/pages"}],"about":[{"href":"http:\/\/knjiznice.nsk.hr\/murter\/wp-json\/wp\/v2\/types\/page"}],"author":[{"embeddable":true,"href":"http:\/\/knjiznice.nsk.hr\/murter\/wp-json\/wp\/v2\/users\/42"}],"replies":[{"embeddable":true,"href":"http:\/\/knjiznice.nsk.hr\/murter\/wp-json\/wp\/v2\/comments?post=38"}],"version-history":[{"count":1,"href":"http:\/\/knjiznice.nsk.hr\/murter\/wp-json\/wp\/v2\/pages\/38\/revisions"}],"predecessor-version":[{"id":39,"href":"http:\/\/knjiznice.nsk.hr\/murter\/wp-json\/wp\/v2\/pages\/38\/revisions\/39"}],"wp:attachment":[{"href":"http:\/\/knjiznice.nsk.hr\/murter\/wp-json\/wp\/v2\/media?parent=38"}],"curies":[{"name":"wp","href":"https:\/\/api.w.org\/{rel}","templated":true}]}}