{"id":35,"date":"2015-04-13T10:34:10","date_gmt":"2015-04-13T10:34:10","guid":{"rendered":"http:\/\/knjiznice.nsk.hr\/murter\/?page_id=35"},"modified":"2015-04-13T10:41:04","modified_gmt":"2015-04-13T10:41:04","slug":"cjenik-i-pravila-koristenja","status":"publish","type":"page","link":"http:\/\/knjiznice.nsk.hr\/murter\/cjenik-i-pravila-koristenja\/","title":{"rendered":"Cjenik"},"content":{"rendered":"<p>&nbsp;<\/p>\n<p>\u010clanstvo u Narodnoj knji\u017enici i \u010ditaonici Murter traje godinu dana od dana upisa:<\/p>\n<p><strong>UPISNINA:<\/strong><\/p>\n<p>ODRASLI: 100 kn<br \/>\nU\u010cENICI, STUDENTI, UMIROVLJENICI I INVALIDI: 70 kn<\/p>\n<p>TURISTI (LJETNI \u010cLANOVI): 40 kn (3 mjeseca)<\/p>\n<p>INTERNET: 15 kn po satu<br \/>\nZakasnina za knji\u017enu gra\u0111u: 0,50 kn po svesku i danu<br \/>\nZakasnina za CD i DVD: 5 kn po danu i jedinici gra\u0111e<br \/>\nO\u0161te\u0107enje bar koda: 10 kn<\/p>\n<p>ISPIS TEKSTA: 0,50 kn po stranici<\/p>\n<p><strong>PRAVILA KORI\u0160TENJA<\/strong><\/p>\n<p>\u2022 \u010dlanska iskaznica je neprenosiva<br \/>\n\u2022 odjedanput se mogu posuditi 3 knjige, na rok od 21 dan<br \/>\n\u2022 posudbeni se rok mo\u017ee produ\u017eiti (osobno ili telefonski)<br \/>\n\u2022 gra\u0111a iz posebnih zbirki (zavi\u010dajna zbirka, novine i \u010dasopisi i referentne zbirke: enciklopedije, rje\u010dnici, leksikoni, bibliografije, priru\u010dnici knji\u017eni\u010darstva itd) ne posu\u0111uje se \u2013 mo\u017ee se koristiti samo u Knji\u017enici<br \/>\n\u2022 korisnik je du\u017ean \u010duvati posu\u0111enu gra\u0111u od svakog o\u0161te\u0107enja, a eventualnu \u0161tetu obvezan je nadoknaditi<br \/>\n\u2022 kori\u0161tenje interneta za stalne godi\u0161nje \u010dlanove je 5 kn\/sat<br \/>\n\u2022 kori\u0161tenje prostora u Knji\u017enici, osim u kulturne svrhe: 100 kn za svaki zapo\u010deti sat<\/p>\n<p>ravnateljica: Mande Tur\u010dinov-Je\u017eina, mag.bibl.<\/p>\n","protected":false},"excerpt":{"rendered":"<p>&nbsp; \u010clanstvo u Narodnoj knji\u017enici i \u010ditaonici Murter traje godinu dana od dana upisa: UPISNINA: ODRASLI: 100 kn U\u010cENICI, STUDENTI, UMIROVLJENICI I INVALIDI: 70 kn TURISTI (LJETNI \u010cLANOVI): 40 kn (3 mjeseca) INTERNET: 15 kn po satu Zakasnina za knji\u017enu gra\u0111u: 0,50 kn po svesku i danu Zakasnina za CD i DVD: 5 kn po [&hellip;]<\/p>\n","protected":false},"author":42,"featured_media":0,"parent":0,"menu_order":0,"comment_status":"closed","ping_status":"closed","template":"","meta":{"ngg_post_thumbnail":0},"yoast_head":"<!-- This site is optimized with the Yoast SEO plugin v16.4 - https:\/\/yoast.com\/wordpress\/plugins\/seo\/ -->\n<meta name=\"robots\" content=\"index, follow, max-snippet:-1, max-image-preview:large, max-video-preview:-1\" \/>\n<link rel=\"canonical\" href=\"http:\/\/knjiznice.nsk.hr\/murter\/cjenik-i-pravila-koristenja\/\" \/>\n<meta property=\"og:locale\" content=\"hr_HR\" \/>\n<meta property=\"og:type\" content=\"article\" \/>\n<meta property=\"og:title\" content=\"Cjenik - Narodna knji\u017enica i \u010ditaonica Murter\" \/>\n<meta property=\"og:description\" content=\"&nbsp; \u010clanstvo u Narodnoj knji\u017enici i \u010ditaonici Murter traje godinu dana od dana upisa: UPISNINA: ODRASLI: 100 kn U\u010cENICI, STUDENTI, UMIROVLJENICI I INVALIDI: 70 kn TURISTI (LJETNI \u010cLANOVI): 40 kn (3 mjeseca) INTERNET: 15 kn po satu Zakasnina za knji\u017enu gra\u0111u: 0,50 kn po svesku i danu Zakasnina za CD i DVD: 5 kn po [&hellip;]\" \/>\n<meta property=\"og:url\" content=\"http:\/\/knjiznice.nsk.hr\/murter\/cjenik-i-pravila-koristenja\/\" \/>\n<meta property=\"og:site_name\" content=\"Narodna knji\u017enica i \u010ditaonica Murter\" \/>\n<meta property=\"article:modified_time\" content=\"2015-04-13T10:41:04+00:00\" \/>\n<meta name=\"twitter:label1\" content=\"Procijenjeno vrijeme \u010ditanja\" \/>\n\t<meta name=\"twitter:data1\" content=\"1 minuta\" \/>\n<script type=\"application\/ld+json\" class=\"yoast-schema-graph\">{\"@context\":\"https:\/\/schema.org\",\"@graph\":[{\"@type\":\"WebSite\",\"@id\":\"http:\/\/knjiznice.nsk.hr\/murter\/#website\",\"url\":\"http:\/\/knjiznice.nsk.hr\/murter\/\",\"name\":\"Narodna knji\\u017enica i \\u010ditaonica Murter\",\"description\":\"\",\"potentialAction\":[{\"@type\":\"SearchAction\",\"target\":\"http:\/\/knjiznice.nsk.hr\/murter\/?s={search_term_string}\",\"query-input\":\"required name=search_term_string\"}],\"inLanguage\":\"hr\"},{\"@type\":\"WebPage\",\"@id\":\"http:\/\/knjiznice.nsk.hr\/murter\/cjenik-i-pravila-koristenja\/#webpage\",\"url\":\"http:\/\/knjiznice.nsk.hr\/murter\/cjenik-i-pravila-koristenja\/\",\"name\":\"Cjenik - Narodna knji\\u017enica i \\u010ditaonica Murter\",\"isPartOf\":{\"@id\":\"http:\/\/knjiznice.nsk.hr\/murter\/#website\"},\"datePublished\":\"2015-04-13T10:34:10+00:00\",\"dateModified\":\"2015-04-13T10:41:04+00:00\",\"breadcrumb\":{\"@id\":\"http:\/\/knjiznice.nsk.hr\/murter\/cjenik-i-pravila-koristenja\/#breadcrumb\"},\"inLanguage\":\"hr\",\"potentialAction\":[{\"@type\":\"ReadAction\",\"target\":[\"http:\/\/knjiznice.nsk.hr\/murter\/cjenik-i-pravila-koristenja\/\"]}]},{\"@type\":\"BreadcrumbList\",\"@id\":\"http:\/\/knjiznice.nsk.hr\/murter\/cjenik-i-pravila-koristenja\/#breadcrumb\",\"itemListElement\":[{\"@type\":\"ListItem\",\"position\":1,\"item\":{\"@type\":\"WebPage\",\"@id\":\"http:\/\/knjiznice.nsk.hr\/murter\/\",\"url\":\"http:\/\/knjiznice.nsk.hr\/murter\/\",\"name\":\"Po\\u010detna stranica\"}},{\"@type\":\"ListItem\",\"position\":2,\"item\":{\"@id\":\"http:\/\/knjiznice.nsk.hr\/murter\/cjenik-i-pravila-koristenja\/#webpage\"}}]}]}<\/script>\n<!-- \/ Yoast SEO plugin. -->","_links":{"self":[{"href":"http:\/\/knjiznice.nsk.hr\/murter\/wp-json\/wp\/v2\/pages\/35"}],"collection":[{"href":"http:\/\/knjiznice.nsk.hr\/murter\/wp-json\/wp\/v2\/pages"}],"about":[{"href":"http:\/\/knjiznice.nsk.hr\/murter\/wp-json\/wp\/v2\/types\/page"}],"author":[{"embeddable":true,"href":"http:\/\/knjiznice.nsk.hr\/murter\/wp-json\/wp\/v2\/users\/42"}],"replies":[{"embeddable":true,"href":"http:\/\/knjiznice.nsk.hr\/murter\/wp-json\/wp\/v2\/comments?post=35"}],"version-history":[{"count":4,"href":"http:\/\/knjiznice.nsk.hr\/murter\/wp-json\/wp\/v2\/pages\/35\/revisions"}],"predecessor-version":[{"id":41,"href":"http:\/\/knjiznice.nsk.hr\/murter\/wp-json\/wp\/v2\/pages\/35\/revisions\/41"}],"wp:attachment":[{"href":"http:\/\/knjiznice.nsk.hr\/murter\/wp-json\/wp\/v2\/media?parent=35"}],"curies":[{"name":"wp","href":"https:\/\/api.w.org\/{rel}","templated":true}]}}