{"id":27,"date":"2015-04-13T10:28:26","date_gmt":"2015-04-13T10:28:26","guid":{"rendered":"http:\/\/knjiznice.nsk.hr\/murter\/?page_id=27"},"modified":"2015-04-13T10:41:47","modified_gmt":"2015-04-13T10:41:47","slug":"o-knjiznici","status":"publish","type":"page","link":"http:\/\/knjiznice.nsk.hr\/murter\/o-knjiznici\/","title":{"rendered":"O knji\u017enici"},"content":{"rendered":"<p>Op\u0107enito<\/p>\n<p>Narodna knji\u017enica i \u010ditaonica Murter javna je ustanova koja djeluje na podru\u010dju op\u0107ine Murter-Kornati kao informacijsko, obrazovno i kulturno sredi\u0161te.<br \/>\nOsniva\u010d Knji\u017enice je Op\u0107insko vije\u0107e Op\u0107ine Murter-Kornati.<br \/>\nPitanja zna\u010dajna za rad Knji\u017enice odre\u0111ena su Statutom narodne knji\u017enice i \u010ditaonice Murter.<\/p>\n<p>Misija, vizija, ciljevi<\/p>\n<p>Poslanje Narodne knji\u017enice i \u010ditaonice Murter temelji se na stvaranju mogu\u0107nosti svim \u010dlanovima lokalne zajednice da \u010ditaju i u\u010de te budu informirani, da ja\u010daju svoje osobne kulturne, duhovne i demokratske potencijale, da upoznavaju i koriste dobrobiti novih informacijskih tehnologija te da kreativno i kvalitetno provode svoje vrijeme bez obzira na spol, dob, dru\u0161tveni status, naciju, vjeru ili rasu.<br \/>\nIz takvog poslanja proizlaze osnovni ciljevi djelovanja Knji\u017enice:<\/p>\n<p>&#8211; da zadovolji zahtjeve zajednice za tradicionalnom knji\u017eni\u010dnom gra\u0111om i uslugama<br \/>\n&#8211; da zadovolji zahtjeve zajednice za pristupom novim informacijskim tehnologijama<br \/>\n&#8211; da zadovolji zahtjeve zajednice za neknji\u017enom gra\u0111om (elektroni\u010dkom, audiovizualnom)<br \/>\n&#8211; da zadovolji odgovaraju\u0107im uvjetima za projicirani rast gra\u0111e i novim uslugama te osigura tehnolo\u0161ku podr\u0161ku<br \/>\n&#8211; da osigura dostupnost gra\u0111e svim korisnicima<br \/>\n&#8211; da sustavno izgra\u0111uje zavi\u010dajnu zbirku<br \/>\n&#8211; da popularizira \u010ditanje, posebice me\u0111u mla\u0111om populacijom<br \/>\n&#8211; da osigura uvjete za stalno usavr\u0161avanje u cjelo\u017eivotnom procesu obrazovanja pojedinaca i skupina<br \/>\n&#8211; da bude op\u0107e(pre)poznato kulturno sredi\u0161te mjesta i otoka.<\/p>\n<p>Posljednji cilj &#8211; postajanje op\u0107e(pre)poznatim kulturnim sredi\u0161tem mjesta i otoka &#8211; ujedno je i vizija narodne knji\u017enice i \u010ditaonice Murter.<\/p>\n","protected":false},"excerpt":{"rendered":"<p>Op\u0107enito Narodna knji\u017enica i \u010ditaonica Murter javna je ustanova koja djeluje na podru\u010dju op\u0107ine Murter-Kornati kao informacijsko, obrazovno i kulturno sredi\u0161te. Osniva\u010d Knji\u017enice je Op\u0107insko vije\u0107e Op\u0107ine Murter-Kornati. Pitanja zna\u010dajna za rad Knji\u017enice odre\u0111ena su Statutom narodne knji\u017enice i \u010ditaonice Murter. Misija, vizija, ciljevi Poslanje Narodne knji\u017enice i \u010ditaonice Murter temelji se na stvaranju mogu\u0107nosti [&hellip;]<\/p>\n","protected":false},"author":42,"featured_media":0,"parent":0,"menu_order":0,"comment_status":"closed","ping_status":"closed","template":"","meta":{"ngg_post_thumbnail":0},"yoast_head":"<!-- This site is optimized with the Yoast SEO plugin v16.4 - https:\/\/yoast.com\/wordpress\/plugins\/seo\/ -->\n<meta name=\"robots\" content=\"index, follow, max-snippet:-1, max-image-preview:large, max-video-preview:-1\" \/>\n<link rel=\"canonical\" href=\"http:\/\/knjiznice.nsk.hr\/murter\/o-knjiznici\/\" \/>\n<meta property=\"og:locale\" content=\"hr_HR\" \/>\n<meta property=\"og:type\" content=\"article\" \/>\n<meta property=\"og:title\" content=\"O knji\u017enici - Narodna knji\u017enica i \u010ditaonica Murter\" \/>\n<meta property=\"og:description\" content=\"Op\u0107enito Narodna knji\u017enica i \u010ditaonica Murter javna je ustanova koja djeluje na podru\u010dju op\u0107ine Murter-Kornati kao informacijsko, obrazovno i kulturno sredi\u0161te. Osniva\u010d Knji\u017enice je Op\u0107insko vije\u0107e Op\u0107ine Murter-Kornati. Pitanja zna\u010dajna za rad Knji\u017enice odre\u0111ena su Statutom narodne knji\u017enice i \u010ditaonice Murter. Misija, vizija, ciljevi Poslanje Narodne knji\u017enice i \u010ditaonice Murter temelji se na stvaranju mogu\u0107nosti [&hellip;]\" \/>\n<meta property=\"og:url\" content=\"http:\/\/knjiznice.nsk.hr\/murter\/o-knjiznici\/\" \/>\n<meta property=\"og:site_name\" content=\"Narodna knji\u017enica i \u010ditaonica Murter\" \/>\n<meta property=\"article:modified_time\" content=\"2015-04-13T10:41:47+00:00\" \/>\n<meta name=\"twitter:label1\" content=\"Procijenjeno vrijeme \u010ditanja\" \/>\n\t<meta name=\"twitter:data1\" content=\"1 minuta\" \/>\n<script type=\"application\/ld+json\" class=\"yoast-schema-graph\">{\"@context\":\"https:\/\/schema.org\",\"@graph\":[{\"@type\":\"WebSite\",\"@id\":\"http:\/\/knjiznice.nsk.hr\/murter\/#website\",\"url\":\"http:\/\/knjiznice.nsk.hr\/murter\/\",\"name\":\"Narodna knji\\u017enica i \\u010ditaonica Murter\",\"description\":\"\",\"potentialAction\":[{\"@type\":\"SearchAction\",\"target\":\"http:\/\/knjiznice.nsk.hr\/murter\/?s={search_term_string}\",\"query-input\":\"required name=search_term_string\"}],\"inLanguage\":\"hr\"},{\"@type\":\"WebPage\",\"@id\":\"http:\/\/knjiznice.nsk.hr\/murter\/o-knjiznici\/#webpage\",\"url\":\"http:\/\/knjiznice.nsk.hr\/murter\/o-knjiznici\/\",\"name\":\"O knji\\u017enici - Narodna knji\\u017enica i \\u010ditaonica Murter\",\"isPartOf\":{\"@id\":\"http:\/\/knjiznice.nsk.hr\/murter\/#website\"},\"datePublished\":\"2015-04-13T10:28:26+00:00\",\"dateModified\":\"2015-04-13T10:41:47+00:00\",\"breadcrumb\":{\"@id\":\"http:\/\/knjiznice.nsk.hr\/murter\/o-knjiznici\/#breadcrumb\"},\"inLanguage\":\"hr\",\"potentialAction\":[{\"@type\":\"ReadAction\",\"target\":[\"http:\/\/knjiznice.nsk.hr\/murter\/o-knjiznici\/\"]}]},{\"@type\":\"BreadcrumbList\",\"@id\":\"http:\/\/knjiznice.nsk.hr\/murter\/o-knjiznici\/#breadcrumb\",\"itemListElement\":[{\"@type\":\"ListItem\",\"position\":1,\"item\":{\"@type\":\"WebPage\",\"@id\":\"http:\/\/knjiznice.nsk.hr\/murter\/\",\"url\":\"http:\/\/knjiznice.nsk.hr\/murter\/\",\"name\":\"Po\\u010detna stranica\"}},{\"@type\":\"ListItem\",\"position\":2,\"item\":{\"@id\":\"http:\/\/knjiznice.nsk.hr\/murter\/o-knjiznici\/#webpage\"}}]}]}<\/script>\n<!-- \/ Yoast SEO plugin. -->","_links":{"self":[{"href":"http:\/\/knjiznice.nsk.hr\/murter\/wp-json\/wp\/v2\/pages\/27"}],"collection":[{"href":"http:\/\/knjiznice.nsk.hr\/murter\/wp-json\/wp\/v2\/pages"}],"about":[{"href":"http:\/\/knjiznice.nsk.hr\/murter\/wp-json\/wp\/v2\/types\/page"}],"author":[{"embeddable":true,"href":"http:\/\/knjiznice.nsk.hr\/murter\/wp-json\/wp\/v2\/users\/42"}],"replies":[{"embeddable":true,"href":"http:\/\/knjiznice.nsk.hr\/murter\/wp-json\/wp\/v2\/comments?post=27"}],"version-history":[{"count":2,"href":"http:\/\/knjiznice.nsk.hr\/murter\/wp-json\/wp\/v2\/pages\/27\/revisions"}],"predecessor-version":[{"id":29,"href":"http:\/\/knjiznice.nsk.hr\/murter\/wp-json\/wp\/v2\/pages\/27\/revisions\/29"}],"wp:attachment":[{"href":"http:\/\/knjiznice.nsk.hr\/murter\/wp-json\/wp\/v2\/media?parent=27"}],"curies":[{"name":"wp","href":"https:\/\/api.w.org\/{rel}","templated":true}]}}