{"id":9,"date":"2013-06-05T06:33:23","date_gmt":"2013-06-05T06:33:23","guid":{"rendered":"http:\/\/knjiznice.nsk.hr\/metkovic\/?page_id=9"},"modified":"2013-08-08T08:53:15","modified_gmt":"2013-08-08T08:53:15","slug":"o-knjiznici","status":"publish","type":"page","link":"http:\/\/knjiznice.nsk.hr\/metkovic\/o-knjiznici\/","title":{"rendered":"O knji\u017enici"},"content":{"rendered":"<p style=\"margin-top: 6px;margin-bottom: 6px\"><span style=\"font-family: Arial;font-size: 11pt\">Prvi je pisani dokument o postojanju knji\u017enice u Metkovi\u0107u izvje\u0161\u0107e objavljeno u zadarskom Narodnom listu od 15. listopada 1873. godine. Iz redaka nepoznatog autora saznaje se kako je proteklo otvaranje Narodne \u010ditaonice koje se zbio 30. rujna 1873. godine. Narodnu \u010ditaonicu u Metkovi\u0107u osnovala je Narodna stranka s ciljem okupljanja svojih prista\u0161a te je taj doga\u0111aj osim kulturno-prosvjetne imao prvenstveno politi\u010dku va\u017enost. Sve\u010dani doga\u0111aja uveli\u010dali su svojim pozdravnim govorom R. Allodi kao prvi predsjednik Narodne \u010ditaonice te don Mihovil Pavlinovi\u0107 koji je tom prigodom, pored biskupa Josipa Juraja Strossmayera i drugih istaknutih politi\u010dkih djelatnika tog doba, progla\u0161en po\u010dasnim \u010dlanom. <\/span><\/p>\n<p style=\"margin-top: 6px;margin-bottom: 6px\"><span style=\"font-family: Arial;font-size: 11pt\">Prva lokacija Narodne \u010ditaonice nije poznata, no 1891. godine \u010ditaonica se useljava u novu zgradu na kojoj se danas nalazi spomen-plo\u010da koja je postavljena 1993. godine prigodom obilje\u017eavanja sto dvadeset godina osnutka Narodne \u010ditaonice. <\/span><\/p>\n<p style=\"margin-top: 6px;margin-bottom: 6px\"><span style=\"font-family: Arial;font-size: 11pt\">Zbog velikih poplava 1952. na 1953. godinu knji\u017eni fond seli se u ku\u0107u Ante Goljana. Na dana\u0161nju lokaciju, prizemlje stambene zgrade sagra\u0111ene 1959. godine knji\u017enica se seli po\u010detkom 60. godina. <\/span><\/p>\n<p style=\"margin-top: 6px;margin-bottom: 6px\"><span style=\"font-family: Arial;font-size: 11pt\">Za vrijeme Domovinskog rata, u prolje\u0107e 1992. godine, knji\u017enica je pretrpjela manja o\u0161te\u0107enja. Naime, u jednom od bombardiranja stradao je izlog knji\u017enice, dok je unutra\u0161njost pro\u0161la bez ve\u0107ih o\u0161te\u0107enja. <\/span><\/p>\n<p style=\"margin-top: 6px;margin-bottom: 6px\"><span style=\"font-family: Arial;font-size: 11pt\">Godine 1993. obilje\u017eeno je sto dvadeset godina od osnutka knji\u017enice te je tom prigodom izdana knji\u017eica <em>Stodvadeseti god Hrvatske narodne \u010ditaonice neretvanske u Metkovi\u0107u : 1873. \u2013 1993.<\/em> <\/span><\/p>\n<p style=\"margin-top: 6px;margin-bottom: 6px\"><span><em>Hrvatski razgovori<\/em>, djelo Mihovila Pavlinovi\u0107a iz 1877. godine najstarija je tiskana knjiga koju Gradska knji\u017enica \u010duva u svom fondu.<br \/>\nOd 1. listopada\u00a02006. godine Gradska knji\u017enica Metkovi\u0107 djeluje kao samostalna ustanova.<\/span><\/p>\n<hr size=\"1\" \/>\n","protected":false},"excerpt":{"rendered":"<p>Prvi je pisani dokument o postojanju knji\u017enice u Metkovi\u0107u izvje\u0161\u0107e objavljeno u zadarskom Narodnom listu od 15. listopada 1873. godine. Iz redaka nepoznatog autora saznaje se kako je proteklo otvaranje Narodne \u010ditaonice koje se zbio 30. rujna 1873. godine. Narodnu \u010ditaonicu u Metkovi\u0107u osnovala je Narodna stranka s ciljem okupljanja svojih prista\u0161a te je taj [&hellip;]<\/p>\n","protected":false},"author":4,"featured_media":19,"parent":0,"menu_order":0,"comment_status":"closed","ping_status":"closed","template":"","meta":{"ngg_post_thumbnail":0},"yoast_head":"<!-- This site is optimized with the Yoast SEO plugin v16.4 - https:\/\/yoast.com\/wordpress\/plugins\/seo\/ -->\n<meta name=\"robots\" content=\"index, follow, max-snippet:-1, max-image-preview:large, max-video-preview:-1\" \/>\n<link rel=\"canonical\" href=\"https:\/\/knjiznice.nsk.hr\/metkovic\/o-knjiznici\/\" \/>\n<meta property=\"og:locale\" content=\"hr_HR\" \/>\n<meta property=\"og:type\" content=\"article\" \/>\n<meta property=\"og:title\" content=\"O knji\u017enici - Gradska knji\u017enica Metkovi\u0107\" \/>\n<meta property=\"og:description\" content=\"Prvi je pisani dokument o postojanju knji\u017enice u Metkovi\u0107u izvje\u0161\u0107e objavljeno u zadarskom Narodnom listu od 15. listopada 1873. godine. Iz redaka nepoznatog autora saznaje se kako je proteklo otvaranje Narodne \u010ditaonice koje se zbio 30. rujna 1873. godine. Narodnu \u010ditaonicu u Metkovi\u0107u osnovala je Narodna stranka s ciljem okupljanja svojih prista\u0161a te je taj [&hellip;]\" \/>\n<meta property=\"og:url\" content=\"https:\/\/knjiznice.nsk.hr\/metkovic\/o-knjiznici\/\" \/>\n<meta property=\"og:site_name\" content=\"Gradska knji\u017enica Metkovi\u0107\" \/>\n<meta property=\"article:modified_time\" content=\"2013-08-08T08:53:15+00:00\" \/>\n<meta property=\"og:image\" content=\"http:\/\/knjiznice.nsk.hr\/metkovic\/wp-content\/uploads\/sites\/8\/2013\/06\/vaga_procelje_det.jpg\" \/>\n\t<meta property=\"og:image:width\" content=\"800\" \/>\n\t<meta property=\"og:image:height\" content=\"441\" \/>\n<meta name=\"twitter:label1\" content=\"Procijenjeno vrijeme \u010ditanja\" \/>\n\t<meta name=\"twitter:data1\" content=\"1 minuta\" \/>\n<script type=\"application\/ld+json\" class=\"yoast-schema-graph\">{\"@context\":\"https:\/\/schema.org\",\"@graph\":[{\"@type\":\"WebSite\",\"@id\":\"https:\/\/knjiznice.nsk.hr\/metkovic\/#website\",\"url\":\"https:\/\/knjiznice.nsk.hr\/metkovic\/\",\"name\":\"Gradska knji\\u017enica Metkovi\\u0107\",\"description\":\"\",\"potentialAction\":[{\"@type\":\"SearchAction\",\"target\":\"https:\/\/knjiznice.nsk.hr\/metkovic\/?s={search_term_string}\",\"query-input\":\"required name=search_term_string\"}],\"inLanguage\":\"hr\"},{\"@type\":\"ImageObject\",\"@id\":\"https:\/\/knjiznice.nsk.hr\/metkovic\/o-knjiznici\/#primaryimage\",\"inLanguage\":\"hr\",\"url\":\"http:\/\/knjiznice.nsk.hr\/metkovic\/wp-content\/uploads\/sites\/8\/2013\/06\/vaga_procelje_det.jpg\",\"contentUrl\":\"http:\/\/knjiznice.nsk.hr\/metkovic\/wp-content\/uploads\/sites\/8\/2013\/06\/vaga_procelje_det.jpg\",\"width\":800,\"height\":441},{\"@type\":\"WebPage\",\"@id\":\"https:\/\/knjiznice.nsk.hr\/metkovic\/o-knjiznici\/#webpage\",\"url\":\"https:\/\/knjiznice.nsk.hr\/metkovic\/o-knjiznici\/\",\"name\":\"O knji\\u017enici - Gradska knji\\u017enica Metkovi\\u0107\",\"isPartOf\":{\"@id\":\"https:\/\/knjiznice.nsk.hr\/metkovic\/#website\"},\"primaryImageOfPage\":{\"@id\":\"https:\/\/knjiznice.nsk.hr\/metkovic\/o-knjiznici\/#primaryimage\"},\"datePublished\":\"2013-06-05T06:33:23+00:00\",\"dateModified\":\"2013-08-08T08:53:15+00:00\",\"breadcrumb\":{\"@id\":\"https:\/\/knjiznice.nsk.hr\/metkovic\/o-knjiznici\/#breadcrumb\"},\"inLanguage\":\"hr\",\"potentialAction\":[{\"@type\":\"ReadAction\",\"target\":[\"https:\/\/knjiznice.nsk.hr\/metkovic\/o-knjiznici\/\"]}]},{\"@type\":\"BreadcrumbList\",\"@id\":\"https:\/\/knjiznice.nsk.hr\/metkovic\/o-knjiznici\/#breadcrumb\",\"itemListElement\":[{\"@type\":\"ListItem\",\"position\":1,\"item\":{\"@type\":\"WebPage\",\"@id\":\"https:\/\/knjiznice.nsk.hr\/metkovic\/\",\"url\":\"https:\/\/knjiznice.nsk.hr\/metkovic\/\",\"name\":\"Po\\u010detna stranica\"}},{\"@type\":\"ListItem\",\"position\":2,\"item\":{\"@id\":\"https:\/\/knjiznice.nsk.hr\/metkovic\/o-knjiznici\/#webpage\"}}]}]}<\/script>\n<!-- \/ Yoast SEO plugin. -->","_links":{"self":[{"href":"http:\/\/knjiznice.nsk.hr\/metkovic\/wp-json\/wp\/v2\/pages\/9"}],"collection":[{"href":"http:\/\/knjiznice.nsk.hr\/metkovic\/wp-json\/wp\/v2\/pages"}],"about":[{"href":"http:\/\/knjiznice.nsk.hr\/metkovic\/wp-json\/wp\/v2\/types\/page"}],"author":[{"embeddable":true,"href":"http:\/\/knjiznice.nsk.hr\/metkovic\/wp-json\/wp\/v2\/users\/4"}],"replies":[{"embeddable":true,"href":"http:\/\/knjiznice.nsk.hr\/metkovic\/wp-json\/wp\/v2\/comments?post=9"}],"version-history":[{"count":10,"href":"http:\/\/knjiznice.nsk.hr\/metkovic\/wp-json\/wp\/v2\/pages\/9\/revisions"}],"predecessor-version":[{"id":52,"href":"http:\/\/knjiznice.nsk.hr\/metkovic\/wp-json\/wp\/v2\/pages\/9\/revisions\/52"}],"wp:featuredmedia":[{"embeddable":true,"href":"http:\/\/knjiznice.nsk.hr\/metkovic\/wp-json\/wp\/v2\/media\/19"}],"wp:attachment":[{"href":"http:\/\/knjiznice.nsk.hr\/metkovic\/wp-json\/wp\/v2\/media?parent=9"}],"curies":[{"name":"wp","href":"https:\/\/api.w.org\/{rel}","templated":true}]}}