{"id":34,"date":"2015-04-21T07:49:02","date_gmt":"2015-04-21T07:49:02","guid":{"rendered":"http:\/\/knjiznice.nsk.hr\/martinska-ves\/?page_id=34"},"modified":"2015-04-21T07:55:08","modified_gmt":"2015-04-21T07:55:08","slug":"o-knjiznici","status":"publish","type":"page","link":"http:\/\/knjiznice.nsk.hr\/martinska-ves\/o-knjiznici\/","title":{"rendered":"O knji\u017enici"},"content":{"rendered":"<p><strong>KNJI\u017dNICA I \u010cITAONICA MARTINSKA VES<\/strong><\/p>\n<p>Knji\u017enica i \u010ditaonica Martinska Ves otvorena je 11. lipnja 2000. godine u zgradi stare Pu\u010dke \u0161kole. U Martinskoj Vesi jo\u0161 je 1859. godine, zahvaljuju\u0107i tada\u0161njem \u017eupniku Vilimu \u0160velecu (prema nekim izvorima Vilko Svelac), po\u010dela raditi jedna od prvih knji\u017enica na sisa\u010dkom podru\u010dju. Na inicijativu Mati\u010dne slu\u017ebe i Narodne knji\u017enice i \u010ditaonice Sisak napravljen je projekt, a 1998. zapo\u010delo je adaptacija stare Pu\u010dke \u0161kole. Ure\u0111ivanje i opremanje knji\u017enice uz Sisa\u010dko-moslava\u010dku \u017eupaniju, pomoglo je Ministarstvo kulture.<br \/>\nKnji\u017eni fond od ne\u0161to vi\u0161e od 1000 knjiga osiguralo je Ministarstvo kulture RH te svojim donacijama zagreba\u010dka Gradske knji\u017enica i knji\u017enica \u201c Vladimir Nazor\u201c te Narodna knji\u017enica i \u010ditaonica Sisak.<br \/>\nRadilo se dva dana u tjednu po \u010detiri sata, da bi se od po\u010detka 2002. godine<br \/>\nzapo\u0161ljavanjem djelatnice radilo pet dana po \u010detiri sata, a od 2003. godine<br \/>\nKnji\u017enica je za korisnike otvorena 40 sati tjedno.<\/p>\n<p><strong>Redovne djelatnosti knji\u017enice:<\/strong><\/p>\n<p>\u2022 nabava knji\u017ene i neknji\u017ene gra\u0111e,<br \/>\n\u2022 stru\u010dna obrada, \u010duvanje i za\u0161tita knji\u017eni\u010dne gra\u0111e,<br \/>\n\u2022 omogu\u0107avanje pristupa\u010dnosti knji\u017eni\u010dne gra\u0111e korisnicima,<br \/>\n\u2022 knji\u017eevni susreti<br \/>\n\u2022 igraonice za djecu pred\u0161kolskog uzrasta,<br \/>\n\u2022 likovne radionice,<br \/>\n\u2022 izlo\u017ebe likovnih umjetnika amatera,<br \/>\n\u2022 stru\u010dna i edukativna predavanja,<br \/>\n\u2022 kazali\u0161ne predstave,<br \/>\n\u2022 obilje\u017eavanje zna\u010dajnih blagdana i praznika,<br \/>\n\u2022 promocije knjiga,<br \/>\n\u2022 kori\u0161tenje interneta i ra\u010dunala,<br \/>\n\u2022 fotokopiranje.<\/p>\n<p><strong>FINANCIRANJE<\/strong><\/p>\n<p>Knji\u017enica kontinuirano iz godine u godinu nabavlja knji\u017enu i neknji\u017enu gra\u0111u prema interesima i iskazanim potrebama korisnika.<\/p>\n<p>Nabavu \u010dine:<\/p>\n<p>\u2022 kupnja (financira Ministarstvo kulture i osniva\u010d),<br \/>\n\u2022 poklon (otkup Ministarstva kulture),<br \/>\n\u2022 poklon korisnika.<\/p>\n","protected":false},"excerpt":{"rendered":"<p>KNJI\u017dNICA I \u010cITAONICA MARTINSKA VES Knji\u017enica i \u010ditaonica Martinska Ves otvorena je 11. lipnja 2000. godine u zgradi stare Pu\u010dke \u0161kole. U Martinskoj Vesi jo\u0161 je 1859. godine, zahvaljuju\u0107i tada\u0161njem \u017eupniku Vilimu \u0160velecu (prema nekim izvorima Vilko Svelac), po\u010dela raditi jedna od prvih knji\u017enica na sisa\u010dkom podru\u010dju. Na inicijativu Mati\u010dne slu\u017ebe i Narodne knji\u017enice i [&hellip;]<\/p>\n","protected":false},"author":66,"featured_media":0,"parent":0,"menu_order":0,"comment_status":"closed","ping_status":"closed","template":"","meta":{"ngg_post_thumbnail":0},"yoast_head":"<!-- This site is optimized with the Yoast SEO plugin v16.4 - https:\/\/yoast.com\/wordpress\/plugins\/seo\/ -->\n<meta name=\"robots\" content=\"index, follow, max-snippet:-1, max-image-preview:large, max-video-preview:-1\" \/>\n<link rel=\"canonical\" href=\"http:\/\/knjiznice.nsk.hr\/martinska-ves\/o-knjiznici\/\" \/>\n<meta property=\"og:locale\" content=\"hr_HR\" \/>\n<meta property=\"og:type\" content=\"article\" \/>\n<meta property=\"og:title\" content=\"O knji\u017enici - Knji\u017enica i \u010ditaonica Martinska Ves\" \/>\n<meta property=\"og:description\" content=\"KNJI\u017dNICA I \u010cITAONICA MARTINSKA VES Knji\u017enica i \u010ditaonica Martinska Ves otvorena je 11. lipnja 2000. godine u zgradi stare Pu\u010dke \u0161kole. U Martinskoj Vesi jo\u0161 je 1859. godine, zahvaljuju\u0107i tada\u0161njem \u017eupniku Vilimu \u0160velecu (prema nekim izvorima Vilko Svelac), po\u010dela raditi jedna od prvih knji\u017enica na sisa\u010dkom podru\u010dju. Na inicijativu Mati\u010dne slu\u017ebe i Narodne knji\u017enice i [&hellip;]\" \/>\n<meta property=\"og:url\" content=\"http:\/\/knjiznice.nsk.hr\/martinska-ves\/o-knjiznici\/\" \/>\n<meta property=\"og:site_name\" content=\"Knji\u017enica i \u010ditaonica Martinska Ves\" \/>\n<meta property=\"article:modified_time\" content=\"2015-04-21T07:55:08+00:00\" \/>\n<meta name=\"twitter:label1\" content=\"Procijenjeno vrijeme \u010ditanja\" \/>\n\t<meta name=\"twitter:data1\" content=\"1 minuta\" \/>\n<script type=\"application\/ld+json\" class=\"yoast-schema-graph\">{\"@context\":\"https:\/\/schema.org\",\"@graph\":[{\"@type\":\"WebSite\",\"@id\":\"http:\/\/knjiznice.nsk.hr\/martinska-ves\/#website\",\"url\":\"http:\/\/knjiznice.nsk.hr\/martinska-ves\/\",\"name\":\"Knji\\u017enica i \\u010ditaonica Martinska Ves\",\"description\":\"\",\"potentialAction\":[{\"@type\":\"SearchAction\",\"target\":\"http:\/\/knjiznice.nsk.hr\/martinska-ves\/?s={search_term_string}\",\"query-input\":\"required name=search_term_string\"}],\"inLanguage\":\"hr\"},{\"@type\":\"WebPage\",\"@id\":\"http:\/\/knjiznice.nsk.hr\/martinska-ves\/o-knjiznici\/#webpage\",\"url\":\"http:\/\/knjiznice.nsk.hr\/martinska-ves\/o-knjiznici\/\",\"name\":\"O knji\\u017enici - Knji\\u017enica i \\u010ditaonica Martinska Ves\",\"isPartOf\":{\"@id\":\"http:\/\/knjiznice.nsk.hr\/martinska-ves\/#website\"},\"datePublished\":\"2015-04-21T07:49:02+00:00\",\"dateModified\":\"2015-04-21T07:55:08+00:00\",\"breadcrumb\":{\"@id\":\"http:\/\/knjiznice.nsk.hr\/martinska-ves\/o-knjiznici\/#breadcrumb\"},\"inLanguage\":\"hr\",\"potentialAction\":[{\"@type\":\"ReadAction\",\"target\":[\"http:\/\/knjiznice.nsk.hr\/martinska-ves\/o-knjiznici\/\"]}]},{\"@type\":\"BreadcrumbList\",\"@id\":\"http:\/\/knjiznice.nsk.hr\/martinska-ves\/o-knjiznici\/#breadcrumb\",\"itemListElement\":[{\"@type\":\"ListItem\",\"position\":1,\"item\":{\"@type\":\"WebPage\",\"@id\":\"http:\/\/knjiznice.nsk.hr\/martinska-ves\/\",\"url\":\"http:\/\/knjiznice.nsk.hr\/martinska-ves\/\",\"name\":\"Po\\u010detna stranica\"}},{\"@type\":\"ListItem\",\"position\":2,\"item\":{\"@id\":\"http:\/\/knjiznice.nsk.hr\/martinska-ves\/o-knjiznici\/#webpage\"}}]}]}<\/script>\n<!-- \/ Yoast SEO plugin. -->","_links":{"self":[{"href":"http:\/\/knjiznice.nsk.hr\/martinska-ves\/wp-json\/wp\/v2\/pages\/34"}],"collection":[{"href":"http:\/\/knjiznice.nsk.hr\/martinska-ves\/wp-json\/wp\/v2\/pages"}],"about":[{"href":"http:\/\/knjiznice.nsk.hr\/martinska-ves\/wp-json\/wp\/v2\/types\/page"}],"author":[{"embeddable":true,"href":"http:\/\/knjiznice.nsk.hr\/martinska-ves\/wp-json\/wp\/v2\/users\/66"}],"replies":[{"embeddable":true,"href":"http:\/\/knjiznice.nsk.hr\/martinska-ves\/wp-json\/wp\/v2\/comments?post=34"}],"version-history":[{"count":1,"href":"http:\/\/knjiznice.nsk.hr\/martinska-ves\/wp-json\/wp\/v2\/pages\/34\/revisions"}],"predecessor-version":[{"id":35,"href":"http:\/\/knjiznice.nsk.hr\/martinska-ves\/wp-json\/wp\/v2\/pages\/34\/revisions\/35"}],"wp:attachment":[{"href":"http:\/\/knjiznice.nsk.hr\/martinska-ves\/wp-json\/wp\/v2\/media?parent=34"}],"curies":[{"name":"wp","href":"https:\/\/api.w.org\/{rel}","templated":true}]}}