{"id":27,"date":"2015-04-21T07:44:39","date_gmt":"2015-04-21T07:44:39","guid":{"rendered":"http:\/\/knjiznice.nsk.hr\/martinska-ves\/?page_id=27"},"modified":"2015-04-21T07:54:52","modified_gmt":"2015-04-21T07:54:52","slug":"info","status":"publish","type":"page","link":"http:\/\/knjiznice.nsk.hr\/martinska-ves\/info\/","title":{"rendered":"Info"},"content":{"rendered":"<p><strong>Knji\u017enica i \u010ditaonica Martinska Ves<\/strong><\/p>\n<p>Desna Martinska Ves 69<br \/>\n44201 Martinska Ves<br \/>\ntel. 044\/711-004<br \/>\ne-mail: mves.knjiznica@gmail.com<\/p>\n<p><strong>VODITELJICA:<\/strong> Dragica Cetin<\/p>\n<p><strong>Fond Knji\u017enice i \u010ditaonice Martinska Ves:<\/strong><\/p>\n<p>-11330 knjiga<br \/>\n-456 DVD-a<br \/>\n-Korisnicima su na raspolaganju dnevni tisak (&#8220;Ve\u010dernji list&#8221;), te \u010dasopisi (&#8220;Gloria&#8221;, &#8220;National Geographic&#8221;, &#8220;Ok! &#8220;, &#8220;Hrvatske \u0161ume&#8221;,&#8221;Bug&#8221;, &#8220;Vatrogasni vjesnik&#8221;, &#8220;Meridijani&#8221; i \u010dasopis&#8221;Uskrsnu\u0107e&#8221;).<\/p>\n<p><strong>Odjeli knji\u017enice:<\/strong><\/p>\n<p>\u2022 Odjel za odrasle<br \/>\n\u2022 Dje\u010dji odjel s igraonicom<br \/>\n\u2022 Odjel multimedije<br \/>\n\u2022 \u010citaonica dnevnog tiska<br \/>\n\u2022 Zavi\u010dajna zbirka<\/p>\n<p><strong>Godi\u0161nja \u010dlanarina:<\/strong><br \/>\n\u2022 odrasli korisnici \u2013 30,00 kn<br \/>\n\u2022 djeca &#8211; 10,00 kn<\/p>\n<p><strong>Uvjeti posudbe gra\u0111e:<\/strong> 3 jedinice knji\u017eni\u010dne gra\u0111e na 15 dana i 1 jedinica DVD gra\u0111e na 7 dana<\/p>\n","protected":false},"excerpt":{"rendered":"<p>Knji\u017enica i \u010ditaonica Martinska Ves Desna Martinska Ves 69 44201 Martinska Ves tel. 044\/711-004 e-mail: mves.knjiznica@gmail.com VODITELJICA: Dragica Cetin Fond Knji\u017enice i \u010ditaonice Martinska Ves: -11330 knjiga -456 DVD-a -Korisnicima su na raspolaganju dnevni tisak (&#8220;Ve\u010dernji list&#8221;), te \u010dasopisi (&#8220;Gloria&#8221;, &#8220;National Geographic&#8221;, &#8220;Ok! &#8220;, &#8220;Hrvatske \u0161ume&#8221;,&#8221;Bug&#8221;, &#8220;Vatrogasni vjesnik&#8221;, &#8220;Meridijani&#8221; i \u010dasopis&#8221;Uskrsnu\u0107e&#8221;). Odjeli knji\u017enice: \u2022 Odjel [&hellip;]<\/p>\n","protected":false},"author":66,"featured_media":0,"parent":0,"menu_order":0,"comment_status":"closed","ping_status":"closed","template":"","meta":{"ngg_post_thumbnail":0},"yoast_head":"<!-- This site is optimized with the Yoast SEO plugin v16.4 - https:\/\/yoast.com\/wordpress\/plugins\/seo\/ -->\n<meta name=\"robots\" content=\"index, follow, max-snippet:-1, max-image-preview:large, max-video-preview:-1\" \/>\n<link rel=\"canonical\" href=\"http:\/\/knjiznice.nsk.hr\/martinska-ves\/info\/\" \/>\n<meta property=\"og:locale\" content=\"hr_HR\" \/>\n<meta property=\"og:type\" content=\"article\" \/>\n<meta property=\"og:title\" content=\"Info - Knji\u017enica i \u010ditaonica Martinska Ves\" \/>\n<meta property=\"og:description\" content=\"Knji\u017enica i \u010ditaonica Martinska Ves Desna Martinska Ves 69 44201 Martinska Ves tel. 044\/711-004 e-mail: mves.knjiznica@gmail.com VODITELJICA: Dragica Cetin Fond Knji\u017enice i \u010ditaonice Martinska Ves: -11330 knjiga -456 DVD-a -Korisnicima su na raspolaganju dnevni tisak (&#8220;Ve\u010dernji list&#8221;), te \u010dasopisi (&#8220;Gloria&#8221;, &#8220;National Geographic&#8221;, &#8220;Ok! &#8220;, &#8220;Hrvatske \u0161ume&#8221;,&#8221;Bug&#8221;, &#8220;Vatrogasni vjesnik&#8221;, &#8220;Meridijani&#8221; i \u010dasopis&#8221;Uskrsnu\u0107e&#8221;). Odjeli knji\u017enice: \u2022 Odjel [&hellip;]\" \/>\n<meta property=\"og:url\" content=\"http:\/\/knjiznice.nsk.hr\/martinska-ves\/info\/\" \/>\n<meta property=\"og:site_name\" content=\"Knji\u017enica i \u010ditaonica Martinska Ves\" \/>\n<meta property=\"article:modified_time\" content=\"2015-04-21T07:54:52+00:00\" \/>\n<meta name=\"twitter:label1\" content=\"Procijenjeno vrijeme \u010ditanja\" \/>\n\t<meta name=\"twitter:data1\" content=\"1 minuta\" \/>\n<script type=\"application\/ld+json\" class=\"yoast-schema-graph\">{\"@context\":\"https:\/\/schema.org\",\"@graph\":[{\"@type\":\"WebSite\",\"@id\":\"http:\/\/knjiznice.nsk.hr\/martinska-ves\/#website\",\"url\":\"http:\/\/knjiznice.nsk.hr\/martinska-ves\/\",\"name\":\"Knji\\u017enica i \\u010ditaonica Martinska Ves\",\"description\":\"\",\"potentialAction\":[{\"@type\":\"SearchAction\",\"target\":\"http:\/\/knjiznice.nsk.hr\/martinska-ves\/?s={search_term_string}\",\"query-input\":\"required name=search_term_string\"}],\"inLanguage\":\"hr\"},{\"@type\":\"WebPage\",\"@id\":\"http:\/\/knjiznice.nsk.hr\/martinska-ves\/info\/#webpage\",\"url\":\"http:\/\/knjiznice.nsk.hr\/martinska-ves\/info\/\",\"name\":\"Info - Knji\\u017enica i \\u010ditaonica Martinska Ves\",\"isPartOf\":{\"@id\":\"http:\/\/knjiznice.nsk.hr\/martinska-ves\/#website\"},\"datePublished\":\"2015-04-21T07:44:39+00:00\",\"dateModified\":\"2015-04-21T07:54:52+00:00\",\"breadcrumb\":{\"@id\":\"http:\/\/knjiznice.nsk.hr\/martinska-ves\/info\/#breadcrumb\"},\"inLanguage\":\"hr\",\"potentialAction\":[{\"@type\":\"ReadAction\",\"target\":[\"http:\/\/knjiznice.nsk.hr\/martinska-ves\/info\/\"]}]},{\"@type\":\"BreadcrumbList\",\"@id\":\"http:\/\/knjiznice.nsk.hr\/martinska-ves\/info\/#breadcrumb\",\"itemListElement\":[{\"@type\":\"ListItem\",\"position\":1,\"item\":{\"@type\":\"WebPage\",\"@id\":\"http:\/\/knjiznice.nsk.hr\/martinska-ves\/\",\"url\":\"http:\/\/knjiznice.nsk.hr\/martinska-ves\/\",\"name\":\"Po\\u010detna stranica\"}},{\"@type\":\"ListItem\",\"position\":2,\"item\":{\"@id\":\"http:\/\/knjiznice.nsk.hr\/martinska-ves\/info\/#webpage\"}}]}]}<\/script>\n<!-- \/ Yoast SEO plugin. -->","_links":{"self":[{"href":"http:\/\/knjiznice.nsk.hr\/martinska-ves\/wp-json\/wp\/v2\/pages\/27"}],"collection":[{"href":"http:\/\/knjiznice.nsk.hr\/martinska-ves\/wp-json\/wp\/v2\/pages"}],"about":[{"href":"http:\/\/knjiznice.nsk.hr\/martinska-ves\/wp-json\/wp\/v2\/types\/page"}],"author":[{"embeddable":true,"href":"http:\/\/knjiznice.nsk.hr\/martinska-ves\/wp-json\/wp\/v2\/users\/66"}],"replies":[{"embeddable":true,"href":"http:\/\/knjiznice.nsk.hr\/martinska-ves\/wp-json\/wp\/v2\/comments?post=27"}],"version-history":[{"count":2,"href":"http:\/\/knjiznice.nsk.hr\/martinska-ves\/wp-json\/wp\/v2\/pages\/27\/revisions"}],"predecessor-version":[{"id":29,"href":"http:\/\/knjiznice.nsk.hr\/martinska-ves\/wp-json\/wp\/v2\/pages\/27\/revisions\/29"}],"wp:attachment":[{"href":"http:\/\/knjiznice.nsk.hr\/martinska-ves\/wp-json\/wp\/v2\/media?parent=27"}],"curies":[{"name":"wp","href":"https:\/\/api.w.org\/{rel}","templated":true}]}}