{"id":30,"date":"2018-12-14T12:23:46","date_gmt":"2018-12-14T11:23:46","guid":{"rendered":"http:\/\/knjiznice.nsk.hr\/komiza\/?page_id=30"},"modified":"2018-12-14T12:48:07","modified_gmt":"2018-12-14T11:48:07","slug":"plan-rada-i-nabave","status":"publish","type":"page","link":"http:\/\/knjiznice.nsk.hr\/komiza\/plan-rada-i-nabave\/","title":{"rendered":"Plan rada i nabave"},"content":{"rendered":"<p><em><strong>Plan rada:<\/strong><\/em><\/p>\n<ul>\n<li><a href=\"http:\/\/www.komiza.hr\/wp-content\/uploads\/2017\/11\/Plan-rada-za-2018.-godinu.pdf\">Plan rada za 2018. godinu<\/a><\/li>\n<li><a href=\"http:\/\/www.komiza.hr\/wp-content\/uploads\/2017\/02\/Plan-rada-za-2017.-godinu.pdf\">Plan rada za 2017. godinu<\/a><\/li>\n<li><a href=\"http:\/\/www.komiza.hr\/wp-content\/uploads\/2016\/01\/Plan-rada-za-2016.-godinu.pdf\">Plan rada za 2016. godinu<\/a><\/li>\n<li><a href=\"http:\/\/www.komiza.hr\/wp-content\/uploads\/2015\/02\/Plan-rada-za-2015-godinu.pdf\">Plan rada za 2015. godinu<\/a><\/li>\n<\/ul>\n<p><strong><em>Plan nabave:<\/em><\/strong><\/p>\n<ul>\n<li><a href=\"http:\/\/www.komiza.hr\/wp-content\/uploads\/2017\/02\/Plan-nabave-za-prora\u010dunsku-godinu-2017..pdf\">Plan nabave za prora\u010dunsku godinu 2017.<\/a><\/li>\n<li><a href=\"http:\/\/www.komiza.hr\/wp-content\/uploads\/2016\/01\/Plan-nabave-za-prora\u010dunsku-godinu-2016..pdf\">Plan nabave za prora\u010dunsku godinu 2016.<\/a><\/li>\n<\/ul>\n","protected":false},"excerpt":{"rendered":"<p>Plan rada: Plan rada za 2018. godinu Plan rada za 2017. godinu Plan rada za 2016. godinu Plan rada za 2015. godinu Plan nabave: Plan nabave za prora\u010dunsku godinu 2017. Plan nabave za prora\u010dunsku godinu 2016.<\/p>\n","protected":false},"author":143,"featured_media":0,"parent":0,"menu_order":0,"comment_status":"closed","ping_status":"closed","template":"","meta":{"ngg_post_thumbnail":0},"yoast_head":"<!-- This site is optimized with the Yoast SEO plugin v16.4 - https:\/\/yoast.com\/wordpress\/plugins\/seo\/ -->\n<meta name=\"robots\" content=\"index, follow, max-snippet:-1, max-image-preview:large, max-video-preview:-1\" \/>\n<link rel=\"canonical\" href=\"https:\/\/knjiznice.nsk.hr\/komiza\/plan-rada-i-nabave\/\" \/>\n<meta property=\"og:locale\" content=\"hr_HR\" \/>\n<meta property=\"og:type\" content=\"article\" \/>\n<meta property=\"og:title\" content=\"Plan rada i nabave - Gradska knji\u017enica &quot;Ranko Marinkovi\u0107&quot; Komi\u017ea\" \/>\n<meta property=\"og:description\" content=\"Plan rada: Plan rada za 2018. godinu Plan rada za 2017. godinu Plan rada za 2016. godinu Plan rada za 2015. godinu Plan nabave: Plan nabave za prora\u010dunsku godinu 2017. Plan nabave za prora\u010dunsku godinu 2016.\" \/>\n<meta property=\"og:url\" content=\"https:\/\/knjiznice.nsk.hr\/komiza\/plan-rada-i-nabave\/\" \/>\n<meta property=\"og:site_name\" content=\"Gradska knji\u017enica &quot;Ranko Marinkovi\u0107&quot; Komi\u017ea\" \/>\n<meta property=\"article:modified_time\" content=\"2018-12-14T11:48:07+00:00\" \/>\n<meta name=\"twitter:card\" content=\"summary_large_image\" \/>\n<script type=\"application\/ld+json\" class=\"yoast-schema-graph\">{\"@context\":\"https:\/\/schema.org\",\"@graph\":[{\"@type\":\"WebSite\",\"@id\":\"https:\/\/knjiznice.nsk.hr\/komiza\/#website\",\"url\":\"https:\/\/knjiznice.nsk.hr\/komiza\/\",\"name\":\"Gradska knji\\u017enica &quot;Ranko Marinkovi\\u0107&quot; Komi\\u017ea\",\"description\":\"\",\"potentialAction\":[{\"@type\":\"SearchAction\",\"target\":\"https:\/\/knjiznice.nsk.hr\/komiza\/?s={search_term_string}\",\"query-input\":\"required name=search_term_string\"}],\"inLanguage\":\"hr\"},{\"@type\":\"WebPage\",\"@id\":\"https:\/\/knjiznice.nsk.hr\/komiza\/plan-rada-i-nabave\/#webpage\",\"url\":\"https:\/\/knjiznice.nsk.hr\/komiza\/plan-rada-i-nabave\/\",\"name\":\"Plan rada i nabave - Gradska knji\\u017enica &quot;Ranko Marinkovi\\u0107&quot; Komi\\u017ea\",\"isPartOf\":{\"@id\":\"https:\/\/knjiznice.nsk.hr\/komiza\/#website\"},\"datePublished\":\"2018-12-14T11:23:46+00:00\",\"dateModified\":\"2018-12-14T11:48:07+00:00\",\"breadcrumb\":{\"@id\":\"https:\/\/knjiznice.nsk.hr\/komiza\/plan-rada-i-nabave\/#breadcrumb\"},\"inLanguage\":\"hr\",\"potentialAction\":[{\"@type\":\"ReadAction\",\"target\":[\"https:\/\/knjiznice.nsk.hr\/komiza\/plan-rada-i-nabave\/\"]}]},{\"@type\":\"BreadcrumbList\",\"@id\":\"https:\/\/knjiznice.nsk.hr\/komiza\/plan-rada-i-nabave\/#breadcrumb\",\"itemListElement\":[{\"@type\":\"ListItem\",\"position\":1,\"item\":{\"@type\":\"WebPage\",\"@id\":\"https:\/\/knjiznice.nsk.hr\/komiza\/\",\"url\":\"https:\/\/knjiznice.nsk.hr\/komiza\/\",\"name\":\"Po\\u010detna stranica\"}},{\"@type\":\"ListItem\",\"position\":2,\"item\":{\"@id\":\"https:\/\/knjiznice.nsk.hr\/komiza\/plan-rada-i-nabave\/#webpage\"}}]}]}<\/script>\n<!-- \/ Yoast SEO plugin. -->","_links":{"self":[{"href":"http:\/\/knjiznice.nsk.hr\/komiza\/wp-json\/wp\/v2\/pages\/30"}],"collection":[{"href":"http:\/\/knjiznice.nsk.hr\/komiza\/wp-json\/wp\/v2\/pages"}],"about":[{"href":"http:\/\/knjiznice.nsk.hr\/komiza\/wp-json\/wp\/v2\/types\/page"}],"author":[{"embeddable":true,"href":"http:\/\/knjiznice.nsk.hr\/komiza\/wp-json\/wp\/v2\/users\/143"}],"replies":[{"embeddable":true,"href":"http:\/\/knjiznice.nsk.hr\/komiza\/wp-json\/wp\/v2\/comments?post=30"}],"version-history":[{"count":1,"href":"http:\/\/knjiznice.nsk.hr\/komiza\/wp-json\/wp\/v2\/pages\/30\/revisions"}],"predecessor-version":[{"id":31,"href":"http:\/\/knjiznice.nsk.hr\/komiza\/wp-json\/wp\/v2\/pages\/30\/revisions\/31"}],"wp:attachment":[{"href":"http:\/\/knjiznice.nsk.hr\/komiza\/wp-json\/wp\/v2\/media?parent=30"}],"curies":[{"name":"wp","href":"https:\/\/api.w.org\/{rel}","templated":true}]}}