{"id":28,"date":"2018-12-14T12:23:21","date_gmt":"2018-12-14T11:23:21","guid":{"rendered":"http:\/\/knjiznice.nsk.hr\/komiza\/?page_id=28"},"modified":"2018-12-14T12:48:33","modified_gmt":"2018-12-14T11:48:33","slug":"pristup-informacijama","status":"publish","type":"page","link":"http:\/\/knjiznice.nsk.hr\/komiza\/pristup-informacijama\/","title":{"rendered":"Pristup informacijama"},"content":{"rendered":"<ul>\n<li><strong>Slu\u017ebenik za informiranje:<\/strong> Ivana Brajkovi\u0107<\/li>\n<li><a href=\"http:\/\/www.komiza.hr\/wp-content\/uploads\/2015\/01\/Pristup-informacijama-1.pdf\">Pristup informacijama<\/a><\/li>\n<li><a href=\"http:\/\/www.komiza.hr\/wp-content\/uploads\/2018\/02\/Izvje\u0161\u0107e-o-provedbi-Zakona-o-pravu-na-pristup-informacijama-za-2017.-godinu.pdf\">Izvje\u0161\u0107e o provedbi Zakona o pravu na pristup informacijama za 2017. godinu<\/a><\/li>\n<li><a href=\"http:\/\/www.komiza.hr\/wp-content\/uploads\/2017\/02\/Izvje\u0161\u0107e-o-provedbi-Zakona-o-pravu-na-pristup-informacijama-za-2016.-godinu.pdf\">Izvje\u0161\u0107e o provedbi Zakona o pravu na pristup informacijama za 2016. godinu<\/a><\/li>\n<li><a href=\"http:\/\/www.komiza.hr\/wp-content\/uploads\/2016\/02\/Izvje\u0161\u0107e-o-provedbi-Zakona-o-pravu-na-pristup-informacijama-za-2015.-godinu.pdf\">Izvje\u0161\u0107e o provedbi Zakona o pravu na pristup informacijama za 2015. godinu<\/a><\/li>\n<\/ul>\n","protected":false},"excerpt":{"rendered":"<p>Slu\u017ebenik za informiranje: Ivana Brajkovi\u0107 Pristup informacijama Izvje\u0161\u0107e o provedbi Zakona o pravu na pristup informacijama za 2017. godinu Izvje\u0161\u0107e o provedbi Zakona o pravu na pristup informacijama za 2016. godinu Izvje\u0161\u0107e o provedbi Zakona o pravu na pristup informacijama za 2015. godinu<\/p>\n","protected":false},"author":143,"featured_media":0,"parent":0,"menu_order":0,"comment_status":"closed","ping_status":"closed","template":"","meta":{"ngg_post_thumbnail":0},"yoast_head":"<!-- This site is optimized with the Yoast SEO plugin v16.4 - https:\/\/yoast.com\/wordpress\/plugins\/seo\/ -->\n<meta name=\"robots\" content=\"index, follow, max-snippet:-1, max-image-preview:large, max-video-preview:-1\" \/>\n<link rel=\"canonical\" href=\"http:\/\/knjiznice.nsk.hr\/komiza\/pristup-informacijama\/\" \/>\n<meta property=\"og:locale\" content=\"hr_HR\" \/>\n<meta property=\"og:type\" content=\"article\" \/>\n<meta property=\"og:title\" content=\"Pristup informacijama - Gradska knji\u017enica &quot;Ranko Marinkovi\u0107&quot; Komi\u017ea\" \/>\n<meta property=\"og:description\" content=\"Slu\u017ebenik za informiranje: Ivana Brajkovi\u0107 Pristup informacijama Izvje\u0161\u0107e o provedbi Zakona o pravu na pristup informacijama za 2017. godinu Izvje\u0161\u0107e o provedbi Zakona o pravu na pristup informacijama za 2016. godinu Izvje\u0161\u0107e o provedbi Zakona o pravu na pristup informacijama za 2015. godinu\" \/>\n<meta property=\"og:url\" content=\"http:\/\/knjiznice.nsk.hr\/komiza\/pristup-informacijama\/\" \/>\n<meta property=\"og:site_name\" content=\"Gradska knji\u017enica &quot;Ranko Marinkovi\u0107&quot; Komi\u017ea\" \/>\n<meta property=\"article:modified_time\" content=\"2018-12-14T11:48:33+00:00\" \/>\n<meta name=\"twitter:card\" content=\"summary_large_image\" \/>\n<script type=\"application\/ld+json\" class=\"yoast-schema-graph\">{\"@context\":\"https:\/\/schema.org\",\"@graph\":[{\"@type\":\"WebSite\",\"@id\":\"https:\/\/knjiznice.nsk.hr\/komiza\/#website\",\"url\":\"https:\/\/knjiznice.nsk.hr\/komiza\/\",\"name\":\"Gradska knji\\u017enica &quot;Ranko Marinkovi\\u0107&quot; Komi\\u017ea\",\"description\":\"\",\"potentialAction\":[{\"@type\":\"SearchAction\",\"target\":\"https:\/\/knjiznice.nsk.hr\/komiza\/?s={search_term_string}\",\"query-input\":\"required name=search_term_string\"}],\"inLanguage\":\"hr\"},{\"@type\":\"WebPage\",\"@id\":\"http:\/\/knjiznice.nsk.hr\/komiza\/pristup-informacijama\/#webpage\",\"url\":\"http:\/\/knjiznice.nsk.hr\/komiza\/pristup-informacijama\/\",\"name\":\"Pristup informacijama - Gradska knji\\u017enica &quot;Ranko Marinkovi\\u0107&quot; Komi\\u017ea\",\"isPartOf\":{\"@id\":\"https:\/\/knjiznice.nsk.hr\/komiza\/#website\"},\"datePublished\":\"2018-12-14T11:23:21+00:00\",\"dateModified\":\"2018-12-14T11:48:33+00:00\",\"breadcrumb\":{\"@id\":\"http:\/\/knjiznice.nsk.hr\/komiza\/pristup-informacijama\/#breadcrumb\"},\"inLanguage\":\"hr\",\"potentialAction\":[{\"@type\":\"ReadAction\",\"target\":[\"http:\/\/knjiznice.nsk.hr\/komiza\/pristup-informacijama\/\"]}]},{\"@type\":\"BreadcrumbList\",\"@id\":\"http:\/\/knjiznice.nsk.hr\/komiza\/pristup-informacijama\/#breadcrumb\",\"itemListElement\":[{\"@type\":\"ListItem\",\"position\":1,\"item\":{\"@type\":\"WebPage\",\"@id\":\"https:\/\/knjiznice.nsk.hr\/komiza\/\",\"url\":\"https:\/\/knjiznice.nsk.hr\/komiza\/\",\"name\":\"Po\\u010detna stranica\"}},{\"@type\":\"ListItem\",\"position\":2,\"item\":{\"@id\":\"http:\/\/knjiznice.nsk.hr\/komiza\/pristup-informacijama\/#webpage\"}}]}]}<\/script>\n<!-- \/ Yoast SEO plugin. -->","_links":{"self":[{"href":"http:\/\/knjiznice.nsk.hr\/komiza\/wp-json\/wp\/v2\/pages\/28"}],"collection":[{"href":"http:\/\/knjiznice.nsk.hr\/komiza\/wp-json\/wp\/v2\/pages"}],"about":[{"href":"http:\/\/knjiznice.nsk.hr\/komiza\/wp-json\/wp\/v2\/types\/page"}],"author":[{"embeddable":true,"href":"http:\/\/knjiznice.nsk.hr\/komiza\/wp-json\/wp\/v2\/users\/143"}],"replies":[{"embeddable":true,"href":"http:\/\/knjiznice.nsk.hr\/komiza\/wp-json\/wp\/v2\/comments?post=28"}],"version-history":[{"count":1,"href":"http:\/\/knjiznice.nsk.hr\/komiza\/wp-json\/wp\/v2\/pages\/28\/revisions"}],"predecessor-version":[{"id":29,"href":"http:\/\/knjiznice.nsk.hr\/komiza\/wp-json\/wp\/v2\/pages\/28\/revisions\/29"}],"wp:attachment":[{"href":"http:\/\/knjiznice.nsk.hr\/komiza\/wp-json\/wp\/v2\/media?parent=28"}],"curies":[{"name":"wp","href":"https:\/\/api.w.org\/{rel}","templated":true}]}}