{"id":26,"date":"2018-12-14T12:22:58","date_gmt":"2018-12-14T11:22:58","guid":{"rendered":"http:\/\/knjiznice.nsk.hr\/komiza\/?page_id=26"},"modified":"2019-02-10T11:40:42","modified_gmt":"2019-02-10T10:40:42","slug":"financijska-izvjesca-i-planovi","status":"publish","type":"page","link":"http:\/\/knjiznice.nsk.hr\/komiza\/financijska-izvjesca-i-planovi\/","title":{"rendered":"Financijska izvje\u0161\u0107a i planovi"},"content":{"rendered":"<ul>\n<li><strong><em>2018. godina<\/em><\/strong><\/li>\n<li><a href=\"http:\/\/www.komiza.hr\/wp-content\/uploads\/2018\/02\/Financijski-plan-za-2018.-i-procjena-za-2019.-i-2020.-godinu.pdf\">Financijski plan za 2018. i procjena za 2019. i 2020. godinu<\/a><\/li>\n<li><a href=\"http:\/\/knjiznice.nsk.hr\/komiza\/wp-content\/uploads\/sites\/102\/2019\/02\/Biljs\u030cke-uz-financijska-izvjes\u030cc\u0301a-od-1.-sijec\u030cnja-do-31.-prosinca-2018.pdf\">Biljs\u030cke uz financijska izvjes\u030cc\u0301a od 1. sijec\u030cnja do 31. prosinca 2018<\/a><\/li>\n<\/ul>\n<ul>\n<li><em><strong>2017. godina<\/strong><\/em><\/li>\n<li><a href=\"http:\/\/www.komiza.hr\/wp-content\/uploads\/2018\/02\/Bilje\u0161ke-uz-financijska-izvje\u0161\u0107a-za-razdoblje-1.01.2017.-do-31.12.2017..pdf\">Bilje\u0161ke uz financijska izvje\u0161\u0107a za razdoblje 1.01.2017. do 31.12.2017<\/a><\/li>\n<li><a href=\"http:\/\/www.komiza.hr\/wp-content\/uploads\/2018\/02\/Izvje\u0161taj-prora\u010duna-prora\u010dunskih-i-izvanprora\u010dunskih-korisnika-za-razdoblje-1.01.2017.-31.12.2017..xls\">Izvje\u0161taj prora\u010duna, prora\u010dunskih i izvanprora\u010dunskih korisnika za razdoblje 1.01.2017. do 31.12.2017<\/a><\/li>\n<li><a href=\"http:\/\/www.komiza.hr\/wp-content\/uploads\/2018\/02\/Izmjene-i-dopune-Financijskog-plana-za-2017.-i-procjena-za-2018.-i-2019.-godinu.pdf\">Izmjene i dopune Financijskog plana za 2017. i procjena za 2018. i 2019. godinu<\/a><\/li>\n<li><a href=\"http:\/\/www.komiza.hr\/wp-content\/uploads\/2017\/02\/Financijski-plan-za-2017.-i-procjena-za-2018.-i-2019.-godinu.pdf\">Financijski plan za 2017. i procjena za 2018. i 2019. godinu<\/a><\/li>\n<\/ul>\n<ul>\n<li><strong><em>2016. godina<\/em><\/strong><\/li>\n<li><a href=\"http:\/\/www.komiza.hr\/wp-content\/uploads\/2016\/01\/Financijski-plan-za-2016.-i-procjena-za-2017.-i-2018.-godinu.pdf\">Financijski plan za 2016. i procjena za 2017. i 2018. godinu<\/a><\/li>\n<li><a href=\"http:\/\/www.komiza.hr\/wp-content\/uploads\/2017\/02\/Izvje\u0161taj-prora\u010duna-prora\u010dunskih-i-izvanprora\u010dunskih-korisnika-za-razdoblje-od-1.01.2016.-do-31.12.2016..pdf\">Izvje\u0161taji prora\u010duna, prora\u010dunskih i izvanprora\u010dunskih korisnika za razdoblje od 1.01.2016. do 31.12.2016.<\/a><\/li>\n<\/ul>\n<ul>\n<li><strong><em>2015. godina<\/em><\/strong><\/li>\n<li><a href=\"http:\/\/www.komiza.hr\/wp-content\/uploads\/2016\/02\/Izvje\u0161taji-prora\u010duna-prora\u010dunskih-i-izvanprora\u010dunskih-korisnika-za-razdoblje-od-1.-sije\u010dnja-2015.-do-31.-prosinca-2015.-godine.pdf\">Izvje\u0161taji prora\u010duna, prora\u010dunskih i izvanprora\u010dunskih korisnika za razdoblje od 1. sije\u010dnja 2015. do 31. prosinca 2015. godine<\/a><\/li>\n<\/ul>\n<ul>\n<li><em><strong>2014. godina<\/strong><\/em><\/li>\n<li><a href=\"http:\/\/www.komiza.hr\/wp-content\/uploads\/2015\/02\/Izvje\u0161taji-prora\u010duna-prora\u010dunskih-i-izvanprora\u010dunskih-korisnika-za-razdoblje-od-1.01.2014.-do-31.12.2014..pdf\">Izvje\u0161taji prora\u010duna, prora\u010dunskih i izvanprora\u010dunskih korisnika za razdoblje od 1.01.2014. do 31.12.2014.<\/a><\/li>\n<\/ul>\n<div>&nbsp;<\/div>\n<p><strong><em>Izvje\u0161\u0107a o radu:<\/em><\/strong><\/p>\n<ul>\n<li><a href=\"http:\/\/www.komiza.hr\/wp-content\/uploads\/2018\/02\/Izvje\u0161\u0107e-o-radu-za-razdoblje-od-1.01.2017.-do-31.12.2017..pdf\">Izvje\u0161\u0107e o radu za razdoblje od 1.01.2017. do 31.12.2017<\/a><\/li>\n<li><a href=\"http:\/\/www.komiza.hr\/wp-content\/uploads\/2017\/11\/Izvje\u0161\u0107e-o-radu-za-razdoblje-od-1.01.2016.-do-31.12.2016..pdf\">Izvje\u0161\u0107e o radu za razdoblje od 1.01.2016. do 31.12.2016.<\/a><\/li>\n<li><a href=\"http:\/\/www.komiza.hr\/wp-content\/uploads\/2017\/02\/Izvje\u0161\u0107e-o-radu-za-razdoblje-od-1.01.2015.-do-31.12.2015..pdf\">Izvje\u0161\u0107e o radu za razdoblje od 1.01.2015. do 31.12.2015.<\/a><\/li>\n<li><a href=\"http:\/\/www.komiza.hr\/wp-content\/uploads\/2016\/01\/Izvje\u0161\u0107e-o-radu-za-razdoblje-od-1.01.2014.-do-31.12.2014..pdf\">Izvje\u0161\u0107e o radu za razdoblje od 1.01.2014. do 31.12.2014.<\/a><\/li>\n<\/ul>\n","protected":false},"excerpt":{"rendered":"<p>2018. godina Financijski plan za 2018. i procjena za 2019. i 2020. godinu Biljs\u030cke uz financijska izvjes\u030cc\u0301a od 1. sijec\u030cnja do 31. prosinca 2018 2017. godina Bilje\u0161ke uz financijska izvje\u0161\u0107a za razdoblje 1.01.2017. do 31.12.2017 Izvje\u0161taj prora\u010duna, prora\u010dunskih i izvanprora\u010dunskih korisnika za razdoblje 1.01.2017. do 31.12.2017 Izmjene i dopune Financijskog plana za 2017. i procjena [&hellip;]<\/p>\n","protected":false},"author":143,"featured_media":0,"parent":0,"menu_order":0,"comment_status":"closed","ping_status":"closed","template":"","meta":{"ngg_post_thumbnail":0},"yoast_head":"<!-- This site is optimized with the Yoast SEO plugin v16.4 - https:\/\/yoast.com\/wordpress\/plugins\/seo\/ -->\n<meta name=\"robots\" content=\"index, follow, max-snippet:-1, max-image-preview:large, max-video-preview:-1\" \/>\n<link rel=\"canonical\" href=\"https:\/\/knjiznice.nsk.hr\/komiza\/financijska-izvjesca-i-planovi\/\" \/>\n<meta property=\"og:locale\" content=\"hr_HR\" \/>\n<meta property=\"og:type\" content=\"article\" \/>\n<meta property=\"og:title\" content=\"Financijska izvje\u0161\u0107a i planovi - Gradska knji\u017enica &quot;Ranko Marinkovi\u0107&quot; Komi\u017ea\" \/>\n<meta property=\"og:description\" content=\"2018. godina Financijski plan za 2018. i procjena za 2019. i 2020. godinu Biljs\u030cke uz financijska izvjes\u030cc\u0301a od 1. sijec\u030cnja do 31. prosinca 2018 2017. godina Bilje\u0161ke uz financijska izvje\u0161\u0107a za razdoblje 1.01.2017. do 31.12.2017 Izvje\u0161taj prora\u010duna, prora\u010dunskih i izvanprora\u010dunskih korisnika za razdoblje 1.01.2017. do 31.12.2017 Izmjene i dopune Financijskog plana za 2017. i procjena [&hellip;]\" \/>\n<meta property=\"og:url\" content=\"https:\/\/knjiznice.nsk.hr\/komiza\/financijska-izvjesca-i-planovi\/\" \/>\n<meta property=\"og:site_name\" content=\"Gradska knji\u017enica &quot;Ranko Marinkovi\u0107&quot; Komi\u017ea\" \/>\n<meta property=\"article:modified_time\" content=\"2019-02-10T10:40:42+00:00\" \/>\n<meta name=\"twitter:card\" content=\"summary_large_image\" \/>\n<meta name=\"twitter:label1\" content=\"Procijenjeno vrijeme \u010ditanja\" \/>\n\t<meta name=\"twitter:data1\" content=\"1 minuta\" \/>\n<script type=\"application\/ld+json\" class=\"yoast-schema-graph\">{\"@context\":\"https:\/\/schema.org\",\"@graph\":[{\"@type\":\"WebSite\",\"@id\":\"https:\/\/knjiznice.nsk.hr\/komiza\/#website\",\"url\":\"https:\/\/knjiznice.nsk.hr\/komiza\/\",\"name\":\"Gradska knji\\u017enica &quot;Ranko Marinkovi\\u0107&quot; Komi\\u017ea\",\"description\":\"\",\"potentialAction\":[{\"@type\":\"SearchAction\",\"target\":\"https:\/\/knjiznice.nsk.hr\/komiza\/?s={search_term_string}\",\"query-input\":\"required name=search_term_string\"}],\"inLanguage\":\"hr\"},{\"@type\":\"WebPage\",\"@id\":\"https:\/\/knjiznice.nsk.hr\/komiza\/financijska-izvjesca-i-planovi\/#webpage\",\"url\":\"https:\/\/knjiznice.nsk.hr\/komiza\/financijska-izvjesca-i-planovi\/\",\"name\":\"Financijska izvje\\u0161\\u0107a i planovi - Gradska knji\\u017enica &quot;Ranko Marinkovi\\u0107&quot; Komi\\u017ea\",\"isPartOf\":{\"@id\":\"https:\/\/knjiznice.nsk.hr\/komiza\/#website\"},\"datePublished\":\"2018-12-14T11:22:58+00:00\",\"dateModified\":\"2019-02-10T10:40:42+00:00\",\"breadcrumb\":{\"@id\":\"https:\/\/knjiznice.nsk.hr\/komiza\/financijska-izvjesca-i-planovi\/#breadcrumb\"},\"inLanguage\":\"hr\",\"potentialAction\":[{\"@type\":\"ReadAction\",\"target\":[\"https:\/\/knjiznice.nsk.hr\/komiza\/financijska-izvjesca-i-planovi\/\"]}]},{\"@type\":\"BreadcrumbList\",\"@id\":\"https:\/\/knjiznice.nsk.hr\/komiza\/financijska-izvjesca-i-planovi\/#breadcrumb\",\"itemListElement\":[{\"@type\":\"ListItem\",\"position\":1,\"item\":{\"@type\":\"WebPage\",\"@id\":\"https:\/\/knjiznice.nsk.hr\/komiza\/\",\"url\":\"https:\/\/knjiznice.nsk.hr\/komiza\/\",\"name\":\"Po\\u010detna stranica\"}},{\"@type\":\"ListItem\",\"position\":2,\"item\":{\"@id\":\"https:\/\/knjiznice.nsk.hr\/komiza\/financijska-izvjesca-i-planovi\/#webpage\"}}]}]}<\/script>\n<!-- \/ Yoast SEO plugin. -->","_links":{"self":[{"href":"http:\/\/knjiznice.nsk.hr\/komiza\/wp-json\/wp\/v2\/pages\/26"}],"collection":[{"href":"http:\/\/knjiznice.nsk.hr\/komiza\/wp-json\/wp\/v2\/pages"}],"about":[{"href":"http:\/\/knjiznice.nsk.hr\/komiza\/wp-json\/wp\/v2\/types\/page"}],"author":[{"embeddable":true,"href":"http:\/\/knjiznice.nsk.hr\/komiza\/wp-json\/wp\/v2\/users\/143"}],"replies":[{"embeddable":true,"href":"http:\/\/knjiznice.nsk.hr\/komiza\/wp-json\/wp\/v2\/comments?post=26"}],"version-history":[{"count":3,"href":"http:\/\/knjiznice.nsk.hr\/komiza\/wp-json\/wp\/v2\/pages\/26\/revisions"}],"predecessor-version":[{"id":75,"href":"http:\/\/knjiznice.nsk.hr\/komiza\/wp-json\/wp\/v2\/pages\/26\/revisions\/75"}],"wp:attachment":[{"href":"http:\/\/knjiznice.nsk.hr\/komiza\/wp-json\/wp\/v2\/media?parent=26"}],"curies":[{"name":"wp","href":"https:\/\/api.w.org\/{rel}","templated":true}]}}