{"id":24,"date":"2018-12-14T12:21:04","date_gmt":"2018-12-14T11:21:04","guid":{"rendered":"http:\/\/knjiznice.nsk.hr\/komiza\/?page_id=24"},"modified":"2018-12-14T12:47:24","modified_gmt":"2018-12-14T11:47:24","slug":"cjenik-usluga","status":"publish","type":"page","link":"http:\/\/knjiznice.nsk.hr\/komiza\/cjenik-usluga\/","title":{"rendered":"Cjenik usluga"},"content":{"rendered":"<div>Cjenik usluga Gradske knji\u017enice &#8220;Ranko Marinkovi\u0107&#8221;<\/div>\n<div>&nbsp;<\/div>\n<div>1. \u010clanarina<\/div>\n<ul>\n<li>Odrasli korisnici __________________70,00 kn<\/li>\n<li>Djeca, studenti i umirovljenici________50,00 kn<\/li>\n<li>Mjese\u010dno u\u010dlanjenje________________30,00 kn (uz kori\u0161tenje interneta 30 min dnevno)<\/li>\n<\/ul>\n<div>&nbsp;<\/div>\n<div>2. Kori\u0161tenje usluga interneta<\/div>\n<ul>\n<li>U trajanju od 15 min _________________ 5,00 kn<\/li>\n<li>U trajanju od 30 min ________________ 10,00 kn<\/li>\n<li>U trajanju od 60 min_________________ 20,00 kn<\/li>\n<\/ul>\n<div>&nbsp;<\/div>\n<div>3. Usluge ispisa<\/div>\n<ul>\n<li>Ispis jedne stranice_________________ 0,50 kn<\/li>\n<\/ul>\n<div>&nbsp;<\/div>\n<div>4. Zakasnina<\/div>\n<ul>\n<li>Svaka knjiga dnevno ________________ 0.50 kn<\/li>\n<li>Telefonska opomena ________________ 2,00 kn<\/li>\n<li>Pismena opomena___________________10,00 kn<\/li>\n<\/ul>\n<div>&nbsp;<\/div>\n<div>5. Izgubljena iskaznica<\/div>\n<ul>\n<li>Ponovni ispis iskaznice_______________ 5,00 kn<\/li>\n<\/ul>\n<div>&nbsp;<\/div>\n<div>6. Me\u0111uknji\u017eni\u010dna posudba<\/div>\n<ul>\n<li>Stvarni po\u0161tanski tro\u0161kovi i potra\u017eivanja knji\u017enice koja gra\u0111u posu\u0111uje<\/li>\n<\/ul>\n<div id=\"outerContainer\">\n<div id=\"mainContainer\">&nbsp;<\/div>\n<\/div>\n","protected":false},"excerpt":{"rendered":"<p>Cjenik usluga Gradske knji\u017enice &#8220;Ranko Marinkovi\u0107&#8221; &nbsp; 1. \u010clanarina Odrasli korisnici __________________70,00 kn Djeca, studenti i umirovljenici________50,00 kn Mjese\u010dno u\u010dlanjenje________________30,00 kn (uz kori\u0161tenje interneta 30 min dnevno) &nbsp; 2. Kori\u0161tenje usluga interneta U trajanju od 15 min _________________ 5,00 kn U trajanju od 30 min ________________ 10,00 kn U trajanju od 60 min_________________ 20,00 kn [&hellip;]<\/p>\n","protected":false},"author":143,"featured_media":0,"parent":0,"menu_order":0,"comment_status":"closed","ping_status":"closed","template":"","meta":{"ngg_post_thumbnail":0},"yoast_head":"<!-- This site is optimized with the Yoast SEO plugin v16.4 - https:\/\/yoast.com\/wordpress\/plugins\/seo\/ -->\n<meta name=\"robots\" content=\"index, follow, max-snippet:-1, max-image-preview:large, max-video-preview:-1\" \/>\n<link rel=\"canonical\" href=\"https:\/\/knjiznice.nsk.hr\/komiza\/cjenik-usluga\/\" \/>\n<meta property=\"og:locale\" content=\"hr_HR\" \/>\n<meta property=\"og:type\" content=\"article\" \/>\n<meta property=\"og:title\" content=\"Cjenik usluga - Gradska knji\u017enica &quot;Ranko Marinkovi\u0107&quot; Komi\u017ea\" \/>\n<meta property=\"og:description\" content=\"Cjenik usluga Gradske knji\u017enice &#8220;Ranko Marinkovi\u0107&#8221; &nbsp; 1. \u010clanarina Odrasli korisnici __________________70,00 kn Djeca, studenti i umirovljenici________50,00 kn Mjese\u010dno u\u010dlanjenje________________30,00 kn (uz kori\u0161tenje interneta 30 min dnevno) &nbsp; 2. Kori\u0161tenje usluga interneta U trajanju od 15 min _________________ 5,00 kn U trajanju od 30 min ________________ 10,00 kn U trajanju od 60 min_________________ 20,00 kn [&hellip;]\" \/>\n<meta property=\"og:url\" content=\"https:\/\/knjiznice.nsk.hr\/komiza\/cjenik-usluga\/\" \/>\n<meta property=\"og:site_name\" content=\"Gradska knji\u017enica &quot;Ranko Marinkovi\u0107&quot; Komi\u017ea\" \/>\n<meta property=\"article:modified_time\" content=\"2018-12-14T11:47:24+00:00\" \/>\n<meta name=\"twitter:card\" content=\"summary_large_image\" \/>\n<script type=\"application\/ld+json\" class=\"yoast-schema-graph\">{\"@context\":\"https:\/\/schema.org\",\"@graph\":[{\"@type\":\"WebSite\",\"@id\":\"https:\/\/knjiznice.nsk.hr\/komiza\/#website\",\"url\":\"https:\/\/knjiznice.nsk.hr\/komiza\/\",\"name\":\"Gradska knji\\u017enica &quot;Ranko Marinkovi\\u0107&quot; Komi\\u017ea\",\"description\":\"\",\"potentialAction\":[{\"@type\":\"SearchAction\",\"target\":\"https:\/\/knjiznice.nsk.hr\/komiza\/?s={search_term_string}\",\"query-input\":\"required name=search_term_string\"}],\"inLanguage\":\"hr\"},{\"@type\":\"WebPage\",\"@id\":\"https:\/\/knjiznice.nsk.hr\/komiza\/cjenik-usluga\/#webpage\",\"url\":\"https:\/\/knjiznice.nsk.hr\/komiza\/cjenik-usluga\/\",\"name\":\"Cjenik usluga - Gradska knji\\u017enica &quot;Ranko Marinkovi\\u0107&quot; Komi\\u017ea\",\"isPartOf\":{\"@id\":\"https:\/\/knjiznice.nsk.hr\/komiza\/#website\"},\"datePublished\":\"2018-12-14T11:21:04+00:00\",\"dateModified\":\"2018-12-14T11:47:24+00:00\",\"breadcrumb\":{\"@id\":\"https:\/\/knjiznice.nsk.hr\/komiza\/cjenik-usluga\/#breadcrumb\"},\"inLanguage\":\"hr\",\"potentialAction\":[{\"@type\":\"ReadAction\",\"target\":[\"https:\/\/knjiznice.nsk.hr\/komiza\/cjenik-usluga\/\"]}]},{\"@type\":\"BreadcrumbList\",\"@id\":\"https:\/\/knjiznice.nsk.hr\/komiza\/cjenik-usluga\/#breadcrumb\",\"itemListElement\":[{\"@type\":\"ListItem\",\"position\":1,\"item\":{\"@type\":\"WebPage\",\"@id\":\"https:\/\/knjiznice.nsk.hr\/komiza\/\",\"url\":\"https:\/\/knjiznice.nsk.hr\/komiza\/\",\"name\":\"Po\\u010detna stranica\"}},{\"@type\":\"ListItem\",\"position\":2,\"item\":{\"@id\":\"https:\/\/knjiznice.nsk.hr\/komiza\/cjenik-usluga\/#webpage\"}}]}]}<\/script>\n<!-- \/ Yoast SEO plugin. -->","_links":{"self":[{"href":"http:\/\/knjiznice.nsk.hr\/komiza\/wp-json\/wp\/v2\/pages\/24"}],"collection":[{"href":"http:\/\/knjiznice.nsk.hr\/komiza\/wp-json\/wp\/v2\/pages"}],"about":[{"href":"http:\/\/knjiznice.nsk.hr\/komiza\/wp-json\/wp\/v2\/types\/page"}],"author":[{"embeddable":true,"href":"http:\/\/knjiznice.nsk.hr\/komiza\/wp-json\/wp\/v2\/users\/143"}],"replies":[{"embeddable":true,"href":"http:\/\/knjiznice.nsk.hr\/komiza\/wp-json\/wp\/v2\/comments?post=24"}],"version-history":[{"count":1,"href":"http:\/\/knjiznice.nsk.hr\/komiza\/wp-json\/wp\/v2\/pages\/24\/revisions"}],"predecessor-version":[{"id":25,"href":"http:\/\/knjiznice.nsk.hr\/komiza\/wp-json\/wp\/v2\/pages\/24\/revisions\/25"}],"wp:attachment":[{"href":"http:\/\/knjiznice.nsk.hr\/komiza\/wp-json\/wp\/v2\/media?parent=24"}],"curies":[{"name":"wp","href":"https:\/\/api.w.org\/{rel}","templated":true}]}}