{"id":22,"date":"2018-12-14T12:17:45","date_gmt":"2018-12-14T11:17:45","guid":{"rendered":"http:\/\/knjiznice.nsk.hr\/komiza\/?page_id=22"},"modified":"2018-12-14T12:48:40","modified_gmt":"2018-12-14T11:48:40","slug":"propisi-iz-djelatnosti","status":"publish","type":"page","link":"http:\/\/knjiznice.nsk.hr\/komiza\/propisi-iz-djelatnosti\/","title":{"rendered":"Propisi iz djelatnosti"},"content":{"rendered":"<div id=\"outerContainer\">\n<div id=\"sidebarContainer\">\n<div id=\"toolbarSidebar\">\n<div>Zakoni:<\/div>\n<\/div>\n<\/div>\n<\/div>\n<div>&#8211; Zakon o knji\u017enicama (NN 105\/97, NN 5\/98, NN 104\/00, NN 69\/09)<\/div>\n<div>&nbsp;<\/div>\n<div>Pravilnici:<\/div>\n<div>&#8211; Pravilnik o upisniku knji\u017enica i knji\u017enica u sastavu (NN 139\/98)<\/div>\n<div>&#8211; Standardi za narodne knji\u017enice u Republici Hrvatskoj (NN 58\/99)<\/div>\n<div>&#8211; Pravilnik o uvjetima i na\u010dinu<\/div>\n<div>stjecanja stru\u010dnih zvanja u knji\u017eni\u010darskoj struci (NN 28\/11, NN 16\/14,<\/div>\n<div>NN 60\/14-Ispravak)<\/div>\n<div>&#8211; Pravilnik o mati\u010dnoj djelatnosti knji\u017enica u Republici Hrvatskoj (NN 43\/01)<\/div>\n<div>&#8211; Pravilnik o reviziji i otpisu knji\u017eni\u010dne gra\u0111e (NN 21\/02)<\/div>\n<div>&#8211; Pravilnik o za\u0161titi knji\u017eni\u010dne gra\u0111e (NN 52\/05)<\/div>\n<div>&nbsp;<\/div>\n<div>Uredbe:<\/div>\n<div>&#8211; Uredba o osnivanju Hrvatske knji\u017enice za slijepe (NN 115\/99)<\/div>\n<div>&nbsp;<\/div>\n<div>Odluke:<\/div>\n<div>&#8211; Odluka o progla\u0161enju Dana hrvatske knjige (NN 30\/96)<\/div>\n<div id=\"outerContainer\">\n<div id=\"mainContainer\">&nbsp;<\/div>\n<\/div>\n","protected":false},"excerpt":{"rendered":"<p>Zakoni: &#8211; Zakon o knji\u017enicama (NN 105\/97, NN 5\/98, NN 104\/00, NN 69\/09) &nbsp; Pravilnici: &#8211; Pravilnik o upisniku knji\u017enica i knji\u017enica u sastavu (NN 139\/98) &#8211; Standardi za narodne knji\u017enice u Republici Hrvatskoj (NN 58\/99) &#8211; Pravilnik o uvjetima i na\u010dinu stjecanja stru\u010dnih zvanja u knji\u017eni\u010darskoj struci (NN 28\/11, NN 16\/14, NN 60\/14-Ispravak) &#8211; [&hellip;]<\/p>\n","protected":false},"author":143,"featured_media":0,"parent":0,"menu_order":0,"comment_status":"closed","ping_status":"closed","template":"","meta":{"ngg_post_thumbnail":0},"yoast_head":"<!-- This site is optimized with the Yoast SEO plugin v16.4 - https:\/\/yoast.com\/wordpress\/plugins\/seo\/ -->\n<meta name=\"robots\" content=\"index, follow, max-snippet:-1, max-image-preview:large, max-video-preview:-1\" \/>\n<link rel=\"canonical\" href=\"http:\/\/knjiznice.nsk.hr\/komiza\/propisi-iz-djelatnosti\/\" \/>\n<meta property=\"og:locale\" content=\"hr_HR\" \/>\n<meta property=\"og:type\" content=\"article\" \/>\n<meta property=\"og:title\" content=\"Propisi iz djelatnosti - Gradska knji\u017enica &quot;Ranko Marinkovi\u0107&quot; Komi\u017ea\" \/>\n<meta property=\"og:description\" content=\"Zakoni: &#8211; Zakon o knji\u017enicama (NN 105\/97, NN 5\/98, NN 104\/00, NN 69\/09) &nbsp; Pravilnici: &#8211; Pravilnik o upisniku knji\u017enica i knji\u017enica u sastavu (NN 139\/98) &#8211; Standardi za narodne knji\u017enice u Republici Hrvatskoj (NN 58\/99) &#8211; Pravilnik o uvjetima i na\u010dinu stjecanja stru\u010dnih zvanja u knji\u017eni\u010darskoj struci (NN 28\/11, NN 16\/14, NN 60\/14-Ispravak) &#8211; [&hellip;]\" \/>\n<meta property=\"og:url\" content=\"http:\/\/knjiznice.nsk.hr\/komiza\/propisi-iz-djelatnosti\/\" \/>\n<meta property=\"og:site_name\" content=\"Gradska knji\u017enica &quot;Ranko Marinkovi\u0107&quot; Komi\u017ea\" \/>\n<meta property=\"article:modified_time\" content=\"2018-12-14T11:48:40+00:00\" \/>\n<meta name=\"twitter:card\" content=\"summary_large_image\" \/>\n<meta name=\"twitter:label1\" content=\"Procijenjeno vrijeme \u010ditanja\" \/>\n\t<meta name=\"twitter:data1\" content=\"1 minuta\" \/>\n<script type=\"application\/ld+json\" class=\"yoast-schema-graph\">{\"@context\":\"https:\/\/schema.org\",\"@graph\":[{\"@type\":\"WebSite\",\"@id\":\"https:\/\/knjiznice.nsk.hr\/komiza\/#website\",\"url\":\"https:\/\/knjiznice.nsk.hr\/komiza\/\",\"name\":\"Gradska knji\\u017enica &quot;Ranko Marinkovi\\u0107&quot; Komi\\u017ea\",\"description\":\"\",\"potentialAction\":[{\"@type\":\"SearchAction\",\"target\":\"https:\/\/knjiznice.nsk.hr\/komiza\/?s={search_term_string}\",\"query-input\":\"required name=search_term_string\"}],\"inLanguage\":\"hr\"},{\"@type\":\"WebPage\",\"@id\":\"http:\/\/knjiznice.nsk.hr\/komiza\/propisi-iz-djelatnosti\/#webpage\",\"url\":\"http:\/\/knjiznice.nsk.hr\/komiza\/propisi-iz-djelatnosti\/\",\"name\":\"Propisi iz djelatnosti - Gradska knji\\u017enica &quot;Ranko Marinkovi\\u0107&quot; Komi\\u017ea\",\"isPartOf\":{\"@id\":\"https:\/\/knjiznice.nsk.hr\/komiza\/#website\"},\"datePublished\":\"2018-12-14T11:17:45+00:00\",\"dateModified\":\"2018-12-14T11:48:40+00:00\",\"breadcrumb\":{\"@id\":\"http:\/\/knjiznice.nsk.hr\/komiza\/propisi-iz-djelatnosti\/#breadcrumb\"},\"inLanguage\":\"hr\",\"potentialAction\":[{\"@type\":\"ReadAction\",\"target\":[\"http:\/\/knjiznice.nsk.hr\/komiza\/propisi-iz-djelatnosti\/\"]}]},{\"@type\":\"BreadcrumbList\",\"@id\":\"http:\/\/knjiznice.nsk.hr\/komiza\/propisi-iz-djelatnosti\/#breadcrumb\",\"itemListElement\":[{\"@type\":\"ListItem\",\"position\":1,\"item\":{\"@type\":\"WebPage\",\"@id\":\"https:\/\/knjiznice.nsk.hr\/komiza\/\",\"url\":\"https:\/\/knjiznice.nsk.hr\/komiza\/\",\"name\":\"Po\\u010detna stranica\"}},{\"@type\":\"ListItem\",\"position\":2,\"item\":{\"@id\":\"http:\/\/knjiznice.nsk.hr\/komiza\/propisi-iz-djelatnosti\/#webpage\"}}]}]}<\/script>\n<!-- \/ Yoast SEO plugin. -->","_links":{"self":[{"href":"http:\/\/knjiznice.nsk.hr\/komiza\/wp-json\/wp\/v2\/pages\/22"}],"collection":[{"href":"http:\/\/knjiznice.nsk.hr\/komiza\/wp-json\/wp\/v2\/pages"}],"about":[{"href":"http:\/\/knjiznice.nsk.hr\/komiza\/wp-json\/wp\/v2\/types\/page"}],"author":[{"embeddable":true,"href":"http:\/\/knjiznice.nsk.hr\/komiza\/wp-json\/wp\/v2\/users\/143"}],"replies":[{"embeddable":true,"href":"http:\/\/knjiznice.nsk.hr\/komiza\/wp-json\/wp\/v2\/comments?post=22"}],"version-history":[{"count":1,"href":"http:\/\/knjiznice.nsk.hr\/komiza\/wp-json\/wp\/v2\/pages\/22\/revisions"}],"predecessor-version":[{"id":23,"href":"http:\/\/knjiznice.nsk.hr\/komiza\/wp-json\/wp\/v2\/pages\/22\/revisions\/23"}],"wp:attachment":[{"href":"http:\/\/knjiznice.nsk.hr\/komiza\/wp-json\/wp\/v2\/media?parent=22"}],"curies":[{"name":"wp","href":"https:\/\/api.w.org\/{rel}","templated":true}]}}