{"id":20,"date":"2018-12-14T12:14:30","date_gmt":"2018-12-14T11:14:30","guid":{"rendered":"http:\/\/knjiznice.nsk.hr\/komiza\/?page_id=20"},"modified":"2018-12-14T12:48:47","modified_gmt":"2018-12-14T11:48:47","slug":"radno-vrijeme","status":"publish","type":"page","link":"http:\/\/knjiznice.nsk.hr\/komiza\/radno-vrijeme\/","title":{"rendered":"Radno vrijeme"},"content":{"rendered":"<ul>\n<li>Ponedjeljak, srijeda, petak: &nbsp;08:00 \u2013 14:00<\/li>\n<li>Utorak, \u010detvrtak: &nbsp;14:00 \u2013 20:00<\/li>\n<\/ul>\n","protected":false},"excerpt":{"rendered":"<p>Ponedjeljak, srijeda, petak: &nbsp;08:00 \u2013 14:00 Utorak, \u010detvrtak: &nbsp;14:00 \u2013 20:00<\/p>\n","protected":false},"author":143,"featured_media":0,"parent":0,"menu_order":0,"comment_status":"closed","ping_status":"closed","template":"","meta":{"ngg_post_thumbnail":0},"yoast_head":"<!-- This site is optimized with the Yoast SEO plugin v16.4 - https:\/\/yoast.com\/wordpress\/plugins\/seo\/ -->\n<meta name=\"robots\" content=\"index, follow, max-snippet:-1, max-image-preview:large, max-video-preview:-1\" \/>\n<link rel=\"canonical\" href=\"http:\/\/knjiznice.nsk.hr\/komiza\/radno-vrijeme\/\" \/>\n<meta property=\"og:locale\" content=\"hr_HR\" \/>\n<meta property=\"og:type\" content=\"article\" \/>\n<meta property=\"og:title\" content=\"Radno vrijeme - Gradska knji\u017enica &quot;Ranko Marinkovi\u0107&quot; Komi\u017ea\" \/>\n<meta property=\"og:description\" content=\"Ponedjeljak, srijeda, petak: &nbsp;08:00 \u2013 14:00 Utorak, \u010detvrtak: &nbsp;14:00 \u2013 20:00\" \/>\n<meta property=\"og:url\" content=\"http:\/\/knjiznice.nsk.hr\/komiza\/radno-vrijeme\/\" \/>\n<meta property=\"og:site_name\" content=\"Gradska knji\u017enica &quot;Ranko Marinkovi\u0107&quot; Komi\u017ea\" \/>\n<meta property=\"article:modified_time\" content=\"2018-12-14T11:48:47+00:00\" \/>\n<meta name=\"twitter:card\" content=\"summary_large_image\" \/>\n<script type=\"application\/ld+json\" class=\"yoast-schema-graph\">{\"@context\":\"https:\/\/schema.org\",\"@graph\":[{\"@type\":\"WebSite\",\"@id\":\"https:\/\/knjiznice.nsk.hr\/komiza\/#website\",\"url\":\"https:\/\/knjiznice.nsk.hr\/komiza\/\",\"name\":\"Gradska knji\\u017enica &quot;Ranko Marinkovi\\u0107&quot; Komi\\u017ea\",\"description\":\"\",\"potentialAction\":[{\"@type\":\"SearchAction\",\"target\":\"https:\/\/knjiznice.nsk.hr\/komiza\/?s={search_term_string}\",\"query-input\":\"required name=search_term_string\"}],\"inLanguage\":\"hr\"},{\"@type\":\"WebPage\",\"@id\":\"http:\/\/knjiznice.nsk.hr\/komiza\/radno-vrijeme\/#webpage\",\"url\":\"http:\/\/knjiznice.nsk.hr\/komiza\/radno-vrijeme\/\",\"name\":\"Radno vrijeme - Gradska knji\\u017enica &quot;Ranko Marinkovi\\u0107&quot; Komi\\u017ea\",\"isPartOf\":{\"@id\":\"https:\/\/knjiznice.nsk.hr\/komiza\/#website\"},\"datePublished\":\"2018-12-14T11:14:30+00:00\",\"dateModified\":\"2018-12-14T11:48:47+00:00\",\"breadcrumb\":{\"@id\":\"http:\/\/knjiznice.nsk.hr\/komiza\/radno-vrijeme\/#breadcrumb\"},\"inLanguage\":\"hr\",\"potentialAction\":[{\"@type\":\"ReadAction\",\"target\":[\"http:\/\/knjiznice.nsk.hr\/komiza\/radno-vrijeme\/\"]}]},{\"@type\":\"BreadcrumbList\",\"@id\":\"http:\/\/knjiznice.nsk.hr\/komiza\/radno-vrijeme\/#breadcrumb\",\"itemListElement\":[{\"@type\":\"ListItem\",\"position\":1,\"item\":{\"@type\":\"WebPage\",\"@id\":\"https:\/\/knjiznice.nsk.hr\/komiza\/\",\"url\":\"https:\/\/knjiznice.nsk.hr\/komiza\/\",\"name\":\"Po\\u010detna stranica\"}},{\"@type\":\"ListItem\",\"position\":2,\"item\":{\"@id\":\"http:\/\/knjiznice.nsk.hr\/komiza\/radno-vrijeme\/#webpage\"}}]}]}<\/script>\n<!-- \/ Yoast SEO plugin. -->","_links":{"self":[{"href":"http:\/\/knjiznice.nsk.hr\/komiza\/wp-json\/wp\/v2\/pages\/20"}],"collection":[{"href":"http:\/\/knjiznice.nsk.hr\/komiza\/wp-json\/wp\/v2\/pages"}],"about":[{"href":"http:\/\/knjiznice.nsk.hr\/komiza\/wp-json\/wp\/v2\/types\/page"}],"author":[{"embeddable":true,"href":"http:\/\/knjiznice.nsk.hr\/komiza\/wp-json\/wp\/v2\/users\/143"}],"replies":[{"embeddable":true,"href":"http:\/\/knjiznice.nsk.hr\/komiza\/wp-json\/wp\/v2\/comments?post=20"}],"version-history":[{"count":1,"href":"http:\/\/knjiznice.nsk.hr\/komiza\/wp-json\/wp\/v2\/pages\/20\/revisions"}],"predecessor-version":[{"id":21,"href":"http:\/\/knjiznice.nsk.hr\/komiza\/wp-json\/wp\/v2\/pages\/20\/revisions\/21"}],"wp:attachment":[{"href":"http:\/\/knjiznice.nsk.hr\/komiza\/wp-json\/wp\/v2\/media?parent=20"}],"curies":[{"name":"wp","href":"https:\/\/api.w.org\/{rel}","templated":true}]}}