{"id":229,"date":"2019-09-20T21:39:40","date_gmt":"2019-09-20T19:39:40","guid":{"rendered":"http:\/\/knjiznice.nsk.hr\/kali\/?page_id=229"},"modified":"2020-05-14T13:20:18","modified_gmt":"2020-05-14T11:20:18","slug":"clanstvo","status":"publish","type":"page","link":"http:\/\/knjiznice.nsk.hr\/kali\/na-korisnike\/clanstvo\/","title":{"rendered":"\u010clanstvo"},"content":{"rendered":"<p>Pravo kori\u0161tenja usluga Knji\u017enice ostvaruje se u\u010dlanjivanjem u Knji\u017enicu. Za \u010dlanstvo u Knji\u017enici napla\u0107uje se \u010dlanarina. Visina \u010dlanarine mo\u017ee se vidjeti u Cijeni upisa.<\/p>\n<p>\u010clanarina vrijedi godinu dana, odnosno 12 mjeseci od dana upisa. Istekom tog roka \u010dlan obnavlja upis ili mu prestaje \u010dlanstvo u Knji\u017enici. Kod obnove upisa, knji\u017eni\u010dni\u010darka provjerava to\u010dnost korisnikovih osobnih podataka.&nbsp;<\/p>\n<p>Prilikom upisa predo\u010duje se jedan od osobnih dokumenta, koji sadr\u017ei sve relevantne podatke potrebne za upis: rodni list, osobna iskaznica, putovnica, u\u010deni\u010dka knji\u017eica, studentski indeks. Popunjava se pristupnica koju potpisuje korisnik, a za maloljetnike roditelj ili staratelj.&nbsp;<\/p>\n<p>Na temelju upisa \u010dlan dobiva&nbsp;<b>\u010dlansku iskaznicu Knji\u017enice<\/b>.&nbsp;<\/p>\n<p>&nbsp;<\/p>\n","protected":false},"excerpt":{"rendered":"<p>Pravo kori\u0161tenja usluga Knji\u017enice ostvaruje se u\u010dlanjivanjem u Knji\u017enicu. Za \u010dlanstvo u Knji\u017enici napla\u0107uje se \u010dlanarina. Visina \u010dlanarine mo\u017ee se vidjeti u Cijeni upisa. \u010clanarina vrijedi godinu dana, odnosno 12 mjeseci od dana upisa. Istekom tog roka \u010dlan obnavlja upis ili mu prestaje \u010dlanstvo u Knji\u017enici. Kod obnove upisa, knji\u017eni\u010dni\u010darka provjerava to\u010dnost korisnikovih osobnih podataka.&nbsp; [&hellip;]<\/p>\n","protected":false},"author":168,"featured_media":0,"parent":219,"menu_order":2,"comment_status":"closed","ping_status":"closed","template":"","meta":{"ngg_post_thumbnail":0},"yoast_head":"<!-- This site is optimized with the Yoast SEO plugin v16.4 - https:\/\/yoast.com\/wordpress\/plugins\/seo\/ -->\n<meta name=\"robots\" content=\"index, follow, max-snippet:-1, max-image-preview:large, max-video-preview:-1\" \/>\n<link rel=\"canonical\" href=\"http:\/\/knjiznice.nsk.hr\/kali\/na-korisnike\/clanstvo\/\" \/>\n<meta property=\"og:locale\" content=\"hr_HR\" \/>\n<meta property=\"og:type\" content=\"article\" \/>\n<meta property=\"og:title\" content=\"\u010clanstvo - Narodna knji\u017enica Kali\" \/>\n<meta property=\"og:description\" content=\"Pravo kori\u0161tenja usluga Knji\u017enice ostvaruje se u\u010dlanjivanjem u Knji\u017enicu. Za \u010dlanstvo u Knji\u017enici napla\u0107uje se \u010dlanarina. Visina \u010dlanarine mo\u017ee se vidjeti u Cijeni upisa. \u010clanarina vrijedi godinu dana, odnosno 12 mjeseci od dana upisa. Istekom tog roka \u010dlan obnavlja upis ili mu prestaje \u010dlanstvo u Knji\u017enici. Kod obnove upisa, knji\u017eni\u010dni\u010darka provjerava to\u010dnost korisnikovih osobnih podataka.&nbsp; [&hellip;]\" \/>\n<meta property=\"og:url\" content=\"http:\/\/knjiznice.nsk.hr\/kali\/na-korisnike\/clanstvo\/\" \/>\n<meta property=\"og:site_name\" content=\"Narodna knji\u017enica Kali\" \/>\n<meta property=\"article:publisher\" content=\"https:\/\/www.facebook.com\/narodna.knjiznica.kali\/\" \/>\n<meta property=\"article:modified_time\" content=\"2020-05-14T11:20:18+00:00\" \/>\n<meta name=\"twitter:card\" content=\"summary_large_image\" \/>\n<meta name=\"twitter:label1\" content=\"Procijenjeno vrijeme \u010ditanja\" \/>\n\t<meta name=\"twitter:data1\" content=\"1 minuta\" \/>\n<script type=\"application\/ld+json\" class=\"yoast-schema-graph\">{\"@context\":\"https:\/\/schema.org\",\"@graph\":[{\"@type\":\"Organization\",\"@id\":\"http:\/\/knjiznice.nsk.hr\/kali\/#organization\",\"name\":\"Narodna kni\\u017enica Kali\",\"url\":\"http:\/\/knjiznice.nsk.hr\/kali\/\",\"sameAs\":[\"https:\/\/www.facebook.com\/narodna.knjiznica.kali\/\",\"https:\/\/www.instagram.com\/narodnaknjiznicakali\/\",\"https:\/\/www.youtube.com\/channel\/UC2glNDARQY0rsXxh2ZnUv_Q\"],\"logo\":{\"@type\":\"ImageObject\",\"@id\":\"http:\/\/knjiznice.nsk.hr\/kali\/#logo\",\"inLanguage\":\"hr\",\"url\":\"http:\/\/knjiznice.nsk.hr\/kali\/wp-content\/uploads\/sites\/100\/2019\/10\/cropped-LOGO-VERZIJA-1-3.jpg\",\"contentUrl\":\"http:\/\/knjiznice.nsk.hr\/kali\/wp-content\/uploads\/sites\/100\/2019\/10\/cropped-LOGO-VERZIJA-1-3.jpg\",\"width\":1122,\"height\":1118,\"caption\":\"Narodna kni\\u017enica Kali\"},\"image\":{\"@id\":\"http:\/\/knjiznice.nsk.hr\/kali\/#logo\"}},{\"@type\":\"WebSite\",\"@id\":\"http:\/\/knjiznice.nsk.hr\/kali\/#website\",\"url\":\"http:\/\/knjiznice.nsk.hr\/kali\/\",\"name\":\"Narodna knji\\u017enica Kali\",\"description\":\"\",\"publisher\":{\"@id\":\"http:\/\/knjiznice.nsk.hr\/kali\/#organization\"},\"potentialAction\":[{\"@type\":\"SearchAction\",\"target\":\"http:\/\/knjiznice.nsk.hr\/kali\/?s={search_term_string}\",\"query-input\":\"required name=search_term_string\"}],\"inLanguage\":\"hr\"},{\"@type\":\"WebPage\",\"@id\":\"http:\/\/knjiznice.nsk.hr\/kali\/na-korisnike\/clanstvo\/#webpage\",\"url\":\"http:\/\/knjiznice.nsk.hr\/kali\/na-korisnike\/clanstvo\/\",\"name\":\"\\u010clanstvo - Narodna knji\\u017enica Kali\",\"isPartOf\":{\"@id\":\"http:\/\/knjiznice.nsk.hr\/kali\/#website\"},\"datePublished\":\"2019-09-20T19:39:40+00:00\",\"dateModified\":\"2020-05-14T11:20:18+00:00\",\"breadcrumb\":{\"@id\":\"http:\/\/knjiznice.nsk.hr\/kali\/na-korisnike\/clanstvo\/#breadcrumb\"},\"inLanguage\":\"hr\",\"potentialAction\":[{\"@type\":\"ReadAction\",\"target\":[\"http:\/\/knjiznice.nsk.hr\/kali\/na-korisnike\/clanstvo\/\"]}]},{\"@type\":\"BreadcrumbList\",\"@id\":\"http:\/\/knjiznice.nsk.hr\/kali\/na-korisnike\/clanstvo\/#breadcrumb\",\"itemListElement\":[{\"@type\":\"ListItem\",\"position\":1,\"item\":{\"@type\":\"WebPage\",\"@id\":\"http:\/\/knjiznice.nsk.hr\/kali\/\",\"url\":\"http:\/\/knjiznice.nsk.hr\/kali\/\",\"name\":\"Po\\u010detna stranica\"}},{\"@type\":\"ListItem\",\"position\":2,\"item\":{\"@type\":\"WebPage\",\"@id\":\"http:\/\/knjiznice.nsk.hr\/kali\/na-korisnike\/\",\"url\":\"http:\/\/knjiznice.nsk.hr\/kali\/na-korisnike\/\",\"name\":\"Za korisnike\"}},{\"@type\":\"ListItem\",\"position\":3,\"item\":{\"@id\":\"http:\/\/knjiznice.nsk.hr\/kali\/na-korisnike\/clanstvo\/#webpage\"}}]}]}<\/script>\n<!-- \/ Yoast SEO plugin. -->","_links":{"self":[{"href":"http:\/\/knjiznice.nsk.hr\/kali\/wp-json\/wp\/v2\/pages\/229"}],"collection":[{"href":"http:\/\/knjiznice.nsk.hr\/kali\/wp-json\/wp\/v2\/pages"}],"about":[{"href":"http:\/\/knjiznice.nsk.hr\/kali\/wp-json\/wp\/v2\/types\/page"}],"author":[{"embeddable":true,"href":"http:\/\/knjiznice.nsk.hr\/kali\/wp-json\/wp\/v2\/users\/168"}],"replies":[{"embeddable":true,"href":"http:\/\/knjiznice.nsk.hr\/kali\/wp-json\/wp\/v2\/comments?post=229"}],"version-history":[{"count":5,"href":"http:\/\/knjiznice.nsk.hr\/kali\/wp-json\/wp\/v2\/pages\/229\/revisions"}],"predecessor-version":[{"id":683,"href":"http:\/\/knjiznice.nsk.hr\/kali\/wp-json\/wp\/v2\/pages\/229\/revisions\/683"}],"up":[{"embeddable":true,"href":"http:\/\/knjiznice.nsk.hr\/kali\/wp-json\/wp\/v2\/pages\/219"}],"wp:attachment":[{"href":"http:\/\/knjiznice.nsk.hr\/kali\/wp-json\/wp\/v2\/media?parent=229"}],"curies":[{"name":"wp","href":"https:\/\/api.w.org\/{rel}","templated":true}]}}