{"id":1408,"date":"2024-02-04T09:55:00","date_gmt":"2024-02-04T08:55:00","guid":{"rendered":"http:\/\/knjiznice.nsk.hr\/kali\/?page_id=1408"},"modified":"2024-02-04T09:55:00","modified_gmt":"2024-02-04T08:55:00","slug":"pravo-na-pristup-informacijama","status":"publish","type":"page","link":"http:\/\/knjiznice.nsk.hr\/kali\/dokumenti\/pravo-na-pristup-informacijama\/","title":{"rendered":"PRAVO NA PRISTUP INFORMACIJAMA"},"content":{"rendered":"<h3>Izvje\u0161\u0107a<\/h3>\n<p><a href=\"http:\/\/knjiznice.nsk.hr\/kali\/wp-content\/uploads\/sites\/100\/2024\/02\/Izvjesce-o-provedbi-zakona-o-pravu-na-pristup-informacijama-2023.pdf\">Izvje\u0161\u0107e o provedbi zakona o pravu na pristup informacijama &#8211; 2023<\/a><\/p>\n","protected":false},"excerpt":{"rendered":"<p>Izvje\u0161\u0107a Izvje\u0161\u0107e o provedbi zakona o pravu na pristup informacijama &#8211; 2023<\/p>\n","protected":false},"author":168,"featured_media":0,"parent":1314,"menu_order":0,"comment_status":"closed","ping_status":"closed","template":"","meta":{"ngg_post_thumbnail":0},"yoast_head":"<!-- This site is optimized with the Yoast SEO plugin v16.4 - https:\/\/yoast.com\/wordpress\/plugins\/seo\/ -->\n<meta name=\"robots\" content=\"index, follow, max-snippet:-1, max-image-preview:large, max-video-preview:-1\" \/>\n<link rel=\"canonical\" href=\"http:\/\/knjiznice.nsk.hr\/kali\/dokumenti\/pravo-na-pristup-informacijama\/\" \/>\n<meta property=\"og:locale\" content=\"hr_HR\" \/>\n<meta property=\"og:type\" content=\"article\" \/>\n<meta property=\"og:title\" content=\"PRAVO NA PRISTUP INFORMACIJAMA - Narodna knji\u017enica Kali\" \/>\n<meta property=\"og:description\" content=\"Izvje\u0161\u0107a Izvje\u0161\u0107e o provedbi zakona o pravu na pristup informacijama &#8211; 2023\" \/>\n<meta property=\"og:url\" content=\"http:\/\/knjiznice.nsk.hr\/kali\/dokumenti\/pravo-na-pristup-informacijama\/\" \/>\n<meta property=\"og:site_name\" content=\"Narodna knji\u017enica Kali\" \/>\n<meta property=\"article:publisher\" content=\"https:\/\/www.facebook.com\/narodna.knjiznica.kali\/\" \/>\n<meta name=\"twitter:card\" content=\"summary_large_image\" \/>\n<meta name=\"twitter:label1\" content=\"Procijenjeno vrijeme \u010ditanja\" \/>\n\t<meta name=\"twitter:data1\" content=\"1 minuta\" \/>\n<script type=\"application\/ld+json\" class=\"yoast-schema-graph\">{\"@context\":\"https:\/\/schema.org\",\"@graph\":[{\"@type\":\"Organization\",\"@id\":\"https:\/\/knjiznice.nsk.hr\/kali\/#organization\",\"name\":\"Narodna kni\\u017enica Kali\",\"url\":\"https:\/\/knjiznice.nsk.hr\/kali\/\",\"sameAs\":[\"https:\/\/www.facebook.com\/narodna.knjiznica.kali\/\",\"https:\/\/www.instagram.com\/narodnaknjiznicakali\/\",\"https:\/\/www.youtube.com\/channel\/UC2glNDARQY0rsXxh2ZnUv_Q\"],\"logo\":{\"@type\":\"ImageObject\",\"@id\":\"https:\/\/knjiznice.nsk.hr\/kali\/#logo\",\"inLanguage\":\"hr\",\"url\":\"http:\/\/knjiznice.nsk.hr\/kali\/wp-content\/uploads\/sites\/100\/2019\/10\/cropped-LOGO-VERZIJA-1-3.jpg\",\"contentUrl\":\"http:\/\/knjiznice.nsk.hr\/kali\/wp-content\/uploads\/sites\/100\/2019\/10\/cropped-LOGO-VERZIJA-1-3.jpg\",\"width\":1122,\"height\":1118,\"caption\":\"Narodna kni\\u017enica Kali\"},\"image\":{\"@id\":\"https:\/\/knjiznice.nsk.hr\/kali\/#logo\"}},{\"@type\":\"WebSite\",\"@id\":\"https:\/\/knjiznice.nsk.hr\/kali\/#website\",\"url\":\"https:\/\/knjiznice.nsk.hr\/kali\/\",\"name\":\"Narodna knji\\u017enica Kali\",\"description\":\"\",\"publisher\":{\"@id\":\"https:\/\/knjiznice.nsk.hr\/kali\/#organization\"},\"potentialAction\":[{\"@type\":\"SearchAction\",\"target\":\"https:\/\/knjiznice.nsk.hr\/kali\/?s={search_term_string}\",\"query-input\":\"required name=search_term_string\"}],\"inLanguage\":\"hr\"},{\"@type\":\"WebPage\",\"@id\":\"http:\/\/knjiznice.nsk.hr\/kali\/dokumenti\/pravo-na-pristup-informacijama\/#webpage\",\"url\":\"http:\/\/knjiznice.nsk.hr\/kali\/dokumenti\/pravo-na-pristup-informacijama\/\",\"name\":\"PRAVO NA PRISTUP INFORMACIJAMA - Narodna knji\\u017enica Kali\",\"isPartOf\":{\"@id\":\"https:\/\/knjiznice.nsk.hr\/kali\/#website\"},\"datePublished\":\"2024-02-04T08:55:00+00:00\",\"dateModified\":\"2024-02-04T08:55:00+00:00\",\"breadcrumb\":{\"@id\":\"http:\/\/knjiznice.nsk.hr\/kali\/dokumenti\/pravo-na-pristup-informacijama\/#breadcrumb\"},\"inLanguage\":\"hr\",\"potentialAction\":[{\"@type\":\"ReadAction\",\"target\":[\"http:\/\/knjiznice.nsk.hr\/kali\/dokumenti\/pravo-na-pristup-informacijama\/\"]}]},{\"@type\":\"BreadcrumbList\",\"@id\":\"http:\/\/knjiznice.nsk.hr\/kali\/dokumenti\/pravo-na-pristup-informacijama\/#breadcrumb\",\"itemListElement\":[{\"@type\":\"ListItem\",\"position\":1,\"item\":{\"@type\":\"WebPage\",\"@id\":\"https:\/\/knjiznice.nsk.hr\/kali\/\",\"url\":\"https:\/\/knjiznice.nsk.hr\/kali\/\",\"name\":\"Po\\u010detna stranica\"}},{\"@type\":\"ListItem\",\"position\":2,\"item\":{\"@type\":\"WebPage\",\"@id\":\"http:\/\/knjiznice.nsk.hr\/kali\/dokumenti\/\",\"url\":\"http:\/\/knjiznice.nsk.hr\/kali\/dokumenti\/\",\"name\":\"Dokumenti\"}},{\"@type\":\"ListItem\",\"position\":3,\"item\":{\"@id\":\"http:\/\/knjiznice.nsk.hr\/kali\/dokumenti\/pravo-na-pristup-informacijama\/#webpage\"}}]}]}<\/script>\n<!-- \/ Yoast SEO plugin. -->","_links":{"self":[{"href":"http:\/\/knjiznice.nsk.hr\/kali\/wp-json\/wp\/v2\/pages\/1408"}],"collection":[{"href":"http:\/\/knjiznice.nsk.hr\/kali\/wp-json\/wp\/v2\/pages"}],"about":[{"href":"http:\/\/knjiznice.nsk.hr\/kali\/wp-json\/wp\/v2\/types\/page"}],"author":[{"embeddable":true,"href":"http:\/\/knjiznice.nsk.hr\/kali\/wp-json\/wp\/v2\/users\/168"}],"replies":[{"embeddable":true,"href":"http:\/\/knjiznice.nsk.hr\/kali\/wp-json\/wp\/v2\/comments?post=1408"}],"version-history":[{"count":1,"href":"http:\/\/knjiznice.nsk.hr\/kali\/wp-json\/wp\/v2\/pages\/1408\/revisions"}],"predecessor-version":[{"id":1409,"href":"http:\/\/knjiznice.nsk.hr\/kali\/wp-json\/wp\/v2\/pages\/1408\/revisions\/1409"}],"up":[{"embeddable":true,"href":"http:\/\/knjiznice.nsk.hr\/kali\/wp-json\/wp\/v2\/pages\/1314"}],"wp:attachment":[{"href":"http:\/\/knjiznice.nsk.hr\/kali\/wp-json\/wp\/v2\/media?parent=1408"}],"curies":[{"name":"wp","href":"https:\/\/api.w.org\/{rel}","templated":true}]}}