{"id":1324,"date":"2023-06-19T15:32:25","date_gmt":"2023-06-19T13:32:25","guid":{"rendered":"http:\/\/knjiznice.nsk.hr\/kali\/?page_id=1324"},"modified":"2024-03-04T10:01:08","modified_gmt":"2024-03-04T09:01:08","slug":"financijska-izvjesca","status":"publish","type":"page","link":"http:\/\/knjiznice.nsk.hr\/kali\/dokumenti\/financijska-izvjesca\/","title":{"rendered":"Financijska izvje\u0161\u0107a"},"content":{"rendered":"<p><a href=\"http:\/\/knjiznice.nsk.hr\/kali\/wp-content\/uploads\/sites\/100\/2023\/06\/GODISNJI-IZVJESTAJ-ZA-2022.-GODINU.pdf\">GODI\u0160NJI IZVJE\u0160TAJ O IZVR\u0160ENJU FINANCIJSKOG PLANA NARODNE KNJI\u017dNICE KALI ZA 2022. GODINU<\/a><\/p>\n<p><a href=\"http:\/\/knjiznice.nsk.hr\/kali\/wp-content\/uploads\/sites\/100\/2024\/03\/Obrasci_financijskih_izvjestaja_.zip\">Obrasci_financijskih_izvje\u0161taja_<\/a><\/p>\n<p>&nbsp;<\/p>\n","protected":false},"excerpt":{"rendered":"<p>GODI\u0160NJI IZVJE\u0160TAJ O IZVR\u0160ENJU FINANCIJSKOG PLANA NARODNE KNJI\u017dNICE KALI ZA 2022. GODINU Obrasci_financijskih_izvje\u0161taja_ &nbsp;<\/p>\n","protected":false},"author":168,"featured_media":0,"parent":1314,"menu_order":0,"comment_status":"closed","ping_status":"closed","template":"","meta":{"ngg_post_thumbnail":0},"yoast_head":"<!-- This site is optimized with the Yoast SEO plugin v16.4 - https:\/\/yoast.com\/wordpress\/plugins\/seo\/ -->\n<meta name=\"robots\" content=\"index, follow, max-snippet:-1, max-image-preview:large, max-video-preview:-1\" \/>\n<link rel=\"canonical\" href=\"http:\/\/knjiznice.nsk.hr\/kali\/dokumenti\/financijska-izvjesca\/\" \/>\n<meta property=\"og:locale\" content=\"hr_HR\" \/>\n<meta property=\"og:type\" content=\"article\" \/>\n<meta property=\"og:title\" content=\"Financijska izvje\u0161\u0107a - Narodna knji\u017enica Kali\" \/>\n<meta property=\"og:description\" content=\"GODI\u0160NJI IZVJE\u0160TAJ O IZVR\u0160ENJU FINANCIJSKOG PLANA NARODNE KNJI\u017dNICE KALI ZA 2022. GODINU Obrasci_financijskih_izvje\u0161taja_ &nbsp;\" \/>\n<meta property=\"og:url\" content=\"http:\/\/knjiznice.nsk.hr\/kali\/dokumenti\/financijska-izvjesca\/\" \/>\n<meta property=\"og:site_name\" content=\"Narodna knji\u017enica Kali\" \/>\n<meta property=\"article:publisher\" content=\"https:\/\/www.facebook.com\/narodna.knjiznica.kali\/\" \/>\n<meta property=\"article:modified_time\" content=\"2024-03-04T09:01:08+00:00\" \/>\n<meta name=\"twitter:card\" content=\"summary_large_image\" \/>\n<meta name=\"twitter:label1\" content=\"Procijenjeno vrijeme \u010ditanja\" \/>\n\t<meta name=\"twitter:data1\" content=\"1 minuta\" \/>\n<script type=\"application\/ld+json\" class=\"yoast-schema-graph\">{\"@context\":\"https:\/\/schema.org\",\"@graph\":[{\"@type\":\"Organization\",\"@id\":\"http:\/\/knjiznice.nsk.hr\/kali\/#organization\",\"name\":\"Narodna kni\\u017enica Kali\",\"url\":\"http:\/\/knjiznice.nsk.hr\/kali\/\",\"sameAs\":[\"https:\/\/www.facebook.com\/narodna.knjiznica.kali\/\",\"https:\/\/www.instagram.com\/narodnaknjiznicakali\/\",\"https:\/\/www.youtube.com\/channel\/UC2glNDARQY0rsXxh2ZnUv_Q\"],\"logo\":{\"@type\":\"ImageObject\",\"@id\":\"http:\/\/knjiznice.nsk.hr\/kali\/#logo\",\"inLanguage\":\"hr\",\"url\":\"http:\/\/knjiznice.nsk.hr\/kali\/wp-content\/uploads\/sites\/100\/2019\/10\/cropped-LOGO-VERZIJA-1-3.jpg\",\"contentUrl\":\"http:\/\/knjiznice.nsk.hr\/kali\/wp-content\/uploads\/sites\/100\/2019\/10\/cropped-LOGO-VERZIJA-1-3.jpg\",\"width\":1122,\"height\":1118,\"caption\":\"Narodna kni\\u017enica Kali\"},\"image\":{\"@id\":\"http:\/\/knjiznice.nsk.hr\/kali\/#logo\"}},{\"@type\":\"WebSite\",\"@id\":\"http:\/\/knjiznice.nsk.hr\/kali\/#website\",\"url\":\"http:\/\/knjiznice.nsk.hr\/kali\/\",\"name\":\"Narodna knji\\u017enica Kali\",\"description\":\"\",\"publisher\":{\"@id\":\"http:\/\/knjiznice.nsk.hr\/kali\/#organization\"},\"potentialAction\":[{\"@type\":\"SearchAction\",\"target\":\"http:\/\/knjiznice.nsk.hr\/kali\/?s={search_term_string}\",\"query-input\":\"required name=search_term_string\"}],\"inLanguage\":\"hr\"},{\"@type\":\"WebPage\",\"@id\":\"http:\/\/knjiznice.nsk.hr\/kali\/dokumenti\/financijska-izvjesca\/#webpage\",\"url\":\"http:\/\/knjiznice.nsk.hr\/kali\/dokumenti\/financijska-izvjesca\/\",\"name\":\"Financijska izvje\\u0161\\u0107a - Narodna knji\\u017enica Kali\",\"isPartOf\":{\"@id\":\"http:\/\/knjiznice.nsk.hr\/kali\/#website\"},\"datePublished\":\"2023-06-19T13:32:25+00:00\",\"dateModified\":\"2024-03-04T09:01:08+00:00\",\"breadcrumb\":{\"@id\":\"http:\/\/knjiznice.nsk.hr\/kali\/dokumenti\/financijska-izvjesca\/#breadcrumb\"},\"inLanguage\":\"hr\",\"potentialAction\":[{\"@type\":\"ReadAction\",\"target\":[\"http:\/\/knjiznice.nsk.hr\/kali\/dokumenti\/financijska-izvjesca\/\"]}]},{\"@type\":\"BreadcrumbList\",\"@id\":\"http:\/\/knjiznice.nsk.hr\/kali\/dokumenti\/financijska-izvjesca\/#breadcrumb\",\"itemListElement\":[{\"@type\":\"ListItem\",\"position\":1,\"item\":{\"@type\":\"WebPage\",\"@id\":\"http:\/\/knjiznice.nsk.hr\/kali\/\",\"url\":\"http:\/\/knjiznice.nsk.hr\/kali\/\",\"name\":\"Po\\u010detna stranica\"}},{\"@type\":\"ListItem\",\"position\":2,\"item\":{\"@type\":\"WebPage\",\"@id\":\"http:\/\/knjiznice.nsk.hr\/kali\/dokumenti\/\",\"url\":\"http:\/\/knjiznice.nsk.hr\/kali\/dokumenti\/\",\"name\":\"Dokumenti\"}},{\"@type\":\"ListItem\",\"position\":3,\"item\":{\"@id\":\"http:\/\/knjiznice.nsk.hr\/kali\/dokumenti\/financijska-izvjesca\/#webpage\"}}]}]}<\/script>\n<!-- \/ Yoast SEO plugin. -->","_links":{"self":[{"href":"http:\/\/knjiznice.nsk.hr\/kali\/wp-json\/wp\/v2\/pages\/1324"}],"collection":[{"href":"http:\/\/knjiznice.nsk.hr\/kali\/wp-json\/wp\/v2\/pages"}],"about":[{"href":"http:\/\/knjiznice.nsk.hr\/kali\/wp-json\/wp\/v2\/types\/page"}],"author":[{"embeddable":true,"href":"http:\/\/knjiznice.nsk.hr\/kali\/wp-json\/wp\/v2\/users\/168"}],"replies":[{"embeddable":true,"href":"http:\/\/knjiznice.nsk.hr\/kali\/wp-json\/wp\/v2\/comments?post=1324"}],"version-history":[{"count":11,"href":"http:\/\/knjiznice.nsk.hr\/kali\/wp-json\/wp\/v2\/pages\/1324\/revisions"}],"predecessor-version":[{"id":1334,"href":"http:\/\/knjiznice.nsk.hr\/kali\/wp-json\/wp\/v2\/pages\/1324\/revisions\/1334"}],"up":[{"embeddable":true,"href":"http:\/\/knjiznice.nsk.hr\/kali\/wp-json\/wp\/v2\/pages\/1314"}],"wp:attachment":[{"href":"http:\/\/knjiznice.nsk.hr\/kali\/wp-json\/wp\/v2\/media?parent=1324"}],"curies":[{"name":"wp","href":"https:\/\/api.w.org\/{rel}","templated":true}]}}