{"id":31,"date":"2010-08-15T19:03:46","date_gmt":"2010-08-15T19:03:46","guid":{"rendered":"http:\/\/demo.studiopress.com\/genesis"},"modified":"2015-01-21T15:13:16","modified_gmt":"2015-01-21T15:13:16","slug":"sample","status":"publish","type":"page","link":"http:\/\/knjiznice.nsk.hr\/jednostavna\/sample\/","title":{"rendered":"Primjer"},"content":{"rendered":"<p>U posljednjih nekoliko godina, u javnom sektoru se sve vi\u0161e koristi softver otvorenog k\u00f4da. Nerijetko zbog slabe informiranosti dolazi do njegovog neadekvatnog kori\u0161tenja. Ustanove se nerijetko zbog ra\u0161irenih predrasuda ne usu\u0111uju koristiti programe otvorenog k\u00f4da, \u010dak ni u situacijama u kojima bi oni bili prikladni. S druge strane, oslanjanje na neprovjerene informacije mo\u017ee rezultirati kori\u0161tenjem programa otvorenog k\u00f4da za pogre\u0161ne namjene, na neadekvatne na\u010dine ili kori\u0161tenjem neprikladnih programa.<\/p>\n<p>U takvoj situaciji, u Nacionalnoj i sveu\u010dili\u0161noj knji\u017enici u Zagrebu, u kolovozu 2011. osnovan je Centar za otvoreni k\u00f4d. Ideja je izgradnja informacijskog, savjetodavnog i koordinacijskog sredi\u0161ta, koji bi pru\u017eao pristup programima otvorenog koda, informacije o njima i mogu\u0107nostima njihove primjene, te se bavio projektima implementacije.<\/p>\n<p>Koriste\u0107i se resursima koje Centar nudi i uklapanjem programa otvorenog k\u00f4da u postoje\u0107u ra\u010dunalnu infrastrukturu ustanove bi mogle smanjiti tro\u0161kove i unaprijediti poslovanje.<\/p>\n","protected":false},"excerpt":{"rendered":"<p>U posljednjih nekoliko godina, u javnom sektoru se sve vi\u0161e koristi softver otvorenog k\u00f4da. Nerijetko zbog slabe informiranosti dolazi do njegovog neadekvatnog kori\u0161tenja. Ustanove se nerijetko zbog ra\u0161irenih predrasuda ne usu\u0111uju koristiti programe otvorenog k\u00f4da, \u010dak ni u situacijama u kojima bi oni bili prikladni. S druge strane, oslanjanje na neprovjerene informacije mo\u017ee rezultirati kori\u0161tenjem [&hellip;]<\/p>\n","protected":false},"author":34,"featured_media":0,"parent":0,"menu_order":0,"comment_status":"closed","ping_status":"closed","template":"","meta":{"ngg_post_thumbnail":0},"yoast_head":"<!-- This site is optimized with the Yoast SEO plugin v16.4 - https:\/\/yoast.com\/wordpress\/plugins\/seo\/ -->\n<meta name=\"robots\" content=\"index, follow, max-snippet:-1, max-image-preview:large, max-video-preview:-1\" \/>\n<link rel=\"canonical\" href=\"https:\/\/knjiznice.nsk.hr\/jednostavna\/sample\/\" \/>\n<meta property=\"og:locale\" content=\"hr_HR\" \/>\n<meta property=\"og:type\" content=\"article\" \/>\n<meta property=\"og:title\" content=\"Primjer - Jednostavna\" \/>\n<meta property=\"og:description\" content=\"U posljednjih nekoliko godina, u javnom sektoru se sve vi\u0161e koristi softver otvorenog k\u00f4da. Nerijetko zbog slabe informiranosti dolazi do njegovog neadekvatnog kori\u0161tenja. Ustanove se nerijetko zbog ra\u0161irenih predrasuda ne usu\u0111uju koristiti programe otvorenog k\u00f4da, \u010dak ni u situacijama u kojima bi oni bili prikladni. S druge strane, oslanjanje na neprovjerene informacije mo\u017ee rezultirati kori\u0161tenjem [&hellip;]\" \/>\n<meta property=\"og:url\" content=\"https:\/\/knjiznice.nsk.hr\/jednostavna\/sample\/\" \/>\n<meta property=\"og:site_name\" content=\"Jednostavna\" \/>\n<meta property=\"article:modified_time\" content=\"2015-01-21T15:13:16+00:00\" \/>\n<meta name=\"twitter:label1\" content=\"Procijenjeno vrijeme \u010ditanja\" \/>\n\t<meta name=\"twitter:data1\" content=\"1 minuta\" \/>\n<script type=\"application\/ld+json\" class=\"yoast-schema-graph\">{\"@context\":\"https:\/\/schema.org\",\"@graph\":[{\"@type\":\"WebSite\",\"@id\":\"http:\/\/knjiznice.nsk.hr\/jednostavna\/#website\",\"url\":\"http:\/\/knjiznice.nsk.hr\/jednostavna\/\",\"name\":\"Jednostavna\",\"description\":\"knjiznice.nsk.hr - predlo\\u017eak\",\"potentialAction\":[{\"@type\":\"SearchAction\",\"target\":\"http:\/\/knjiznice.nsk.hr\/jednostavna\/?s={search_term_string}\",\"query-input\":\"required name=search_term_string\"}],\"inLanguage\":\"hr\"},{\"@type\":\"WebPage\",\"@id\":\"https:\/\/knjiznice.nsk.hr\/jednostavna\/sample\/#webpage\",\"url\":\"https:\/\/knjiznice.nsk.hr\/jednostavna\/sample\/\",\"name\":\"Primjer - Jednostavna\",\"isPartOf\":{\"@id\":\"http:\/\/knjiznice.nsk.hr\/jednostavna\/#website\"},\"datePublished\":\"2010-08-15T19:03:46+00:00\",\"dateModified\":\"2015-01-21T15:13:16+00:00\",\"breadcrumb\":{\"@id\":\"https:\/\/knjiznice.nsk.hr\/jednostavna\/sample\/#breadcrumb\"},\"inLanguage\":\"hr\",\"potentialAction\":[{\"@type\":\"ReadAction\",\"target\":[\"https:\/\/knjiznice.nsk.hr\/jednostavna\/sample\/\"]}]},{\"@type\":\"BreadcrumbList\",\"@id\":\"https:\/\/knjiznice.nsk.hr\/jednostavna\/sample\/#breadcrumb\",\"itemListElement\":[{\"@type\":\"ListItem\",\"position\":1,\"item\":{\"@type\":\"WebPage\",\"@id\":\"http:\/\/knjiznice.nsk.hr\/jednostavna\/\",\"url\":\"http:\/\/knjiznice.nsk.hr\/jednostavna\/\",\"name\":\"Po\\u010detna stranica\"}},{\"@type\":\"ListItem\",\"position\":2,\"item\":{\"@id\":\"https:\/\/knjiznice.nsk.hr\/jednostavna\/sample\/#webpage\"}}]}]}<\/script>\n<!-- \/ Yoast SEO plugin. -->","_links":{"self":[{"href":"http:\/\/knjiznice.nsk.hr\/jednostavna\/wp-json\/wp\/v2\/pages\/31"}],"collection":[{"href":"http:\/\/knjiznice.nsk.hr\/jednostavna\/wp-json\/wp\/v2\/pages"}],"about":[{"href":"http:\/\/knjiznice.nsk.hr\/jednostavna\/wp-json\/wp\/v2\/types\/page"}],"author":[{"embeddable":true,"href":"http:\/\/knjiznice.nsk.hr\/jednostavna\/wp-json\/wp\/v2\/users\/34"}],"replies":[{"embeddable":true,"href":"http:\/\/knjiznice.nsk.hr\/jednostavna\/wp-json\/wp\/v2\/comments?post=31"}],"version-history":[{"count":3,"href":"http:\/\/knjiznice.nsk.hr\/jednostavna\/wp-json\/wp\/v2\/pages\/31\/revisions"}],"predecessor-version":[{"id":915,"href":"http:\/\/knjiznice.nsk.hr\/jednostavna\/wp-json\/wp\/v2\/pages\/31\/revisions\/915"}],"wp:attachment":[{"href":"http:\/\/knjiznice.nsk.hr\/jednostavna\/wp-json\/wp\/v2\/media?parent=31"}],"curies":[{"name":"wp","href":"https:\/\/api.w.org\/{rel}","templated":true}]}}