{"id":181,"date":"2011-02-03T18:06:59","date_gmt":"2011-02-03T18:06:59","guid":{"rendered":"http:\/\/demo.studiopress.com\/genesis\/?page_id=181"},"modified":"2014-11-26T13:37:36","modified_gmt":"2014-11-26T13:37:36","slug":"columns","status":"publish","type":"page","link":"http:\/\/knjiznice.nsk.hr\/jednostavna\/columns\/","title":{"rendered":"Klase stupaca"},"content":{"rendered":"<p><strong>Dva stupca<\/strong><\/p>\n<div class=\"one-half first\">\n<p>Testni tekst koji slu\u017ei za popunjavanje prostora i stjecanje dojma kako sadr\u017eaj izgleda u postoje\u0107em dizajnu.\u00a0Testni tekst koji slu\u017ei za popunjavanje prostora i stjecanje dojma kako sadr\u017eaj izgleda u postoje\u0107em dizajnu.\u00a0Testni tekst koji slu\u017ei za popunjavanje prostora i stjecanje dojma kako sadr\u017eaj izgleda u postoje\u0107em dizajnu.<\/p>\n<\/div>\n<div class=\"one-half\">\n<p>Testni tekst koji slu\u017ei za popunjavanje prostora i stjecanje dojma kako sadr\u017eaj izgleda u postoje\u0107em dizajnu.\u00a0Testni tekst koji slu\u017ei za popunjavanje prostora i stjecanje dojma kako sadr\u017eaj izgleda u postoje\u0107em dizajnu.\u00a0Testni tekst koji slu\u017ei za popunjavanje prostora i stjecanje dojma kako sadr\u017eaj izgleda u postoje\u0107em dizajnu.<\/p>\n<\/div>\n<div style=\"border-bottom: 1px solid #ddd; clear: both; margin-bottom: 26px;\"><\/div>\n<h3>Tri stupca<\/h3>\n<div class=\"one-third first\">\n<p>Testni tekst koji slu\u017ei za popunjavanje prostora i stjecanje dojma kako sadr\u017eaj izgleda u postoje\u0107em dizajnu.\u00a0Testni tekst koji slu\u017ei za popunjavanje prostora i stjecanje dojma kako sadr\u017eaj izgleda u postoje\u0107em dizajnu.\u00a0Testni tekst koji slu\u017ei za popunjavanje prostora i stjecanje dojma kako sadr\u017eaj izgleda u postoje\u0107em dizajnu.<\/p>\n<\/div>\n<div class=\"one-third\">\n<p>Testni tekst koji slu\u017ei za popunjavanje prostora i stjecanje dojma kako sadr\u017eaj izgleda u postoje\u0107em dizajnu.\u00a0Testni tekst koji slu\u017ei za popunjavanje prostora i stjecanje dojma kako sadr\u017eaj izgleda u postoje\u0107em dizajnu.\u00a0Testni tekst koji slu\u017ei za popunjavanje prostora i stjecanje dojma kako sadr\u017eaj izgleda u postoje\u0107em dizajnu.<\/p>\n<\/div>\n<div class=\"one-third\">\n<p>Testni tekst koji slu\u017ei za popunjavanje prostora i stjecanje dojma kako sadr\u017eaj izgleda u postoje\u0107em dizajnu.\u00a0Testni tekst koji slu\u017ei za popunjavanje prostora i stjecanje dojma kako sadr\u017eaj izgleda u postoje\u0107em dizajnu.\u00a0Testni tekst koji slu\u017ei za popunjavanje prostora i stjecanje dojma kako sadr\u017eaj izgleda u postoje\u0107em dizajnu.<\/p>\n<\/div>\n<div style=\"border-bottom: 1px solid #ddd; clear: both; margin-bottom: 26px;\"><\/div>\n<h3>\u010cetiri stupca<\/h3>\n<div class=\"one-fourth first\">\n<p>Testni tekst koji slu\u017ei za popunjavanje prostora i stjecanje dojma kako sadr\u017eaj izgleda u postoje\u0107em dizajnu.\u00a0Testni tekst koji slu\u017ei za popunjavanje prostora i stjecanje dojma kako sadr\u017eaj izgleda u postoje\u0107em dizajnu.\u00a0Testni tekst koji slu\u017ei za popunjavanje prostora i stjecanje dojma kako sadr\u017eaj izgleda u postoje\u0107em dizajnu.<\/p>\n<\/div>\n<div class=\"one-fourth\">\n<p>Testni tekst koji slu\u017ei za popunjavanje prostora i stjecanje dojma kako sadr\u017eaj izgleda u postoje\u0107em dizajnu.\u00a0Testni tekst koji slu\u017ei za popunjavanje prostora i stjecanje dojma kako sadr\u017eaj izgleda u postoje\u0107em dizajnu.\u00a0Testni tekst koji slu\u017ei za popunjavanje prostora i stjecanje dojma kako sadr\u017eaj izgleda u postoje\u0107em dizajnu.<\/p>\n<\/div>\n<div class=\"one-fourth\">\n<p>Testni tekst koji slu\u017ei za popunjavanje prostora i stjecanje dojma kako sadr\u017eaj izgleda u postoje\u0107em dizajnu.\u00a0Testni tekst koji slu\u017ei za popunjavanje prostora i stjecanje dojma kako sadr\u017eaj izgleda u postoje\u0107em dizajnu.\u00a0Testni tekst koji slu\u017ei za popunjavanje prostora i stjecanje dojma kako sadr\u017eaj izgleda u postoje\u0107em dizajnu.<\/p>\n<\/div>\n<div class=\"one-fourth\">\n<p>Testni tekst koji slu\u017ei za popunjavanje prostora i stjecanje dojma kako sadr\u017eaj izgleda u postoje\u0107em dizajnu.\u00a0Testni tekst koji slu\u017ei za popunjavanje prostora i stjecanje dojma kako sadr\u017eaj izgleda u postoje\u0107em dizajnu.\u00a0Testni tekst koji slu\u017ei za popunjavanje prostora i stjecanje dojma kako sadr\u017eaj izgleda u postoje\u0107em dizajnu.<\/p>\n<\/div>\n<div style=\"border-bottom: 1px solid #ddd; clear: both; margin-bottom: 26px;\"><\/div>\n<h3>\u0160est stupaca<\/h3>\n<div class=\"one-sixth first\">\n<p>Testni tekst koji slu\u017ei za popunjavanje prostora i stjecanje dojma kako sadr\u017eaj izgleda u postoje\u0107em dizajnu.\u00a0Testni tekst koji slu\u017ei za popunjavanje prostora i stjecanje dojma kako sadr\u017eaj izgleda u postoje\u0107em dizajnu.\u00a0Testni tekst koji slu\u017ei za popunjavanje prostora i stjecanje dojma kako sadr\u017eaj izgleda u postoje\u0107em dizajnu.<\/p>\n<p>Testni tekst koji slu\u017ei za popunjavanje prostora i stjecanje dojma kako sadr\u017eaj izgleda u postoje\u0107em dizajnu.\u00a0Testni tekst koji slu\u017ei za popunjavanje prostora i stjecanje dojma kako sadr\u017eaj izgleda u postoje\u0107em dizajnu.\u00a0Testni tekst koji slu\u017ei za popunjavanje prostora i stjecanje dojma kako sadr\u017eaj izgleda u postoje\u0107em dizajnu.<\/p>\n<\/div>\n<div class=\"one-sixth\">\n<p>Testni tekst koji slu\u017ei za popunjavanje prostora i stjecanje dojma kako sadr\u017eaj izgleda u postoje\u0107em dizajnu.\u00a0Testni tekst koji slu\u017ei za popunjavanje prostora i stjecanje dojma kako sadr\u017eaj izgleda u postoje\u0107em dizajnu.\u00a0Testni tekst koji slu\u017ei za popunjavanje prostora i stjecanje dojma kako sadr\u017eaj izgleda u postoje\u0107em dizajnu.<\/p>\n<\/div>\n<div class=\"one-sixth\">\n<p>Testni tekst koji slu\u017ei za popunjavanje prostora i stjecanje dojma kako sadr\u017eaj izgleda u postoje\u0107em dizajnu.\u00a0Testni tekst koji slu\u017ei za popunjavanje prostora i stjecanje dojma kako sadr\u017eaj izgleda u postoje\u0107em dizajnu.\u00a0Testni tekst koji slu\u017ei za popunjavanje prostora i stjecanje dojma kako sadr\u017eaj izgleda u postoje\u0107em dizajnu.<\/p>\n<\/div>\n<div class=\"one-sixth\">\n<p>Testni tekst koji slu\u017ei za popunjavanje prostora i stjecanje dojma kako sadr\u017eaj izgleda u postoje\u0107em dizajnu.\u00a0Testni tekst koji slu\u017ei za popunjavanje prostora i stjecanje dojma kako sadr\u017eaj izgleda u postoje\u0107em dizajnu.\u00a0Testni tekst koji slu\u017ei za popunjavanje prostora i stjecanje dojma kako sadr\u017eaj izgleda u postoje\u0107em dizajnu.<\/p>\n<\/div>\n<div class=\"one-sixth\">\n<p>Testni tekst koji slu\u017ei za popunjavanje prostora i stjecanje dojma kako sadr\u017eaj izgleda u postoje\u0107em dizajnu.\u00a0Testni tekst koji slu\u017ei za popunjavanje prostora i stjecanje dojma kako sadr\u017eaj izgleda u postoje\u0107em dizajnu.\u00a0Testni tekst koji slu\u017ei za popunjavanje prostora i stjecanje dojma kako sadr\u017eaj izgleda u postoje\u0107em dizajnu.<\/p>\n<\/div>\n","protected":false},"excerpt":{"rendered":"<p>Dva stupca Testni tekst koji slu\u017ei za popunjavanje prostora i stjecanje dojma kako sadr\u017eaj izgleda u postoje\u0107em dizajnu.\u00a0Testni tekst koji slu\u017ei za popunjavanje prostora i stjecanje dojma kako sadr\u017eaj izgleda u postoje\u0107em dizajnu.\u00a0Testni tekst koji slu\u017ei za popunjavanje prostora i stjecanje dojma kako sadr\u017eaj izgleda u postoje\u0107em dizajnu. Testni tekst koji slu\u017ei za popunjavanje prostora [&hellip;]<\/p>\n","protected":false},"author":34,"featured_media":0,"parent":0,"menu_order":0,"comment_status":"closed","ping_status":"closed","template":"","meta":{"ngg_post_thumbnail":0},"yoast_head":"<!-- This site is optimized with the Yoast SEO plugin v16.4 - https:\/\/yoast.com\/wordpress\/plugins\/seo\/ -->\n<meta name=\"robots\" content=\"index, follow, max-snippet:-1, max-image-preview:large, max-video-preview:-1\" \/>\n<link rel=\"canonical\" href=\"http:\/\/knjiznice.nsk.hr\/jednostavna\/columns\/\" \/>\n<meta property=\"og:locale\" content=\"hr_HR\" \/>\n<meta property=\"og:type\" content=\"article\" \/>\n<meta property=\"og:title\" content=\"Klase stupaca - Jednostavna\" \/>\n<meta property=\"og:description\" content=\"Dva stupca Testni tekst koji slu\u017ei za popunjavanje prostora i stjecanje dojma kako sadr\u017eaj izgleda u postoje\u0107em dizajnu.\u00a0Testni tekst koji slu\u017ei za popunjavanje prostora i stjecanje dojma kako sadr\u017eaj izgleda u postoje\u0107em dizajnu.\u00a0Testni tekst koji slu\u017ei za popunjavanje prostora i stjecanje dojma kako sadr\u017eaj izgleda u postoje\u0107em dizajnu. Testni tekst koji slu\u017ei za popunjavanje prostora [&hellip;]\" \/>\n<meta property=\"og:url\" content=\"http:\/\/knjiznice.nsk.hr\/jednostavna\/columns\/\" \/>\n<meta property=\"og:site_name\" content=\"Jednostavna\" \/>\n<meta property=\"article:modified_time\" content=\"2014-11-26T13:37:36+00:00\" \/>\n<meta name=\"twitter:label1\" content=\"Procijenjeno vrijeme \u010ditanja\" \/>\n\t<meta name=\"twitter:data1\" content=\"4 minute\" \/>\n<script type=\"application\/ld+json\" class=\"yoast-schema-graph\">{\"@context\":\"https:\/\/schema.org\",\"@graph\":[{\"@type\":\"WebSite\",\"@id\":\"http:\/\/knjiznice.nsk.hr\/jednostavna\/#website\",\"url\":\"http:\/\/knjiznice.nsk.hr\/jednostavna\/\",\"name\":\"Jednostavna\",\"description\":\"knjiznice.nsk.hr - predlo\\u017eak\",\"potentialAction\":[{\"@type\":\"SearchAction\",\"target\":\"http:\/\/knjiznice.nsk.hr\/jednostavna\/?s={search_term_string}\",\"query-input\":\"required name=search_term_string\"}],\"inLanguage\":\"hr\"},{\"@type\":\"WebPage\",\"@id\":\"http:\/\/knjiznice.nsk.hr\/jednostavna\/columns\/#webpage\",\"url\":\"http:\/\/knjiznice.nsk.hr\/jednostavna\/columns\/\",\"name\":\"Klase stupaca - Jednostavna\",\"isPartOf\":{\"@id\":\"http:\/\/knjiznice.nsk.hr\/jednostavna\/#website\"},\"datePublished\":\"2011-02-03T18:06:59+00:00\",\"dateModified\":\"2014-11-26T13:37:36+00:00\",\"breadcrumb\":{\"@id\":\"http:\/\/knjiznice.nsk.hr\/jednostavna\/columns\/#breadcrumb\"},\"inLanguage\":\"hr\",\"potentialAction\":[{\"@type\":\"ReadAction\",\"target\":[\"http:\/\/knjiznice.nsk.hr\/jednostavna\/columns\/\"]}]},{\"@type\":\"BreadcrumbList\",\"@id\":\"http:\/\/knjiznice.nsk.hr\/jednostavna\/columns\/#breadcrumb\",\"itemListElement\":[{\"@type\":\"ListItem\",\"position\":1,\"item\":{\"@type\":\"WebPage\",\"@id\":\"http:\/\/knjiznice.nsk.hr\/jednostavna\/\",\"url\":\"http:\/\/knjiznice.nsk.hr\/jednostavna\/\",\"name\":\"Po\\u010detna stranica\"}},{\"@type\":\"ListItem\",\"position\":2,\"item\":{\"@id\":\"http:\/\/knjiznice.nsk.hr\/jednostavna\/columns\/#webpage\"}}]}]}<\/script>\n<!-- \/ Yoast SEO plugin. -->","_links":{"self":[{"href":"http:\/\/knjiznice.nsk.hr\/jednostavna\/wp-json\/wp\/v2\/pages\/181"}],"collection":[{"href":"http:\/\/knjiznice.nsk.hr\/jednostavna\/wp-json\/wp\/v2\/pages"}],"about":[{"href":"http:\/\/knjiznice.nsk.hr\/jednostavna\/wp-json\/wp\/v2\/types\/page"}],"author":[{"embeddable":true,"href":"http:\/\/knjiznice.nsk.hr\/jednostavna\/wp-json\/wp\/v2\/users\/34"}],"replies":[{"embeddable":true,"href":"http:\/\/knjiznice.nsk.hr\/jednostavna\/wp-json\/wp\/v2\/comments?post=181"}],"version-history":[{"count":3,"href":"http:\/\/knjiznice.nsk.hr\/jednostavna\/wp-json\/wp\/v2\/pages\/181\/revisions"}],"predecessor-version":[{"id":620,"href":"http:\/\/knjiznice.nsk.hr\/jednostavna\/wp-json\/wp\/v2\/pages\/181\/revisions\/620"}],"wp:attachment":[{"href":"http:\/\/knjiznice.nsk.hr\/jednostavna\/wp-json\/wp\/v2\/media?parent=181"}],"curies":[{"name":"wp","href":"https:\/\/api.w.org\/{rel}","templated":true}]}}