{"id":230,"date":"2020-09-29T11:29:15","date_gmt":"2020-09-29T09:29:15","guid":{"rendered":"http:\/\/knjiznice.nsk.hr\/jasenovac\/?page_id=230"},"modified":"2020-10-06T13:15:44","modified_gmt":"2020-10-06T11:15:44","slug":"noviteti","status":"publish","type":"page","link":"http:\/\/knjiznice.nsk.hr\/jasenovac\/noviteti\/","title":{"rendered":"Dostupna izdanja u listopadu"},"content":{"rendered":"\n\n<div class=\"ngg-galleryoverview ngg-slideshow\"\n\t id=\"ngg-slideshow-f673377232784d6e2fa4f74fb2f97a82-3460656840\"\n     data-gallery-id=\"f673377232784d6e2fa4f74fb2f97a82\"\n     style=\"max-width: 600px; max-height: 400px;\">\n\n \t<div id=\"ngg-image-0\" class=\"ngg-gallery-slideshow-image\" style=\"height:400px\">\n\n        <a href=\"http:\/\/knjiznice.nsk.hr\/jasenovac\/wp-content\/uploads\/sites\/105\/nggallery\/listopad\/120840828_117920946740023_4491919568980232005_o.jpg\"\n           title=\"\"\n           data-src=\"http:\/\/knjiznice.nsk.hr\/jasenovac\/wp-content\/uploads\/sites\/105\/nggallery\/listopad\/120840828_117920946740023_4491919568980232005_o.jpg\"\n           data-thumbnail=\"http:\/\/knjiznice.nsk.hr\/jasenovac\/wp-content\/uploads\/sites\/105\/nggallery\/listopad\/thumbs\/thumbs_120840828_117920946740023_4491919568980232005_o.jpg\"\n           data-image-id=\"31\"\n           data-title=\"120840828_117920946740023_4491919568980232005_o\"\n           data-description=\"\"\n           class=\"ngg-fancybox\" rel=\"f673377232784d6e2fa4f74fb2f97a82\">\n\n            <img data-image-id='31'\n                 title=\"\"\n                 alt=\"120840828_117920946740023_4491919568980232005_o\"\n                 src=\"http:\/\/knjiznice.nsk.hr\/jasenovac\/wp-content\/uploads\/sites\/105\/nggallery\/listopad\/120840828_117920946740023_4491919568980232005_o.jpg\"\n                 style=\"max-height: 380px;\"\/>\n        <\/a>\n\n        <\/div> \n<div id=\"ngg-image-1\" class=\"ngg-gallery-slideshow-image\" style=\"height:400px\">\n\n        <a href=\"http:\/\/knjiznice.nsk.hr\/jasenovac\/wp-content\/uploads\/sites\/105\/nggallery\/listopad\/120956759_117920943406690_3688236423707303101_o.jpg\"\n           title=\"\"\n           data-src=\"http:\/\/knjiznice.nsk.hr\/jasenovac\/wp-content\/uploads\/sites\/105\/nggallery\/listopad\/120956759_117920943406690_3688236423707303101_o.jpg\"\n           data-thumbnail=\"http:\/\/knjiznice.nsk.hr\/jasenovac\/wp-content\/uploads\/sites\/105\/nggallery\/listopad\/thumbs\/thumbs_120956759_117920943406690_3688236423707303101_o.jpg\"\n           data-image-id=\"32\"\n           data-title=\"120956759_117920943406690_3688236423707303101_o\"\n           data-description=\"\"\n           class=\"ngg-fancybox\" rel=\"f673377232784d6e2fa4f74fb2f97a82\">\n\n            <img data-image-id='32'\n                 title=\"\"\n                 alt=\"120956759_117920943406690_3688236423707303101_o\"\n                 src=\"http:\/\/knjiznice.nsk.hr\/jasenovac\/wp-content\/uploads\/sites\/105\/nggallery\/listopad\/120956759_117920943406690_3688236423707303101_o.jpg\"\n                 style=\"max-height: 380px;\"\/>\n        <\/a>\n\n        <\/div> \n<div id=\"ngg-image-2\" class=\"ngg-gallery-slideshow-image\" style=\"height:400px\">\n\n        <a href=\"http:\/\/knjiznice.nsk.hr\/jasenovac\/wp-content\/uploads\/sites\/105\/nggallery\/listopad\/120434527_111115567420561_1259138743331454191_o.jpg\"\n           title=\"\"\n           data-src=\"http:\/\/knjiznice.nsk.hr\/jasenovac\/wp-content\/uploads\/sites\/105\/nggallery\/listopad\/120434527_111115567420561_1259138743331454191_o.jpg\"\n           data-thumbnail=\"http:\/\/knjiznice.nsk.hr\/jasenovac\/wp-content\/uploads\/sites\/105\/nggallery\/listopad\/thumbs\/thumbs_120434527_111115567420561_1259138743331454191_o.jpg\"\n           data-image-id=\"33\"\n           data-title=\"120434527_111115567420561_1259138743331454191_o\"\n           data-description=\"\"\n           class=\"ngg-fancybox\" rel=\"f673377232784d6e2fa4f74fb2f97a82\">\n\n            <img data-image-id='33'\n                 title=\"\"\n                 alt=\"120434527_111115567420561_1259138743331454191_o\"\n                 src=\"http:\/\/knjiznice.nsk.hr\/jasenovac\/wp-content\/uploads\/sites\/105\/nggallery\/listopad\/120434527_111115567420561_1259138743331454191_o.jpg\"\n                 style=\"max-height: 380px;\"\/>\n        <\/a>\n\n        <\/div> \n<\/div>\n\n\n\t\t<!-- Thumbnails Link -->\n\t<div class=\"slideshowlink\" style=\"max-width: 600px;\">\n        <a href='http:\/\/knjiznice.nsk.hr\/jasenovac\/noviteti\/nggallery\/thumbnails'>[Show thumbnails]<\/a>\n\t<\/div>\n\n\n<p style=\"text-align: center\">Jesen polako sti\u017ee, opustite se uz topli napitak i knjigu po va\u0161em izboru, dostupni su novi naslovi, pa pogledajte \u0161to vam nudimo;<\/p>\n<p>1. Brenda Joyce &#8211; Ma\u010d na ru\u017ei &#8211; Brenda Joyce<br \/>\n2. Dinah Jeffries &#8211; Prije ki\u0161e<br \/>\n3. Sarah MacLean &#8211; Kazna za vojvodu<br \/>\n4. Julia Quinn &#8211; \u017divjeli su dugo i sretno<br \/>\n5. Lindsay Johanna &#8211; Voljeni neprijatelj<br \/>\n6. L.J.Shen \u2013 Kradljivac poljubaca<br \/>\n7. Nora Roberts &#8211; Tjelesna nevinost<br \/>\n8. Nora Roberts &#8211; Ro\u0111ena u vatri<br \/>\n9. Nora Roberts &#8211; Ro\u0111ena u grijehu<br \/>\n10. Abbi Glines &#8211; Zauvijek predaleko<br \/>\n11. Abbi Glines &#8211; Nikada predaleko<br \/>\n12. Abbi Glines &#8211; Korak predaleko<br \/>\n13. Shayla Black &#8211; Nezgode pri\u010duvne nevjeste<br \/>\n14. Melody Anne &#8211; Ultimativno blago<br \/>\n15. Traci Brogan &#8211; Najbolji lijek<br \/>\n16. Melody Anne &#8211; Neprocjenjivo blago<br \/>\n17. J.S.Scott &#8211; Samo milijuna\u0161<br \/>\n18. J. S. Scott &#8211; Milijarder uzima sve<br \/>\n19. J.S. Scott &#8211; Milijarderov glas<br \/>\n20. J.S.Scott &#8211; Milijarderove tajne<br \/>\n21. Tracy Brogan &#8211; Luda mala stvar<br \/>\n22. Camilla Lackberg \u2013 Srebrna krila<br \/>\n23. Geneve Lee &#8211; Zarobi me<br \/>\n24. Geneve Lee &#8211; Razori me<br \/>\n25. Geneve Lee &#8211; Za\u017eeli me<br \/>\n26. Kendall Ryan &#8211; Dug put do uspjeha<br \/>\n27. Kendall Ryan &#8211; Kako uspje\u0161no uklizati<br \/>\n28. Kendall Ryan &#8211; Sve ili ni\u0161ta<br \/>\n29. Vince Flynn &#8211; U ime \u010dasti<br \/>\n30. Max Monroe &#8211; \u0160ef iz susjednog stana<br \/>\n31. Julie Garwood &#8211; Nje\u017eni ratnik<br \/>\n32. Patricia Cornwell &#8211; Obdukcija<br \/>\n33. Patricia Cornwell &#8211; Krv i meso<br \/>\n34. Meredith Wild\/Mia Michelle &#8211; Nezgode predsjednikove k\u0107eri<br \/>\n35. Meredith Wild\/Chelle Bliss &#8211; Nezgode gradske djevojke<br \/>\n36. Lauren Rowe &#8211; Nezgode u no\u0107noj smjeni<br \/>\n37. Jodi Ellen Malpas &#8211; Moj mu\u0161karac &#8211; Predaja<br \/>\n38. Jodi Ellen Malpas &#8211; Ostavi me bez daha<\/p>\n<p>&nbsp;<\/p>\n<p style=\"text-align: center\">Navedeni su najtra\u017eeniji naslovi, i dijelovi serijala, slobodno nas kontaktirajte za dostupnost istih, ili naslova koji vas zanimaju na email knjiznicajasenovac@gmail.com ili 044\/672-365.<\/p>\n","protected":false},"excerpt":{"rendered":"<p>Jesen polako sti\u017ee, opustite se uz topli napitak i knjigu po va\u0161em izboru, dostupni su novi naslovi, pa pogledajte \u0161to vam nudimo; 1. Brenda Joyce &#8211; Ma\u010d na ru\u017ei &#8211; Brenda Joyce 2. Dinah Jeffries &#8211; Prije ki\u0161e 3. Sarah MacLean &#8211; Kazna za vojvodu 4. Julia Quinn &#8211; \u017divjeli su dugo i sretno 5. [&hellip;]<\/p>\n","protected":false},"author":164,"featured_media":0,"parent":0,"menu_order":0,"comment_status":"closed","ping_status":"closed","template":"","meta":{"ngg_post_thumbnail":0},"yoast_head":"<!-- This site is optimized with the Yoast SEO plugin v16.4 - https:\/\/yoast.com\/wordpress\/plugins\/seo\/ -->\n<meta name=\"robots\" content=\"index, follow, max-snippet:-1, max-image-preview:large, max-video-preview:-1\" \/>\n<link rel=\"canonical\" href=\"http:\/\/knjiznice.nsk.hr\/jasenovac\/noviteti\/\" \/>\n<meta property=\"og:locale\" content=\"hr_HR\" \/>\n<meta property=\"og:type\" content=\"article\" \/>\n<meta property=\"og:title\" content=\"Dostupna izdanja u listopadu - Narodna knji\u017enica i \u010ditaonica Jasenovac\" \/>\n<meta property=\"og:description\" content=\"Jesen polako sti\u017ee, opustite se uz topli napitak i knjigu po va\u0161em izboru, dostupni su novi naslovi, pa pogledajte \u0161to vam nudimo; 1. Brenda Joyce &#8211; Ma\u010d na ru\u017ei &#8211; Brenda Joyce 2. Dinah Jeffries &#8211; Prije ki\u0161e 3. Sarah MacLean &#8211; Kazna za vojvodu 4. Julia Quinn &#8211; \u017divjeli su dugo i sretno 5. [&hellip;]\" \/>\n<meta property=\"og:url\" content=\"http:\/\/knjiznice.nsk.hr\/jasenovac\/noviteti\/\" \/>\n<meta property=\"og:site_name\" content=\"Narodna knji\u017enica i \u010ditaonica Jasenovac\" \/>\n<meta property=\"article:modified_time\" content=\"2020-10-06T11:15:44+00:00\" \/>\n<meta name=\"twitter:card\" content=\"summary_large_image\" \/>\n<meta name=\"twitter:label1\" content=\"Procijenjeno vrijeme \u010ditanja\" \/>\n\t<meta name=\"twitter:data1\" content=\"1 minuta\" \/>\n<script type=\"application\/ld+json\" class=\"yoast-schema-graph\">{\"@context\":\"https:\/\/schema.org\",\"@graph\":[{\"@type\":\"WebSite\",\"@id\":\"http:\/\/knjiznice.nsk.hr\/jasenovac\/#website\",\"url\":\"http:\/\/knjiznice.nsk.hr\/jasenovac\/\",\"name\":\"Narodna knji\\u017enica i \\u010ditaonica Jasenovac\",\"description\":\"\",\"potentialAction\":[{\"@type\":\"SearchAction\",\"target\":\"http:\/\/knjiznice.nsk.hr\/jasenovac\/?s={search_term_string}\",\"query-input\":\"required name=search_term_string\"}],\"inLanguage\":\"hr\"},{\"@type\":\"WebPage\",\"@id\":\"http:\/\/knjiznice.nsk.hr\/jasenovac\/noviteti\/#webpage\",\"url\":\"http:\/\/knjiznice.nsk.hr\/jasenovac\/noviteti\/\",\"name\":\"Dostupna izdanja u listopadu - Narodna knji\\u017enica i \\u010ditaonica Jasenovac\",\"isPartOf\":{\"@id\":\"http:\/\/knjiznice.nsk.hr\/jasenovac\/#website\"},\"datePublished\":\"2020-09-29T09:29:15+00:00\",\"dateModified\":\"2020-10-06T11:15:44+00:00\",\"breadcrumb\":{\"@id\":\"http:\/\/knjiznice.nsk.hr\/jasenovac\/noviteti\/#breadcrumb\"},\"inLanguage\":\"hr\",\"potentialAction\":[{\"@type\":\"ReadAction\",\"target\":[\"http:\/\/knjiznice.nsk.hr\/jasenovac\/noviteti\/\"]}]},{\"@type\":\"BreadcrumbList\",\"@id\":\"http:\/\/knjiznice.nsk.hr\/jasenovac\/noviteti\/#breadcrumb\",\"itemListElement\":[{\"@type\":\"ListItem\",\"position\":1,\"item\":{\"@type\":\"WebPage\",\"@id\":\"http:\/\/knjiznice.nsk.hr\/jasenovac\/\",\"url\":\"http:\/\/knjiznice.nsk.hr\/jasenovac\/\",\"name\":\"Po\\u010detna stranica\"}},{\"@type\":\"ListItem\",\"position\":2,\"item\":{\"@id\":\"http:\/\/knjiznice.nsk.hr\/jasenovac\/noviteti\/#webpage\"}}]}]}<\/script>\n<!-- \/ Yoast SEO plugin. -->","_links":{"self":[{"href":"http:\/\/knjiznice.nsk.hr\/jasenovac\/wp-json\/wp\/v2\/pages\/230"}],"collection":[{"href":"http:\/\/knjiznice.nsk.hr\/jasenovac\/wp-json\/wp\/v2\/pages"}],"about":[{"href":"http:\/\/knjiznice.nsk.hr\/jasenovac\/wp-json\/wp\/v2\/types\/page"}],"author":[{"embeddable":true,"href":"http:\/\/knjiznice.nsk.hr\/jasenovac\/wp-json\/wp\/v2\/users\/164"}],"replies":[{"embeddable":true,"href":"http:\/\/knjiznice.nsk.hr\/jasenovac\/wp-json\/wp\/v2\/comments?post=230"}],"version-history":[{"count":4,"href":"http:\/\/knjiznice.nsk.hr\/jasenovac\/wp-json\/wp\/v2\/pages\/230\/revisions"}],"predecessor-version":[{"id":253,"href":"http:\/\/knjiznice.nsk.hr\/jasenovac\/wp-json\/wp\/v2\/pages\/230\/revisions\/253"}],"wp:attachment":[{"href":"http:\/\/knjiznice.nsk.hr\/jasenovac\/wp-json\/wp\/v2\/media?parent=230"}],"curies":[{"name":"wp","href":"https:\/\/api.w.org\/{rel}","templated":true}]}}